{"id":3048,"date":"2021-12-01T13:56:26","date_gmt":"2021-12-01T13:56:26","guid":{"rendered":"https:\/\/blogsaverroes.juntadeandalucia.es\/ceperjosefinamolina\/?page_id=3048"},"modified":"2023-05-29T15:17:13","modified_gmt":"2023-05-29T14:17:13","slug":"planes-educativos-y-programas","status":"publish","type":"page","link":"https:\/\/blogsaverroes.juntadeandalucia.es\/sepparquefigueroa\/planes-educativos-y-programas\/","title":{"rendered":"PLANES,PROYECTOS Y PROGRAMAS"},"content":{"rendered":"<ol>\n<li>PLAN DE CONVIVENCIA<\/li>\n<\/ol>\n<p style=\"text-align: center\">&nbsp; &nbsp;<a style=\"text-align: center\" href=\"https:\/\/www.calameo.com\/books\/007366701af40bfea8bd6\" target=\"_blank\" rel=\"noopener noreferrer\">Plan De Convivencia 2022 23<\/a><\/p>\n<div style=\"text-align: center\">\n<p><iframe loading=\"lazy\" src=\"\/\/v.calameo.com\/?bkcode=007366701af40bfea8bd6&amp;mode=mini\" width=\"480\" height=\"300\" frameborder=\"0\" scrolling=\"no\"><\/iframe><\/p>\n<div style=\"margin: 4px 0px 8px\"><a href=\"http:\/\/www.calameo.com\/\" target=\"_blank\" rel=\"noopener noreferrer\">Leer m\u00e1s publicaciones en Calam\u00e9o<\/a><\/div>\n<\/div>\n<p>&nbsp; &nbsp;2. PLAN DE IGUALDAD ENTRE HOMBRES Y MUJERES<\/p>\n<div style=\"text-align: center\">\n<div style=\"margin: 8px 0px 4px\"><a href=\"https:\/\/www.calameo.com\/books\/007366701c63431e289c0\" target=\"_blank\" rel=\"noopener noreferrer\">Plan De Igualdad Ceper Josefina Molina 22 23<\/a><\/div>\n<p><iframe loading=\"lazy\" src=\"\/\/v.calameo.com\/?bkcode=007366701c63431e289c0&amp;mode=mini\" width=\"480\" height=\"300\" frameborder=\"0\" scrolling=\"no\"><\/iframe><\/p>\n<div style=\"margin: 4px 0px 8px\"><a href=\"http:\/\/www.calameo.com\/\" target=\"_blank\" rel=\"noopener noreferrer\">Leer m\u00e1s publicaciones en Calam\u00e9o<\/a><\/div>\n<\/div>\n<p>&nbsp;<\/p>\n<p>&nbsp; &nbsp;3. PROYECTO ESCUELA ESPACIO DE PAZ<\/p>\n<div style=\"text-align: center\">\n<div style=\"margin: 8px 0px 4px\"><a href=\"https:\/\/www.calameo.com\/books\/00736670167820ad7a5c8\" target=\"_blank\" rel=\"noopener noreferrer\">Proyecto Escuela Espacio De Paz 22 23<\/a><\/div>\n<p><iframe loading=\"lazy\" src=\"\/\/v.calameo.com\/?bkcode=00736670167820ad7a5c8&amp;mode=mini\" width=\"480\" height=\"300\" frameborder=\"0\" scrolling=\"no\"><\/iframe><\/p>\n<div style=\"margin: 4px 0px 8px\"><a href=\"http:\/\/www.calameo.com\/\" target=\"_blank\" rel=\"noopener noreferrer\">Leer m\u00e1s publicaciones en Calam\u00e9o<\/a><\/div>\n<\/div>\n<p>&nbsp;<\/p>\n<p>&nbsp; &nbsp; &nbsp;4. PLAN DE TRANSFORMACI\u00d3N DIGITAL EDUCATIVA<\/p>\n<div style=\"text-align: center\">\n<div style=\"margin: 8px 0px 4px\"><a href=\"https:\/\/www.calameo.com\/books\/007366701fd0c929b833d\" target=\"_blank\" rel=\"noopener noreferrer\">Plan Transformacio\u0301n Digital 22 23<\/a><\/div>\n<p><iframe loading=\"lazy\" src=\"\/\/v.calameo.com\/?bkcode=007366701fd0c929b833d&amp;mode=mini\" width=\"480\" height=\"300\" frameborder=\"0\" scrolling=\"no\"><\/iframe><\/p>\n<div style=\"margin: 4px 0px 8px\"><a href=\"http:\/\/www.calameo.com\/\" target=\"_blank\" rel=\"noopener noreferrer\">Leer m\u00e1s publicaciones en Calam\u00e9o<\/a><\/div>\n<\/div>\n<p>&nbsp;<\/p>\n<p>&nbsp; &nbsp; &nbsp;5. PLAN DE FORMACI\u00d3N<\/p>\n<div style=\"text-align: center\">\n<div style=\"margin: 8px 0px 4px\"><a href=\"https:\/\/www.calameo.com\/books\/0073667011430dd512f6f\" target=\"_blank\" rel=\"noopener noreferrer\">Plan De Formaci\u00f3n Ceper Jm 22 23<\/a><\/div>\n<p><iframe loading=\"lazy\" src=\"\/\/v.calameo.com\/?bkcode=0073667011430dd512f6f&amp;mode=mini\" width=\"480\" height=\"300\" frameborder=\"0\" scrolling=\"no\"><\/iframe><\/p>\n<div style=\"margin: 4px 0px 8px\"><a href=\"http:\/\/www.calameo.com\/\" target=\"_blank\" rel=\"noopener noreferrer\">Leer m\u00e1s publicaciones en Calam\u00e9o<\/a><\/div>\n<\/div>\n<p>&nbsp; &nbsp; 6. PROYECTO GRUPO DE TRABAJO &#8220;FORMACI\u00d3N DIGITAL EN EL CEPER JOSEFINA MOLINA&#8221;<\/p>\n<div style=\"text-align: center\">\n<div style=\"margin: 8px 0px 4px\"><a href=\"https:\/\/www.calameo.com\/books\/0073667013c6865a87d88\" target=\"_blank\" rel=\"noopener noreferrer\">Proyecto Grupo De Trabajo Jm 22 23<\/a><\/div>\n<p><iframe loading=\"lazy\" src=\"\/\/v.calameo.com\/?bkcode=0073667013c6865a87d88&amp;mode=mini\" width=\"480\" height=\"300\" frameborder=\"0\" scrolling=\"no\"><\/iframe><\/p>\n<div style=\"margin: 4px 0px 8px\"><a href=\"http:\/\/www.calameo.com\/\" target=\"_blank\" rel=\"noopener noreferrer\">Leer m\u00e1s publicaciones en Calam\u00e9o<\/a><\/div>\n<\/div>\n<p>&nbsp;<\/p>\n","protected":false},"excerpt":{"rendered":"<p>PLAN DE CONVIVENCIA &nbsp; &nbsp;Plan De Convivencia 2022 23 Leer m\u00e1s publicaciones en Calam\u00e9o &nbsp; &nbsp;2. PLAN DE IGUALDAD ENTRE HOMBRES Y MUJERES Plan De Igualdad Ceper Josefina Molina 22 23 Leer m\u00e1s publicaciones&#46;&#46;&#46;<\/p>\n","protected":false},"author":6168,"featured_media":0,"parent":0,"menu_order":0,"comment_status":"closed","ping_status":"closed","template":"","meta":{"ngg_post_thumbnail":0,"footnotes":""},"aioseo_notices":[],"_links":{"self":[{"href":"https:\/\/blogsaverroes.juntadeandalucia.es\/sepparquefigueroa\/wp-json\/wp\/v2\/pages\/3048"}],"collection":[{"href":"https:\/\/blogsaverroes.juntadeandalucia.es\/sepparquefigueroa\/wp-json\/wp\/v2\/pages"}],"about":[{"href":"https:\/\/blogsaverroes.juntadeandalucia.es\/sepparquefigueroa\/wp-json\/wp\/v2\/types\/page"}],"author":[{"embeddable":true,"href":"https:\/\/blogsaverroes.juntadeandalucia.es\/sepparquefigueroa\/wp-json\/wp\/v2\/users\/6168"}],"replies":[{"embeddable":true,"href":"https:\/\/blogsaverroes.juntadeandalucia.es\/sepparquefigueroa\/wp-json\/wp\/v2\/comments?post=3048"}],"version-history":[{"count":1,"href":"https:\/\/blogsaverroes.juntadeandalucia.es\/sepparquefigueroa\/wp-json\/wp\/v2\/pages\/3048\/revisions"}],"predecessor-version":[{"id":3543,"href":"https:\/\/blogsaverroes.juntadeandalucia.es\/sepparquefigueroa\/wp-json\/wp\/v2\/pages\/3048\/revisions\/3543"}],"wp:attachment":[{"href":"https:\/\/blogsaverroes.juntadeandalucia.es\/sepparquefigueroa\/wp-json\/wp\/v2\/media?parent=3048"}],"curies":[{"name":"wp","href":"https:\/\/api.w.org\/{rel}","templated":true}]}}