{"id":3080,"date":"2021-12-03T12:15:50","date_gmt":"2021-12-03T12:15:50","guid":{"rendered":"https:\/\/blogsaverroes.juntadeandalucia.es\/ceperjosefinamolina\/?page_id=3080"},"modified":"2022-01-19T00:52:41","modified_gmt":"2022-01-18T23:52:41","slug":"horarios","status":"publish","type":"page","link":"https:\/\/blogsaverroes.juntadeandalucia.es\/sepparquefigueroa\/horarios\/","title":{"rendered":"Horarios"},"content":{"rendered":"<p style=\"text-align: center\"><img loading=\"lazy\" decoding=\"async\" class=\"alignnone size-full wp-image-3344\" src=\"https:\/\/blogsaverroes.juntadeandalucia.es\/sepparquefigueroa\/files\/2022\/01\/ATENCION.jpg\" alt=\"\" width=\"216\" height=\"233\"><\/p>\n<p>En esta p\u00e1gina se informa del horario de atenci\u00f3n al p\u00fablico de la&nbsp; Directora en el Centro de Educaci\u00f3n Permanente \u00abJosefina Molina\u00bb y los Jefes de Estudios Delegados&nbsp; en las Secciones de Educaci\u00f3n Permanente \u00ab Parque Figueroa \u00bb y \u00abPaulo Freire\u00bb .<\/p>\n<p>Aspectos a considerar en los horarios de atenci\u00f3n al p\u00fablico durante el presente curso escolar 2021-2022:<\/p>\n<ul>\n<li><em>Instrucciones de 13 de Julio de 2021 , de la Viceconsejer\u00eda de Educaci\u00f3n y Deporte, relativas a la organizaci\u00f3n de los Centros Docentes y a la flexibilizaci\u00f3n curricular para el curso escolar 2020\/2021, instrucci\u00f3n novena, aspecto 8: \u201cLa atenci\u00f3n al p\u00fablico en los centros docentes se organizar\u00e1 en horarios distintos a los de entrada y salida del alumnado, estableci\u00e9ndose como pauta general la cita previa, articul\u00e1ndose los procedimientos oportunos para ello, a trav\u00e9s de distintas v\u00edas de comunicaci\u00f3n (telef\u00f3nica, correo electr\u00f3nico, etc\u2026)\u201d<\/em><\/li>\n<li>Horario solo destinado para solicitar informaci\u00f3n, orientaci\u00f3n acad\u00e9mica, tr\u00e1mites administrativos, emisi\u00f3n de certificados y matriculaciones.<\/li>\n<li>No se atender\u00e1 fuera de este horario salvo casos de emergencia.<\/li>\n<\/ul>\n<p>En cuanto a la atenci\u00f3n al p\u00fablico hay que destacar la excepcionalidad por falta de horario de atenci\u00f3n del personal docente en los casos de las aulas en las que solo existe un docente donde se atender\u00e1 por tel\u00e9fono y correo electr\u00f3nico.<\/p>\n<p><strong>C.E.PER. \u00abJOSEFINA MOLINA\u00bb&nbsp;<\/strong><strong>(dentro del IES Angel de Saavedra, C\u00f3rdoba)<\/strong><\/p>\n<table style=\"width: 63.6853%;background-color: #f7fbfc\">\n<tbody>\n<tr>\n<td style=\"width: 40.2856%\" rowspan=\"2\">DIRECTORA<\/td>\n<td style=\"width: 144.861%\" rowspan=\"2\">\n<ul>\n<li>Viernes de 10:00 a&nbsp; 11:00 horas.<\/li>\n<\/ul>\n<\/td>\n<\/tr>\n<\/tbody>\n<\/table>\n<p>En el aula externa de &#8220;El Naranjo&#8221; dentro del CEIP &#8220;Jos\u00e9 de la Torre y el Cerro&#8221; tambi\u00e9n, los cauces para establecer el contacto son:<\/p>\n<ul>\n<li>Tel\u00e9fono:&nbsp;<\/li>\n<li>Email: <a href=\"mailto:14500731.edu@juntadeandalucia.es\">14500731.edu@juntadeandalucia.es<\/a><\/li>\n<\/ul>\n<p>&nbsp;<\/p>\n<p><strong>S.E.P. \u00abPARQUE FIGUEROA\u00bb&nbsp;<\/strong><strong>(junto al CEIP Mediterr\u00e1neo, C\u00f3rdoba)<\/strong><\/p>\n<table style=\"height: 79px;width: 63.703%;background-color: #f2f5f7\">\n<tbody>\n<tr style=\"height: 79px\">\n<td style=\"height: 79px;width: 40.0491%\">DIRECTORA<\/td>\n<td style=\"height: 79px;width: 131.223%\">\n<ul>\n<li>De lunes a jueves de 16:00 a 16:30 horas.<\/li>\n<li>&nbsp; &nbsp; &nbsp; &nbsp; &nbsp; &nbsp; &nbsp; &nbsp; &nbsp; &nbsp; &nbsp; &nbsp; &nbsp; &nbsp; &nbsp; &nbsp; &nbsp; &nbsp; &nbsp;de 19:30 a 20:00 horas<\/li>\n<\/ul>\n<\/td>\n<\/tr>\n<tr>\n<td style=\"width: 40.0491%\">JEFA DE ESTUDIOS DELEGADA<\/td>\n<td style=\"width: 131.223%\">\n<ul>\n<li>Viernes de 10:00 a&nbsp; 11:00 horas.<\/li>\n<\/ul>\n<\/td>\n<\/tr>\n<\/tbody>\n<\/table>\n<p>Los cauces para establecer el contacto son:<\/p>\n<ul>\n<li>Tel\u00e9fono: 957379642 &#8211; 671567634<\/li>\n<li>Email: <a href=\"mailto:14500686.edu@juntadeandalucia.es\">14500686.edu@juntadeandalucia.es<\/a><\/li>\n<\/ul>\n<p>&nbsp;<\/p>\n<p><strong>S.E.P. PAULO FREIRE (dentro del IES Trassierra, C\u00f3rdoba)<\/strong><\/p>\n<table style=\"width: 66.1815%;background-color: #f7f7f7\">\n<tbody>\n<tr class=\"alt\">\n<td style=\"width: 39.9429%\">JEFE DE ESTUDIOS DELEGADO<\/td>\n<td style=\"width: 117.943%\">\n<ul>\n<li>Viernes de 10:00 a 11:00 horas.<\/li>\n<\/ul>\n<\/td>\n<\/tr>\n<\/tbody>\n<\/table>\n<p>Los cauces para establecer el contacto son:<\/p>\n<ul>\n<li>Tel\u00e9fono: 957379642 &#8211; 671567634<\/li>\n<li>Email: <a href=\"mailto:14500704.edu@juntadeandalucia.es\">14500704.edu@juntadeandalucia.es<\/a><\/li>\n<\/ul>\n<p>&nbsp;<\/p>\n","protected":false},"excerpt":{"rendered":"<p>En esta p\u00e1gina se informa del horario de atenci\u00f3n al p\u00fablico de la&nbsp; Directora en el Centro de Educaci\u00f3n Permanente \u00abJosefina Molina\u00bb y los Jefes de Estudios Delegados&nbsp; en las Secciones de Educaci\u00f3n Permanente&#46;&#46;&#46;<\/p>\n","protected":false},"author":6168,"featured_media":0,"parent":0,"menu_order":0,"comment_status":"closed","ping_status":"closed","template":"","meta":{"ngg_post_thumbnail":0,"footnotes":""},"aioseo_notices":[],"_links":{"self":[{"href":"https:\/\/blogsaverroes.juntadeandalucia.es\/sepparquefigueroa\/wp-json\/wp\/v2\/pages\/3080"}],"collection":[{"href":"https:\/\/blogsaverroes.juntadeandalucia.es\/sepparquefigueroa\/wp-json\/wp\/v2\/pages"}],"about":[{"href":"https:\/\/blogsaverroes.juntadeandalucia.es\/sepparquefigueroa\/wp-json\/wp\/v2\/types\/page"}],"author":[{"embeddable":true,"href":"https:\/\/blogsaverroes.juntadeandalucia.es\/sepparquefigueroa\/wp-json\/wp\/v2\/users\/6168"}],"replies":[{"embeddable":true,"href":"https:\/\/blogsaverroes.juntadeandalucia.es\/sepparquefigueroa\/wp-json\/wp\/v2\/comments?post=3080"}],"version-history":[{"count":6,"href":"https:\/\/blogsaverroes.juntadeandalucia.es\/sepparquefigueroa\/wp-json\/wp\/v2\/pages\/3080\/revisions"}],"predecessor-version":[{"id":3339,"href":"https:\/\/blogsaverroes.juntadeandalucia.es\/sepparquefigueroa\/wp-json\/wp\/v2\/pages\/3080\/revisions\/3339"}],"wp:attachment":[{"href":"https:\/\/blogsaverroes.juntadeandalucia.es\/sepparquefigueroa\/wp-json\/wp\/v2\/media?parent=3080"}],"curies":[{"name":"wp","href":"https:\/\/api.w.org\/{rel}","templated":true}]}}