{"id":3109,"date":"2021-12-03T13:01:01","date_gmt":"2021-12-03T13:01:01","guid":{"rendered":"https:\/\/blogsaverroes.juntadeandalucia.es\/ceperjosefinamolina\/?page_id=3109"},"modified":"2023-05-29T15:31:44","modified_gmt":"2023-05-29T14:31:44","slug":"tutoria-de-apoyo-al-estudio-nivel-basico-de-idiomas-eoi","status":"publish","type":"page","link":"https:\/\/blogsaverroes.juntadeandalucia.es\/sepparquefigueroa\/tutoria-de-apoyo-al-estudio-nivel-basico-de-idiomas-eoi\/","title":{"rendered":"Tutor\u00eda de Apoyo al Estudio nivel b\u00e1sico de idiomas (EOI)"},"content":{"rendered":"<header class=\"entry-header\">\n<h1 class=\"entry-title\">INGL\u00c9S<\/h1>\n<\/header>\n<div class=\"entry-content\">\n<p data-adtags-visited=\"true\">Actualmente el CEPER Josefina Molina y sus secciones de Parque Figueroa y Paulo Freire oferta dos planes educativos en los que se imparten clases de ingl\u00e9s: el Plan de Uso B\u00f1asico de Idiomas de ingl\u00e9s y la Tutoria de Apoyo al estudios nivel b\u00e1sico de inmas (ingl\u00e9s).<\/p>\n<h2><strong>PLAN DE OBTENCI\u00d3N DE LA TITULACI\u00d3N DE INGL\u00c9S B\u00c1SICO A TRAV\u00c9S DE LA ESCUELA OFICIAL DE IDIOMAS<\/strong><\/h2>\n<p data-adtags-visited=\"true\">Aparte del <strong>Plan de Uso B\u00e1sico de Idiomas en ingl\u00e9s<\/strong> anteriormente descrito, el&nbsp; en la seccion Parque Figueroa tambi\u00e9n se imparte el&nbsp;<strong>Tutor\u00eda de Apoyo al Estudio de nivel b\u00e1sico en ingl\u00e9s<\/strong> (TAE) como centro adscrito a la Escuela Oficial de Idiomas de C\u00f3rdoba en la modalidad SEMIPRESENCIAL .<\/p>\n<p data-adtags-visited=\"true\">Recomendamos la matriculaci\u00f3n en este plan a aquellas personas que tengan inter\u00e9s en la obtenci\u00f3n de la titulaci\u00f3n oficial de nivel b\u00e1sico (equivalente a A2 seg\u00fan el Marco Europeo de Referencia de las lenguas).<\/p>\n<p data-adtags-visited=\"true\">Este plan se compone de dos cursos:<\/p>\n<ul>\n<li>1\u00ba de Nivel b\u00e1sico o A1: podr\u00e1n matricularse en este nivel cualquier personas, no obstante, recomendamos tener al menos una m\u00ednima base de conocimientos.<\/li>\n<li>2\u00ba de Nivel b\u00e1sico o A2: solo podr\u00e1n matricularse en este nivel aquellas personas que hayan superado el nivel A1 en la EOI o que hayan superado la asignatura ingl\u00e9s de 1\u00ba de Bachillerato o de un Ciclo formativo de Grado medio.<\/li>\n<\/ul>\n<p data-adtags-visited=\"true\">Para poder matricularte en este plan deber\u00e1s entregar la solicitud de admisi\u00f3n en el plazo oficial&nbsp;<strong>(normalmente la primera quincena de mayo)<\/strong>. Podr\u00e1s entregar la solicitud de manera telem\u00e1tica o presencialmente en la secretar\u00eda de la EOI Corduba o en nuestro SEP Parque Figueroa. En caso de que el n\u00famero de solicitudes exceda el n\u00famero de plazas, la EOI elaborar\u00e1 un baremo seg\u00fan la renta de la unidad familiar.<\/p>\n<p data-adtags-visited=\"true\">Al tratarse de un Plan Educativo formal que conduce a la obtenci\u00f3n de una titulaci\u00f3n oficial, s\u00ed tendr\u00e1s que abonar el imparte de las tasas acad\u00e9micas y de apertura del expediente en la EOI antes de la matriculaci\u00f3n (apr\u00f3ximadamente 70- 80 euros).<\/p>\n<p data-adtags-visited=\"true\">Una vez admitido\/a, tendr\u00e1s que pagar las tasas y formalizar la matr\u00edcula con la EOI entre el 1 y 10 de julio. Las clases de&nbsp; este plan educativo se impartir\u00e1n en el SEP Parque Figueroa. Adem\u00e1s de las clases tendr\u00e1s que realizar durante el curso distintas actividades en una plataforma online y tendr\u00e1s que realizar el examen de final de curso en la EOI, donde se evaluar\u00e1n las 4 destrezas. Contar\u00e1s con la figura del tutor en el CEPER o secci\u00f3n que impartir\u00e1 las clases y te guiar\u00e1 durante el curso, y con el profesor de la EOI que evaluar\u00e1 las tareas de la plataforma y el examen final.<\/p>\n<p data-adtags-visited=\"true\"><strong>PROGRAMACI\u00d3N<\/strong><\/p>\n<div style=\"text-align: center\">\n<div style=\"margin: 8px 0px 4px\"><a href=\"https:\/\/www.calameo.com\/books\/007366701f3979bb63370\" target=\"_blank\" rel=\"noopener noreferrer\">Programaci\u00f3n Tae Idiomas Completa<\/a><\/div>\n<p><iframe loading=\"lazy\" src=\"\/\/v.calameo.com\/?bkcode=007366701f3979bb63370&amp;mode=mini\" width=\"480\" height=\"300\" frameborder=\"0\" scrolling=\"no\"><\/iframe><\/p>\n<div style=\"margin: 4px 0px 8px\"><a href=\"http:\/\/www.calameo.com\/\" target=\"_blank\" rel=\"noopener noreferrer\">Leer m\u00e1s publicaciones en Calam\u00e9o<\/a><\/div>\n<\/div>\n<p>&nbsp;<\/p>\n<hr>\n<p data-adtags-visited=\"true\"><em><b>Toda la informaci\u00f3n publicada en esta web tiene mero car\u00e1cter informativo y carece de&nbsp;<\/b><b>car\u00e1cter<\/b><b>&nbsp;oficial. Solo tendr\u00e1 tal consideraci\u00f3n la informaci\u00f3n publicada en los tablones de anuncios de los centros, en BOJA y en BOE.<\/b><\/em><\/p>\n<\/div>\n","protected":false},"excerpt":{"rendered":"<p>INGL\u00c9S Actualmente el CEPER Josefina Molina y sus secciones de Parque Figueroa y Paulo Freire oferta dos planes educativos en los que se imparten clases de ingl\u00e9s: el Plan de Uso B\u00f1asico de Idiomas&#46;&#46;&#46;<\/p>\n","protected":false},"author":6168,"featured_media":0,"parent":0,"menu_order":0,"comment_status":"closed","ping_status":"closed","template":"","meta":{"ngg_post_thumbnail":0,"footnotes":""},"aioseo_notices":[],"_links":{"self":[{"href":"https:\/\/blogsaverroes.juntadeandalucia.es\/sepparquefigueroa\/wp-json\/wp\/v2\/pages\/3109"}],"collection":[{"href":"https:\/\/blogsaverroes.juntadeandalucia.es\/sepparquefigueroa\/wp-json\/wp\/v2\/pages"}],"about":[{"href":"https:\/\/blogsaverroes.juntadeandalucia.es\/sepparquefigueroa\/wp-json\/wp\/v2\/types\/page"}],"author":[{"embeddable":true,"href":"https:\/\/blogsaverroes.juntadeandalucia.es\/sepparquefigueroa\/wp-json\/wp\/v2\/users\/6168"}],"replies":[{"embeddable":true,"href":"https:\/\/blogsaverroes.juntadeandalucia.es\/sepparquefigueroa\/wp-json\/wp\/v2\/comments?post=3109"}],"version-history":[{"count":5,"href":"https:\/\/blogsaverroes.juntadeandalucia.es\/sepparquefigueroa\/wp-json\/wp\/v2\/pages\/3109\/revisions"}],"predecessor-version":[{"id":3547,"href":"https:\/\/blogsaverroes.juntadeandalucia.es\/sepparquefigueroa\/wp-json\/wp\/v2\/pages\/3109\/revisions\/3547"}],"wp:attachment":[{"href":"https:\/\/blogsaverroes.juntadeandalucia.es\/sepparquefigueroa\/wp-json\/wp\/v2\/media?parent=3109"}],"curies":[{"name":"wp","href":"https:\/\/api.w.org\/{rel}","templated":true}]}}