{"id":3113,"date":"2021-12-03T13:02:54","date_gmt":"2021-12-03T13:02:54","guid":{"rendered":"https:\/\/blogsaverroes.juntadeandalucia.es\/ceperjosefinamolina\/?page_id=3113"},"modified":"2023-05-29T16:09:15","modified_gmt":"2023-05-29T15:09:15","slug":"uso-basicos-de-idiomas-ingles","status":"publish","type":"page","link":"https:\/\/blogsaverroes.juntadeandalucia.es\/sepparquefigueroa\/uso-basicos-de-idiomas-ingles\/","title":{"rendered":"Uso B\u00e1sicos de Idiomas (Ingl\u00e9s)"},"content":{"rendered":"<header class=\"entry-header\">\n<h1 class=\"entry-title\">INGL\u00c9S<\/h1>\n<\/header>\n<div class=\"entry-content\">\n<p data-adtags-visited=\"true\">Actualmente el CEPER Josefina Molina y sus secciones de Parque Figueroa y Paulo Freire oferta dos planes educativos en los que se imparten clases de ingl\u00e9s: el Plan de Uso B\u00f1asico de Idiomas de ingl\u00e9s y la Tutoria de Apoyo al estudios nivel b\u00e1sico de inmas (ingl\u00e9s).<\/p>\n<\/div>\n<h2><strong>PLAN DE USO B\u00c1SICO DE INGL\u00c9S<\/strong><\/h2>\n<p data-adtags-visited=\"true\">Se oferta el <strong>Plan de Uso B\u00e1sico de Ingl\u00e9s,<\/strong> perteneciente a los planes educativos no formales para el fomento de la ciudadan\u00eda activa, en el cual se proporciona al alumnado un conocimiento b\u00e1sico del idioma. Para un mejor funcionamiento y aprovechamiento de las clases, clasificamos al alumnado en distintos niveles seg\u00fan el Marco Europeo de Referencia de las lenguas. En la actualidad, impartimos los niveles A1, A2 y&nbsp; preparamos para Pruebas Libres de certificaci\u00f3n&nbsp; (A2-B1) para la Escuela Oficial de Idiomas de C\u00f3rdoba. En ocasiones y cuando los profesores lo consideren necesario, se har\u00e1n subdivisiones de grupos dentro de cada nivel.<\/p>\n<p data-adtags-visited=\"true\"><strong>PROGRAMACI\u00d3N<\/strong><\/p>\n<div style=\"text-align: center\">\n<div style=\"margin: 8px 0px 4px\"><a href=\"https:\/\/www.calameo.com\/books\/007366701a9aad3339f3d\" target=\"_blank\" rel=\"noopener noreferrer\">Programaci\u00f3n Ubi Completa<\/a><\/div>\n<p><iframe loading=\"lazy\" src=\"\/\/v.calameo.com\/?bkcode=007366701a9aad3339f3d&amp;mode=mini\" width=\"480\" height=\"300\" frameborder=\"0\" scrolling=\"no\"><\/iframe><\/p>\n<div style=\"margin: 4px 0px 8px\"><a href=\"http:\/\/www.calameo.com\/\" target=\"_blank\" rel=\"noopener noreferrer\">Leer m\u00e1s publicaciones en Calam\u00e9o<\/a><\/div>\n<\/div>\n<p>&nbsp;<\/p>\n<p data-adtags-visited=\"true\"><strong>\u00bfCu\u00e1les son los horarios?<\/strong><\/p>\n<p data-adtags-visited=\"true\">Antes de matricularte debes asegurarte de que los horarios te vienen bien.&nbsp;<strong>Estos pueden variar de un curso a otro.<\/strong> Hay niveles que se imparten a primera hora de la tarde, otros a mitad y en otros tienes la posibilidad de asistir en horario de tarde-noche. Para conocer los horarios acude al centro dentro del horario de informaci\u00f3n y matriculaciones.<\/p>\n<p data-adtags-visited=\"true\"><strong>\u00bfCu\u00e1l es el plazo de matriculaci\u00f3n?<\/strong><\/p>\n<p data-adtags-visited=\"true\">El plazo de matriculaci\u00f3n es el mismo que para el resto de planes educativos que se imparten en educaci\u00f3n permanente:<\/p>\n<ul>\n<li>\n<ul>\n<li>Plazo ordinario del 1 al 15 de junio<\/li>\n<li>Plazo extraordinario (si quedaran plazas vacantes): del 1 al 15 de septiembre.<\/li>\n<li>Plazo adicional (si siguieran quedando vacantes): hasta el 31 de diciembre (no recomendamos la incorporaci\u00f3n con el curso ya empezado a menos que ya se tenga cierto nivel).<\/li>\n<\/ul>\n<\/li>\n<\/ul>\n<p data-adtags-visited=\"true\"><strong>\u00bfObtendr\u00e9 un t\u00edtulo oficial al superar el curso?<\/strong><\/p>\n<p data-adtags-visited=\"true\"><strong>No.<\/strong> Se trata de un plan educativo no formal, por tanto, no conduce a la obtenci\u00f3n de titulaci\u00f3n oficial, no obstante, al superar el curso con calificaci\u00f3n positiva podr\u00e1s solicitar en la direcci\u00f3n del centro un certificado de aprovechamiento o diploma, el cual carece de validez oficial o como m\u00e9rito a efectos de acceso o promoci\u00f3n a puestos de empleo p\u00fablico, pero puede servirte para incorporarlo a tu curriculum vitae. Adem\u00e1s, y si lo deseas, tendr\u00e1s la posibilidad de matricularte por tu cuenta como alumnado libre de la Escuela Oficial de Idiomas y presentarte a las pruebas libres de certificaci\u00f3n que se convocan en junio y septiembre. .<\/p>\n<p data-adtags-visited=\"true\"><strong>\u00bfD\u00f3nde se imparten las clases?<\/strong><\/p>\n<p data-adtags-visited=\"true\">En las instalaciones del CEPER Josefina Molina y las de sus secciones de Parque Figueroa y Paulo Freire. <strong>No todos los niveles se imparten en todos los centros.<\/strong><\/p>\n<p data-adtags-visited=\"true\"><strong>\u00bfCu\u00e1nto dura el curso?<\/strong><\/p>\n<p data-adtags-visited=\"true\">Tiene la duraci\u00f3n de un curso escolar. Las clases se rigen por el calendario escolar oficial fijado por la Delegaci\u00f3n Territorial de Educaci\u00f3n de C\u00f3rdoba al que se le a\u00f1aden los d\u00edas no lectivos designados por el Consejo Escolar Municipal y el pleno municipal de los respectivos municipios. El curso comienza a mediados de septiembre y termina en junio.<\/p>\n<p data-adtags-visited=\"true\"><strong>\u00bfCu\u00e1ntas clases tendr\u00e9 a la semana?<\/strong><\/p>\n<p data-adtags-visited=\"true\">Dependiendo del nivel en el que te matricules tendr\u00e1s 1, 2 o 3 clases semanales de entre 90 y 120 minutos.<\/p>\n<p data-adtags-visited=\"true\"><strong>\u00bfEs obligatoria la asistencia a clase?<\/strong><\/p>\n<p data-adtags-visited=\"true\">El curso es totalmente presencial. No es obligatoria la asistencia pero no tendr\u00eda sentido matricularte si no vas a asistir a clase o si vas a asistir parcialmente. En las ense\u00f1anzas de idiomas es especialmente importante la presencialidad y se pierde f\u00e1cilmente el hilo si faltas a varias clases consecutivas.<\/p>\n<p data-adtags-visited=\"true\">Si no dispones de tiempo puedes plantearte la matriculaci\u00f3n en la modalidad semipresencial que oferta la Escuela Oficial de Idiomas o en la modalidad a distancia que oferta el Instituto de Ense\u00f1anzas a Distancia de Andaluc\u00eda.<\/p>\n<p data-adtags-visited=\"true\"><strong>\u00bfQu\u00e9 precio tiene?<\/strong><\/p>\n<p data-adtags-visited=\"true\">Todos los cursos son gratuitos. Se trata de un centro educativo p\u00fablico perteneciente a la Consejer\u00eda de Educaci\u00f3n. La matriculaci\u00f3n est\u00e1 exenta del pago de tasas acad\u00e9micas.<\/p>\n<p data-adtags-visited=\"true\"><strong>\u00bfQu\u00e9 metodolog\u00eda se emplea en las clases?<\/strong><\/p>\n<p data-adtags-visited=\"true\">Se emplea una metodolog\u00eda actualizada basada en el enfoque comunicativo donde se trabajan las cuatro destrezas de la lengua: escuchar, hablar, leer y escribir. Las actividades orales son frecuentes tanto en grupo como en parejas. Se hace uso de materiales audiovisuales: libros de texto, hojas de trabajo, v\u00eddeos, pizarra, posters, flashcards, etc.<\/p>\n<p data-adtags-visited=\"true\"><strong>\u00bfQu\u00e9 materiales necesito?<\/strong><\/p>\n<p data-adtags-visited=\"true\">Cada profesor har\u00e1 una sesi\u00f3n de presentaci\u00f3n al comienzo del curso donde explicar\u00e1 los materiales que se van a necesitar. En todos los niveles se usa libro de texto.<\/p>\n","protected":false},"excerpt":{"rendered":"<p>INGL\u00c9S Actualmente el CEPER Josefina Molina y sus secciones de Parque Figueroa y Paulo Freire oferta dos planes educativos en los que se imparten clases de ingl\u00e9s: el Plan de Uso B\u00f1asico de Idiomas&#46;&#46;&#46;<\/p>\n","protected":false},"author":6168,"featured_media":0,"parent":0,"menu_order":0,"comment_status":"closed","ping_status":"closed","template":"","meta":{"ngg_post_thumbnail":0,"footnotes":""},"aioseo_notices":[],"_links":{"self":[{"href":"https:\/\/blogsaverroes.juntadeandalucia.es\/sepparquefigueroa\/wp-json\/wp\/v2\/pages\/3113"}],"collection":[{"href":"https:\/\/blogsaverroes.juntadeandalucia.es\/sepparquefigueroa\/wp-json\/wp\/v2\/pages"}],"about":[{"href":"https:\/\/blogsaverroes.juntadeandalucia.es\/sepparquefigueroa\/wp-json\/wp\/v2\/types\/page"}],"author":[{"embeddable":true,"href":"https:\/\/blogsaverroes.juntadeandalucia.es\/sepparquefigueroa\/wp-json\/wp\/v2\/users\/6168"}],"replies":[{"embeddable":true,"href":"https:\/\/blogsaverroes.juntadeandalucia.es\/sepparquefigueroa\/wp-json\/wp\/v2\/comments?post=3113"}],"version-history":[{"count":5,"href":"https:\/\/blogsaverroes.juntadeandalucia.es\/sepparquefigueroa\/wp-json\/wp\/v2\/pages\/3113\/revisions"}],"predecessor-version":[{"id":3548,"href":"https:\/\/blogsaverroes.juntadeandalucia.es\/sepparquefigueroa\/wp-json\/wp\/v2\/pages\/3113\/revisions\/3548"}],"wp:attachment":[{"href":"https:\/\/blogsaverroes.juntadeandalucia.es\/sepparquefigueroa\/wp-json\/wp\/v2\/media?parent=3113"}],"curies":[{"name":"wp","href":"https:\/\/api.w.org\/{rel}","templated":true}]}}