{"id":3140,"date":"2021-12-03T13:19:32","date_gmt":"2021-12-03T13:19:32","guid":{"rendered":"https:\/\/blogsaverroes.juntadeandalucia.es\/ceperjosefinamolina\/?page_id=3140"},"modified":"2022-01-19T03:43:39","modified_gmt":"2022-01-19T02:43:39","slug":"requisitos-de-acceso","status":"publish","type":"page","link":"https:\/\/blogsaverroes.juntadeandalucia.es\/sepparquefigueroa\/requisitos-de-acceso\/","title":{"rendered":"Requisitos de acceso"},"content":{"rendered":"<p>Para cursar estas ense\u00f1anzas en r\u00e9gimen de&nbsp;<strong>personas adultas<\/strong>&nbsp;debes ser&nbsp;<strong>mayor de dieciocho a\u00f1os<\/strong>&nbsp;o cumplirlos en el a\u00f1o natural en que comience el curso acad\u00e9mico.<\/p>\n<p>De manera&nbsp;<strong>excepcional<\/strong>, tambi\u00e9n puedes acceder a las ense\u00f1anzas de personas adultas si eres mayor de 16 a\u00f1os, o los cumples en el a\u00f1o natural en que comienza el curso acad\u00e9mico, acreditando alguna de estas situaciones:<\/p>\n<ul>\n<li>Ser persona trabajadora por cuenta propia o ajena de manera que no puedas acudir al centro educativo de car\u00e1cter ordinario.<\/li>\n<li>Ser deportista de rendimiento en Andaluc\u00eda o de alto rendimiento o alto nivel.<\/li>\n<li>Encontrarte en situaci\u00f3n personal extraordinaria de enfermedad, discapacidad o cualquier otra situaci\u00f3n que&nbsp; te&nbsp; impida&nbsp; cursar&nbsp; las&nbsp; ense\u00f1anzas&nbsp; en&nbsp; r\u00e9gimen&nbsp; ordinario,&nbsp; quedando&nbsp; incluidas&nbsp; en&nbsp; este&nbsp; supuesto&nbsp; las&nbsp; personas v\u00edctimas de la violencia de g\u00e9nero y las v\u00edctimas de terrorismo, as\u00ed como sus hijos e hijas, y las personas que se encuentren en situaci\u00f3n de dificultad social extrema o riesgo de exclusi\u00f3n.<\/li>\n<li>Estar interna en centros penitenciarios o de menores sujeta a medidas de privaci\u00f3n de libertad por sentencia judicial.<\/li>\n<\/ul>\n<p>Para cursar los planes educativos de preparacion de las pruebas para el acceso a Ciclos Formativos de Grado Superior, o de preparaci\u00f3n de las pruebas de acceso a la Universidad para mayores de 25 a\u00f1os, en&nbsp;<strong>modalidad a distancia<\/strong>&nbsp;(Instituto de Ense\u00f1anzas a Distancia de Andaluc\u00eda &#8211; IEDA) tendr\u00e1s tambi\u00e9n que tener la&nbsp;<a href=\"http:\/\/www.congreso.es\/consti\/estatutos\/estatutos.jsp?com=63&amp;tipo=2&amp;ini=1&amp;fin=11&amp;ini_sub=1&amp;fin_sub=1\"><strong>condici\u00f3n de andaluz<\/strong><\/a>&nbsp;(tener la vecindad administrativa, es decir, estar empadronado en cualquier municipio de Andaluc\u00eda) o la&nbsp;<a href=\"http:\/\/www.juntadeandalucia.es\/temas\/familias-igualdad\/inmigracion\/emigracion.html\"><strong>condici\u00f3n de andaluz en el extranjero<\/strong><\/a>.<\/p>\n<p><strong>&nbsp;REQUISITOS DE ACCESO&nbsp;<a href=\"http:\/\/www.juntadeandalucia.es\/educacion\/portals\/web\/educacion-permanente\/planes\/requisitos\" target=\"_blank\" rel=\"noopener noreferrer\">M\u00c1S INFORMACI\u00d3N AQU\u00cd<\/a><\/strong><\/p>\n","protected":false},"excerpt":{"rendered":"<p>Para cursar estas ense\u00f1anzas en r\u00e9gimen de&nbsp;personas adultas&nbsp;debes ser&nbsp;mayor de dieciocho a\u00f1os&nbsp;o cumplirlos en el a\u00f1o natural en que comience el curso acad\u00e9mico. De manera&nbsp;excepcional, tambi\u00e9n puedes acceder a las ense\u00f1anzas de personas adultas&#46;&#46;&#46;<\/p>\n","protected":false},"author":6168,"featured_media":0,"parent":0,"menu_order":0,"comment_status":"closed","ping_status":"closed","template":"","meta":{"ngg_post_thumbnail":0,"footnotes":""},"aioseo_notices":[],"_links":{"self":[{"href":"https:\/\/blogsaverroes.juntadeandalucia.es\/sepparquefigueroa\/wp-json\/wp\/v2\/pages\/3140"}],"collection":[{"href":"https:\/\/blogsaverroes.juntadeandalucia.es\/sepparquefigueroa\/wp-json\/wp\/v2\/pages"}],"about":[{"href":"https:\/\/blogsaverroes.juntadeandalucia.es\/sepparquefigueroa\/wp-json\/wp\/v2\/types\/page"}],"author":[{"embeddable":true,"href":"https:\/\/blogsaverroes.juntadeandalucia.es\/sepparquefigueroa\/wp-json\/wp\/v2\/users\/6168"}],"replies":[{"embeddable":true,"href":"https:\/\/blogsaverroes.juntadeandalucia.es\/sepparquefigueroa\/wp-json\/wp\/v2\/comments?post=3140"}],"version-history":[{"count":3,"href":"https:\/\/blogsaverroes.juntadeandalucia.es\/sepparquefigueroa\/wp-json\/wp\/v2\/pages\/3140\/revisions"}],"predecessor-version":[{"id":3391,"href":"https:\/\/blogsaverroes.juntadeandalucia.es\/sepparquefigueroa\/wp-json\/wp\/v2\/pages\/3140\/revisions\/3391"}],"wp:attachment":[{"href":"https:\/\/blogsaverroes.juntadeandalucia.es\/sepparquefigueroa\/wp-json\/wp\/v2\/media?parent=3140"}],"curies":[{"name":"wp","href":"https:\/\/api.w.org\/{rel}","templated":true}]}}