{"id":3146,"date":"2021-12-03T13:20:51","date_gmt":"2021-12-03T13:20:51","guid":{"rendered":"https:\/\/blogsaverroes.juntadeandalucia.es\/ceperjosefinamolina\/?page_id=3146"},"modified":"2022-01-19T03:35:39","modified_gmt":"2022-01-19T02:35:39","slug":"impresos-de-matricula","status":"publish","type":"page","link":"https:\/\/blogsaverroes.juntadeandalucia.es\/sepparquefigueroa\/impresos-de-matricula\/","title":{"rendered":"Impresos de Matr\u00edcula"},"content":{"rendered":"<p>Formaliza tu matr\u00edcula en nuestro Centro. Solo podr\u00e1s solicitar un m\u00e1ximo de tres planes educativos por orden de preferencia, pudiendo cursar como m\u00e1ximo dos por curso escolar. Este curso escolar, debido a las medidas sanitarias por la COVID-19, unicamente se adjudicar\u00e1 un plan educativo por alumno\/a para mantener los grupos burbujas.<\/p>\n<p><strong>LUGAR Y HORARIO DE ENTREGA DE MATR\u00cdCULAS POR CORREO ELECTR\u00d3NICO AL TUTOR\/A O AL CENTRO<\/strong><\/p>\n<ul>\n<li>CEPER Josefina Molina y sus secciones Parque Figueroa y Paulo Freire. En aplicaci\u00f3n de las medidas de seguridad, se limita el acceso al recinto. Solo una persona en el recinto. Guardar la distancia de seguridad mientras se espera turno. Obligatorio el uso de mascarillas. S\u00f3lo recogida y entrega de documentaci\u00f3n.<\/li>\n<li>Correo electr\u00f3nico <strong>sepparquefigueroa@gmail.com<\/strong><\/li>\n<\/ul>\n<p><strong>DOCUMENTACI\u00d3N MATR\u00cdCULA PARA EL CURSO 2021-2022<\/strong><\/p>\n<p><strong>El procedimiento de matriculaci\u00f3n<\/strong> as\u00ed como los criterios de admisi\u00f3n vienen desarrollados en el apartado de MATRICULACI\u00d3N. Es muy aconsejable leerlos detenidamente.<\/p>\n<p>Las personas que soliciten&nbsp;<strong>Tutor\u00eda de apoyo al estudio, ESA, nivel I o II<\/strong> tienen que cumplimentar el impreso de matr\u00edcula 2021\/2022 y el impreso de matr\u00edcula Tutor\u00eda apoyo al estudio ESA, que se pueden descargar en el apartado siguiente.<\/p>\n<p><span style=\"font-size: 12pt\"><strong>Requisitos<\/strong><\/span><\/p>\n<ul>\n<li>Tener cumplidos los 18 a\u00f1os antes del 31 de diciembre del a\u00f1o en curso.<\/li>\n<li>Se les pasar\u00e1 una prueba para ver su nivel de espa\u00f1ol.<\/li>\n<li>Certificado de notas.<\/li>\n<li>Alg\u00fan documento que acredite estudios realizados.<\/li>\n<li>Har\u00e1n la prueba inicial de cada uno de los \u00e1mbitos para comprobar el nivel.<\/li>\n<\/ul>\n<p><strong>Documentaci\u00f3n a entregar para realizar la matr\u00edcula en la Tutor\u00eda de Apoyo al Estudio<\/strong><\/p>\n<ol>\n<li>Impreso de matr\u00edcula del colegio e impreso de matr\u00edcula del I.E.S. de referencia que se encuentran en la documentaci\u00f3n de la matr\u00edcula.<\/li>\n<li>Fotocopia del D.N.I.<\/li>\n<li>Certificado de notas.<\/li>\n<li>Graduado escolar<\/li>\n<li>Foto tama\u00f1o carn\u00e9.<\/li>\n<li>Justificante de que ha hecho el nivel I<\/li>\n<\/ol>\n<ul>\n<li>Plan TAE ESO para personal adultas:<\/li>\n<\/ul>\n<p>&nbsp; &nbsp; &nbsp; &nbsp; &nbsp; &nbsp; &nbsp; &#8211;&nbsp;<a href=\"https:\/\/drive.google.com\/file\/d\/1vhEHDRxIgWfN_g51TDQoG4huWPykU2AZ\/view?usp=sharing\" target=\"_blank\" rel=\"noopener noreferrer\">Impreso de preinscipci\u00f3n curso TAE ESO educaci\u00f3n adultos<\/a><a href=\"https:\/\/drive.google.com\/file\/d\/1vhEHDRxIgWfN_g51TDQoG4huWPykU2AZ\/view?usp=sharing\" target=\"_blank\" rel=\"noopener noreferrer\">AE ESO personal adultas<\/a><br \/>\n&nbsp; &nbsp; &nbsp; &nbsp; &nbsp; &nbsp; &nbsp; &#8211;&nbsp;<a href=\"https:\/\/drive.google.com\/file\/d\/1D1S8OytU6qMWJrhAG6-L3a9vAGYZsbus\/view?usp=sharing\" target=\"_blank\" rel=\"noopener noreferrer\">Impreso de matr\u00edcula TAE ESO personas adultas<\/a><\/p>\n<ul>\n<li>Plan TAE idioma nivel b\u00e1sico ingl\u00e9s (A1 y A2) Escuela Oficial de idiomas<\/li>\n<\/ul>\n<p>&nbsp; &nbsp; &nbsp; &nbsp; &nbsp; &nbsp; &nbsp;&#8211;&nbsp;<a href=\"https:\/\/drive.google.com\/file\/d\/1j_xgH7yyrfDh1x7qRo6RAj-h73qd4gh5\/view?usp=sharing\" target=\"_blank\" rel=\"noopener noreferrer\">Impreso de preinscripci\u00f3n curso ingl\u00e9s (a1 y a2) Escuela oficial de idiomas<\/a><br \/>\n&nbsp; &nbsp; &nbsp; &nbsp; &nbsp; &nbsp; &nbsp;&#8211;&nbsp;<a href=\"https:\/\/drive.google.com\/file\/d\/1FfSaSpJAdsaA0g6lJqQvBBHc8mOM3z-_\/view?usp=sharing\" target=\"_blank\" rel=\"noopener noreferrer\">Informaci\u00f3n modalidad semipresencial curso de infles EOI<\/a><\/p>\n<ul>\n<li>Planes educativos educaci\u00f3n de adultos modalidad presencial&nbsp; &nbsp; &nbsp; &nbsp; &nbsp;<\/li>\n<\/ul>\n<p>&nbsp; &nbsp; &nbsp; &nbsp; &nbsp; &nbsp; &#8211;&nbsp;<a href=\"https:\/\/drive.google.com\/file\/d\/1YsIeYB6IIktGbvdzMdqxjh8fcNRZv0aS\/view?usp=sharing\" target=\"_blank\" rel=\"noopener noreferrer\">Impreso de matr\u00edcula planes educativos eduaci\u00f3n adultos modalidad presencial<\/a><\/p>\n<p>&nbsp;<\/p>\n<p><span style=\"font-size: 14pt\"><strong>Cumplimentar siguiendo las siguientes consideraciones.<\/strong><\/span><\/p>\n<ul>\n<li>Escribir todo con letra may\u00fascula (incluso la direcci\u00f3n de correo), para evitar confusiones.<\/li>\n<li>Es imprescindible anotar el n\u00famero de tel\u00e9fono m\u00f3vil y la direcci\u00f3n de correo electr\u00f3nico.<\/li>\n<li>No se admitir\u00e1n solicitudes incompletas (falta de datos).<\/li>\n<li>Si el\/la solicitante est\u00e1 matriculada\/o durante el curso 2020\/2021, s\u00f3lo entrega el impreso.<\/li>\n<li>Si el\/la solicitante NO est\u00e1 matriculada\/o durante el curso 2020\/2021, debe adjuntar copia del DNI y 1 foto tama\u00f1o carnet.<\/li>\n<li>Se debe indicar en el impreso si prefiere turno de <strong>ma\u00f1ana o de tarde<\/strong> (esta opci\u00f3n no aparece en el impreso de matr\u00edcula). Esta preferencia se tendr\u00e1 en cuenta s\u00f3lo si hay posibilidad.<\/li>\n<li>Se debe indicar en el impreso si prefiere el <strong>primer cuatrimestre (de octubre a febrero) o el segundo cuatrimestre (de febrero a junio).<\/strong> Esta preferencia se tendr\u00e1 en cuenta s\u00f3lo si hay posibilidad.<\/li>\n<li>En el caso de solicitar el P.E. Fomento Ciudadan\u00eda Activa: Uso B\u00e1sico de Idioma Extranjeros: ingl\u00e9s, se debe indicar en el impreso el nivel que solicita, en el caso de haber cursado estudios de este plan en cursos anteriores en este Centro. En caso de la primera matr\u00edcula en este Centro deber\u00e1 realizar la prueba V.I.A. (prueba de nivel):<br \/>\n&nbsp; &nbsp; &nbsp; &nbsp; INICIAL (no tiene conocimientos de ingl\u00e9s)<br \/>\n&nbsp; &nbsp; &nbsp; &nbsp; NIVEL 1 (ha cursado el nivel inicial o realiza la prueba de valoraci\u00f3n inicial en el Centro al inicio de curso)<br \/>\n&nbsp; &nbsp; &nbsp; &nbsp; NIVEL 2 (ha cursado el nivel 1 o realiza la prueba de valoraci\u00f3n inicial en el Centro al inicio de curso).<br \/>\n&nbsp; &nbsp; &nbsp; &nbsp; &nbsp;NIVEL 3 (ha cursado el nivel 2 o realiza la prueba de valoraci\u00f3n inicial en el Centro al inicio de curso).<\/li>\n<li>En el caso de solicitar el P.E. Fomento Ciudadan\u00eda Activa: Uso B\u00e1sico de Tecnolog\u00edas de la Informaci\u00f3n y la Comunicaci\u00f3n, se debe indicar si es la primera vez que se matricula. En caso de la primera matr\u00edcula en este Centro deber\u00e1 realizar la prueba V.I.A.:<br \/>\n&nbsp; &nbsp; &nbsp; &nbsp;INICIAL (tiene muy pocos conocimientos de inform\u00e1tica y no utiliza el ordenador apenas)<br \/>\n&nbsp; &nbsp; &nbsp; &nbsp;NIVEL 1 (ha cursado el nivel inicial pero no practica porque no tiene ordenador u otras razones)<br \/>\n&nbsp; &nbsp; &nbsp; &nbsp; NIVEL 2 (lleva asistiendo durante varios cursos a las clases de inform\u00e1tica, pero necesita repasar los contenidos fundamentales para seguir practicando en su vida diaria).<\/li>\n<li>En la matr\u00edcula debe especificar cu\u00e1l piensa usted que es su nivel y se\u00f1ale si es la primera vez que quiere solicitar este plan. En ese caso se realizar\u00e1 una prueba v\u00eda para que est\u00e9 en el grupo adecuado a sus conocimientos.<\/li>\n<\/ul>\n<p><img loading=\"lazy\" decoding=\"async\" class=\"aligncenter wp-image-4777\" src=\"https:\/\/blogsaverroes.juntadeandalucia.es\/cepersanmatias\/files\/2021\/05\/2.jpg\" alt=\"\" width=\"615\" height=\"172\"><\/p>\n<ul>\n<li>En el caso de solicitar el P.E. Fomento Ciudadan\u00eda Activa: Conocimiento y Conservaci\u00f3n del Patrimonio Cultural Andaluz y Medio Ambiente, se debe indicar si solicita PATRIMONIO o FLAMENCO. S\u00f3lo puede apuntar una opci\u00f3n. Hay que apuntarla porque no aparece en la solicitud.<\/li>\n<li>Entregar el impreso cumplimentado en el Centro, junto con la documentaci\u00f3n requerida. Se debe llevar copia para que sea sellada y sirva de recibo. Atender a la informaci\u00f3n sobre horario y lugar de entrega.<\/li>\n<li>&nbsp;La \u00faltima semana de septiembre se publicar\u00e1 en el blog del Centro la convocatoria de cada grupo para inicio de clases (horario, d\u00eda de la semana, semestre \u2026), as\u00ed como la convocatoria del alumnado de nueva incorporaci\u00f3n para realizar las pruebas de Valoraci\u00f3n inicial del Alumnado (V.I.A.) de los diferentes planes.<\/li>\n<\/ul>\n<p>&nbsp;<\/p>\n<p><span style=\"font-size: 14pt\"><strong>MATR\u00cdCULA CURSO 2021\/2022 \u2013 DEL 1 AL 15 DE JUNIO DE 2021 <\/strong><\/span><span style=\"font-size: 14pt\"><strong>A TRAV\u00c9S DEL CORREO ELECTR\u00d3NICO<\/strong><\/span><\/p>\n<p>Descargar y cumplimentar el impreso de matr\u00edcula que aparece en el enlace del blog. Atender a las indicaciones relacionadas abajo. Es imprescindible anotar el n\u00famero de tel\u00e9fono m\u00f3vil y la direcci\u00f3n de correo electr\u00f3nico.<br \/>\nSe recomienda cumplimentar el impreso con el teclado. Si se imprime y se cumplimenta a mano, escribir todo con letra may\u00fascula (incluso la direcci\u00f3n de correo), para evitar confusiones.<br \/>\nSe puede cumplimentar y descargar cumplimentado en:&nbsp;<\/p>\n<p><a href=\"https:\/\/drive.google.com\/file\/d\/1QfTkU-U6iHijzXhFtMrHZsbPLA8s1ZWr\/view?usp=sharing\" target=\"_blank\" rel=\"noopener noreferrer\">IMPRESO DE MATR\u00cdCULA<\/a><br \/>\nGuardar el archivo (impreso) con el nombre del solicitante (el que aparece en el DNI).<br \/>\nEnviar el impreso cumplimentado y la documentaci\u00f3n a la direcci\u00f3n: sepparquefigueroa@gmail.com<\/p>\n<p>realizando las indicaciones pertinentes seg\u00fan lo relacionado abajo.<\/p>\n<ul>\n<li>Si el\/la solicitante est\u00e1 matriculada\/o durante el curso 2020\/2021, s\u00f3lo entrega el impreso.<\/li>\n<li>Si el\/la solicitante NO est\u00e1 matriculada\/o durante el curso 2020\/2021, debe adjuntar copia del DNI y 1 foto tama\u00f1o carnet.<\/li>\n<li>Se debe indicar en el mensaje si prefiere turno de ma\u00f1ana o de tarde (esta opci\u00f3n no aparece en el impreso de matr\u00edcula). Esta preferencia se tendr\u00e1 en cuenta s\u00f3lo si hay posibilidad.<\/li>\n<li>Se debe indicar en el mensaje si prefiere el primer cuatrimestre (de octubre a febrero) o el segundo cuatrimestre (de febrero a junio). Esta preferencia se tendr\u00e1 en cuenta s\u00f3lo si hay posibilidad.<\/li>\n<li>En el caso de solicitar el P.E. Fomento Ciudadan\u00eda Activa: Uso B\u00e1sico de Idioma Extranjeros: ingl\u00e9s, se debe indicar el nivel que solicita si ha cursado estudios de este plan en cursos anteriores en este Centro. En caso de la primera matr\u00edcula en este Centro deber\u00e1 indicar nivel INICIAL o realizar la prueba V.I.A. (valoraci\u00f3n inicial) para asignarle nivel:<br \/>\n&nbsp; &nbsp; &nbsp; INICIAL (no tiene conocimientos de ingl\u00e9s)&nbsp;NIVEL 1 (ha cursado el nivel inicial o realiza la prueba de valoraci\u00f3n inicial en el Centro al inicio de curso)<br \/>\n&nbsp; &nbsp; &nbsp;NIVEL 2 (ha cursado el nivel 1 o realiza la prueba de valoraci\u00f3n inicial en el Centro al inicio de curso).<br \/>\n&nbsp; &nbsp; &nbsp;NIVEL 3 (ha cursado el nivel 2 o realiza la prueba de valoraci\u00f3n inicial en el Centro al inicio de curso).<\/li>\n<li>En el caso de solicitar el P.E. Fomento Ciudadan\u00eda Activa: Uso B\u00e1sico de Tecnolog\u00edas de la Informaci\u00f3n y la Comunicaci\u00f3n, se debe indicar si es la primera vez que se matricula. En caso de la primera matr\u00edcula en este Centro deber\u00e1 realizar la prueba V.I.A.:<br \/>\n&nbsp; &nbsp; &nbsp;INICIAL (tiene muy pocos conocimientos de inform\u00e1tica y no utiliza el ordenador apenas)<br \/>\n&nbsp; &nbsp; &nbsp; NIVEL 1 (ha cursado el nivel inicial pero no practica porque no tiene ordenador u otras razones)<br \/>\n&nbsp; &nbsp; &nbsp;NIVEL 2 (lleva asistiendo durante varios cursos a las clases de inform\u00e1tica, pero necesita repasar los contenidos fundamentales para seguir practicando en su vida diaria).<br \/>\nEn la matr\u00edcula debe especificar cu\u00e1l piensa usted que es su nivel y se\u00f1ale si es la primera vez que quiere solicitar este plan. En ese caso se realizar\u00e1 una prueba v\u00eda para que est\u00e9 en el grupo adecuado a sus conocimientos.<\/li>\n<\/ul>\n<p><img loading=\"lazy\" decoding=\"async\" class=\"aligncenter size-full wp-image-4777\" src=\"https:\/\/blogsaverroes.juntadeandalucia.es\/cepersanmatias\/files\/2021\/05\/2.jpg\" alt=\"\" width=\"582\" height=\"162\"><\/p>\n<ul>\n<li>En el caso de solicitar el P.E. Fomento Ciudadan\u00eda Activa: Conocimiento y Conservaci\u00f3n del Patrimonio Cultural Andaluz y Medio Ambiente, se debe indicar si solicita PATRIMONIO o Flamenco. S\u00f3lo puede apuntar una opci\u00f3n. Hay que apuntarla porque no aparece en la solicitud<\/li>\n<li>Una vez recibido en el Centro el mensaje con la solicitud cumplimentada y la documentaci\u00f3n, le enviaremos una respuesta. Dicha respuesta puede indicarle que falta alg\u00fan dato en su solicitud, que falta documentaci\u00f3n u otro error. En este caso deber\u00e1 atender la solicitud para poder tramitar la matr\u00edcula. Cuando todo est\u00e9 correcto, le enviaremos una respuesta indicando que su matr\u00edcula ha sido tramitada<\/li>\n<li>&nbsp;La \u00faltima semana de septiembre se publicar\u00e1 en el blog del Centro la convocatoria de cada grupo para inicio de clases (horario, d\u00eda de la semana, semestre \u2026), as\u00ed como la convocatoria del alumnado de nueva incorporaci\u00f3n para realizar las pruebas de Valoraci\u00f3n inicial del Alumnado (V.I.A.) de los diferentes planes.<\/li>\n<\/ul>\n<p>&nbsp;<\/p>\n","protected":false},"excerpt":{"rendered":"<p>Formaliza tu matr\u00edcula en nuestro Centro. Solo podr\u00e1s solicitar un m\u00e1ximo de tres planes educativos por orden de preferencia, pudiendo cursar como m\u00e1ximo dos por curso escolar. Este curso escolar, debido a las medidas&#46;&#46;&#46;<\/p>\n","protected":false},"author":6168,"featured_media":0,"parent":0,"menu_order":0,"comment_status":"closed","ping_status":"closed","template":"","meta":{"ngg_post_thumbnail":0,"footnotes":""},"aioseo_notices":[],"_links":{"self":[{"href":"https:\/\/blogsaverroes.juntadeandalucia.es\/sepparquefigueroa\/wp-json\/wp\/v2\/pages\/3146"}],"collection":[{"href":"https:\/\/blogsaverroes.juntadeandalucia.es\/sepparquefigueroa\/wp-json\/wp\/v2\/pages"}],"about":[{"href":"https:\/\/blogsaverroes.juntadeandalucia.es\/sepparquefigueroa\/wp-json\/wp\/v2\/types\/page"}],"author":[{"embeddable":true,"href":"https:\/\/blogsaverroes.juntadeandalucia.es\/sepparquefigueroa\/wp-json\/wp\/v2\/users\/6168"}],"replies":[{"embeddable":true,"href":"https:\/\/blogsaverroes.juntadeandalucia.es\/sepparquefigueroa\/wp-json\/wp\/v2\/comments?post=3146"}],"version-history":[{"count":4,"href":"https:\/\/blogsaverroes.juntadeandalucia.es\/sepparquefigueroa\/wp-json\/wp\/v2\/pages\/3146\/revisions"}],"predecessor-version":[{"id":3384,"href":"https:\/\/blogsaverroes.juntadeandalucia.es\/sepparquefigueroa\/wp-json\/wp\/v2\/pages\/3146\/revisions\/3384"}],"wp:attachment":[{"href":"https:\/\/blogsaverroes.juntadeandalucia.es\/sepparquefigueroa\/wp-json\/wp\/v2\/media?parent=3146"}],"curies":[{"name":"wp","href":"https:\/\/api.w.org\/{rel}","templated":true}]}}