{"id":3148,"date":"2021-12-03T13:21:44","date_gmt":"2021-12-03T13:21:44","guid":{"rendered":"https:\/\/blogsaverroes.juntadeandalucia.es\/ceperjosefinamolina\/?page_id=3148"},"modified":"2022-06-01T11:17:08","modified_gmt":"2022-06-01T10:17:08","slug":"secretaria-virtual","status":"publish","type":"page","link":"https:\/\/blogsaverroes.juntadeandalucia.es\/sepparquefigueroa\/secretaria-virtual\/","title":{"rendered":"Secretar\u00eda Virtual"},"content":{"rendered":"<p>A continuaci\u00f3n les mostramos un video para todas las personas interesadas en hacer uso de la Secretar\u00eda virtual:<\/p>\n<div style=\"width: 1224px;\" class=\"wp-video\"><!--[if lt IE 9]><script>document.createElement('video');<\/script><![endif]-->\n<video class=\"wp-video-shortcode\" id=\"video-3148-1\" width=\"1224\" height=\"560\" preload=\"metadata\" controls=\"controls\"><source type=\"video\/mp4\" src=\"https:\/\/blogsaverroes.juntadeandalucia.es\/sepparquefigueroa\/files\/2022\/06\/editado-presentacion-electronica-general-peg-para-los-centros-1_63cVf2BS.mp4?_=1\" \/><a href=\"https:\/\/blogsaverroes.juntadeandalucia.es\/sepparquefigueroa\/files\/2022\/06\/editado-presentacion-electronica-general-peg-para-los-centros-1_63cVf2BS.mp4\">https:\/\/blogsaverroes.juntadeandalucia.es\/sepparquefigueroa\/files\/2022\/06\/editado-presentacion-electronica-general-peg-para-los-centros-1_63cVf2BS.mp4<\/a><\/video><\/div>\n<div>Para poder cumplimentar desde el ordenador los documentos rellenables, deber\u00e1s descargarlos y posteriormente editarlos con Adobe Reader.<\/div>\n<div>\n<div>&nbsp;<\/div>\n<div><span style=\"color: #747474;font-family: Roboto, sans-serif\">Enlace a la Secretar\u00eda virtual: <a href=\"https:\/\/www.juntadeandalucia.es\/educacion\/secretariavirtual\/\" target=\"_blank\" rel=\"noopener noreferrer\" data-saferedirecturl=\"https:\/\/www.google.com\/url?q=https:\/\/www.juntadeandalucia.es\/educacion\/secretariavirtual\/&amp;source=gmail&amp;ust=1654158475043000&amp;usg=AOvVaw3M_0SE3idjJi4tQqIsttp8\">enlace<\/a>&nbsp; &nbsp;(<\/span><a href=\"https:\/\/www.juntadeandalucia.es\/educacion\/secretariavirtual\/\" target=\"_blank\" rel=\"noopener noreferrer\" data-saferedirecturl=\"https:\/\/www.google.com\/url?q=https:\/\/www.juntadeandalucia.es\/educacion\/secretariavirtual\/&amp;source=gmail&amp;ust=1654158475043000&amp;usg=AOvVaw3M_0SE3idjJi4tQqIsttp8\">https:\/\/www.juntadeandalucia.es\/educacion\/secretariavirtual\/<\/a>)<\/div>\n<\/div>\n","protected":false},"excerpt":{"rendered":"<p>A continuaci\u00f3n les mostramos un video para todas las personas interesadas en hacer uso de la Secretar\u00eda virtual: Para poder cumplimentar desde el ordenador los documentos rellenables, deber\u00e1s descargarlos y posteriormente editarlos con Adobe&#46;&#46;&#46;<\/p>\n","protected":false},"author":6168,"featured_media":0,"parent":0,"menu_order":0,"comment_status":"closed","ping_status":"closed","template":"","meta":{"ngg_post_thumbnail":0,"footnotes":""},"aioseo_notices":[],"_links":{"self":[{"href":"https:\/\/blogsaverroes.juntadeandalucia.es\/sepparquefigueroa\/wp-json\/wp\/v2\/pages\/3148"}],"collection":[{"href":"https:\/\/blogsaverroes.juntadeandalucia.es\/sepparquefigueroa\/wp-json\/wp\/v2\/pages"}],"about":[{"href":"https:\/\/blogsaverroes.juntadeandalucia.es\/sepparquefigueroa\/wp-json\/wp\/v2\/types\/page"}],"author":[{"embeddable":true,"href":"https:\/\/blogsaverroes.juntadeandalucia.es\/sepparquefigueroa\/wp-json\/wp\/v2\/users\/6168"}],"replies":[{"embeddable":true,"href":"https:\/\/blogsaverroes.juntadeandalucia.es\/sepparquefigueroa\/wp-json\/wp\/v2\/comments?post=3148"}],"version-history":[{"count":3,"href":"https:\/\/blogsaverroes.juntadeandalucia.es\/sepparquefigueroa\/wp-json\/wp\/v2\/pages\/3148\/revisions"}],"predecessor-version":[{"id":3446,"href":"https:\/\/blogsaverroes.juntadeandalucia.es\/sepparquefigueroa\/wp-json\/wp\/v2\/pages\/3148\/revisions\/3446"}],"wp:attachment":[{"href":"https:\/\/blogsaverroes.juntadeandalucia.es\/sepparquefigueroa\/wp-json\/wp\/v2\/media?parent=3148"}],"curies":[{"name":"wp","href":"https:\/\/api.w.org\/{rel}","templated":true}]}}