{"id":3231,"date":"2021-12-03T15:32:50","date_gmt":"2021-12-03T15:32:50","guid":{"rendered":"https:\/\/blogsaverroes.juntadeandalucia.es\/ceperjosefinamolina\/?page_id=3231"},"modified":"2022-01-19T01:03:44","modified_gmt":"2022-01-19T00:03:44","slug":"becas","status":"publish","type":"page","link":"https:\/\/blogsaverroes.juntadeandalucia.es\/sepparquefigueroa\/becas\/","title":{"rendered":"Becas"},"content":{"rendered":"<div id=\"block-terra-page-title\" class=\"block block-core block-page-title-block\">\n<div class=\"content\">\n<h1 style=\"text-align: center\"><img loading=\"lazy\" decoding=\"async\" class=\"alignnone size-medium wp-image-3348\" src=\"https:\/\/blogsaverroes.juntadeandalucia.es\/sepparquefigueroa\/files\/2022\/01\/beca-1-300x147.jpg\" alt=\"\" width=\"300\" height=\"147\" srcset=\"https:\/\/blogsaverroes.juntadeandalucia.es\/sepparquefigueroa\/files\/2022\/01\/beca-1-300x147.jpg 300w, https:\/\/blogsaverroes.juntadeandalucia.es\/sepparquefigueroa\/files\/2022\/01\/beca-1.jpg 712w\" sizes=\"(max-width: 300px) 100vw, 300px\" \/><\/h1>\n<h1 class=\"title\"><span class=\"field field--name-title field--type-string field--label-hidden\">Becas de la Junta de Andaluc\u00eda<\/span><\/h1>\n<\/div>\n<\/div>\n<div id=\"block-terra-content\" class=\"block block-system block-system-main-block\">\n<div class=\"content\">\n<article class=\"node node--type-pagina-estandar node--promoted node--view-mode-full clearfix\" role=\"article\">\n<header><\/header>\n<div class=\"node__content clearfix\">\n<div class=\"layout--cont-estruct container clearfix\">\n<div class=\"row\">\n<div class=\"col-12 col-md-12 col-lg-8\">\n<div class=\"col-12\">Existen distintos tipos de becas y ayudas dirigidas al alumnado y a sus familias con el objetivo de garantizar el acceso a la educaci\u00f3n para aquellas personas que por sus circunstancias personales, familiares, sociales o econ\u00f3micas no puedan disfrutar de ella en igualdad de condiciones. Recuerda<strong>&nbsp;revisar los plazos concretos para la solicitud de cada una de estas becas&nbsp;<\/strong>y realizar los tr\u00e1mites desde la&nbsp;<a href=\"https:\/\/www.juntadeandalucia.es\/educacion\/secretariavirtual\/\">Secretar\u00eda Virtual<\/a>.<\/div>\n<div class=\"cont-secc col-12 contenidos_nivel3 editor\">\n<div class=\"block block-layout-builder block-field-blocknodepagina-estandarfield-contenido\">\n<div class=\"content\">\n<div class=\"clearfix text-formatted field field--name-field-contenido field--type-text-with-summary field--label-hidden field__item\">\n<ul>\n<li><a title=\"Portal de becas y ayudas al estudio de la Junta de Andaluc\u00eda\" href=\"http:\/\/www.juntadeandalucia.es\/educacion\/portals\/web\/becas-y-ayudas\">Portal de becas y ayudas al estudio de la Consejer\u00eda de Educaci\u00f3n y Deporte<\/a><\/li>\n<\/ul>\n<p><span id=\"toc-becas\"><\/span><\/p>\n<h2>Becas<\/h2>\n<h3>Beca&nbsp;6000<\/h3>\n<p>Beca&nbsp;cuyo objetivo es facilitar la permanencia en el sistema educativo del alumnado de primer o segundo curso de Bachillerato o de primer o segundo curso de ciclos formativos de grado medio de Formaci\u00f3n Profesional, para lo que es necesario que sus familias cumplan una serie de requisitos econ\u00f3micos.&nbsp;<\/p>\n<ul>\n<li><a href=\"https:\/\/www.juntadeandalucia.es\/organismos\/educacionydeporte\/servicios\/procedimientos\/detalle\/2583.html\">Tramitaci\u00f3n de la solicitud de la beca<\/a><\/li>\n<\/ul>\n<p>Resuelve todas tus dudas sobre las Becas 6000 consultando en la web de la&nbsp;<a href=\"http:\/\/www.juntadeandalucia.es\/educacion\/portals\/web\/becas-y-ayudas\/beca-6000\">Consejer\u00eda de Educaci\u00f3n y Deporte.<\/a><\/p>\n<h3>Beca Andaluc\u00eda Segunda Oportunidad<\/h3>\n<p>Beca dirigida a las personas de edades comprendidas entre los 18 y los 24 a\u00f1os de la Comunidad Aut\u00f3noma de Andaluc\u00eda que hayan abandonado el sistema educativo sin haber obtenido alguna titulaci\u00f3n de Educaci\u00f3n Secundaria Obligatoria o Educaci\u00f3n Secundaria post-obligatoria. Su finalidad es compensar la ausencia de ingresos como consecuencia de la dedicaci\u00f3n de la persona solicitante al estudio, facilitando la reincorporaci\u00f3n a los estudios para una preparaci\u00f3n mayor que posibilite su acceso de nuevo al mercado laboral.&nbsp;<\/p>\n<ul>\n<li><a href=\"https:\/\/www.juntadeandalucia.es\/organismos\/educacionydeporte\/servicios\/procedimientos\/detalle\/5461.html\">Tramitaci\u00f3n de la solicitud de la beca<\/a><\/li>\n<\/ul>\n<p>Resuelve todas tus dudas sobre las Beca Andaluc\u00eda Segunda Oportunidad consultando en la web de la&nbsp;<a href=\"http:\/\/www.juntadeandalucia.es\/educacion\/portals\/web\/becas-y-ayudas\/segunda-oportunidad\">Consejer\u00eda de Educaci\u00f3n y Deporte<\/a><\/p>\n<h3>Beca Adriano<\/h3>\n<p>Beca \u00edntegramente financiada por la Junta de Andaluc\u00eda, como medida para evitar la exclusi\u00f3n y el abandono educativo ligado a los recursos econ\u00f3micos de la unidad familiar. Va dirigida al alumnado que curse en modalidad presencial algunas de las siguientes ense\u00f1anzas oficiales en centros docentes no universitarios de Andaluc\u00eda:<\/p>\n<ul>\n<li>Bachillerato<\/li>\n<li>Ciclo Formativo de Grado Medio (CFGM)<\/li>\n<li>Ciclo Formativo de Grado Superior (CFGS)<\/li>\n<li>Ense\u00f1anzas art\u00edsticas profesionales y superiores<\/li>\n<li>Ense\u00f1anzas deportivas<\/li>\n<li>Est\u00e1n excluidas las ense\u00f1anzas en la modalidad de adultos<\/li>\n<\/ul>\n<p>Resuelve todas tus dudas sobre la Beca Adriano consultando en la web de la&nbsp;<a href=\"http:\/\/www.juntadeandalucia.es\/educacion\/portals\/web\/becas-y-ayudas\/beca-adriano\">Consejer\u00eda de Educaci\u00f3n y Deporte<\/a><\/p>\n<ul>\n<li><a href=\"https:\/\/www.juntadeandalucia.es\/organismos\/educacionydeporte\/servicios\/procedimientos\/detalle\/6377.html\">Tramitaci\u00f3n de la solicitud de la beca<\/a><\/li>\n<\/ul>\n<p><span id=\"toc-ayudas-y-subvenciones\"><\/span><\/p>\n<h2>Ayudas y Subvenciones<\/h2>\n<h3>Ayudas a las familias para la escolarizaci\u00f3n de menores de 3 a\u00f1os<\/h3>\n<p>Mediante la bonificaci\u00f3n del precio de los servicios de atenci\u00f3n socioeducativa y de comedor escolar, se conceden estas ayudas a las familias para fomentar la escolarizaci\u00f3n del alumnado menor de 3 a\u00f1os en&nbsp;<strong>centros educativos de primer ciclo de Educaci\u00f3n Infantil<\/strong>. Las ayudas se conceder\u00e1n en r\u00e9gimen de concurrencia competitiva.&nbsp;<\/p>\n<p>La solicitud para las ayudas se presenta en el centro educativo elegido, que tiene que estar adherido al &#8216;Programa de ayuda a las familias para el fomento de la escolarizaci\u00f3n en el primer ciclo de la educaci\u00f3n infantil en Andaluc\u00eda&#8217;.<\/p>\n<ul>\n<li><a href=\"https:\/\/www.juntadeandalucia.es\/organismos\/educacionydeporte\/servicios\/procedimientos\/detalle\/10239.html\">Tramitaci\u00f3n de la solicitud de la ayuda<\/a><\/li>\n<li><a href=\"http:\/\/www.juntadeandalucia.es\/educacion\/portals\/web\/becas-y-ayudas\/ayudas-a-las-familias-fomento-de-la-escolarizacion-educacion-infantil-0-3-anos-\">M\u00e1s informaci\u00f3n sobre las ayudas&nbsp;a las familias para la escolarizaci\u00f3n de menores de 3 a\u00f1os<\/a><\/li>\n<\/ul>\n<h3>Subvenciones al servicio de comedor escolar<\/h3>\n<p>Estas subvenciones se destinan a la prestaci\u00f3n del servicio de comedor escolar para el alumnado escolarizado en centros docentes concertados (privados y sostenidos con fondos p\u00fablicos) de la Comunidad Aut\u00f3noma, tanto de educaci\u00f3n especial como aquellos dotados con planes de compensaci\u00f3n educativa. En el primero de los casos se pretende hacer posible medidas espec\u00edficas de atenci\u00f3n a la diversidad y en el segundo se persigue&nbsp;facilitar la permanencia en el sistema educativo del alumnado.<\/p>\n<ul>\n<li><a href=\"https:\/\/www.juntadeandalucia.es\/organismos\/educacionydeporte\/servicios\/procedimientos\/detalle\/8652.html\">Tramitaci\u00f3n de la solicitud de la subvenci\u00f3n<\/a><\/li>\n<\/ul>\n<h3>Ayudas al transporte escolar<\/h3>\n<p>Ayudas al alumnado que est\u00e9 obligado a desplazarse fuera de su localidad de residencia y que cursa estudios de segundo ciclo de Educaci\u00f3n Infantil, Educaci\u00f3n Primaria, Educaci\u00f3n Secundaria Obligatoria, Bachillerato y Formaci\u00f3n Profesional inicial de los centros docentes sostenidos con fondos p\u00fablicos.<\/p>\n<p>Puede solicitarla el alumnado que&nbsp;no pueda&nbsp;hacer uso de ninguna de las modalidades de transporte escolar, o bien que tenga&nbsp;que cubrir una distancia superior a dos kil\u00f3metros entre su domicilio y la parada de la ruta escolar correspondiente.&nbsp;Asimismo, tambi\u00e9n puede beneficiarse el alumnado de Bachillerato de la modalidad de Artes o de ciclos formativos de Formaci\u00f3n Profesional Inicial que se encuentren implantados en centros alejados de su localidad de residencia.&nbsp;<\/p>\n<ul>\n<li><a href=\"https:\/\/www.juntadeandalucia.es\/organismos\/educacionydeporte\/servicios\/procedimientos\/detalle\/4998.html\">Tramitaci\u00f3n de la solicitud de la ayuda<\/a><\/li>\n<li><a href=\"http:\/\/www.juntadeandalucia.es\/educacion\/portals\/web\/becas-y-ayudas\/ayudas-al-transporte\">M\u00e1s informaci\u00f3n sobre las ayudas al transporte escolar<\/a><\/li>\n<\/ul>\n<h3>Ayudas por desplazamiento al alumnado de FP<\/h3>\n<p>Estas ayudas son para el alumnado que cursa Formaci\u00f3n Profesional Inicial y que realiza el m\u00f3dulo profesional de formaci\u00f3n en centros de trabajo. Tambi\u00e9n puede solicitarla el alumnado que cursa FP Dual y tiene que desplazarse a empresas o entidades. En ambos casos, tienen que recorrer una distancia superior a cinco kil\u00f3metros de su centro docente.<\/p>\n<ul>\n<li><a href=\"https:\/\/www.juntadeandalucia.es\/organismos\/educacionydeporte\/servicios\/procedimientos\/detalle\/10405.html\">Tramitaci\u00f3n de la solicitud de la ayuda<\/a><\/li>\n<\/ul>\n<h3>Ayudas por desplazamiento a empresas de alumnado de FP<\/h3>\n<p>Estancias en otros<strong>&nbsp;pa\u00edses de la Uni\u00f3n Europea<\/strong>&nbsp;dirigidas al alumnado que cursa ense\u00f1anzas de Formaci\u00f3n Profesional Inicial y de Artes Pl\u00e1sticas y Dise\u00f1o en centros docentes de la Comunidad Aut\u00f3noma de Andaluc\u00eda.<\/p>\n<ul>\n<li><a href=\"https:\/\/www.juntadeandalucia.es\/organismos\/educacionydeporte\/servicios\/procedimientos\/detalle\/1711.html\">Tramitaci\u00f3n de la solicitud de las ayudas<\/a><\/li>\n<li><a href=\"http:\/\/www.juntadeandalucia.es\/educacion\/portals\/web\/becas-y-ayudas\/ayudas\/ayuda-desplazamientos-empresas\">M\u00e1s informaci\u00f3n sobre las ayudas por desplazamiento a empresas<\/a><\/li>\n<\/ul>\n<h3>Ayudas por desplazamiento al alumnado de Artes Pl\u00e1sticas y Dise\u00f1o<\/h3>\n<p>Puedes pedir estos incentivos si estudias Artes Pl\u00e1sticas y Dise\u00f1o en centros docentes p\u00fablicos y realizas tu&nbsp;formaci\u00f3n pr\u00e1ctica en empresas, estudios y talleres que se encuentren situados&nbsp;a m\u00e1s de cinco&nbsp;kil\u00f3metros del centro en el que estuviste matriculado.<\/p>\n<p>La solicitud de ayuda se cumplimenta&nbsp;mediante el&nbsp;<a href=\"https:\/\/www.juntadeandalucia.es\/educacion\/secretariavirtual\/\">formulario electr\u00f3nico<\/a>&nbsp;disponible en la Secretar\u00eda Virtual&nbsp;de la Consejer\u00eda de Educaci\u00f3n y Deporte.<\/p>\n<ul>\n<li><a href=\"https:\/\/www.juntadeandalucia.es\/organismos\/educacionydeporte\/servicios\/procedimientos\/detalle\/14944.html\">Tramitaci\u00f3n de la solicitud de las ayudas<\/a><\/li>\n<\/ul>\n<h3>Bonificaciones para las ense\u00f1anzas superiores de Danza, Dise\u00f1o y M\u00fasica<\/h3>\n<p>La Junta de Andaluc\u00eda aplica una bonificaci\u00f3n del 99% a los cr\u00e9ditos superados en primera matr\u00edcula y a las exenciones actualmente en vigor, tanto para las tasas acad\u00e9micas como para convalidaciones de estudios. Para beneficiarte de estas ayudas, debes cumplir los siguientes requisitos:<\/p>\n<ul>\n<li>Estudiar en uno de los 15 centros acad\u00e9micos andaluces de estas ense\u00f1anzas.<\/li>\n<li>Haber obtenido un aprobado en primera matr\u00edcula en el curso anterior.<\/li>\n<li>No cumplir con los requisitos para obtener la beca del Ministerio de Educaci\u00f3n.<\/li>\n<\/ul>\n<p>Si comienzas los estudios tendr\u00e1s que matricularte de los cr\u00e9ditos de los que conste el primer curso y abonarlos. A partir de ah\u00ed, se deducir\u00e1 el 99% del coste. Tambi\u00e9n&nbsp;puedes fraccionar el pago de la matr\u00edcula.<\/p>\n<ul>\n<li><a href=\"https:\/\/www.juntadeandalucia.es\/boja\/2021\/63\/19\">Exenciones, bonificaciones y requisitos para el curso 2021\/22<\/a><\/li>\n<\/ul>\n<h3>Ayudas para escuelas hogar y entidades privadas sin \u00e1nimo de lucro<\/h3>\n<p>El objetivo de estas subvenciones es incentivar a escuelas hogar y entidades de titularidad privada sin \u00e1nimo de lucro para facilitar la escolarizaci\u00f3n del alumnado con necesidad espec\u00edfica de apoyo educativo y para&nbsp;la realizaci\u00f3n de determinadas actuaciones de compensaci\u00f3n educativa en&nbsp;Andaluc\u00eda, favoreciendo la inserci\u00f3n social y educativa de los j\u00f3venes.<\/p>\n<ul>\n<li><a href=\"https:\/\/www.juntadeandalucia.es\/organismos\/educacionydeporte\/servicios\/procedimientos\/detalle\/6407.html\">Tramitaci\u00f3n de la solicitud de las subvenciones a las escuelas hogar<\/a><\/li>\n<\/ul>\n<p><span id=\"toc-m-s-informaci-n\"><\/span><\/p>\n<h2>M\u00e1s informaci\u00f3n<\/h2>\n<ul>\n<li><a href=\"https:\/\/www.juntadeandalucia.es\/temas\/estudiar\/becas\/junta-andalucia\/paginas\/universidad.html\">Becas y ayudas para el alumnado universitario<\/a><\/li>\n<li><a href=\"https:\/\/www.juntadeandalucia.es\/educacion\/portals\/web\/becas-y-ayudas\/educacion-especial\">Becas y ayudas para educaci\u00f3n especial<\/a><\/li>\n<li><a href=\"https:\/\/www.juntadeandalucia.es\/educacion\/portals\/web\/becas-y-ayudas\/contacto\">Centro de Atenci\u00f3n a Usuarios de la Comunidad Educativa<br \/>\n<\/a><\/li>\n<\/ul>\n<\/div>\n<\/div>\n<\/div>\n<\/div>\n<\/div>\n<\/div>\n<\/div>\n<\/div>\n<\/article>\n<\/div>\n<\/div>\n","protected":false},"excerpt":{"rendered":"<p>Becas de la Junta de Andaluc\u00eda Existen distintos tipos de becas y ayudas dirigidas al alumnado y a sus familias con el objetivo de garantizar el acceso a la educaci\u00f3n para aquellas personas que&#46;&#46;&#46;<\/p>\n","protected":false},"author":6168,"featured_media":0,"parent":0,"menu_order":0,"comment_status":"closed","ping_status":"closed","template":"","meta":{"ngg_post_thumbnail":0,"footnotes":""},"aioseo_notices":[],"_links":{"self":[{"href":"https:\/\/blogsaverroes.juntadeandalucia.es\/sepparquefigueroa\/wp-json\/wp\/v2\/pages\/3231"}],"collection":[{"href":"https:\/\/blogsaverroes.juntadeandalucia.es\/sepparquefigueroa\/wp-json\/wp\/v2\/pages"}],"about":[{"href":"https:\/\/blogsaverroes.juntadeandalucia.es\/sepparquefigueroa\/wp-json\/wp\/v2\/types\/page"}],"author":[{"embeddable":true,"href":"https:\/\/blogsaverroes.juntadeandalucia.es\/sepparquefigueroa\/wp-json\/wp\/v2\/users\/6168"}],"replies":[{"embeddable":true,"href":"https:\/\/blogsaverroes.juntadeandalucia.es\/sepparquefigueroa\/wp-json\/wp\/v2\/comments?post=3231"}],"version-history":[{"count":2,"href":"https:\/\/blogsaverroes.juntadeandalucia.es\/sepparquefigueroa\/wp-json\/wp\/v2\/pages\/3231\/revisions"}],"predecessor-version":[{"id":3349,"href":"https:\/\/blogsaverroes.juntadeandalucia.es\/sepparquefigueroa\/wp-json\/wp\/v2\/pages\/3231\/revisions\/3349"}],"wp:attachment":[{"href":"https:\/\/blogsaverroes.juntadeandalucia.es\/sepparquefigueroa\/wp-json\/wp\/v2\/media?parent=3231"}],"curies":[{"name":"wp","href":"https:\/\/api.w.org\/{rel}","templated":true}]}}