{"id":3052,"date":"2021-12-01T13:57:21","date_gmt":"2021-12-01T13:57:21","guid":{"rendered":"https:\/\/blogsaverroes.juntadeandalucia.es\/ceperjosefinamolina\/?page_id=3052"},"modified":"2021-12-01T13:57:21","modified_gmt":"2021-12-01T13:57:21","slug":"secretaria","status":"publish","type":"page","link":"https:\/\/blogsaverroes.juntadeandalucia.es\/seppaulofreire\/secretaria\/","title":{"rendered":"SECRETARIA"},"content":{"rendered":"<header class=\"entry-header\">\n<h1 class=\"entry-title\">Secretar\u00eda<\/h1>\n<\/header>\n<div class=\"entry-content\">\n<p>La&nbsp;<strong>Secretar\u00eda<\/strong>&nbsp;desarrolla muchas funciones importantes en la vida de un Centro, especialmente en la relaci\u00f3n a los diferentes tr\u00e1mites administrativos a lo largo de la escolarizaci\u00f3n: admisi\u00f3n, matr\u00edcula, etc.<\/p>\n<p>Si alg\u00fan alumno\/a necesita un certificado de matr\u00edcula, debe solicitarlo al correo electr\u00f3nico del centro sepparquefigueroa@gmail.com adjuntando el impreso de solicitud relleno y &nbsp;se lo enviamos al responderle.<\/p>\n<p>Si es para recogerlo en el Centro, se lo entregamos en horario de atenci\u00f3n al p\u00fablico.<\/p>\n<p>&nbsp;<\/p>\n<p>Muchas gracias por su colaboraci\u00f3n<\/p>\n<\/div>\n","protected":false},"excerpt":{"rendered":"<p>Secretar\u00eda La&nbsp;Secretar\u00eda&nbsp;desarrolla muchas funciones importantes en la vida de un Centro, especialmente en la relaci\u00f3n a los diferentes tr\u00e1mites administrativos a lo largo de la escolarizaci\u00f3n: admisi\u00f3n, matr\u00edcula, etc. Si alg\u00fan alumno\/a necesita un&#46;&#46;&#46;<\/p>\n","protected":false},"author":6168,"featured_media":0,"parent":0,"menu_order":0,"comment_status":"closed","ping_status":"closed","template":"","meta":{"ngg_post_thumbnail":0,"footnotes":""},"aioseo_notices":[],"_links":{"self":[{"href":"https:\/\/blogsaverroes.juntadeandalucia.es\/seppaulofreire\/wp-json\/wp\/v2\/pages\/3052"}],"collection":[{"href":"https:\/\/blogsaverroes.juntadeandalucia.es\/seppaulofreire\/wp-json\/wp\/v2\/pages"}],"about":[{"href":"https:\/\/blogsaverroes.juntadeandalucia.es\/seppaulofreire\/wp-json\/wp\/v2\/types\/page"}],"author":[{"embeddable":true,"href":"https:\/\/blogsaverroes.juntadeandalucia.es\/seppaulofreire\/wp-json\/wp\/v2\/users\/6168"}],"replies":[{"embeddable":true,"href":"https:\/\/blogsaverroes.juntadeandalucia.es\/seppaulofreire\/wp-json\/wp\/v2\/comments?post=3052"}],"version-history":[{"count":0,"href":"https:\/\/blogsaverroes.juntadeandalucia.es\/seppaulofreire\/wp-json\/wp\/v2\/pages\/3052\/revisions"}],"wp:attachment":[{"href":"https:\/\/blogsaverroes.juntadeandalucia.es\/seppaulofreire\/wp-json\/wp\/v2\/media?parent=3052"}],"curies":[{"name":"wp","href":"https:\/\/api.w.org\/{rel}","templated":true}]}}