{"id":3117,"date":"2021-12-03T13:04:41","date_gmt":"2021-12-03T13:04:41","guid":{"rendered":"https:\/\/blogsaverroes.juntadeandalucia.es\/ceperjosefinamolina\/?page_id=3117"},"modified":"2023-05-29T15:15:50","modified_gmt":"2023-05-29T15:15:50","slug":"interculturalidad-y-lengua-espanola-para-personas-procedentes-de-otros-paises","status":"publish","type":"page","link":"https:\/\/blogsaverroes.juntadeandalucia.es\/seppaulofreire\/interculturalidad-y-lengua-espanola-para-personas-procedentes-de-otros-paises\/","title":{"rendered":"Interculturalidad y Lengua Espa\u00f1ola para personas procedentes de otros pa\u00edses"},"content":{"rendered":"<header class=\"entry-header\">\n<h1 class=\"entry-title\">INTERCULTURALIDAD Y LENGUA ESPA\u00d1OLA PARA PERSONAS PROCEDENTES DE OTROS PAISES<\/h1>\n<\/header>\n<div class=\"entry-content\">\n<p data-adtags-visited=\"true\">Actualmente la secci\u00f3n S.E.P Paulo Freire oferta este plan educativo en el que se imparten clases de espa\u00f1ol para personas de lengua extranjera y preparaci\u00f3n para la prueba de CCSE.<\/p>\n<p data-adtags-visited=\"true\"><strong>PLAN DE INTERCULTURALIDAD<\/strong><\/p>\n<\/div>\n<p data-adtags-visited=\"true\">Se oferta el&nbsp;<strong>Plan de Interculturalidad,<\/strong> perteneciente a los planes educativos no formales para el fomento de la ciudadan\u00eda activa, en el cual se proporciona al alumnado un conocimiento b\u00e1sico del idioma. Para un mejor funcionamiento y aprovechamiento de las clases, clasificamos al alumnado en distintos niveles seg\u00fan el Marco Europeo de Referencia de las lenguas. En la actualidad, impartimos los niveles A1, A2, Pre-intermedio y B1. En ocasiones y cuando los profesores lo consideren necesario, se har\u00e1n subdivisiones de grupos dentro de cada nivel.<\/p>\n<p data-adtags-visited=\"true\"><strong>PROGRAMACI\u00d3N<\/strong><\/p>\n<div style=\"text-align: center\">\n<div style=\"margin: 8px 0px 4px\"><a href=\"https:\/\/www.calameo.com\/books\/007366701a465090e37ea\" target=\"_blank\" rel=\"noopener noreferrer\">Programaci\u00f3n Interculturalidad<\/a><\/div>\n<p><iframe loading=\"lazy\" src=\"\/\/v.calameo.com\/?bkcode=007366701a465090e37ea&amp;mode=mini\" width=\"480\" height=\"300\" frameborder=\"0\" scrolling=\"no\"><\/iframe><\/p>\n<div style=\"margin: 4px 0px 8px\"><a href=\"http:\/\/www.calameo.com\/\" target=\"_blank\" rel=\"noopener noreferrer\">Leer m\u00e1s publicaciones en Calam\u00e9o<\/a><\/div>\n<\/div>\n<p data-adtags-visited=\"true\"><strong>\u00bfCu\u00e1les son los horarios?<\/strong><\/p>\n<p data-adtags-visited=\"true\">Antes de matricularte debes asegurarte de que los horarios te vienen bien.&nbsp;<strong>Estos pueden variar de un curso a otro.<\/strong>&nbsp;Hay niveles que se imparten a primera hora de la tarde, otros a mitad y en otros tienes la posibilidad de asistir en horario de tarde-noche. Para conocer los horarios acude al centro dentro del horario de informaci\u00f3n y matriculaciones.<\/p>\n<p data-adtags-visited=\"true\"><strong>\u00bfCu\u00e1l es el plazo de matriculaci\u00f3n?<\/strong><\/p>\n<p data-adtags-visited=\"true\">El plazo de matriculaci\u00f3n es el mismo que para el resto de planes educativos que se imparten en educaci\u00f3n permanente:<\/p>\n<ul>\n<li>\n<ul>\n<li>Plazo ordinario del 1 al 15 de junio<\/li>\n<li>Plazo extraordinario (si quedaran plazas vacantes): del 1 al 15 de septiembre.<\/li>\n<li>Plazo adicional (si siguieran quedando vacantes): hasta el 31 de diciembre (no recomendamos la incorporaci\u00f3n con el curso ya empezado a menos que ya se tenga cierto nivel).<\/li>\n<li>Plazo especial:&nbsp;<\/li>\n<\/ul>\n<\/li>\n<\/ul>\n<p data-adtags-visited=\"true\"><strong>\u00bfObtendr\u00e9 un t\u00edtulo oficial al superar el curso?<\/strong><\/p>\n<p data-adtags-visited=\"true\"><strong>No.<\/strong>&nbsp;Se trata de un plan educativo no formal, por tanto, no conduce a la obtenci\u00f3n de titulaci\u00f3n oficial, no obstante, al superar el curso con calificaci\u00f3n positiva podr\u00e1s solicitar en la direcci\u00f3n del centro un certificado de aprovechamiento o diploma, el cual carece de validez oficial o como m\u00e9rito a efectos de acceso o promoci\u00f3n a puestos de empleo p\u00fablico, pero puede servirte para incorporarlo a tu curriculum vitae. Adem\u00e1s, y si lo deseas, tendr\u00e1s la posibilidad de matricularte por tu cuenta como alumnado libre de la Escuela Oficial de Idiomas y presentarte a las pruebas libres de certificaci\u00f3n que se convocan en junio y septiembre. .<\/p>\n<p data-adtags-visited=\"true\"><strong>\u00bfD\u00f3nde se imparten las clases?<\/strong><\/p>\n<p data-adtags-visited=\"true\">En las instalaciones de la secci\u00f3n S.E.P Paulo Freire dentro del IES Trassierra.<\/p>\n<p data-adtags-visited=\"true\"><strong>\u00bfCu\u00e1nto dura el curso?<\/strong><\/p>\n<p data-adtags-visited=\"true\">Tiene la duraci\u00f3n de un curso escolar. Las clases se rigen por el calendario escolar oficial fijado por la Delegaci\u00f3n Territorial de Educaci\u00f3n de C\u00f3rdoba al que se le a\u00f1aden los d\u00edas no lectivos designados por el Consejo Escolar Municipal y el pleno municipal de los respectivos municipios. El curso comienza a mediados de septiembre y termina en junio.<\/p>\n<p data-adtags-visited=\"true\"><strong>\u00bfCu\u00e1ntas clases tendr\u00e9 a la semana?<\/strong><\/p>\n<p data-adtags-visited=\"true\">Dependiendo del nivel en el que te matricules tendr\u00e1s 1, 2 o 3 clases semanales de entre 90 y 120 minutos.<\/p>\n<p data-adtags-visited=\"true\"><strong>\u00bfEs obligatoria la asistencia a clase?<\/strong><\/p>\n<p data-adtags-visited=\"true\">El curso es totalmente presencial. No es obligatoria la asistencia pero no tendr\u00eda sentido matricularte si no vas a asistir a clase o si vas a asistir parcialmente. En las ense\u00f1anzas de idiomas es especialmente importante la presencialidad y se pierde f\u00e1cilmente el hilo si faltas a varias clases consecutivas.<\/p>\n<p data-adtags-visited=\"true\">Si no dispones de tiempo puedes plantearte la matriculaci\u00f3n en la modalidad semipresencial que oferta la Escuela Oficial de Idiomas o en la modalidad a distancia que oferta el Instituto de Ense\u00f1anzas a Distancia de Andaluc\u00eda.<\/p>\n<p data-adtags-visited=\"true\"><strong>\u00bfQu\u00e9 precio tiene?<\/strong><\/p>\n<p data-adtags-visited=\"true\">Todos los cursos son gratuitos. Se trata de un centro educativo p\u00fablico perteneciente a la Consejer\u00eda de Educaci\u00f3n. La matriculaci\u00f3n est\u00e1 exenta del pago de tasas acad\u00e9micas.<\/p>\n<p data-adtags-visited=\"true\"><strong>\u00bfQu\u00e9 metodolog\u00eda se emplea en las clases?<\/strong><\/p>\n<p data-adtags-visited=\"true\">Se emplea una metodolog\u00eda actualizada basada en el enfoque comunicativo donde se trabajan las cuatro destrezas de la lengua: escuchar, hablar, leer y escribir. Las actividades orales son frecuentes tanto en grupo como en parejas. Se hace uso de materiales audiovisuales: libros de texto, hojas de trabajo, v\u00eddeos, pizarra, posters, flashcards, etc.<\/p>\n<p data-adtags-visited=\"true\"><strong>\u00bfQu\u00e9 materiales necesito?<\/strong><\/p>\n<p data-adtags-visited=\"true\">Cada profesor har\u00e1 una sesi\u00f3n de presentaci\u00f3n al comienzo del curso donde explicar\u00e1 los materiales que se van a necesitar. En todos los niveles se usa libro de texto.<\/p>\n<p data-adtags-visited=\"true\">&nbsp;<\/p>\n<h1 class=\"page-title title-ccse\">PRUEBA CCSE<\/h1>\n<h1 class=\"page-title title-ccse\">\u00bfQuiere obtener la nacionalidad espa\u00f1ola?<\/h1>\n<p>El Instituto Cervantes elabora y administra dos pruebas requisitos para la nacionalidad espa\u00f1ola en determinados supuestos: el&nbsp;<a href=\"https:\/\/examenes.cervantes.es\/es\/dele\/examenes\/a2\" target=\"_self\" rel=\"noopener noreferrer\"><u>diploma de espa\u00f1ol DELE nivel A2<\/u><\/a>&nbsp;o superior y la prueba CCSE.<\/p>\n<p>La Prueba de conocimientos constitucionales y socioculturales de Espa\u00f1a (prueba CCSE) es una prueba de examen elaborada por el Instituto Cervantes que eval\u00faa, por medio de distintas tareas, el conocimiento de la Constituci\u00f3n y de la realidad social y cultural espa\u00f1olas, uno de los requisitos establecidos en las leyes para la concesi\u00f3n de la nacionalidad espa\u00f1ola para sefard\u00edes originarios de Espa\u00f1a, y para la adquisici\u00f3n de la nacionalidad para residentes en Espa\u00f1a, seg\u00fan corresponda.<\/p>\n<p>La prueba CCSE se administra en diez convocatorias de examen al a\u00f1o (en dos horarios en cada una de ellas) en los m\u00e1s de 200 centros de examen CCSE reconocidos por el Instituto Cervantes.<\/p>\n<p>La prueba de conocimientos constitucionales y socioculturales de Espa\u00f1a (prueba&nbsp;<abbr title=\"Conocimientos constitucionales y socioculturales de Espa\u00f1a\">CCSE<\/abbr>) es una prueba de examen elaborada por el Instituto Cervantes que eval\u00faa, por medio de distintas tareas, el conocimiento de la Constituci\u00f3n y de la realidad social y cultural espa\u00f1olas, es uno de los requisitos establecidos en las leyes para&nbsp;la adquisici\u00f3n de la nacionalidad para&nbsp;<a title=\"Bolet\u00edn Oficial del Estado (ventana nueva).\" href=\"http:\/\/www.boe.es\/diario_boe\/txt.php?id=BOE-A-2015-7851\" target=\"_blank\" rel=\"noopener noreferrer\">residentes en Espa\u00f1a<\/a>.<\/p>\n<p>Para la elaboraci\u00f3n de la prueba&nbsp;<abbr>CCSE<\/abbr>&nbsp;y del repertorio de contenidos, el Instituto Cervantes ha tomado como referencia:<\/p>\n<ol>\n<li>Las directrices establecidas en el&nbsp;<em>Marco com\u00fan europeo de referencia para las lenguas (<abbr title=\"Marco com\u00fan europeo de referencia.\">MCER<\/abbr>)<\/em>&nbsp;y el&nbsp;<em>Manual para relacionar ex\u00e1menes con el&nbsp;<\/em><abbr>MCER<\/abbr>, ambos documentos elaborados por el Consejo de Europa.<\/li>\n<li>La Constituci\u00f3n espa\u00f1ola y otras fuentes de Administraci\u00f3n p\u00fablica de Espa\u00f1a.<\/li>\n<li>Dos de los inventarios del Instituto Cervantes (\u00ab<a title=\"Centro Virtual Cervantes (ventana nueva).\" href=\"http:\/\/cvc.cervantes.es\/ensenanza\/biblioteca_ele\/plan_curricular\/niveles\/10_referentes_culturales_introduccion.htm\" target=\"_blank\" rel=\"noopener noreferrer\">Referentes culturales<\/a>&nbsp;y \u00ab<a title=\"Centro Virtual Cervantes (ventana nueva).\" href=\"http:\/\/cvc.cervantes.es\/ensenanza\/biblioteca_ele\/plan_curricular\/niveles\/11_saberes_y_comportamientos_introduccion.htm\" target=\"_blank\" rel=\"noopener noreferrer\">Saberes y comportamientos socioculturales<\/a>\u00bb).<\/li>\n<\/ol>\n<p>El Instituto Cervantes es miembro de las siguientes asociaciones internacionales:<\/p>\n<ul>\n<li>Asociaci\u00f3n Europea de Entes Certificadores de la Competencia Ling\u00fc\u00edstica (<a title=\"Asociaci\u00f3n Europea de Entes Certificadores de la Competencia Ling\u00fc\u00edstica (ventana nueva).\" href=\"http:\/\/www.alte.org\/\" target=\"_blank\" rel=\"noopener noreferrer\"><abbr title=\"Asociaci\u00f3n Europea de Entes Certificadores de la Competencia Ling\u00fc\u00edstica\">ALTE<\/abbr><\/a>&nbsp;en sus siglas en ingl\u00e9s);<\/li>\n<li>Sistema Internacional de Certificaci\u00f3n de Espa\u00f1ol como Lengua Extranjera (<a title=\"Sistema Internacional de Certificaci\u00f3n de Espa\u00f1ol como Lengua Extranjera (se abre en ventana nueva)\" href=\"https:\/\/sites.google.com\/a\/sicele.org\/sicele\/politica-de-calidad\/estandares-sicele\" target=\"_blank\" rel=\"noopener noreferrer\"><abbr title=\"Sistema de Certifiaci\u00f3n de Espa\u00f1ol como lengua extranjera\">SICELE<\/abbr><\/a>);<\/li>\n<li>Asociaci\u00f3n Europea para la Calidad de Servicios de Idiomas (<a title=\"Asociaci\u00f3n Europea para la Calidad de Servicios de Idiomas (ventana nueva).\" href=\"https:\/\/www.eaquals.org\/our-members\/eaquals-charters\/charters-for-associate-members\/\" target=\"_blank\" rel=\"noopener noreferrer\"><abbr title=\"Asociaci\u00f3n Europea para la Calidad de Servicios de Idiomas\">EAQUALS<\/abbr><\/a>);<\/li>\n<\/ul>\n<p>El Instituto Cervantes suscribe los est\u00e1ndares internacionales y las buenas pr\u00e1cticas en evaluaci\u00f3n y certificaci\u00f3n ling\u00fc\u00edstica en los procesos de:<\/p>\n<ul>\n<li>Elaboraci\u00f3n y desarrollo de pruebas.<\/li>\n<li>Dispositivo de gesti\u00f3n y administraci\u00f3n de las pruebas (que incluye la posibilidad de administrar pruebas en condiciones especiales).<\/li>\n<li>Calificaci\u00f3n y an\u00e1lisis de resultados (que incluye un procedimiento por el que se atienden las solicitudes de revisi\u00f3n de calificaciones que presentan los candidatos).<\/li>\n<li>Informaci\u00f3n a los usuarios (que incluye un procedimiento de atenci\u00f3n de reclamaciones).<\/li>\n<\/ul>\n<h2><strong>CONVOCATORIAS ORDINARIAS CCSE 2023&nbsp;&nbsp;<\/strong><\/h2>\n<p>Las fechas y plazos de inscripci\u00f3n aprobadas para 2023&nbsp;son:<\/p>\n<p>&nbsp;<\/p>\n<table border=\"1\" width=\"558\" cellspacing=\"0\" cellpadding=\"0\">\n<tbody>\n<tr>\n<td>\n<p align=\"center\">&nbsp;<strong>CONVOCATORIAS&nbsp;<\/strong><\/p>\n<\/td>\n<td>\n<p align=\"center\"><strong>FECHAS&nbsp;OFICIALES&nbsp;DE LA PRUEBA ESCRITA<\/strong><\/p>\n<\/td>\n<td>\n<p align=\"center\"><strong>CIERRE DEL PLAZO DE INSCRIPCI\u00d3N<\/strong><\/p>\n<\/td>\n<\/tr>\n<tr>\n<td colspan=\"3\">\n<p align=\"center\"><strong>Fecha de apertura del plazo de inscripci\u00f3n: 6 de septiembre de 2022<\/strong><\/p>\n<\/td>\n<\/tr>\n<tr>\n<td>\n<p align=\"center\"><strong>ENERO<\/strong><\/p>\n<\/td>\n<td>\n<p align=\"center\"><strong>Del 09 al 26\/01\/2023<\/strong><\/p>\n<\/td>\n<td>\n<p align=\"center\"><strong>05\/01\/2023<\/strong><\/p>\n<\/td>\n<\/tr>\n<tr>\n<td>\n<p align=\"center\"><b>FEBRERO<\/b><\/p>\n<\/td>\n<td>\n<p align=\"center\"><strong>Del 06 al 23\/02\/2023<\/strong><\/p>\n<\/td>\n<td>\n<p align=\"center\"><strong>02\/02\/2023<\/strong><\/p>\n<\/td>\n<\/tr>\n<tr>\n<td>\n<p align=\"center\"><strong>MARZO<\/strong><\/p>\n<\/td>\n<td>\n<p align=\"center\"><strong>Del 13 al 30\/03\/2023<\/strong><\/p>\n<\/td>\n<td>\n<p align=\"center\"><strong>09\/03\/2023<\/strong><\/p>\n<\/td>\n<\/tr>\n<tr>\n<td>\n<p align=\"center\"><strong>ABRIL<\/strong><\/p>\n<\/td>\n<td>\n<p align=\"center\"><strong>Del 10 al 27\/04\/2023<\/strong><\/p>\n<\/td>\n<td>\n<p align=\"center\"><strong>06\/04\/2023<\/strong><\/p>\n<\/td>\n<\/tr>\n<tr>\n<td>\n<p align=\"center\"><strong>MAYO<\/strong><\/p>\n<\/td>\n<td>\n<p align=\"center\"><strong>Del 08 al 25\/05\/2023<\/strong><\/p>\n<\/td>\n<td>\n<p align=\"center\"><strong>04\/05\/2023<\/strong><\/p>\n<\/td>\n<\/tr>\n<tr>\n<td>\n<p align=\"center\"><strong>JUNIO<\/strong><\/p>\n<\/td>\n<td>\n<p align=\"center\"><strong>Del 12 al 29\/06\/2023<\/strong><\/p>\n<\/td>\n<td>\n<p align=\"center\"><strong>08\/06\/2023<\/strong><\/p>\n<\/td>\n<\/tr>\n<tr>\n<td>\n<p align=\"center\"><strong>JULIO<\/strong><\/p>\n<\/td>\n<td>\n<p align=\"center\"><strong>Del 10 al 27\/07\/2023<\/strong><\/p>\n<\/td>\n<td>\n<p align=\"center\"><strong>06\/07\/2023<\/strong><\/p>\n<\/td>\n<\/tr>\n<tr>\n<td>\n<p align=\"center\"><strong>SEPTIEMBRE<\/strong><\/p>\n<\/td>\n<td>\n<p align=\"center\"><strong>Del 11 al 28\/09\/2023<\/strong><\/p>\n<\/td>\n<td>\n<p align=\"center\"><strong>07\/09\/2023<\/strong><\/p>\n<\/td>\n<\/tr>\n<tr>\n<td>\n<p align=\"center\"><strong>OCTUBRE<\/strong><\/p>\n<\/td>\n<td>\n<p align=\"center\"><strong>Del 09 al 26\/10\/2023<\/strong><\/p>\n<\/td>\n<td>\n<p align=\"center\"><strong>05\/10\/2023<\/strong><\/p>\n<\/td>\n<\/tr>\n<tr>\n<td>\n<p align=\"center\"><strong>NOVIEMBRE<\/strong><\/p>\n<\/td>\n<td>\n<p align=\"center\"><strong>Del 13 al 30\/11\/2023<\/strong><\/p>\n<\/td>\n<td>\n<p align=\"center\"><strong>09\/11\/2023<\/strong><\/p>\n<\/td>\n<\/tr>\n<\/tbody>\n<\/table>\n<h3>&nbsp;<\/h3>\n<h3>Solicitud de devoluciones y plazos<\/h3>\n<ul>\n<li>El candidato dispone de un plazo de 14 d\u00edas desde la fecha de inscripci\u00f3n para solicitar el reembolso del importe abonado. Siempre que est\u00e9 dentro de ese plazo, bastar\u00e1 con que aporte todos los datos a trav\u00e9s del formulario del Centro de Atenci\u00f3n a Usuarios CAU (<a href=\"https:\/\/cau.cervantes.es\/\">https:\/\/cau.cervantes.es\/<\/a>) del Instituto Cervantes y seleccionar la opci\u00f3n \u00abSolicitar devoluci\u00f3n del pago\u00bb.<\/li>\n<li>El candidato podr\u00e1 realizar cambios de fecha de convocatoria y\/o de centro de examen, siempre que el plazo de inscripci\u00f3n siga abierto para la convocatoria en la que se inscribi\u00f3 y que la convocatoria en que desee inscribirse tenga abierto su propio plazo de inscripci\u00f3n en el momento de solicitar dicha modificaci\u00f3n y disponga de plazas libres. La solicitud de cambio debe realizarse a trav\u00e9s del apartado \u00abInscripciones\u00bb del men\u00fa de su espacio privado de usuario.<\/li>\n<li>Dudas y consultas para candidatos<\/li>\n<\/ul>\n<p>En cualquier caso, dada la especial complejidad de la situaci\u00f3n, los candidatos pueden contactar con su centro de examen, o con el propio Instituto Cervantes a trav\u00e9s de&nbsp;<a href=\"https:\/\/cau.cervantes.es\/\">https:\/\/cau.cervantes.es\/<\/a>, cualquier duda.<\/p>\n<p>Estas fechas pueden sufrir modificaciones derivadas de la evoluci\u00f3n de las medidas excepcionales que puedan adoptarse por los gobiernos.<\/p>\n<p>En el Instituto Cervantes seguimos trabajando para paliar, en lo que sea posible, sus consecuencias en nuestros candidatos y en nuestros centros de examen, sin cuya labor diaria nuestra actividad no ser\u00eda posible.<\/p>\n<p><strong>PREGUNTAS FRECUENTES<\/strong><\/p>\n<p>Acontinuaci\u00f3n puede acceder a las preguntas m\u00e1s frecuentes en el siguiente&nbsp;<a title=\"enlace\" href=\"https:\/\/examenes.cervantes.es\/es\/dudas\">enlace<\/a><\/p>\n","protected":false},"excerpt":{"rendered":"<p>INTERCULTURALIDAD Y LENGUA ESPA\u00d1OLA PARA PERSONAS PROCEDENTES DE OTROS PAISES Actualmente la secci\u00f3n S.E.P Paulo Freire oferta este plan educativo en el que se imparten clases de espa\u00f1ol para personas de lengua extranjera y&#46;&#46;&#46;<\/p>\n","protected":false},"author":6168,"featured_media":0,"parent":0,"menu_order":0,"comment_status":"closed","ping_status":"closed","template":"","meta":{"ngg_post_thumbnail":0,"footnotes":""},"aioseo_notices":[],"_links":{"self":[{"href":"https:\/\/blogsaverroes.juntadeandalucia.es\/seppaulofreire\/wp-json\/wp\/v2\/pages\/3117"}],"collection":[{"href":"https:\/\/blogsaverroes.juntadeandalucia.es\/seppaulofreire\/wp-json\/wp\/v2\/pages"}],"about":[{"href":"https:\/\/blogsaverroes.juntadeandalucia.es\/seppaulofreire\/wp-json\/wp\/v2\/types\/page"}],"author":[{"embeddable":true,"href":"https:\/\/blogsaverroes.juntadeandalucia.es\/seppaulofreire\/wp-json\/wp\/v2\/users\/6168"}],"replies":[{"embeddable":true,"href":"https:\/\/blogsaverroes.juntadeandalucia.es\/seppaulofreire\/wp-json\/wp\/v2\/comments?post=3117"}],"version-history":[{"count":1,"href":"https:\/\/blogsaverroes.juntadeandalucia.es\/seppaulofreire\/wp-json\/wp\/v2\/pages\/3117\/revisions"}],"predecessor-version":[{"id":3569,"href":"https:\/\/blogsaverroes.juntadeandalucia.es\/seppaulofreire\/wp-json\/wp\/v2\/pages\/3117\/revisions\/3569"}],"wp:attachment":[{"href":"https:\/\/blogsaverroes.juntadeandalucia.es\/seppaulofreire\/wp-json\/wp\/v2\/media?parent=3117"}],"curies":[{"name":"wp","href":"https:\/\/api.w.org\/{rel}","templated":true}]}}