{"id":3142,"date":"2021-12-03T13:19:52","date_gmt":"2021-12-03T13:19:52","guid":{"rendered":"https:\/\/blogsaverroes.juntadeandalucia.es\/ceperjosefinamolina\/?page_id=3142"},"modified":"2021-12-03T13:19:52","modified_gmt":"2021-12-03T13:19:52","slug":"plazos-matricula","status":"publish","type":"page","link":"https:\/\/blogsaverroes.juntadeandalucia.es\/seppaulofreire\/plazos-matricula\/","title":{"rendered":"Plazos Matr\u00edcula"},"content":{"rendered":"<div class=\"inner_cuerpo\">\n<div class=\"tituloCajaColorJunta\">\n<h3>Plazo ordinario: del 1 al 15 de junio<\/h3>\n<\/div>\n<p>Para cursar planes educativos no es necesario solicitar admisi\u00f3n por lo que directamente podr\u00e1s formalizar tu matricula en el centro que te interese.<br \/>\nSolo podr\u00e1s formalizar tu matr\u00edcula en un \u00fanico centro y, en \u00e9l, solicitar un m\u00e1ximo de tres planes educativos por orden de preferencia, pudiendo cursar como m\u00e1ximo dos por curso escolar.<\/p>\n<p>Si en el centro no hubiera plazas suficientes para satisfacer toda la demanda, estas se adjudicar\u00e1n en funci\u00f3n de la menor renta anual per c\u00e1pita de la unidad familiar, y se asignar\u00e1n a aquellas personas que no hayan estado matriculadas en cursos anteriores.<\/p>\n<div class=\"tituloCajaColorJunta\">\n<h3>Plazo extraordinario: del 1 de septiembre al 15 de octubre<\/h3>\n<\/div>\n<p>Si tras el procedimiento ordinario de matr\u00edcula hubiera plazas vacantes, la direcci\u00f3n de los centros&nbsp; docentes p\u00fablicos matricular\u00e1, por orden de llegada, a aquellas personas interesadas que, no habiendo solicitado matr\u00edcula en plazo, cumplan los requisitos.<\/p><\/div>\n<p>&nbsp;<\/p>\n<div class=\"tituloCajaColorJunta\">\n<h3>Plazo adicional: del 15 de octubre al 31 de diciembre<\/h3>\n<\/div>\n<p>Si tras el procedimiento extraordinario de matr\u00edcula hubiera plazas vacantes, la direcci\u00f3n de los centros&nbsp; docentes p\u00fablicos matricular\u00e1, por orden de llegada, a aquellas personas interesadas que, no habiendo&nbsp; solicitado matr\u00edcula en plazo, cumplan los requisitos.<\/p>\n","protected":false},"excerpt":{"rendered":"<p>Plazo ordinario: del 1 al 15 de junio Para cursar planes educativos no es necesario solicitar admisi\u00f3n por lo que directamente podr\u00e1s formalizar tu matricula en el centro que te interese. Solo podr\u00e1s formalizar&#46;&#46;&#46;<\/p>\n","protected":false},"author":6168,"featured_media":0,"parent":0,"menu_order":0,"comment_status":"closed","ping_status":"closed","template":"","meta":{"ngg_post_thumbnail":0,"footnotes":""},"aioseo_notices":[],"_links":{"self":[{"href":"https:\/\/blogsaverroes.juntadeandalucia.es\/seppaulofreire\/wp-json\/wp\/v2\/pages\/3142"}],"collection":[{"href":"https:\/\/blogsaverroes.juntadeandalucia.es\/seppaulofreire\/wp-json\/wp\/v2\/pages"}],"about":[{"href":"https:\/\/blogsaverroes.juntadeandalucia.es\/seppaulofreire\/wp-json\/wp\/v2\/types\/page"}],"author":[{"embeddable":true,"href":"https:\/\/blogsaverroes.juntadeandalucia.es\/seppaulofreire\/wp-json\/wp\/v2\/users\/6168"}],"replies":[{"embeddable":true,"href":"https:\/\/blogsaverroes.juntadeandalucia.es\/seppaulofreire\/wp-json\/wp\/v2\/comments?post=3142"}],"version-history":[{"count":0,"href":"https:\/\/blogsaverroes.juntadeandalucia.es\/seppaulofreire\/wp-json\/wp\/v2\/pages\/3142\/revisions"}],"wp:attachment":[{"href":"https:\/\/blogsaverroes.juntadeandalucia.es\/seppaulofreire\/wp-json\/wp\/v2\/media?parent=3142"}],"curies":[{"name":"wp","href":"https:\/\/api.w.org\/{rel}","templated":true}]}}