{"id":1023,"date":"2023-05-08T17:43:10","date_gmt":"2023-05-08T16:43:10","guid":{"rendered":"https:\/\/blogsaverroes.juntadeandalucia.es\/seppedroabad\/?page_id=1023"},"modified":"2023-05-17T09:11:58","modified_gmt":"2023-05-17T08:11:58","slug":"datos-sep","status":"publish","type":"page","link":"https:\/\/blogsaverroes.juntadeandalucia.es\/seppedroabad\/datos-sep\/","title":{"rendered":"Datos SEP"},"content":{"rendered":"<p><img loading=\"lazy\" decoding=\"async\" class=\"size-medium wp-image-1067 alignleft\" src=\"https:\/\/blogsaverroes.juntadeandalucia.es\/seppedroabad\/files\/2023\/05\/sep-pedro-abad-298x300.png\" alt=\"\" width=\"298\" height=\"300\" srcset=\"https:\/\/blogsaverroes.juntadeandalucia.es\/seppedroabad\/files\/2023\/05\/sep-pedro-abad-298x300.png 298w, https:\/\/blogsaverroes.juntadeandalucia.es\/seppedroabad\/files\/2023\/05\/sep-pedro-abad-150x150.png 150w, https:\/\/blogsaverroes.juntadeandalucia.es\/seppedroabad\/files\/2023\/05\/sep-pedro-abad.png 575w\" sizes=\"(max-width: 298px) 100vw, 298px\" \/><\/p>\n<p>&nbsp;<\/p>\n<p><span style=\"font-size: 14pt\"><strong>DIRECCI\u00d3N: C\/ Santa Rafaela Mar\u00eda, 101<br \/>\n<\/strong><\/span><\/p>\n<p><span style=\"font-size: 14pt\"><strong>C\u00d3DIGO POSTAL: 14630<\/strong><\/span><\/p>\n<p><span style=\"font-size: 14pt\"><strong>TEL\u00c9FONO: 695633816<\/strong><\/span><\/p>\n<p><span style=\"font-size: 14pt\"><strong>EMAIL<\/strong>: 14500.edu@juntadeandalucia.es<\/span><\/p>\n<p>&nbsp;<\/p>\n<p>&nbsp;<\/p>\n<p>&nbsp;<\/p>\n<p><iframe loading=\"lazy\" src=\"https:\/\/www.google.com\/maps\/embed?pb=!1m18!1m12!1m3!1d639.9571646168826!2d-4.45899669685123!3d37.96505169967458!2m3!1f0!2f0!3f0!3m2!1i1024!2i768!4f13.1!3m3!1m2!1s0xd6cfec615555555%3A0xcfd071216fa1c87a!2sIES%20S%C3%A1cilis!5e1!3m2!1ses!2ses!4v1683653452010!5m2!1ses!2ses\" width=\"600\" height=\"450\"><\/iframe><\/p>\n","protected":false},"excerpt":{"rendered":"<p>&nbsp; DIRECCI\u00d3N: C\/ Santa Rafaela Mar\u00eda, 101 C\u00d3DIGO POSTAL: 14630 TEL\u00c9FONO: 695633816 EMAIL: 14500.edu@juntadeandalucia.es &nbsp; &nbsp; &nbsp;<\/p>\n","protected":false},"author":13374,"featured_media":0,"parent":0,"menu_order":0,"comment_status":"closed","ping_status":"closed","template":"","meta":{"ngg_post_thumbnail":0,"footnotes":""},"aioseo_notices":[],"_links":{"self":[{"href":"https:\/\/blogsaverroes.juntadeandalucia.es\/seppedroabad\/wp-json\/wp\/v2\/pages\/1023"}],"collection":[{"href":"https:\/\/blogsaverroes.juntadeandalucia.es\/seppedroabad\/wp-json\/wp\/v2\/pages"}],"about":[{"href":"https:\/\/blogsaverroes.juntadeandalucia.es\/seppedroabad\/wp-json\/wp\/v2\/types\/page"}],"author":[{"embeddable":true,"href":"https:\/\/blogsaverroes.juntadeandalucia.es\/seppedroabad\/wp-json\/wp\/v2\/users\/13374"}],"replies":[{"embeddable":true,"href":"https:\/\/blogsaverroes.juntadeandalucia.es\/seppedroabad\/wp-json\/wp\/v2\/comments?post=1023"}],"version-history":[{"count":5,"href":"https:\/\/blogsaverroes.juntadeandalucia.es\/seppedroabad\/wp-json\/wp\/v2\/pages\/1023\/revisions"}],"predecessor-version":[{"id":1091,"href":"https:\/\/blogsaverroes.juntadeandalucia.es\/seppedroabad\/wp-json\/wp\/v2\/pages\/1023\/revisions\/1091"}],"wp:attachment":[{"href":"https:\/\/blogsaverroes.juntadeandalucia.es\/seppedroabad\/wp-json\/wp\/v2\/media?parent=1023"}],"curies":[{"name":"wp","href":"https:\/\/api.w.org\/{rel}","templated":true}]}}