{"id":1043,"date":"2023-05-08T17:48:30","date_gmt":"2023-05-08T16:48:30","guid":{"rendered":"https:\/\/blogsaverroes.juntadeandalucia.es\/seppedroabad\/?page_id=1043"},"modified":"2023-05-09T18:51:07","modified_gmt":"2023-05-09T17:51:07","slug":"ad-habitos-vida-saludable","status":"publish","type":"page","link":"https:\/\/blogsaverroes.juntadeandalucia.es\/seppedroabad\/ad-habitos-vida-saludable\/","title":{"rendered":"Ad. h\u00e1bitos vida saludable"},"content":{"rendered":"<p>El plan educativo para la&nbsp;<strong>Adquisici\u00f3n de h\u00e1bitos de vida saludable<\/strong>&nbsp;y prevenci\u00f3n de enfermedades y riesgos profesionales est\u00e1 incluido en los Planes Educativos para el Fomento de la Ciudadan\u00eda Activa.<\/p>\n<p>Se pretende con este Plan educativo adquirir unas m\u00ednimas competencias en materia de seguridad y salud para que tengan una cultura preventiva imprescindible en todos los \u00e1mbitos de la vida, (salud, ejercicio f\u00edsico, pautas de alimentaci\u00f3n, higiene, prevenci\u00f3n, cuidado de enfermedades\u2026).<\/p>\n<p>Concienciarnos de la necesidad de seguir unas pautas de vida saludables y desarrollar estrategias de prevenci\u00f3n y protecci\u00f3n de potenciales riesgos para nuestra salud f\u00edsica y ps\u00edquica.<\/p>\n","protected":false},"excerpt":{"rendered":"<p>El plan educativo para la&nbsp;Adquisici\u00f3n de h\u00e1bitos de vida saludable&nbsp;y prevenci\u00f3n de enfermedades y riesgos profesionales est\u00e1 incluido en los Planes Educativos para el Fomento de la Ciudadan\u00eda Activa. Se pretende con este Plan&#46;&#46;&#46;<\/p>\n","protected":false},"author":13374,"featured_media":0,"parent":0,"menu_order":0,"comment_status":"closed","ping_status":"closed","template":"","meta":{"ngg_post_thumbnail":0,"footnotes":""},"aioseo_notices":[],"_links":{"self":[{"href":"https:\/\/blogsaverroes.juntadeandalucia.es\/seppedroabad\/wp-json\/wp\/v2\/pages\/1043"}],"collection":[{"href":"https:\/\/blogsaverroes.juntadeandalucia.es\/seppedroabad\/wp-json\/wp\/v2\/pages"}],"about":[{"href":"https:\/\/blogsaverroes.juntadeandalucia.es\/seppedroabad\/wp-json\/wp\/v2\/types\/page"}],"author":[{"embeddable":true,"href":"https:\/\/blogsaverroes.juntadeandalucia.es\/seppedroabad\/wp-json\/wp\/v2\/users\/13374"}],"replies":[{"embeddable":true,"href":"https:\/\/blogsaverroes.juntadeandalucia.es\/seppedroabad\/wp-json\/wp\/v2\/comments?post=1043"}],"version-history":[{"count":2,"href":"https:\/\/blogsaverroes.juntadeandalucia.es\/seppedroabad\/wp-json\/wp\/v2\/pages\/1043\/revisions"}],"predecessor-version":[{"id":1082,"href":"https:\/\/blogsaverroes.juntadeandalucia.es\/seppedroabad\/wp-json\/wp\/v2\/pages\/1043\/revisions\/1082"}],"wp:attachment":[{"href":"https:\/\/blogsaverroes.juntadeandalucia.es\/seppedroabad\/wp-json\/wp\/v2\/media?parent=1043"}],"curies":[{"name":"wp","href":"https:\/\/api.w.org\/{rel}","templated":true}]}}