{"id":1009,"date":"2021-12-15T18:34:46","date_gmt":"2021-12-15T17:34:46","guid":{"rendered":"https:\/\/blogsaverroes.juntadeandalucia.es\/sepsansebastian\/?page_id=1009"},"modified":"2021-12-15T18:34:46","modified_gmt":"2021-12-15T17:34:46","slug":"informatica","status":"publish","type":"page","link":"https:\/\/blogsaverroes.juntadeandalucia.es\/sepsansebastian\/informatica\/","title":{"rendered":"Inform\u00e1tica"},"content":{"rendered":"<p>A partir de los avances tecnol\u00f3gicos que se han venido produciendo en los \u00faltimos a\u00f1os en las tecnolog\u00edas de la informaci\u00f3n y la comunicaci\u00f3n (en adelante TIC), se puede decir que una nueva sociedad est\u00e1 emergiendo. Esta sociedad se caracteriza por el hecho de la capacidad de acceder a la informaci\u00f3n y la de saber utilizarla adecuadamente para transformarla en conocimiento.<br \/>\nTanto el acceso a las TIC como su uso se est\u00e1n convirtiendo en requisitos esenciales para la inserci\u00f3n y promoci\u00f3n laboral, la autonom\u00eda en el aprendizaje y para la pr\u00e1ctica de una ciudadan\u00eda activa.&nbsp;<br \/>\nLas TIC poseen un enorme potencial para contribuir a la democratizaci\u00f3n del aprendizaje al permitir el acceso de todas y todos al mismo.<\/p>\n<p><img loading=\"lazy\" decoding=\"async\" class=\"size-medium wp-image-1010 aligncenter\" src=\"https:\/\/blogsaverroes.juntadeandalucia.es\/sepsansebastian\/files\/2021\/12\/TIC-300x146.jpg\" alt=\"\" width=\"300\" height=\"146\" srcset=\"https:\/\/blogsaverroes.juntadeandalucia.es\/sepsansebastian\/files\/2021\/12\/TIC-300x146.jpg 300w, https:\/\/blogsaverroes.juntadeandalucia.es\/sepsansebastian\/files\/2021\/12\/TIC-1024x499.jpg 1024w, https:\/\/blogsaverroes.juntadeandalucia.es\/sepsansebastian\/files\/2021\/12\/TIC-768x374.jpg 768w, https:\/\/blogsaverroes.juntadeandalucia.es\/sepsansebastian\/files\/2021\/12\/TIC-1080x526.jpg 1080w, https:\/\/blogsaverroes.juntadeandalucia.es\/sepsansebastian\/files\/2021\/12\/TIC-980x477.jpg 980w, https:\/\/blogsaverroes.juntadeandalucia.es\/sepsansebastian\/files\/2021\/12\/TIC-480x234.jpg 480w, https:\/\/blogsaverroes.juntadeandalucia.es\/sepsansebastian\/files\/2021\/12\/TIC.jpg 1170w\" sizes=\"(max-width: 300px) 100vw, 300px\" \/><\/p>\n","protected":false},"excerpt":{"rendered":"<p>A partir de los avances tecnol\u00f3gicos que se han venido produciendo en los \u00faltimos a\u00f1os en las tecnolog\u00edas de la informaci\u00f3n y la comunicaci\u00f3n (en adelante TIC), se puede decir que una nueva sociedad&#46;&#46;&#46;<\/p>\n","protected":false},"author":13695,"featured_media":0,"parent":0,"menu_order":0,"comment_status":"closed","ping_status":"closed","template":"","meta":{"ngg_post_thumbnail":0,"footnotes":""},"aioseo_notices":[],"_links":{"self":[{"href":"https:\/\/blogsaverroes.juntadeandalucia.es\/sepsansebastian\/wp-json\/wp\/v2\/pages\/1009"}],"collection":[{"href":"https:\/\/blogsaverroes.juntadeandalucia.es\/sepsansebastian\/wp-json\/wp\/v2\/pages"}],"about":[{"href":"https:\/\/blogsaverroes.juntadeandalucia.es\/sepsansebastian\/wp-json\/wp\/v2\/types\/page"}],"author":[{"embeddable":true,"href":"https:\/\/blogsaverroes.juntadeandalucia.es\/sepsansebastian\/wp-json\/wp\/v2\/users\/13695"}],"replies":[{"embeddable":true,"href":"https:\/\/blogsaverroes.juntadeandalucia.es\/sepsansebastian\/wp-json\/wp\/v2\/comments?post=1009"}],"version-history":[{"count":1,"href":"https:\/\/blogsaverroes.juntadeandalucia.es\/sepsansebastian\/wp-json\/wp\/v2\/pages\/1009\/revisions"}],"predecessor-version":[{"id":1012,"href":"https:\/\/blogsaverroes.juntadeandalucia.es\/sepsansebastian\/wp-json\/wp\/v2\/pages\/1009\/revisions\/1012"}],"wp:attachment":[{"href":"https:\/\/blogsaverroes.juntadeandalucia.es\/sepsansebastian\/wp-json\/wp\/v2\/media?parent=1009"}],"curies":[{"name":"wp","href":"https:\/\/api.w.org\/{rel}","templated":true}]}}