{"id":1013,"date":"2021-12-15T18:36:00","date_gmt":"2021-12-15T17:36:00","guid":{"rendered":"https:\/\/blogsaverroes.juntadeandalucia.es\/sepsansebastian\/?page_id=1013"},"modified":"2021-12-15T18:36:00","modified_gmt":"2021-12-15T17:36:00","slug":"obtencion-titulo-eso","status":"publish","type":"page","link":"https:\/\/blogsaverroes.juntadeandalucia.es\/sepsansebastian\/obtencion-titulo-eso\/","title":{"rendered":"Obtenci\u00f3n T\u00edtulo ESO"},"content":{"rendered":"<p>La principal finalidad de este plan es la obtenci\u00f3n del t\u00edtulo de Ense\u00f1anza Secundaria Obligatoria.<br \/>\nAs\u00ed como:<br \/>\n&#8211; Lograr que todos adquieran los elementos b\u00e1sicos de la cultura: human\u00edsticos, art\u00edsticos, cient\u00edficos y tecnol\u00f3gicos.<br \/>\n&#8211; Desarrollar y consolidar h\u00e1bitos de estudio y de trabajo.<br \/>\n&#8211; Preparar para la incorporaci\u00f3n a estudios posteriores y para su inserci\u00f3n laboral.<br \/>\n&#8211; Formar a todos para el ejercicio de sus derechos y obligaciones en la vida como ciudadanos.<\/p>\n<p>&nbsp;<\/p>\n","protected":false},"excerpt":{"rendered":"<p>La principal finalidad de este plan es la obtenci\u00f3n del t\u00edtulo de Ense\u00f1anza Secundaria Obligatoria. As\u00ed como: &#8211; Lograr que todos adquieran los elementos b\u00e1sicos de la cultura: human\u00edsticos, art\u00edsticos, cient\u00edficos y tecnol\u00f3gicos. &#8211;&#46;&#46;&#46;<\/p>\n","protected":false},"author":13695,"featured_media":0,"parent":0,"menu_order":0,"comment_status":"closed","ping_status":"closed","template":"","meta":{"ngg_post_thumbnail":0,"footnotes":""},"aioseo_notices":[],"_links":{"self":[{"href":"https:\/\/blogsaverroes.juntadeandalucia.es\/sepsansebastian\/wp-json\/wp\/v2\/pages\/1013"}],"collection":[{"href":"https:\/\/blogsaverroes.juntadeandalucia.es\/sepsansebastian\/wp-json\/wp\/v2\/pages"}],"about":[{"href":"https:\/\/blogsaverroes.juntadeandalucia.es\/sepsansebastian\/wp-json\/wp\/v2\/types\/page"}],"author":[{"embeddable":true,"href":"https:\/\/blogsaverroes.juntadeandalucia.es\/sepsansebastian\/wp-json\/wp\/v2\/users\/13695"}],"replies":[{"embeddable":true,"href":"https:\/\/blogsaverroes.juntadeandalucia.es\/sepsansebastian\/wp-json\/wp\/v2\/comments?post=1013"}],"version-history":[{"count":1,"href":"https:\/\/blogsaverroes.juntadeandalucia.es\/sepsansebastian\/wp-json\/wp\/v2\/pages\/1013\/revisions"}],"predecessor-version":[{"id":1015,"href":"https:\/\/blogsaverroes.juntadeandalucia.es\/sepsansebastian\/wp-json\/wp\/v2\/pages\/1013\/revisions\/1015"}],"wp:attachment":[{"href":"https:\/\/blogsaverroes.juntadeandalucia.es\/sepsansebastian\/wp-json\/wp\/v2\/media?parent=1013"}],"curies":[{"name":"wp","href":"https:\/\/api.w.org\/{rel}","templated":true}]}}