{"id":1018,"date":"2021-12-15T18:50:56","date_gmt":"2021-12-15T17:50:56","guid":{"rendered":"https:\/\/blogsaverroes.juntadeandalucia.es\/sepsansebastian\/?page_id=1018"},"modified":"2021-12-15T18:50:56","modified_gmt":"2021-12-15T17:50:56","slug":"nuestro-centro","status":"publish","type":"page","link":"https:\/\/blogsaverroes.juntadeandalucia.es\/sepsansebastian\/nuestro-centro\/","title":{"rendered":"Nuestro centro"},"content":{"rendered":"<p>La Educaci\u00f3n de Adultos se define en el Art\u00edculo 10 del T\u00edtulo 1 de la Ley para la Educaci\u00f3n de Adultos en Andaluc\u00eda como &#8220;el conjunto de acciones y planes educativos y de desarrollo sociocultural que tiene como finalidad ofrecer a los ciudadanos andaluces, sin distinci\u00f3n alguna, que han superado la edad de la escolaridad obligatoria, con car\u00e1cter gratuito y permanente y especialmente a quienes no lo obtuvieron en el sistema educativo, el acceso a los bienes de la cultura y el apoyo a su desarrollo cultural, familiar, comunitario y social&#8221;.<\/p>\n<p>Por el contrario, la Educaci\u00f3n Secundaria para Personas Adultas (ESPA) es la formaci\u00f3n que, adaptada a las caracter\u00edsticas y al principio de flexibilidad que rige la educaci\u00f3n de personas adultas conduce al t\u00edtulo oficial de Graduado en Educaci\u00f3n Secundaria Obligatoria.<\/p>\n<p>Todo ello nos lleva a desarrollar en los centros para personas adultas la Orientaci\u00f3n Educativa como proceso destinado a la formaci\u00f3n integral de nuestros alumnos\/as adultos\/as.<\/p>\n<p>La Educaci\u00f3n de Adultos se define en el Art\u00edculo 10 del T\u00edtulo 1 de la Ley para la Educaci\u00f3n de Adultos en Andaluc\u00eda como &#8220;el conjunto de acciones y planes educativos y de desarrollo sociocultural que tiene como finalidad ofrecer a los ciudadanos andaluces, sin distinci\u00f3n alguna, que han superado la edad de la escolaridad obligatoria, con car\u00e1cter gratuito y permanente y especialmente a quienes no lo obtuvieron en el sistema educativo, el acceso a los bienes de la cultura y el apoyo a su desarrollo cultural, familiar, comunitario y social&#8221;.<\/p>\n<p>Por el contrario, la Educaci\u00f3n Secundaria para Personas Adultas (ESPA) es la formaci\u00f3n que, adaptada a las caracter\u00edsticas y al principio de flexibilidad que rige la educaci\u00f3n de personas adultas conduce al t\u00edtulo oficial de Graduado en Educaci\u00f3n Secundaria Obligatoria.<\/p>\n<p>El objetivo principal de los centros para personas adultas es, por lo tanto, la formaci\u00f3n integral de nuestros alumnos\/as adultos\/as.<\/p>\n","protected":false},"excerpt":{"rendered":"<p>La Educaci\u00f3n de Adultos se define en el Art\u00edculo 10 del T\u00edtulo 1 de la Ley para la Educaci\u00f3n de Adultos en Andaluc\u00eda como &#8220;el conjunto de acciones y planes educativos y de desarrollo&#46;&#46;&#46;<\/p>\n","protected":false},"author":13695,"featured_media":0,"parent":0,"menu_order":0,"comment_status":"closed","ping_status":"closed","template":"","meta":{"ngg_post_thumbnail":0,"footnotes":""},"aioseo_notices":[],"_links":{"self":[{"href":"https:\/\/blogsaverroes.juntadeandalucia.es\/sepsansebastian\/wp-json\/wp\/v2\/pages\/1018"}],"collection":[{"href":"https:\/\/blogsaverroes.juntadeandalucia.es\/sepsansebastian\/wp-json\/wp\/v2\/pages"}],"about":[{"href":"https:\/\/blogsaverroes.juntadeandalucia.es\/sepsansebastian\/wp-json\/wp\/v2\/types\/page"}],"author":[{"embeddable":true,"href":"https:\/\/blogsaverroes.juntadeandalucia.es\/sepsansebastian\/wp-json\/wp\/v2\/users\/13695"}],"replies":[{"embeddable":true,"href":"https:\/\/blogsaverroes.juntadeandalucia.es\/sepsansebastian\/wp-json\/wp\/v2\/comments?post=1018"}],"version-history":[{"count":1,"href":"https:\/\/blogsaverroes.juntadeandalucia.es\/sepsansebastian\/wp-json\/wp\/v2\/pages\/1018\/revisions"}],"predecessor-version":[{"id":1020,"href":"https:\/\/blogsaverroes.juntadeandalucia.es\/sepsansebastian\/wp-json\/wp\/v2\/pages\/1018\/revisions\/1020"}],"wp:attachment":[{"href":"https:\/\/blogsaverroes.juntadeandalucia.es\/sepsansebastian\/wp-json\/wp\/v2\/media?parent=1018"}],"curies":[{"name":"wp","href":"https:\/\/api.w.org\/{rel}","templated":true}]}}