{"id":2,"date":"2014-08-25T11:09:05","date_gmt":"2014-08-25T11:09:05","guid":{"rendered":"http:\/\/blogsaverroes.juntadeandalucia.es\/igge\/?page_id=2"},"modified":"2020-03-30T01:22:13","modified_gmt":"2020-03-30T01:22:13","slug":"pagina-ejemplo","status":"publish","type":"page","link":"https:\/\/blogsaverroes.juntadeandalucia.es\/septorremolinos\/?page_id=2","title":{"rendered":"Su solicitud se realiz\u00f3 correctamente."},"content":{"rendered":"<p>Si desea realizar un comentario d\u00e9jenos un mensaje, de lo contrario puede abandonar la p\u00e1gina.<\/p>\n<p>If you wish to make a comment please leave us a message, otherwise you can leave the page.<\/p>\n","protected":false},"excerpt":{"rendered":"<p>Si desea realizar un comentario d\u00e9jenos un mensaje, de lo contrario puede abandonar la p\u00e1gina. If you wish to make&#46;&#46;&#46;<\/p>\n","protected":false},"author":1,"featured_media":0,"parent":0,"menu_order":0,"comment_status":"open","ping_status":"open","template":"","meta":{"ngg_post_thumbnail":0,"footnotes":""},"aioseo_notices":[],"_links":{"self":[{"href":"https:\/\/blogsaverroes.juntadeandalucia.es\/septorremolinos\/index.php?rest_route=\/wp\/v2\/pages\/2"}],"collection":[{"href":"https:\/\/blogsaverroes.juntadeandalucia.es\/septorremolinos\/index.php?rest_route=\/wp\/v2\/pages"}],"about":[{"href":"https:\/\/blogsaverroes.juntadeandalucia.es\/septorremolinos\/index.php?rest_route=\/wp\/v2\/types\/page"}],"author":[{"embeddable":true,"href":"https:\/\/blogsaverroes.juntadeandalucia.es\/septorremolinos\/index.php?rest_route=\/wp\/v2\/users\/1"}],"replies":[{"embeddable":true,"href":"https:\/\/blogsaverroes.juntadeandalucia.es\/septorremolinos\/index.php?rest_route=%2Fwp%2Fv2%2Fcomments&post=2"}],"version-history":[{"count":8,"href":"https:\/\/blogsaverroes.juntadeandalucia.es\/septorremolinos\/index.php?rest_route=\/wp\/v2\/pages\/2\/revisions"}],"predecessor-version":[{"id":5506,"href":"https:\/\/blogsaverroes.juntadeandalucia.es\/septorremolinos\/index.php?rest_route=\/wp\/v2\/pages\/2\/revisions\/5506"}],"wp:attachment":[{"href":"https:\/\/blogsaverroes.juntadeandalucia.es\/septorremolinos\/index.php?rest_route=%2Fwp%2Fv2%2Fmedia&parent=2"}],"curies":[{"name":"wp","href":"https:\/\/api.w.org\/{rel}","templated":true}]}}