{"id":35,"date":"2015-03-13T08:21:43","date_gmt":"2015-03-13T08:21:43","guid":{"rendered":"http:\/\/blogsaverroes.juntadeandalucia.es\/pre\/ceip\/?page_id=35"},"modified":"2023-03-04T19:34:53","modified_gmt":"2023-03-04T19:34:53","slug":"el-centro-2","status":"publish","type":"page","link":"https:\/\/blogsaverroes.juntadeandalucia.es\/septorremolinos\/?page_id=35","title":{"rendered":"Datos del centro"},"content":{"rendered":"<div class=\"osc-res-tab tabbable   osc-tabs-left\"><div style=\"clear:both;width: 100%;\"><ul class=\"nav osc-res-nav nav-tabs osc-tabs-left-ul\" id=\"oscitas-restabs-1-el-centro-2-24475\"><li class=\"active\"><a href=\"#ert_pane1-0\" data-toggle=\"tab\"><strong>Contacto<\/strong><\/a><\/li><li class=\"\"><a href=\"#ert_pane1-1\" data-toggle=\"tab\"><strong>En el plano<\/strong><\/a><\/li><li class=\"\"><a href=\"#ert_pane1-2\" data-toggle=\"tab\"><strong>Nuestro centro<\/strong><\/a><\/li><li class=\"\"><a href=\"#ert_pane1-3\" data-toggle=\"tab\"><strong>Horario<\/strong><\/a><\/li><li class=\"\"><a href=\"#ert_pane1-4\" data-toggle=\"tab\"><strong>Instalaciones<\/strong><\/a><\/li><\/ul><\/div><div style=\"clear:both;width: 100%;\"><ul class=\"tab-content\" id=\"oscitas-restabcontent-1-el-centro-2-24475\"><li class=\"tab-pane active\" id=\"ert_pane1-0\"><\/p>\n<p><strong>Nombre del centro:<\/strong> Secci\u00f3n de Educaci\u00f3n Permanente de Torremolinos (SEP Torremolinos)<\/p>\n<p><strong>Direcci\u00f3n: <\/strong>Calle de la Cruz, 42, 29620 Torremolinos&nbsp;(M\u00e1laga). En el edificio del Centro Cultural Pablo Ruiz Picasso.<\/p>\n<p><strong>Tel\u00e9fono m\u00f3vil:<\/strong> 613 476 109<\/p>\n<p><strong>Email:<\/strong> torremolinos@ceperlajara.es<\/p>\n<p><strong>Facebook:<\/strong> http:\/\/bit.ly\/2x2faPi<\/p>\n<p><strong>Twitter:<\/strong> @SepTorremolinos<\/p>\n<p><\/li><li class=\"tab-pane \" id=\"ert_pane1-1\"><\/p>\n<p>El SEP Torremolinos se encuentra en la actualidad ubicado en la Calle de la Cruz, 42 de Torremolinos, en el edificio del Centro Cultural Pablo Ruiz Picasso.<\/p>\n<p><iframe loading=\"lazy\" src=\"https:\/\/www.google.com\/maps\/embed?pb=!1m18!1m12!1m3!1d2334.72800776767!2d-4.499602109382203!3d36.62848804964224!2m3!1f0!2f0!3f0!3m2!1i1024!2i768!4f13.1!3m3!1m2!1s0xd72fbeb74db335d%3A0x71084f218c3b2b1d!2sC.%20de%20la%20Cruz%2C%2042%2C%2029620%20Torremolinos%2C%20M%C3%A1laga!5e1!3m2!1sen!2ses!4v1661978066544!5m2!1sen!2ses\" width=\"600\" height=\"450\"><\/iframe><\/p>\n<p><\/li><li class=\"tab-pane \" id=\"ert_pane1-2\"><\/p>\n<p style=\"text-align: justify\">El S.E.P. Torremolinos es un centro educativo para personas mayores de 18 a\u00f1os que <a href=\"https:\/\/blogsaverroes.juntadeandalucia.es\/septorremolinos\/oferta-educativa-en-el-centro\/ensenanzas-ofertadas-2\/\" target=\"_blank\" rel=\"noopener noreferrer\">oferta diferentes Planes Educativos<\/a>.&nbsp;<\/p>\n<p>Junto con el S.E.P. Benalm\u00e1dena, el S.E.P. Fuengirola y C.E.PER. La Jara (Mijas Costa), centro matriz, formamos un centro com\u00fan con un mismo Proyecto Educativo y un claustro de profesorado com\u00fan.<\/p>\n<p style=\"text-align: justify\">El objetivo de la educaci\u00f3n permanente es, por un lado, la adquisici\u00f3n de conocimientos y destrezas de forma continua a lo largo de la vida de la persona para que pueda adaptarse a los cambios continuos de nuestra sociedad. Por otro lado, la educaci\u00f3n permanente permite un desarrollo integral de la persona y una mayor calidad de vida.<\/p>\n<p>ngg_shortcode_0_placeholderEl SEP Torremolinos es una Secci\u00f3n de Educaci\u00f3n Permanente que forma parte del <a href=\"https:\/\/blogsaverroes.juntadeandalucia.es\/lajara\/\" target=\"_blank\" rel=\"noopener noreferrer\">CEPer La Jara (Las Lagunas-Mijas).<\/a><\/p>\n<p><\/li><li class=\"tab-pane \" id=\"ert_pane1-3\"><\/p>\n<p><span style=\"font-weight: 400\">Durante el curso escolar, el horario lectivo de nuestro centro es de 9:00 a 14:00 y de 16:00 a 21:00 los lunes, martes, mi\u00e9rcoles y<\/span><span style=\"font-weight: 400\">&nbsp;viernes. Los jueves el horario lectivo es de 12:00&nbsp;a 14:00 y de 16:00 a 21:00.<\/span><\/p>\n<p>Los d\u00edas no lectivos de junio y septiembre nuestro centro est\u00e1 abierto de lunes a viernes de <span style=\"font-weight: 400\">9:00 a 14:00.<\/span><\/p>\n<p>En julio y agosto el centro est\u00e1 cerrado.<\/p>\n<p><\/li><li class=\"tab-pane \" id=\"ert_pane1-4\"><\/p>\n<p>En la actualidad, las aulas donde impartimos docencia se ubican en el <a href=\"https:\/\/www.torremolinoscultura.es\/edificiosculturales\/detail\/centro-cultural-pablo-ruiz-picasso\" target=\"_blank\" rel=\"noopener noreferrer\">Centro Cultural Pablo Ruiz Picasso<\/a> del Ayuntamiento de Torremolinos.<\/p>\n<p>El Centro Cultural dispone de un sal\u00f3n de actos, dos salas de cine para todo tipo de proyecciones, una sala de yoga y una m\u00e1s dedicada y acondicionada para actividades infantiles, salas taller, biblioteca, salas de estudios, terrazas con vistas a la ciudad, jardines decorados con esculturas, una amplia cafeter\u00eda y un gran aparcamiento.<\/p>\n<p><\/li><\/ul><\/div><\/div>\n","protected":false},"excerpt":{"rendered":"","protected":false},"author":1,"featured_media":0,"parent":0,"menu_order":0,"comment_status":"open","ping_status":"open","template":"","meta":{"ngg_post_thumbnail":0,"footnotes":""},"aioseo_notices":[],"_links":{"self":[{"href":"https:\/\/blogsaverroes.juntadeandalucia.es\/septorremolinos\/index.php?rest_route=\/wp\/v2\/pages\/35"}],"collection":[{"href":"https:\/\/blogsaverroes.juntadeandalucia.es\/septorremolinos\/index.php?rest_route=\/wp\/v2\/pages"}],"about":[{"href":"https:\/\/blogsaverroes.juntadeandalucia.es\/septorremolinos\/index.php?rest_route=\/wp\/v2\/types\/page"}],"author":[{"embeddable":true,"href":"https:\/\/blogsaverroes.juntadeandalucia.es\/septorremolinos\/index.php?rest_route=\/wp\/v2\/users\/1"}],"replies":[{"embeddable":true,"href":"https:\/\/blogsaverroes.juntadeandalucia.es\/septorremolinos\/index.php?rest_route=%2Fwp%2Fv2%2Fcomments&post=35"}],"version-history":[{"count":76,"href":"https:\/\/blogsaverroes.juntadeandalucia.es\/septorremolinos\/index.php?rest_route=\/wp\/v2\/pages\/35\/revisions"}],"predecessor-version":[{"id":8046,"href":"https:\/\/blogsaverroes.juntadeandalucia.es\/septorremolinos\/index.php?rest_route=\/wp\/v2\/pages\/35\/revisions\/8046"}],"wp:attachment":[{"href":"https:\/\/blogsaverroes.juntadeandalucia.es\/septorremolinos\/index.php?rest_route=%2Fwp%2Fv2%2Fmedia&parent=35"}],"curies":[{"name":"wp","href":"https:\/\/api.w.org\/{rel}","templated":true}]}}