{"id":5259,"date":"2015-03-17T07:13:24","date_gmt":"2015-03-17T07:13:24","guid":{"rendered":"http:\/\/blogsaverroes.juntadeandalucia.es\/pre\/ceip\/?page_id=141"},"modified":"2022-02-08T20:47:27","modified_gmt":"2022-02-08T20:47:27","slug":"escolarizacion","status":"publish","type":"page","link":"https:\/\/blogsaverroes.juntadeandalucia.es\/septorremolinos\/?page_id=5259","title":{"rendered":"Matriculaci\u00f3n"},"content":{"rendered":"<div class=\"osc-res-tab tabbable   osc-tabs-left\"><div style=\"clear:both;width: 100%;\"><ul class=\"nav osc-res-nav nav-tabs osc-tabs-left-ul\" id=\"oscitas-restabs-1-escolarizacion-71436\"><li class=\"\"><a href=\"#ert_pane1-0\" data-toggle=\"tab\">Oferta<\/a><\/li><li class=\"\"><a href=\"#ert_pane1-1\" data-toggle=\"tab\"><strong>Matr\u00edcula<\/strong><\/a><\/li><li class=\"active\"><a href=\"#ert_pane1-2\" data-toggle=\"tab\"><strong>Calendario<\/strong><\/a><\/li><li class=\"\"><a href=\"#ert_pane1-3\" data-toggle=\"tab\"><strong>Prioridad<\/strong><\/a><\/li><\/ul><\/div><div style=\"clear:both;width: 100%;\"><ul class=\"tab-content\" id=\"oscitas-restabcontent-1-escolarizacion-71436\"><li class=\"tab-pane \" id=\"ert_pane1-0\"><\/p>\n<h3><span style=\"color: #0000ff\">Informaci\u00f3n de la oferta educativa de nuestro centro:<\/span><\/h3>\n<p>Para conocer la oferta educativa de nuestro centro accede al enlace (<a href=\"https:\/\/blogsaverroes.juntadeandalucia.es\/septorremolinos\/oferta-educativa-en-el-centro\/ensenanzas-ofertadas-2\/\">Enlace a la oferta educativa de cursos y planes educativos<\/a>)<\/p>\n<p style=\"text-align: justify\"><\/li><li class=\"tab-pane \" id=\"ert_pane1-1\"><\/p>\n<h3><span style=\"color: #0000ff\">Informaci\u00f3n de solicitud de admisi\u00f3n y matr\u00edcula:&nbsp;<\/span><\/h3>\n<table>\n<tbody>\n<tr>\n<td style=\"width: 126px\"><strong>Centro:<\/strong><\/td>\n<td style=\"width: 614px\">Secci\u00f3n de Educaci\u00f3n Permanente de personas adultas SEP Torremolinos (<a href=\"https:\/\/blogsaverroes.juntadeandalucia.es\/septorremolinos\/el-centro-2\/\">Datos del centro<\/a>)<\/td>\n<\/tr>\n<tr>\n<td style=\"text-align: left;width: 126px\"><strong>Requisitos de edad:&nbsp;<\/strong><\/td>\n<td style=\"width: 614px;text-align: justify\">\n<ul>\n<li style=\"text-align: justify\">Ser&nbsp;<strong>mayor de dieciocho a\u00f1os<\/strong>&nbsp;o cumplirlos en el a\u00f1o natural en que comience el curso acad\u00e9mico.<\/li>\n<li style=\"text-align: justify\">Para la matr\u00edcula en E. Secundaria, excepcionalmente,&nbsp;<span style=\"color: #000000\"><a style=\"color: #000000;text-decoration: underline\" href=\"http:\/\/www.juntadeandalucia.es\/educacion\/portals\/web\/educacion-permanente\/eso\/requisitos\" target=\"_blank\" rel=\"noopener noreferrer\">alguna de estas situaciones<\/a>.<\/span><\/li>\n<\/ul>\n<\/td>\n<\/tr>\n<tr>\n<td style=\"text-align: left;width: 126px\"><strong>Tramitaci\u00f3n:<\/strong>&nbsp;<\/td>\n<td style=\"width: 614px;text-align: justify\">\n<ul>\n<li>En la Secci\u00f3n de Educaci\u00f3n Permanente (SEP) de Torremolinos (<a href=\"https:\/\/blogsaverroes.juntadeandalucia.es\/septorremolinos\/el-centro-2\/\" target=\"_blank\" rel=\"noopener noreferrer\">Localizaci\u00f3n<\/a>)<\/li>\n<\/ul>\n<\/td>\n<\/tr>\n<tr>\n<td style=\"text-align: left;width: 126px\"><strong>Fechas de solicitud:&nbsp;<\/strong><\/td>\n<td style=\"width: 614px;text-align: justify\">\n<ul>\n<li>Periodo ordinario: <strong>Mes de junio<\/strong><\/li>\n<li>Periodo extraordinario:<strong> Si&nbsp; quedaran plazas vacantes<\/strong> una vez finalizado el periodo de admisi\u00f3n y matriculaci\u00f3n de junio, se abrir\u00e1 un segundo periodo extraordinario de matriculaci\u00f3n <strong>del 1 de septiembre al 15 de octubre.&nbsp;<\/strong><\/li>\n<\/ul>\n<\/td>\n<\/tr>\n<tr>\n<td style=\"text-align: left;width: 126px\"><strong>Adjudicaci\u00f3n de plazas<\/strong><\/td>\n<td style=\"width: 614px;text-align: justify\">\n<ul>\n<li>Para matr\u00edculas en E. Secundaria (ESO): En el periodo ordinario de junio, en el caso de que haya m\u00e1s solicitudes que puestos escolares vacantes, se seguir\u00e1 la <span style=\"color: #000000\"><a style=\"color: #000000\" href=\"http:\/\/www.juntadeandalucia.es\/educacion\/portals\/web\/educacion-permanente\/eso\/adjudicacion\/-\/libre\/detalle\/NHtKQrKW2RYc\/secundaria-solicitud-de-plaza-es-seguro-que-obtendre-una-plaza-1h8y6s1heldk1\" target=\"_blank\" rel=\"noopener noreferrer\">prioridad que establece la normativa.<\/a><\/span><\/li>\n<li>Para el resto de Planes Educativos: Con car\u00e1cter general, se adjudicar\u00e1n las plazas <strong>por orden de fecha de inscripci\u00f3n en el centro, <\/strong>es decir,<strong>&nbsp;<\/strong>por orden de llegada.<\/li>\n<\/ul>\n<\/td>\n<\/tr>\n<tr>\n<td style=\"text-align: left;width: 126px\"><strong>Documentaci\u00f3n para la matr\u00edcula:<\/strong>&nbsp; &nbsp; &nbsp; &nbsp;&nbsp;<\/td>\n<td style=\"width: 614px;text-align: justify\">\n<ul>\n<li><strong>Para el alumnado de E. Secundaria (TAE-ESO)<\/strong>: Solicitud de matr\u00edcula (<a href=\"http:\/\/www.juntadeandalucia.es\/educacion\/portals\/delegate\/content\/7f3ef618-a670-482e-b242-f2aa6e38497a\" target=\"_blank\" rel=\"noopener noreferrer\">descargar solicitud<\/a>), una fotocopia del DNI o Pasaporte, dos fotograf\u00edas a color a tama\u00f1o carnet.certificado de los \u00faltimos estudios cursados (certificado de notas o expediente acad\u00e9mico), y certificado de pago de tasas de seguro escolar (solo alumnado hasta 26 a\u00f1os).<\/li>\n<li><strong>Para el resto de Planes Educativos:<\/strong> Solicitud de matr\u00edcula que se da en el centro, fotocopia de un documento de identidad en vigor (DNI, NIF, pasaporte), una fotograf\u00eda a color de tama\u00f1o carnet.<\/li>\n<\/ul>\n<\/td>\n<\/tr>\n<tr>\n<td style=\"width: 126px\"><strong>Planes Educativos ofertados:<\/strong><\/td>\n<td style=\"width: 614px;text-align: justify\">\n<ul>\n<li><strong style=\"font-family: inherit;font-size: inherit\">En el mes de junio se publica <\/strong>la oferta de Planes Educativos para el siguiente curso escolar.<\/li>\n<\/ul>\n<\/td>\n<\/tr>\n<\/tbody>\n<\/table>\n<p style=\"text-align: justify\"><\/li><li class=\"tab-pane active\" id=\"ert_pane1-2\"><\/p>\n<h3 style=\"text-align: left\"><span style=\"color: #0000ff\">Junio (<\/span><span style=\"color: #0000ff\">periodo ordinario de admisi\u00f3n).<\/span><\/h3>\n<table>\n<tbody>\n<tr>\n<td style=\"width: 225px;text-align: left\"><strong>Fechas de admisi\u00f3n: <\/strong><\/td>\n<td style=\"width: 517px;text-align: left\">Durante el mes de junio<\/td>\n<\/tr>\n<tr>\n<td style=\"width: 225px;text-align: left\"><strong>Planes educativos para solicitar la admisi\u00f3n:&nbsp;<\/strong><\/td>\n<td style=\"width: 517px;text-align: left\">Cualquiera de los Planes Educativos que ofertamos en nuestro centro. (<a href=\"https:\/\/docs.google.com\/document\/d\/1MaBtEDzcnLP9ny6by68YVhTKt2ZS2oNBjSArh6UtCcE\/edit?usp=sharing\" target=\"_blank\" rel=\"noopener noreferrer\">Enlace a la oferta educativa de cursos y planes educativos<\/a>)<\/td>\n<\/tr>\n<\/tbody>\n<\/table>\n<p>&nbsp;<\/p>\n<h3 style=\"text-align: left\"><span style=\"color: #0000ff\">Septiembre &#8211; octubre&nbsp;<\/span><span style=\"color: #0000ff\">(per\u00edodo extraordinario de matriculaci\u00f3n).&nbsp;<\/span><\/h3>\n<p style=\"text-align: justify\">Si tras el procedimiento de admisi\u00f3n durante el mes de junio hubiera plazas vacantes, la direcci\u00f3n del centro docente p\u00fablico matricular\u00e1 por orden de llegada a aquellas personas interesadas que incluso no habiendo solicitado admisi\u00f3n en plazo, cumplan los requisitos.<\/p>\n<table>\n<tbody>\n<tr>\n<td style=\"text-align: left;width: 154px\"><strong>Fechas de matr\u00edcula:<\/strong><\/td>\n<td style=\"width: 586px;text-align: left\">Del 1&nbsp;de septiembre&nbsp;al 15 de octubre.&nbsp;<\/td>\n<\/tr>\n<tr>\n<td style=\"width: 154px\"><strong>&nbsp;Plazas vacantes:<\/strong><\/td>\n<td style=\"width: 586px;text-align: left\">En este per\u00edodo, de manera excepcional puedes solicitar plaza en cualquiera de las modalidades, si existieran plazas vacantes, solicit\u00e1ndolo directamente al centro a lo largo del primer trimestre del curso.<\/td>\n<\/tr>\n<tr>\n<td style=\"width: 154px\"><strong>Planes educativos para solicitar la admisi\u00f3n:&nbsp;<\/strong><\/td>\n<td style=\"width: 586px;text-align: left\">Cualquiera de los Planes Educativos que ofertamos en nuestro centro. (<a href=\"https:\/\/docs.google.com\/document\/d\/1MaBtEDzcnLP9ny6by68YVhTKt2ZS2oNBjSArh6UtCcE\/edit?usp=sharing\" target=\"_blank\" rel=\"noopener noreferrer\">Enlace a la oferta educativa de cursos y planes educativos<\/a>)&nbsp; &nbsp;<\/td>\n<\/tr>\n<tr>\n<td style=\"width: 154px\"><strong>Convocatorias permitidas en ESO:<\/strong><\/td>\n<td style=\"width: 586px;text-align: left\">Para cursar las ense\u00f1anzas de Educaci\u00f3n Secundaria (ESO) en su totalidad, dispones de seis&nbsp;convocatorias (dos por curso escolar). Ten en cuenta que no se contempla la&nbsp;anulaci\u00f3n, renuncia o baja&nbsp;de matr\u00edcula, por lo que, una vez formalizada tu matr\u00edcula, con cada curso, agotas dos convocatorias.<\/td>\n<\/tr>\n<tr>\n<td style=\"width: 154px\"><strong>Convocatorias para otros planes diferentes ESO:<\/strong><\/td>\n<td style=\"width: 586px;text-align: left\">Para el resto de Planes Formativos, diferentes a Educaci\u00f3n Secundaria (ESO), solamente dispones de dos cursos para permanecer o superar un Plan Formativo, y excepcionalmente hasta un tercer curso escolar.<\/td>\n<\/tr>\n<tr>\n<td style=\"text-align: left;width: 154px\"><strong><a href=\"http:\/\/www.juntadeandalucia.es\/educacion\/portals\/web\/educacion-permanente\/eso\/matricula\">M\u00e1s informaci\u00f3n<\/a>&#8230;<\/strong><\/td>\n<td style=\"width: 586px\"><a href=\"http:\/\/www.juntadeandalucia.es\/educacion\/portals\/web\/educacion-permanente\">Normativa<\/a>&nbsp;sobre el proceso de escolarizaci\u00f3n.<\/td>\n<\/tr>\n<\/tbody>\n<\/table>\n<p style=\"text-align: justify\"><\/li><li class=\"tab-pane \" id=\"ert_pane1-3\"><\/p>\n<h3 style=\"text-align: left\"><span style=\"color: #0000ff\">Prioridad para matriculaci\u00f3n en Planes Educativos:<\/span><\/h3>\n<p>Con car\u00e1cter general, se adjudicar\u00e1n las plazas <strong>por orden de fecha de inscripci\u00f3n en el centro, <\/strong>es decir,<strong>&nbsp;<\/strong>por orden de llegada.<\/p>\n<p><\/li><\/ul><\/div><\/div>\n","protected":false},"excerpt":{"rendered":"","protected":false},"author":8617,"featured_media":0,"parent":77,"menu_order":0,"comment_status":"open","ping_status":"open","template":"page-templates\/child-menu.php","meta":{"ngg_post_thumbnail":0,"footnotes":""},"aioseo_notices":[],"_links":{"self":[{"href":"https:\/\/blogsaverroes.juntadeandalucia.es\/septorremolinos\/index.php?rest_route=\/wp\/v2\/pages\/5259"}],"collection":[{"href":"https:\/\/blogsaverroes.juntadeandalucia.es\/septorremolinos\/index.php?rest_route=\/wp\/v2\/pages"}],"about":[{"href":"https:\/\/blogsaverroes.juntadeandalucia.es\/septorremolinos\/index.php?rest_route=\/wp\/v2\/types\/page"}],"author":[{"embeddable":true,"href":"https:\/\/blogsaverroes.juntadeandalucia.es\/septorremolinos\/index.php?rest_route=\/wp\/v2\/users\/8617"}],"replies":[{"embeddable":true,"href":"https:\/\/blogsaverroes.juntadeandalucia.es\/septorremolinos\/index.php?rest_route=%2Fwp%2Fv2%2Fcomments&post=5259"}],"version-history":[{"count":30,"href":"https:\/\/blogsaverroes.juntadeandalucia.es\/septorremolinos\/index.php?rest_route=\/wp\/v2\/pages\/5259\/revisions"}],"predecessor-version":[{"id":7217,"href":"https:\/\/blogsaverroes.juntadeandalucia.es\/septorremolinos\/index.php?rest_route=\/wp\/v2\/pages\/5259\/revisions\/7217"}],"up":[{"embeddable":true,"href":"https:\/\/blogsaverroes.juntadeandalucia.es\/septorremolinos\/index.php?rest_route=\/wp\/v2\/pages\/77"}],"wp:attachment":[{"href":"https:\/\/blogsaverroes.juntadeandalucia.es\/septorremolinos\/index.php?rest_route=%2Fwp%2Fv2%2Fmedia&parent=5259"}],"curies":[{"name":"wp","href":"https:\/\/api.w.org\/{rel}","templated":true}]}}