{"id":582,"date":"2023-05-11T17:01:38","date_gmt":"2023-05-11T16:01:38","guid":{"rendered":"https:\/\/blogsaverroes.juntadeandalucia.es\/sepvilladelrio\/?page_id=582"},"modified":"2023-05-11T17:25:09","modified_gmt":"2023-05-11T16:25:09","slug":"datos-sep","status":"publish","type":"page","link":"https:\/\/blogsaverroes.juntadeandalucia.es\/sepvilladelrio\/datos-sep\/","title":{"rendered":"Datos SEP"},"content":{"rendered":"<div class=\"TzHB6b cLjAic LMRCfc\" data-hveid=\"CEIQAA\" data-ved=\"2ahUKEwirwv6X1u3-AhWphP0HHewjAcwQy9oBKAB6BAhCEAA\">\n<div class=\"sATSHe\">\n<div class=\"B03h3d V14nKc i8qq8b ptcLIOszQJu__wholepage-card wp-ms\" data-hveid=\"CDcQAA\">\n<div class=\"UDZeY OTFaAf\">\n<div class=\"QsDR1c\">\n<div class=\"wDYxhc\" lang=\"es-ES\" data-attrid=\"kc:\/location\/location:address\" data-md=\"1002\" data-hveid=\"CDAQAA\" data-ved=\"2ahUKEwirwv6X1u3-AhWphP0HHewjAcwQkCl6BAgwEAA\">\n<div class=\"Z1hOCe\">\n<div class=\"zloOqf PZPZlf\" data-dtype=\"d3ifr\" data-local-attribute=\"d3adr\" data-ved=\"2ahUKEwirwv6X1u3-AhWphP0HHewjAcwQghwoAHoECDAQAQ\">\n<p><strong>DIRECCI\u00d3N:&nbsp;<\/strong>C\/ <span class=\"LrzXr\">Montoro, 11 . Villa del R\u00edo, C\u00f3rdoba<\/span><\/p>\n<p><strong>C\u00d3DIGO POSTAL:&nbsp;<\/strong>14640<\/p>\n<p><strong>TEL\u00c9FONO:&nbsp;<\/strong>957199786<\/p>\n<p><strong>EMAIL<\/strong>: 14500248.edu@juntadeandalucia.es<\/p>\n<\/div>\n<p><iframe loading=\"lazy\" src=\"https:\/\/www.google.com\/maps\/embed?pb=!1m18!1m12!1m3!1d1572.377661036152!2d-4.3001480637106635!3d37.982839058037776!2m3!1f0!2f0!3f0!3m2!1i1024!2i768!4f13.1!3m3!1m2!1s0xd6c53e1a68848e1%3A0x7cfb18dab23dd808!2sSecci%C3%B3n%20de%20Educaci%C3%B3n%20Permanente%20Villa%20del%20R%C3%ADo!5e0!3m2!1ses!2ses!4v1683822255910!5m2!1ses!2ses\" width=\"600\" height=\"450\"><\/iframe><\/p>\n<div class=\"zloOqf PZPZlf\" data-dtype=\"d3ifr\" data-local-attribute=\"d3adr\" data-ved=\"2ahUKEwirwv6X1u3-AhWphP0HHewjAcwQghwoAHoECDAQAQ\">\n<div class=\"GnGVVe\">&nbsp;<\/div>\n<div class=\"GDRHkb\" data-at=\"5\" data-uid=\"1\">&nbsp;<\/div>\n<div class=\"GDRHkb\" data-at=\"2\" data-uid=\"1\">&nbsp;<\/div>\n<\/div>\n<\/div>\n<\/div>\n<\/div>\n<div class=\"owjCYb\">&nbsp;<\/div>\n<div class=\"QsDR1c\">\n<div class=\"wDYxhc\" lang=\"es-ES\" data-attrid=\"kc:\/collection\/knowledge_panels\/has_phone:phone\" data-md=\"1006\" data-hveid=\"CDIQAA\" data-ved=\"2ahUKEwirwv6X1u3-AhWphP0HHewjAcwQkCl6BAgyEAA\">\n<div class=\"Z1hOCe\">\n<div class=\"zloOqf PZPZlf\" data-dtype=\"d3ifr\" data-local-attribute=\"d3ph\" data-ved=\"2ahUKEwirwv6X1u3-AhWphP0HHewjAcwQ8I0BKAB6BAgyEAE\">\n<div class=\"GDRHkb\" data-at=\"3\" data-uid=\"1\">&nbsp;<\/div>\n<\/div>\n<\/div>\n<\/div>\n<\/div>\n<\/div>\n<\/div>\n<\/div>\n<\/div>\n<div class=\"TzHB6b cLjAic\" data-hveid=\"CEEQAA\" data-ved=\"2ahUKEwirwv6X1u3-AhWphP0HHewjAcwQ04gCKAB6BAhBEAA\">\n<div>\n<div class=\"sATSHe\">\n<div>\n<div class=\"B03h3d V14nKc i8qq8b ptcLIOszQJu__wholepage-card wp-ms\" data-hveid=\"CEAQAA\">\n<div class=\"UDZeY OTFaAf\">\n<div class=\"ceacV\">\n<div class=\"owjCYb\">&nbsp;<\/div>\n<div class=\"noQ1ef\">\n<div class=\"wDYxhc\" lang=\"es-ES\" data-attrid=\"kc:\/local:pending edits\" data-md=\"257\">&nbsp;<\/div>\n<\/div>\n<div class=\"qwoeQe\">&nbsp;<\/div>\n<div class=\"owjCYb\">&nbsp;<\/div>\n<div class=\"noQ1ef QsDR1c\">\n<div class=\"wDYxhc\" lang=\"es-ES\" data-attrid=\"kc:\/local:edit info\" data-md=\"140\" data-hveid=\"CDgQAA\" data-ved=\"2ahUKEwirwv6X1u3-AhWphP0HHewjAcwQkG16BAg4EAA\">\n<div class=\"NgDbBb\">\n<div>&nbsp;<\/div>\n<\/div>\n<\/div>\n<\/div>\n<\/div>\n<\/div>\n<\/div>\n<\/div>\n<\/div>\n<\/div>\n<\/div>\n","protected":false},"excerpt":{"rendered":"<p>DIRECCI\u00d3N:&nbsp;C\/ Montoro, 11 . Villa del R\u00edo, C\u00f3rdoba C\u00d3DIGO POSTAL:&nbsp;14640 TEL\u00c9FONO:&nbsp;957199786 EMAIL: 14500248.edu@juntadeandalucia.es &nbsp; &nbsp; &nbsp; &nbsp; &nbsp; &nbsp; &nbsp; &nbsp; &nbsp; &nbsp;<\/p>\n","protected":false},"author":13374,"featured_media":0,"parent":0,"menu_order":0,"comment_status":"closed","ping_status":"closed","template":"","meta":{"ngg_post_thumbnail":0,"footnotes":""},"aioseo_notices":[],"_links":{"self":[{"href":"https:\/\/blogsaverroes.juntadeandalucia.es\/sepvilladelrio\/wp-json\/wp\/v2\/pages\/582"}],"collection":[{"href":"https:\/\/blogsaverroes.juntadeandalucia.es\/sepvilladelrio\/wp-json\/wp\/v2\/pages"}],"about":[{"href":"https:\/\/blogsaverroes.juntadeandalucia.es\/sepvilladelrio\/wp-json\/wp\/v2\/types\/page"}],"author":[{"embeddable":true,"href":"https:\/\/blogsaverroes.juntadeandalucia.es\/sepvilladelrio\/wp-json\/wp\/v2\/users\/13374"}],"replies":[{"embeddable":true,"href":"https:\/\/blogsaverroes.juntadeandalucia.es\/sepvilladelrio\/wp-json\/wp\/v2\/comments?post=582"}],"version-history":[{"count":3,"href":"https:\/\/blogsaverroes.juntadeandalucia.es\/sepvilladelrio\/wp-json\/wp\/v2\/pages\/582\/revisions"}],"predecessor-version":[{"id":629,"href":"https:\/\/blogsaverroes.juntadeandalucia.es\/sepvilladelrio\/wp-json\/wp\/v2\/pages\/582\/revisions\/629"}],"wp:attachment":[{"href":"https:\/\/blogsaverroes.juntadeandalucia.es\/sepvilladelrio\/wp-json\/wp\/v2\/media?parent=582"}],"curies":[{"name":"wp","href":"https:\/\/api.w.org\/{rel}","templated":true}]}}