{"id":1395,"date":"2026-04-17T12:23:13","date_gmt":"2026-04-17T11:23:13","guid":{"rendered":"https:\/\/blogsaverroes.juntadeandalucia.es\/sepximenajurado\/?page_id=1395"},"modified":"2026-04-17T12:23:13","modified_gmt":"2026-04-17T11:23:13","slug":"formacion-basica","status":"publish","type":"page","link":"https:\/\/blogsaverroes.juntadeandalucia.es\/sepximenajurado\/formacion-basica\/","title":{"rendered":"FORMACI\u00d3N B\u00c1SICA"},"content":{"rendered":"<div style=\"max-width: 800px;margin: 0 auto;font-family: 'Segoe UI', Arial, sans-serif;color: #333;line-height: 1.6\">\n<div style=\"background: linear-gradient(135deg, #008f39, #2e7d32);color: white;padding: 40px 20px;border-radius: 20px;text-align: center;margin-bottom: 35px\">\n<h1 style=\"margin: 0;font-size: 32px;font-weight: bold\">Formaci\u00f3n B\u00e1sica<\/h1>\n<p style=\"margin: 10px 0 0 0;font-size: 18px\">Aprender a tu ritmo y con total confianza.<\/p>\n<\/div>\n<p style=\"font-size: 18px;text-align: center;margin-bottom: 40px;padding: 0 15px\">En el <strong>SEP &#8220;Ximena Jurado&#8221;<\/strong> te ofrecemos un programa adaptado para adquirir los conocimientos fundamentales. Es el primer paso ideal para retomar el h\u00e1bito de estudio.<\/p>\n<div style=\"flex-wrap: wrap;gap: 25px;margin-bottom: 40px\">\n<div style=\"flex: 1;min-width: 280px;background-color: #ffffff;padding: 35px 25px;border-radius: 15px;text-align: center\">\n<div style=\"font-size: 50px;margin-bottom: 15px\">\ud83c\udf31<\/div>\n<h3 style=\"color: #008f39;margin-top: 0;font-size: 22px\">Nivel I<\/h3>\n<p style=\"color: #555;margin-bottom: 0;font-size: 16px\">Adquisici\u00f3n y conocimiento del \u00e1mbito ling\u00fc\u00edstico, comunicativo, cient\u00edfico-tecnol\u00f3gico y social.<\/p>\n<\/div>\n<div style=\"flex: 1;min-width: 280px;background-color: #ffffff;padding: 35px 25px;border-radius: 15px;text-align: center\">\n<div style=\"font-size: 50px;margin-bottom: 15px\">\ud83c\udf33<\/div>\n<h3 style=\"color: #2e7d32;margin-top: 0;font-size: 22px\">Nivel II<\/h3>\n<p style=\"color: #555;margin-bottom: 0;font-size: 16px\">Consolidaci\u00f3n de estos \u00e1mbitos para preparar de forma s\u00f3lida el salto hacia la obtenci\u00f3n del t\u00edtulo de la ESO.<\/p>\n<\/div>\n<\/div>\n<div style=\"background-color: #e8f5e9;padding: 30px;border-radius: 20px;text-align: center\">\n<h3 style=\"color: #008f39;margin: 0 0 10px 0;font-size: 22px\">\u00a1Nos adaptamos a ti!<\/h3>\n<p style=\"margin: 0;font-size: 17px;color: #444\">Nuestros grupos son reducidos y el trato es totalmente personalizado. Ven a conocernos y encontraremos el grupo perfecto para tu nivel.<\/p>\n<\/div>\n<\/div>\n","protected":false},"excerpt":{"rendered":"<p>Formaci\u00f3n B\u00e1sica Aprender a tu ritmo y con total confianza. En el SEP &#8220;Ximena Jurado&#8221; te ofrecemos un programa adaptado para adquirir los conocimientos fundamentales. Es el primer paso ideal para retomar el h\u00e1bito&#46;&#46;&#46;<\/p>\n","protected":false},"author":13660,"featured_media":0,"parent":0,"menu_order":0,"comment_status":"closed","ping_status":"closed","template":"","meta":{"ngg_post_thumbnail":0,"footnotes":""},"aioseo_notices":[],"_links":{"self":[{"href":"https:\/\/blogsaverroes.juntadeandalucia.es\/sepximenajurado\/wp-json\/wp\/v2\/pages\/1395"}],"collection":[{"href":"https:\/\/blogsaverroes.juntadeandalucia.es\/sepximenajurado\/wp-json\/wp\/v2\/pages"}],"about":[{"href":"https:\/\/blogsaverroes.juntadeandalucia.es\/sepximenajurado\/wp-json\/wp\/v2\/types\/page"}],"author":[{"embeddable":true,"href":"https:\/\/blogsaverroes.juntadeandalucia.es\/sepximenajurado\/wp-json\/wp\/v2\/users\/13660"}],"replies":[{"embeddable":true,"href":"https:\/\/blogsaverroes.juntadeandalucia.es\/sepximenajurado\/wp-json\/wp\/v2\/comments?post=1395"}],"version-history":[{"count":1,"href":"https:\/\/blogsaverroes.juntadeandalucia.es\/sepximenajurado\/wp-json\/wp\/v2\/pages\/1395\/revisions"}],"predecessor-version":[{"id":1396,"href":"https:\/\/blogsaverroes.juntadeandalucia.es\/sepximenajurado\/wp-json\/wp\/v2\/pages\/1395\/revisions\/1396"}],"wp:attachment":[{"href":"https:\/\/blogsaverroes.juntadeandalucia.es\/sepximenajurado\/wp-json\/wp\/v2\/media?parent=1395"}],"curies":[{"name":"wp","href":"https:\/\/api.w.org\/{rel}","templated":true}]}}