{"id":330,"date":"2020-02-11T13:07:32","date_gmt":"2020-02-11T12:07:32","guid":{"rendered":"http:\/\/blogsaverroes.juntadeandalucia.es\/pre\/nuevoceipv2\/?page_id=330"},"modified":"2026-04-17T09:38:21","modified_gmt":"2026-04-17T08:38:21","slug":"nuestrocentro","status":"publish","type":"page","link":"https:\/\/blogsaverroes.juntadeandalucia.es\/sepximenajurado\/","title":{"rendered":"NUESTRO CENTRO"},"content":{"rendered":"<div style=\"max-width: 800px;margin: 0 auto;font-family: Arial, sans-serif;color: #333;line-height: 1.6\">\n<h1 style=\"color: #008f39;text-align: center;font-weight: bold;margin-bottom: 20px\">Bienvenidos al SEP &#8220;Ximena Jurado&#8221;<\/h1>\n<p style=\"font-size: 18px;text-align: justify\">Nuestro centro, situado en el coraz\u00f3n de <strong>Villanueva de la Reina<\/strong>, es un espacio de encuentro, aprendizaje y crecimiento personal dise\u00f1ado especialmente para personas adultas. Creemos firmemente que nunca es tarde para aprender, actualizar conocimientos o descubrir nuevas pasiones.<\/p>\n<h2 style=\"color: #008f39;border-bottom: 2px solid #008f39;padding-bottom: 5px;margin-top: 40px\">\ud83d\udcda \u00bfQu\u00e9 ofrecemos?<\/h2>\n<p style=\"font-size: 18px\">En el SEP &#8220;Ximena Jurado&#8221; adaptamos nuestra ense\u00f1anza a las necesidades de nuestro alumnado. Actualmente, puedes prepararte con nosotros para:<\/p>\n<ul style=\"font-size: 18px;margin-top: 15px\">\n<li style=\"margin-bottom: 10px\"><strong>Obtenci\u00f3n del T\u00edtulo de la ESO:<\/strong> Te preparamos y guiamos paso a paso para que puedas conseguir tu t\u00edtulo de Graduado en Educaci\u00f3n Secundaria.<\/li>\n<li style=\"margin-bottom: 10px\"><strong>Inform\u00e1tica y Nuevas Tecnolog\u00edas (TIC):<\/strong> Aprende a manejar el ordenador desde cero, usar internet, el correo electr\u00f3nico o el tel\u00e9fono m\u00f3vil sin miedo.<\/li>\n<li style=\"margin-bottom: 10px\"><strong>Plan de h\u00e1bitos de vida saludable:<\/strong> Plan donde se trabajan h\u00e1bitos de vida saludable a trav\u00e9s de lecturas comprensivas, c\u00e1lculo matem\u00e1tico y resoluci\u00f3n de problemas de vida cotidiana .<\/li>\n<li style=\"margin-bottom: 10px\"><strong>Uso b\u00e1sico de idiomas extranjeros:<\/strong> Adquisici\u00f3n del idioma extranjero ingl\u00e9s en sus niveles b\u00e1sicos.<\/li>\n<li style=\"margin-bottom: 10px\"><strong>Interculturalidad y lengua espa\u00f1ola para personas extranjeras:<\/strong> Adquisici\u00f3n de la lengua espa\u00f1ola para personas inmigrantes.<\/li>\n<li style=\"margin-bottom: 10px\"><strong>Formaci\u00f3n b\u00e1sica nivel I:<\/strong> Adquisici\u00f3n y conocimiento del \u00e1mbito ling\u00fc\u00edstico, comunicativo,cient\u00edfico-tecnol\u00f3gico y social. .<\/li>\n<\/ul>\n<h2 style=\"color: #008f39;border-bottom: 2px solid #008f39;padding-bottom: 5px;margin-top: 40px\">\ud83d\udda5\ufe0f Nuestras Instalaciones<\/h2>\n<p style=\"font-size: 18px;text-align: justify\">Contamos con unas instalaciones acogedoras y adaptadas para que te sientas como en casa. Adem\u00e1s de nuestras aulas de estudio y trabajo en grupo, disponemos de una <strong>Sala de Ordenadores totalmente equipada<\/strong> donde impartimos las clases de inform\u00e1tica y practicamos con las nuevas tecnolog\u00edas.<\/p>\n<\/div>\n","protected":false},"excerpt":{"rendered":"<p>Bienvenidos al SEP &#8220;Ximena Jurado&#8221; Nuestro centro, situado en el coraz\u00f3n de Villanueva de la Reina, es un espacio de encuentro, aprendizaje y crecimiento personal dise\u00f1ado especialmente para personas adultas. Creemos firmemente que nunca&#46;&#46;&#46;<\/p>\n","protected":false},"author":8156,"featured_media":0,"parent":0,"menu_order":0,"comment_status":"closed","ping_status":"closed","template":"","meta":{"ngg_post_thumbnail":0,"footnotes":""},"aioseo_notices":[],"_links":{"self":[{"href":"https:\/\/blogsaverroes.juntadeandalucia.es\/sepximenajurado\/wp-json\/wp\/v2\/pages\/330"}],"collection":[{"href":"https:\/\/blogsaverroes.juntadeandalucia.es\/sepximenajurado\/wp-json\/wp\/v2\/pages"}],"about":[{"href":"https:\/\/blogsaverroes.juntadeandalucia.es\/sepximenajurado\/wp-json\/wp\/v2\/types\/page"}],"author":[{"embeddable":true,"href":"https:\/\/blogsaverroes.juntadeandalucia.es\/sepximenajurado\/wp-json\/wp\/v2\/users\/8156"}],"replies":[{"embeddable":true,"href":"https:\/\/blogsaverroes.juntadeandalucia.es\/sepximenajurado\/wp-json\/wp\/v2\/comments?post=330"}],"version-history":[{"count":6,"href":"https:\/\/blogsaverroes.juntadeandalucia.es\/sepximenajurado\/wp-json\/wp\/v2\/pages\/330\/revisions"}],"predecessor-version":[{"id":1381,"href":"https:\/\/blogsaverroes.juntadeandalucia.es\/sepximenajurado\/wp-json\/wp\/v2\/pages\/330\/revisions\/1381"}],"wp:attachment":[{"href":"https:\/\/blogsaverroes.juntadeandalucia.es\/sepximenajurado\/wp-json\/wp\/v2\/media?parent=330"}],"curies":[{"name":"wp","href":"https:\/\/api.w.org\/{rel}","templated":true}]}}