{"id":831,"date":"2020-12-18T08:35:33","date_gmt":"2020-12-18T07:35:33","guid":{"rendered":"https:\/\/blogsaverroes.juntadeandalucia.es\/pre\/plantilla-pencil\/?page_id=831"},"modified":"2026-04-17T09:58:51","modified_gmt":"2026-04-17T08:58:51","slug":"tae-espa","status":"publish","type":"page","link":"https:\/\/blogsaverroes.juntadeandalucia.es\/sepximenajurado\/tae-espa\/","title":{"rendered":"TAE-ESPA"},"content":{"rendered":"<div style=\"max-width: 800px;margin: 0 auto;font-family: 'Segoe UI', Arial, sans-serif;color: #333;line-height: 1.6\">\n<div style=\"text-align: center;padding: 30px;background-color: #008f39;border-radius: 15px;margin-bottom: 30px;color: white\">\n<h1 style=\"margin: 0;font-size: 28px;font-weight: bold\">Obtenci\u00f3n del T\u00edtulo de la ESO<\/h1>\n<p style=\"margin-top: 10px;font-size: 18px\">Tu futuro profesional empieza aqu\u00ed<\/p>\n<\/div>\n<p style=\"font-size: 18px;text-align: center;margin-bottom: 35px;padding: 0 10px\">En el <strong>SEP &#8220;Ximena Jurado&#8221;<\/strong> te acompa\u00f1amos en el camino para obtener tu Graduado en Secundaria con un m\u00e9todo flexible y pensado exclusivamente para adultos.<\/p>\n<div style=\"flex-wrap: wrap;gap: 15px;justify-content: center\">\n<div style=\"flex: 1;min-width: 240px;background: #f4f4f4;padding: 25px;border-radius: 15px;border-bottom: 5px solid #008f39\">\n<div style=\"font-size: 35px;margin-bottom: 10px\">\ud83c\udfeb<\/div>\n<h3 style=\"color: #008f39;margin: 0 0 10px 0\">Clases y Apoyo<\/h3>\n<p style=\"font-size: 15px;margin: 0\">Tutor\u00edas presenciales y explicaciones claras que se adaptan a tu ritmo de vida y aprendizaje.<\/p>\n<\/div>\n<div style=\"flex: 1;min-width: 240px;background: #f4f4f4;padding: 25px;border-radius: 15px;border-bottom: 5px solid #008f39\">\n<div style=\"font-size: 35px;margin-bottom: 10px\">\ud83d\udcd0<\/div>\n<h3 style=\"color: #008f39;margin: 0 0 10px 0\">\u00c1mbitos<\/h3>\n<p style=\"font-size: 15px;margin: 0\">Comunicaci\u00f3n, Social y Cient\u00edfico-Tecnol\u00f3gico. Todo el temario organizado de forma pr\u00e1ctica y \u00fatil.<\/p>\n<\/div>\n<div style=\"flex: 1;min-width: 240px;background: #f4f4f4;padding: 25px;border-radius: 15px;border-bottom: 5px solid #008f39\">\n<div style=\"font-size: 35px;margin-bottom: 10px\">\ud83d\udcc5<\/div>\n<h3 style=\"color: #008f39;margin: 0 0 10px 0\">Pruebas Libres<\/h3>\n<p style=\"font-size: 15px;margin: 0\">Entrenamiento espec\u00edfico con ex\u00e1menes de a\u00f1os anteriores para que consigas el t\u00edtulo con seguridad.<\/p>\n<\/div>\n<\/div>\n<div style=\"margin-top: 40px;padding: 30px;text-align: center;background: linear-gradient(135deg, #f0f9f1 0%, #e8f5e9 100%);border-radius: 20px;border: 1px solid #c8e6c9\">\n<h3 style=\"color: #008f39;margin: 0 0 10px 0;font-size: 22px\">\u00a1Es tu oportunidad de avanzar!<\/h3>\n<p style=\"font-size: 17px;color: #444;margin: 0;font-style: italic\">El Graduado en ESO te abrir\u00e1 nuevas puertas laborales y formativas.<br \/>\n<strong>Ven a informarte, nosotros te ayudamos a conseguirlo.<\/strong><\/p>\n<\/div>\n<\/div>\n","protected":false},"excerpt":{"rendered":"<p>Obtenci\u00f3n del T\u00edtulo de la ESO Tu futuro profesional empieza aqu\u00ed En el SEP &#8220;Ximena Jurado&#8221; te acompa\u00f1amos en el camino para obtener tu Graduado en Secundaria con un m\u00e9todo flexible y pensado exclusivamente&#46;&#46;&#46;<\/p>\n","protected":false},"author":8156,"featured_media":0,"parent":0,"menu_order":0,"comment_status":"closed","ping_status":"closed","template":"","meta":{"ngg_post_thumbnail":0,"footnotes":""},"aioseo_notices":[],"_links":{"self":[{"href":"https:\/\/blogsaverroes.juntadeandalucia.es\/sepximenajurado\/wp-json\/wp\/v2\/pages\/831"}],"collection":[{"href":"https:\/\/blogsaverroes.juntadeandalucia.es\/sepximenajurado\/wp-json\/wp\/v2\/pages"}],"about":[{"href":"https:\/\/blogsaverroes.juntadeandalucia.es\/sepximenajurado\/wp-json\/wp\/v2\/types\/page"}],"author":[{"embeddable":true,"href":"https:\/\/blogsaverroes.juntadeandalucia.es\/sepximenajurado\/wp-json\/wp\/v2\/users\/8156"}],"replies":[{"embeddable":true,"href":"https:\/\/blogsaverroes.juntadeandalucia.es\/sepximenajurado\/wp-json\/wp\/v2\/comments?post=831"}],"version-history":[{"count":5,"href":"https:\/\/blogsaverroes.juntadeandalucia.es\/sepximenajurado\/wp-json\/wp\/v2\/pages\/831\/revisions"}],"predecessor-version":[{"id":1390,"href":"https:\/\/blogsaverroes.juntadeandalucia.es\/sepximenajurado\/wp-json\/wp\/v2\/pages\/831\/revisions\/1390"}],"wp:attachment":[{"href":"https:\/\/blogsaverroes.juntadeandalucia.es\/sepximenajurado\/wp-json\/wp\/v2\/media?parent=831"}],"curies":[{"name":"wp","href":"https:\/\/api.w.org\/{rel}","templated":true}]}}