{"id":331,"date":"2021-09-14T11:48:08","date_gmt":"2021-09-14T09:48:08","guid":{"rendered":"http:\/\/iesteatinos.es\/?page_id=331"},"modified":"2021-09-14T11:48:08","modified_gmt":"2021-09-14T09:48:08","slug":"ipasen","status":"publish","type":"page","link":"https:\/\/blogsaverroes.juntadeandalucia.es\/sesoteatinos\/plataformas-educativas\/ipasen\/","title":{"rendered":"iPasen"},"content":{"rendered":"\n<h2 class=\"wp-block-heading\">Autologin<\/h2>\n\n\n\n<p>Es el prodecimiento a seguir en el caso de no tener credenciales de acceso a la plataforma.<\/p>\n\n\n\n<p>Pasos a seguir:<\/p>\n\n\n\n<p>&#8211;<strong>&nbsp;a trav\u00e9s de la aplicaci\u00f3n web o de la app iPasen,<\/strong><\/p>\n\n\n\n<p><strong>&#8211; pinchar en el enlace &#8216;No tengo acceso&#8217; de la pantalla de login.<\/strong><\/p>\n\n\n\n<p><strong>Se requerir\u00e1n tres datos:<\/strong><\/p>\n\n\n\n<p><strong>1. El NIF<\/strong><\/p>\n\n\n\n<p><strong>2. una fecha de nacimiento (de algunos de sus hijos\/as o la suya propia) y<\/strong><\/p>\n\n\n\n<p><strong>3. un n\u00famero de tel\u00e9fono m\u00f3vil<\/strong><\/p>\n\n\n\n<p><strong>donde recibir\u00e1 por SMS las credenciales. Este \u00faltimo deber\u00e1 coincidir con el que consta en S\u00e9neca para los tutores legales o para el alumnado.<\/strong><\/p>\n\n\n\n<figure class=\"wp-block-embed is-type-video is-provider-youtube wp-block-embed-youtube wp-embed-aspect-16-9 wp-has-aspect-ratio\"><div class=\"wp-block-embed__wrapper\">\n<div class=\"post-video\"><iframe loading=\"lazy\" title=\"PASEN. \u00bfC\u00f3mo hacer el autologin?\" width=\"1165\" height=\"655\" src=\"https:\/\/www.youtube.com\/embed\/3z6eWjQWnuc?feature=oembed\" frameborder=\"0\" allow=\"accelerometer; autoplay; clipboard-write; encrypted-media; gyroscope; picture-in-picture\" allowfullscreen><\/iframe><\/div>\n<\/div><\/figure>\n\n\n\n<h2 class=\"wp-block-heading\">Recuperaci\u00f3n de contrase\u00f1a<\/h2>\n\n\n\n<figure class=\"wp-block-embed is-type-video is-provider-youtube wp-block-embed-youtube wp-embed-aspect-16-9 wp-has-aspect-ratio\"><div class=\"wp-block-embed__wrapper\">\n<div class=\"post-video\"><iframe loading=\"lazy\" title=\"iPASEN 2: Recuperar Acceso\" width=\"1165\" height=\"655\" src=\"https:\/\/www.youtube.com\/embed\/OR7r9OcG8sE?feature=oembed\" frameborder=\"0\" allow=\"accelerometer; autoplay; clipboard-write; encrypted-media; gyroscope; picture-in-picture\" allowfullscreen><\/iframe><\/div>\n<\/div><\/figure>\n\n\n\n<h2 class=\"wp-block-heading\">Consulta de usuario y contrase\u00f1a del alumnado <\/h2>\n\n\n\n<figure class=\"wp-block-embed is-type-video is-provider-youtube wp-block-embed-youtube wp-embed-aspect-16-9 wp-has-aspect-ratio\"><div class=\"wp-block-embed__wrapper\">\n<div class=\"post-video\"><iframe loading=\"lazy\" title=\"Generar claves alumnado para Classroom, pasen, moodle y g educaand es.\" width=\"1165\" height=\"655\" src=\"https:\/\/www.youtube.com\/embed\/Sp-RyZQGimg?start=150&#038;feature=oembed\" frameborder=\"0\" allow=\"accelerometer; autoplay; clipboard-write; encrypted-media; gyroscope; picture-in-picture\" allowfullscreen><\/iframe><\/div>\n<\/div><\/figure>\n\n\n\n<figure class=\"wp-block-embed is-type-video is-provider-youtube wp-block-embed-youtube wp-embed-aspect-16-9 wp-has-aspect-ratio\"><div class=\"wp-block-embed__wrapper\">\n<div class=\"post-video\"><iframe loading=\"lazy\" title=\"Conocer usuario y contrase\u00f1a mail g.educaand.es alumnado\" width=\"1165\" height=\"655\" src=\"https:\/\/www.youtube.com\/embed\/zOanzI08qSg?feature=oembed\" frameborder=\"0\" allow=\"accelerometer; autoplay; clipboard-write; encrypted-media; gyroscope; picture-in-picture\" allowfullscreen><\/iframe><\/div>\n<\/div><\/figure>\n","protected":false},"excerpt":{"rendered":"<p>Autologin Es el prodecimiento a seguir en el caso de no tener credenciales de acceso a la plataforma. Pasos a seguir: &#8211;&nbsp;a trav\u00e9s de la aplicaci\u00f3n web o de la app iPasen, &#8211; pinchar en el enlace &#8216;No tengo acceso&#8217; de la pantalla de login. Se requerir\u00e1n tres datos: 1. El NIF 2. una fecha [&hellip;]<\/p>\n","protected":false},"author":10629,"featured_media":0,"parent":329,"menu_order":0,"comment_status":"closed","ping_status":"closed","template":"","meta":{"ngg_post_thumbnail":0,"footnotes":""},"aioseo_notices":[],"_links":{"self":[{"href":"https:\/\/blogsaverroes.juntadeandalucia.es\/sesoteatinos\/wp-json\/wp\/v2\/pages\/331"}],"collection":[{"href":"https:\/\/blogsaverroes.juntadeandalucia.es\/sesoteatinos\/wp-json\/wp\/v2\/pages"}],"about":[{"href":"https:\/\/blogsaverroes.juntadeandalucia.es\/sesoteatinos\/wp-json\/wp\/v2\/types\/page"}],"author":[{"embeddable":true,"href":"https:\/\/blogsaverroes.juntadeandalucia.es\/sesoteatinos\/wp-json\/wp\/v2\/users\/10629"}],"replies":[{"embeddable":true,"href":"https:\/\/blogsaverroes.juntadeandalucia.es\/sesoteatinos\/wp-json\/wp\/v2\/comments?post=331"}],"version-history":[{"count":0,"href":"https:\/\/blogsaverroes.juntadeandalucia.es\/sesoteatinos\/wp-json\/wp\/v2\/pages\/331\/revisions"}],"up":[{"embeddable":true,"href":"https:\/\/blogsaverroes.juntadeandalucia.es\/sesoteatinos\/wp-json\/wp\/v2\/pages\/329"}],"wp:attachment":[{"href":"https:\/\/blogsaverroes.juntadeandalucia.es\/sesoteatinos\/wp-json\/wp\/v2\/media?parent=331"}],"curies":[{"name":"wp","href":"https:\/\/api.w.org\/{rel}","templated":true}]}}