{"id":373,"date":"2021-10-17T13:25:18","date_gmt":"2021-10-17T11:25:18","guid":{"rendered":"http:\/\/iesteatinos.es\/?page_id=373"},"modified":"2021-10-17T13:25:18","modified_gmt":"2021-10-17T11:25:18","slug":"herramientas-tde","status":"publish","type":"page","link":"https:\/\/blogsaverroes.juntadeandalucia.es\/sesoteatinos\/herramientas-tde\/","title":{"rendered":"Herramientas #TDE"},"content":{"rendered":"\n<figure class=\"wp-block-image size-large\"><img decoding=\"async\" src=\"http:\/\/iesteatinos.es\/wp-content\/uploads\/2021\/10\/seguridad_informatica-scaled-3-1024x640.jpg\" alt=\"\" class=\"wp-image-393\" \/><\/figure>\n\n\n\n<h2 class=\"wp-block-heading\"><strong>METODOLOG\u00cdAS ACTIVAS:<\/strong><\/h2>\n\n\n\n<ul><li><a rel=\"noreferrer noopener\" href=\"https:\/\/youtu.be\/nmJUP5xQfUw\" target=\"_blank\">Las TIC y las competencias clave<\/a><\/li><li><a rel=\"noreferrer noopener\" href=\"http:\/\/formacion.educalab.es\/mod\/imscp\/view.php?id=21913\" target=\"_blank\">Integraci\u00f3n de las TIC en educaci\u00f3n (curso Educalab)<\/a><\/li><li><a rel=\"noreferrer noopener\" href=\"http:\/\/www.rauldiego.es\/herramientas-20\/\" target=\"_blank\">Symbaloo de herramientas TIC basadas en la web 2.0 (por Ra\u00fal Diego)<\/a><\/li><\/ul>\n\n\n\n<p><\/p>\n","protected":false},"excerpt":{"rendered":"<p>METODOLOG\u00cdAS ACTIVAS: Las TIC y las competencias clave Integraci\u00f3n de las TIC en educaci\u00f3n (curso Educalab) Symbaloo de herramientas TIC basadas en la web 2.0 (por Ra\u00fal Diego)<\/p>\n","protected":false},"author":10629,"featured_media":0,"parent":0,"menu_order":0,"comment_status":"closed","ping_status":"closed","template":"","meta":{"ngg_post_thumbnail":0,"footnotes":""},"aioseo_notices":[],"_links":{"self":[{"href":"https:\/\/blogsaverroes.juntadeandalucia.es\/sesoteatinos\/wp-json\/wp\/v2\/pages\/373"}],"collection":[{"href":"https:\/\/blogsaverroes.juntadeandalucia.es\/sesoteatinos\/wp-json\/wp\/v2\/pages"}],"about":[{"href":"https:\/\/blogsaverroes.juntadeandalucia.es\/sesoteatinos\/wp-json\/wp\/v2\/types\/page"}],"author":[{"embeddable":true,"href":"https:\/\/blogsaverroes.juntadeandalucia.es\/sesoteatinos\/wp-json\/wp\/v2\/users\/10629"}],"replies":[{"embeddable":true,"href":"https:\/\/blogsaverroes.juntadeandalucia.es\/sesoteatinos\/wp-json\/wp\/v2\/comments?post=373"}],"version-history":[{"count":0,"href":"https:\/\/blogsaverroes.juntadeandalucia.es\/sesoteatinos\/wp-json\/wp\/v2\/pages\/373\/revisions"}],"wp:attachment":[{"href":"https:\/\/blogsaverroes.juntadeandalucia.es\/sesoteatinos\/wp-json\/wp\/v2\/media?parent=373"}],"curies":[{"name":"wp","href":"https:\/\/api.w.org\/{rel}","templated":true}]}}