{"id":49,"date":"2015-03-13T08:47:05","date_gmt":"2015-03-13T08:47:05","guid":{"rendered":"http:\/\/blogsaverroes.juntadeandalucia.es\/pre\/ceip\/?page_id=49"},"modified":"2020-10-21T11:39:28","modified_gmt":"2020-10-21T10:39:28","slug":"proyecto-educativo","status":"publish","type":"page","link":"https:\/\/blogsaverroes.juntadeandalucia.es\/sierradecadiz\/proyecto-educativo\/","title":{"rendered":"Plan de Centro"},"content":{"rendered":"<p style=\"text-align: left\">Un centro se define en gran medida por su Proyecto Educativo. En \u00e9l se plasma el modelo educativo y la concreci\u00f3n de la normativa que un centro realiza&nbsp; respecto a las ense\u00f1anzas que imparte. Aspectos tales como las&nbsp;finalidades educativas, objetivos, atenci\u00f3n a la diversidad, etc.<\/p>\n<p style=\"text-align: left\">Que la web de un centro informe de su Proyecto Educativo es una apuesta clara por la transparencia.<\/p>\n<p>Para ver el Plan de Centro pincha debajo en el enlace.<\/p>\n<p style=\"text-align: left\"><strong><a title=\"PLAN DE CENTRO 20\" href=\"https:\/\/blogsaverroes.juntadeandalucia.es\/sierradecadiz\/files\/2020\/06\/PLAN-DE-CENTRO-20.pdf\" target=\"_blank\" rel=\"noopener noreferrer\">PLAN DE CENTRO 20<\/a><\/strong><\/p>\n<p style=\"text-align: left\"><span style=\"text-decoration: underline\"><em><strong>CRITERIOS DE EVALUACI\u00d3N POR \u00c1REAS:<\/strong><\/em><\/span><\/p>\n<p style=\"text-align: left\">MATEM\u00c1TICAS:<\/p>\n<p style=\"text-align: left\"><a href=\"http:\/\/blogsaverroes.juntadeandalucia.es\/sierradecadiz\/files\/2015\/03\/CRITERIOS-DE-EVALUACI\u00d3N-MATEM\u00c1TICAS-1\u00ba.doc\">CRITERIOS DE EVALUACI\u00d3N MATEM\u00c1TICAS 1\u00ba<\/a><\/p>\n<p style=\"text-align: left\"><a href=\"http:\/\/blogsaverroes.juntadeandalucia.es\/sierradecadiz\/files\/2015\/03\/CRITERIOS-DE-EVALUACI\u00d3N-MATEM\u00c1TICAS-2\u00ba.doc\">CRITERIOS DE EVALUACI\u00d3N MATEM\u00c1TICAS 2\u00ba<\/a><\/p>\n<p style=\"text-align: left\"><a href=\"http:\/\/blogsaverroes.juntadeandalucia.es\/sierradecadiz\/files\/2015\/03\/CRITERIOS-DE-EVALUACI\u00d3N-MATEM\u00c1TICAS-3\u00ba.doc\">CRITERIOS DE EVALUACI\u00d3N MATEM\u00c1TICAS 3\u00ba<\/a><\/p>\n<p style=\"text-align: left\"><a href=\"http:\/\/blogsaverroes.juntadeandalucia.es\/sierradecadiz\/files\/2015\/03\/CRITERIOS-DE-EVALUACI\u00d3N-MATEM\u00c1TICAS-4\u00ba.doc\">CRITERIOS DE EVALUACI\u00d3N MATEM\u00c1TICAS 4\u00ba<\/a><\/p>\n<p style=\"text-align: left\"><a href=\"http:\/\/blogsaverroes.juntadeandalucia.es\/sierradecadiz\/files\/2015\/03\/CRITERIOS-DE-EVALUACI\u00d3N-MATEM\u00c1TICAS-5\u00ba.doc\">CRITERIOS DE EVALUACI\u00d3N MATEM\u00c1TICAS 5\u00ba<\/a><\/p>\n<p style=\"text-align: left\"><a href=\"http:\/\/blogsaverroes.juntadeandalucia.es\/sierradecadiz\/files\/2015\/03\/CRITERIOS-DE-EVALUACI\u00d3N-MATEM\u00c1TICAS-6\u00ba.doc\">CRITERIOS DE EVALUACI\u00d3N MATEM\u00c1TICAS 6\u00ba<\/a><\/p>\n<p style=\"text-align: left\">LENGUA:<\/p>\n<p style=\"text-align: left\"><a href=\"http:\/\/blogsaverroes.juntadeandalucia.es\/sierradecadiz\/files\/2015\/03\/CRITERIOS-DE-EVALUACI\u00d3N-LENGUA-PRIMER-CICLO.doc\">CRITERIOS DE EVALUACI\u00d3N LENGUA PRIMER CICLO<\/a><\/p>\n<p style=\"text-align: left\"><a href=\"http:\/\/blogsaverroes.juntadeandalucia.es\/sierradecadiz\/files\/2015\/03\/CRITERIOS-DE-EVALUACI\u00d3N-LENGUA-SEGUNDO-CICLO.doc\">CRITERIOS DE EVALUACI\u00d3N LENGUA SEGUNDO CICLO<\/a><\/p>\n<p style=\"text-align: left\"><a href=\"http:\/\/blogsaverroes.juntadeandalucia.es\/sierradecadiz\/files\/2015\/03\/CRITERIOS-DE-EVALUACI\u00d3N-LENGUA-TERCER-CICLO.doc\">CRITERIOS DE EVALUACI\u00d3N LENGUA TERCER CICLO<\/a><\/p>\n<p style=\"text-align: left\">CIENCIAS SOCIALES:<\/p>\n<p style=\"text-align: left\"><a href=\"http:\/\/blogsaverroes.juntadeandalucia.es\/sierradecadiz\/files\/2015\/03\/CRITERIOS-EVALUACION-SOC_1\u00ba.doc\">CRITERIOS EVALUACION SOC_1\u00ba<\/a><\/p>\n<p style=\"text-align: left\"><a href=\"http:\/\/blogsaverroes.juntadeandalucia.es\/sierradecadiz\/files\/2015\/03\/CRITERIOS-EVALUACION-SOC_2\u00ba.doc\">CRITERIOS EVALUACION SOC_2\u00ba<\/a><\/p>\n<p style=\"text-align: left\"><a href=\"http:\/\/blogsaverroes.juntadeandalucia.es\/sierradecadiz\/files\/2015\/03\/CRITERIOS-EVALUACION-SOC_3\u00ba.doc\">CRITERIOS EVALUACION SOC_3\u00ba<\/a><\/p>\n<p style=\"text-align: left\"><a href=\"http:\/\/blogsaverroes.juntadeandalucia.es\/sierradecadiz\/files\/2015\/03\/CRITERIOS-EVALUACION-SOC_4\u00ba.doc\">CRITERIOS EVALUACION SOC_4\u00ba<\/a><\/p>\n<p style=\"text-align: left\"><a href=\"http:\/\/blogsaverroes.juntadeandalucia.es\/sierradecadiz\/files\/2015\/03\/CRITERIOS-EVALUACION-SOC_5\u00ba.doc\">CRITERIOS EVALUACION SOC_5\u00ba<\/a><\/p>\n<p style=\"text-align: left\"><a href=\"http:\/\/blogsaverroes.juntadeandalucia.es\/sierradecadiz\/files\/2015\/03\/CRITERIOS-EVALUACION-SOC_6\u00ba.doc\">CRITERIOS EVALUACION SOC_6\u00ba<\/a><\/p>\n<p style=\"text-align: left\">INGL\u00c9S:<\/p>\n<p style=\"text-align: left\"><a href=\"http:\/\/blogsaverroes.juntadeandalucia.es\/sierradecadiz\/files\/2015\/03\/CRITERIOS-DE-EVALUACI\u00d3N-INGL\u00c9S-PRIMER-CICLO.doc\">CRITERIOS DE EVALUACI\u00d3N INGL\u00c9S PRIMER CICLO<\/a><\/p>\n<p style=\"text-align: left\"><a href=\"http:\/\/blogsaverroes.juntadeandalucia.es\/sierradecadiz\/files\/2015\/03\/CRITERIOS-DE-EVALUACI\u00d3N-INGL\u00c9S-SEGUNDO-CICLO.doc\">CRITERIOS DE EVALUACI\u00d3N INGL\u00c9S SEGUNDO CICLO<\/a><\/p>\n<p style=\"text-align: left\"><a href=\"http:\/\/blogsaverroes.juntadeandalucia.es\/sierradecadiz\/files\/2015\/03\/CRITERIOS-DE-EVALUACI\u00d3N-INGL\u00c9S-TERCER-CICLO.doc\">CRITERIOS DE EVALUACI\u00d3N INGL\u00c9S TERCER CICLO<\/a><\/p>\n<p style=\"text-align: left\">EDUCACI\u00d3N F\u00cdSICA:<\/p>\n<p style=\"text-align: left\"><a href=\"http:\/\/blogsaverroes.juntadeandalucia.es\/sierradecadiz\/files\/2015\/03\/CRITERIOS-DE-EVALUACI\u00d3N-ED-F\u00cdSICA-PRIMER-CICLO.doc\">CRITERIOS DE EVALUACI\u00d3N ED F\u00cdSICA PRIMER CICLO<\/a><\/p>\n<p style=\"text-align: left\"><a href=\"http:\/\/blogsaverroes.juntadeandalucia.es\/sierradecadiz\/files\/2015\/03\/CRITERIOS-DE-EVALUACI\u00d3N-ED-F\u00cdSICA-SEGUNDO-CICLO.doc\">CRITERIOS DE EVALUACI\u00d3N ED F\u00cdSICA SEGUNDO CICLO<\/a><\/p>\n<p style=\"text-align: left\"><a href=\"http:\/\/blogsaverroes.juntadeandalucia.es\/sierradecadiz\/files\/2015\/03\/CRITERIOS-DE-EVALUACI\u00d3N-ED-F\u00cdSICA-TERCER-CICLO.doc\">CRITERIOS DE EVALUACI\u00d3N ED F\u00cdSICA TERCER CICLO<\/a><\/p>\n<p style=\"text-align: left\">RELIGI\u00d3N:<\/p>\n<p style=\"text-align: left\"><a href=\"http:\/\/blogsaverroes.juntadeandalucia.es\/sierradecadiz\/files\/2015\/03\/CRITERIOS-DE-EVALUACI\u00d3N-RELIGI\u00d3N-PRIMER-CICLO.doc\">CRITERIOS DE EVALUACI\u00d3N RELIGI\u00d3N PRIMER CICLO<\/a><\/p>\n<p style=\"text-align: left\"><a href=\"http:\/\/blogsaverroes.juntadeandalucia.es\/sierradecadiz\/files\/2015\/03\/CRITERIOS-DE-EVALUACI\u00d3N-RELIGI\u00d3N-SEGUNDO-CICLO.doc\">CRITERIOS DE EVALUACI\u00d3N RELIGI\u00d3N SEGUNDO CICLO<\/a><\/p>\n<p style=\"text-align: left\"><a href=\"http:\/\/blogsaverroes.juntadeandalucia.es\/sierradecadiz\/files\/2015\/03\/CRITERIOS-DE-EVALUACI\u00d3N-RELIGI\u00d3N-TERCER-CICLO.doc\">CRITERIOS DE EVALUACI\u00d3N RELIGI\u00d3N TERCER CICLO<\/a><\/p>\n<p style=\"text-align: left\">CIUDADAN\u00cdA:<\/p>\n<p style=\"text-align: left\"><a href=\"http:\/\/blogsaverroes.juntadeandalucia.es\/sierradecadiz\/files\/2015\/03\/CRITERIOS-DE-EVALUACI\u00d3N-ED-CIUDADAN\u00cdA-5\u00ba.doc\">CRITERIOS DE EVALUACI\u00d3N ED CIUDADAN\u00cdA 5\u00ba<\/a><\/p>\n<p style=\"text-align: left\">ED. PL\u00c1STICA Y VISUAL:<\/p>\n<p style=\"text-align: left\"><a href=\"http:\/\/blogsaverroes.juntadeandalucia.es\/sierradecadiz\/files\/2015\/03\/CRITERIOS-DE-EVALUACI\u00d3N-ED-PLAST-Y-VISUAL-PRIMER-CICLO.doc\">CRITERIOS DE EVALUACI\u00d3N ED PLAST Y VISUAL PRIMER CICLO<\/a><\/p>\n<p style=\"text-align: left\">CULTURA Y PR\u00c1CTICA DIGITAL:<\/p>\n<p style=\"text-align: left\"><a href=\"http:\/\/blogsaverroes.juntadeandalucia.es\/sierradecadiz\/files\/2015\/03\/CRITERIOS-DE-EVALUACI\u00d3N-CULTURA-Y-PR\u00c1CTICA-DIGITAL-6\u00ba.doc\">CRITERIOS DE EVALUACI\u00d3N CULTURA Y PR\u00c1CTICA DIGITAL 6\u00ba<\/a><\/p>\n<p>&nbsp;<\/p>\n","protected":false},"excerpt":{"rendered":"<p>Un centro se define en gran medida por su Proyecto Educativo. En \u00e9l se plasma el modelo educativo y la concreci\u00f3n de la normativa que un centro realiza&nbsp; respecto a las ense\u00f1anzas que imparte.&#46;&#46;&#46;<\/p>\n","protected":false},"author":1,"featured_media":0,"parent":0,"menu_order":0,"comment_status":"closed","ping_status":"open","template":"","meta":{"ngg_post_thumbnail":0,"footnotes":"","_mc_calendar":[]},"aioseo_notices":[],"_links":{"self":[{"href":"https:\/\/blogsaverroes.juntadeandalucia.es\/sierradecadiz\/wp-json\/wp\/v2\/pages\/49"}],"collection":[{"href":"https:\/\/blogsaverroes.juntadeandalucia.es\/sierradecadiz\/wp-json\/wp\/v2\/pages"}],"about":[{"href":"https:\/\/blogsaverroes.juntadeandalucia.es\/sierradecadiz\/wp-json\/wp\/v2\/types\/page"}],"author":[{"embeddable":true,"href":"https:\/\/blogsaverroes.juntadeandalucia.es\/sierradecadiz\/wp-json\/wp\/v2\/users\/1"}],"replies":[{"embeddable":true,"href":"https:\/\/blogsaverroes.juntadeandalucia.es\/sierradecadiz\/wp-json\/wp\/v2\/comments?post=49"}],"version-history":[{"count":31,"href":"https:\/\/blogsaverroes.juntadeandalucia.es\/sierradecadiz\/wp-json\/wp\/v2\/pages\/49\/revisions"}],"predecessor-version":[{"id":3059,"href":"https:\/\/blogsaverroes.juntadeandalucia.es\/sierradecadiz\/wp-json\/wp\/v2\/pages\/49\/revisions\/3059"}],"wp:attachment":[{"href":"https:\/\/blogsaverroes.juntadeandalucia.es\/sierradecadiz\/wp-json\/wp\/v2\/media?parent=49"}],"curies":[{"name":"wp","href":"https:\/\/api.w.org\/{rel}","templated":true}]}}