{"id":99,"date":"2025-05-23T07:22:54","date_gmt":"2025-05-23T06:22:54","guid":{"rendered":"http:\/\/blogsaverroes.juntadeandalucia.es\/pre\/ceip\/?page_id=99"},"modified":"2025-05-23T10:34:35","modified_gmt":"2025-05-23T09:34:35","slug":"comedor-escolar","status":"publish","type":"page","link":"https:\/\/blogsaverroes.juntadeandalucia.es\/sierradecadiz\/comedor-escolar\/","title":{"rendered":"Comedor escolar"},"content":{"rendered":"<h4><a href=\"http:\/\/blogsaverroes.juntadeandalucia.es\/sierradecadiz\/files\/2015\/03\/P61018-120748.jpg\"><img loading=\"lazy\" decoding=\"async\" class=\"alignnone size-medium wp-image-2241\" src=\"http:\/\/blogsaverroes.juntadeandalucia.es\/sierradecadiz\/files\/2015\/03\/P61018-120748-300x222.jpg\" alt=\"P61018-120748\" width=\"300\" height=\"222\" srcset=\"https:\/\/blogsaverroes.juntadeandalucia.es\/sierradecadiz\/files\/2015\/03\/P61018-120748-300x222.jpg 300w, https:\/\/blogsaverroes.juntadeandalucia.es\/sierradecadiz\/files\/2015\/03\/P61018-120748-1024x758.jpg 1024w, https:\/\/blogsaverroes.juntadeandalucia.es\/sierradecadiz\/files\/2015\/03\/P61018-120748-700x518.jpg 700w, https:\/\/blogsaverroes.juntadeandalucia.es\/sierradecadiz\/files\/2015\/03\/P61018-120748.jpg 1600w\" sizes=\"(max-width: 300px) 100vw, 300px\" \/><\/a> <a href=\"http:\/\/blogsaverroes.juntadeandalucia.es\/sierradecadiz\/files\/2015\/03\/P61018-120756.jpg\"><img loading=\"lazy\" decoding=\"async\" class=\"alignnone size-medium wp-image-2242\" src=\"http:\/\/blogsaverroes.juntadeandalucia.es\/sierradecadiz\/files\/2015\/03\/P61018-120756-300x222.jpg\" alt=\"P61018-120756\" width=\"300\" height=\"222\" srcset=\"https:\/\/blogsaverroes.juntadeandalucia.es\/sierradecadiz\/files\/2015\/03\/P61018-120756-300x222.jpg 300w, https:\/\/blogsaverroes.juntadeandalucia.es\/sierradecadiz\/files\/2015\/03\/P61018-120756-1024x758.jpg 1024w, https:\/\/blogsaverroes.juntadeandalucia.es\/sierradecadiz\/files\/2015\/03\/P61018-120756-700x518.jpg 700w, https:\/\/blogsaverroes.juntadeandalucia.es\/sierradecadiz\/files\/2015\/03\/P61018-120756.jpg 1600w\" sizes=\"(max-width: 300px) 100vw, 300px\" \/><\/a><\/h4>\n<p>Los comedores escolares son un servicio complementario que resulta de gran utilidad a padres y madres para ayudarles a&nbsp;conciliar la vida laboral y familiar. Tienen una duraci\u00f3n de hasta dos horas desde que acaba la jornada escolar de la ma\u00f1ana (de 14.00 a 16.00 horas).<\/p>\n<p>Los comedores son adem\u00e1s una pieza importante&nbsp;en todas las medidas dirigidas a mejorar los h\u00e1bitos alimenticios de los ni\u00f1os y ni\u00f1as y prevenir problemas de salud como la obesidad.<\/p>\n<p>Los comedores escolares de los centros p\u00fablicos andaluces promueven una alimentaci\u00f3n saludable que est\u00e1 supervisada por nutricionistas y que, entre otros aspectos, se caracteriza por:<\/p>\n<p>Una mayor proporci\u00f3n de verdura en los men\u00fas<\/p>\n<p>Fruta fresca como postre al menos cuatro d\u00edas a la semana<\/p>\n<p>Uso de aceite de oliva virgen extra<\/p>\n<p>M\u00e1s pescado que carne, que debe ser magra<\/p>\n<p>Prohibici\u00f3n de los alimentos precocinados y limitaci\u00f3n de los fritos<\/p>\n<p>Apuesta por la dieta mediterr\u00e1nea y los productos ecol\u00f3gicos<\/p>\n<p>Men\u00fa ENERO-FEBRERO:<\/p>\n<p><strong><a href=\"http:\/\/blogsaverroes.juntadeandalucia.es\/sierradecadiz\/files\/2015\/03\/P70206-172131.jpg\"><img loading=\"lazy\" decoding=\"async\" class=\"alignnone size-medium wp-image-2544\" src=\"http:\/\/blogsaverroes.juntadeandalucia.es\/sierradecadiz\/files\/2015\/03\/P70206-172131-225x300.jpg\" alt=\"P70206-172131\" width=\"225\" height=\"300\" srcset=\"https:\/\/blogsaverroes.juntadeandalucia.es\/sierradecadiz\/files\/2015\/03\/P70206-172131-225x300.jpg 225w, https:\/\/blogsaverroes.juntadeandalucia.es\/sierradecadiz\/files\/2015\/03\/P70206-172131-768x1024.jpg 768w, https:\/\/blogsaverroes.juntadeandalucia.es\/sierradecadiz\/files\/2015\/03\/P70206-172131-700x933.jpg 700w, https:\/\/blogsaverroes.juntadeandalucia.es\/sierradecadiz\/files\/2015\/03\/P70206-172131-18x24.jpg 18w, https:\/\/blogsaverroes.juntadeandalucia.es\/sierradecadiz\/files\/2015\/03\/P70206-172131-27x36.jpg 27w, https:\/\/blogsaverroes.juntadeandalucia.es\/sierradecadiz\/files\/2015\/03\/P70206-172131-36x48.jpg 36w, https:\/\/blogsaverroes.juntadeandalucia.es\/sierradecadiz\/files\/2015\/03\/P70206-172131.jpg 1200w\" sizes=\"(max-width: 225px) 100vw, 225px\" \/><\/a><\/strong><\/p>\n<p>MEN\u00da&nbsp; MARZO- ABRIL<\/p>\n<p><a href=\"http:\/\/blogsaverroes.juntadeandalucia.es\/sierradecadiz\/files\/2015\/03\/menu-marzo-abril.jpg\"><img loading=\"lazy\" decoding=\"async\" class=\"alignnone size-medium wp-image-2602\" src=\"http:\/\/blogsaverroes.juntadeandalucia.es\/sierradecadiz\/files\/2015\/03\/menu-marzo-abril-225x300.jpg\" alt=\"\" width=\"225\" height=\"300\" srcset=\"https:\/\/blogsaverroes.juntadeandalucia.es\/sierradecadiz\/files\/2015\/03\/menu-marzo-abril-225x300.jpg 225w, https:\/\/blogsaverroes.juntadeandalucia.es\/sierradecadiz\/files\/2015\/03\/menu-marzo-abril-768x1024.jpg 768w, https:\/\/blogsaverroes.juntadeandalucia.es\/sierradecadiz\/files\/2015\/03\/menu-marzo-abril-700x933.jpg 700w, https:\/\/blogsaverroes.juntadeandalucia.es\/sierradecadiz\/files\/2015\/03\/menu-marzo-abril-18x24.jpg 18w, https:\/\/blogsaverroes.juntadeandalucia.es\/sierradecadiz\/files\/2015\/03\/menu-marzo-abril-27x36.jpg 27w, https:\/\/blogsaverroes.juntadeandalucia.es\/sierradecadiz\/files\/2015\/03\/menu-marzo-abril-36x48.jpg 36w, https:\/\/blogsaverroes.juntadeandalucia.es\/sierradecadiz\/files\/2015\/03\/menu-marzo-abril.jpg 1200w\" sizes=\"(max-width: 225px) 100vw, 225px\" \/><\/a><\/p>\n<p>&nbsp;<\/p>\n<p>MENU 17 ABRIL &#8211; 12 MAYO<\/p>\n<p><a href=\"http:\/\/blogsaverroes.juntadeandalucia.es\/sierradecadiz\/files\/2015\/03\/MENU-17-ABRIL-12-MAYO.jpg\"><img loading=\"lazy\" decoding=\"async\" class=\"alignnone size-medium wp-image-2668\" src=\"http:\/\/blogsaverroes.juntadeandalucia.es\/sierradecadiz\/files\/2015\/03\/MENU-17-ABRIL-12-MAYO-283x300.jpg\" alt=\"\" width=\"283\" height=\"300\" srcset=\"https:\/\/blogsaverroes.juntadeandalucia.es\/sierradecadiz\/files\/2015\/03\/MENU-17-ABRIL-12-MAYO-283x300.jpg 283w, https:\/\/blogsaverroes.juntadeandalucia.es\/sierradecadiz\/files\/2015\/03\/MENU-17-ABRIL-12-MAYO-700x743.jpg 700w, https:\/\/blogsaverroes.juntadeandalucia.es\/sierradecadiz\/files\/2015\/03\/MENU-17-ABRIL-12-MAYO-24x24.jpg 24w, https:\/\/blogsaverroes.juntadeandalucia.es\/sierradecadiz\/files\/2015\/03\/MENU-17-ABRIL-12-MAYO-34x36.jpg 34w, https:\/\/blogsaverroes.juntadeandalucia.es\/sierradecadiz\/files\/2015\/03\/MENU-17-ABRIL-12-MAYO-45x48.jpg 45w, https:\/\/blogsaverroes.juntadeandalucia.es\/sierradecadiz\/files\/2015\/03\/MENU-17-ABRIL-12-MAYO.jpg 756w\" sizes=\"(max-width: 283px) 100vw, 283px\" \/><\/a><\/p>\n<p><a href=\"https:\/\/www.mediterranea-group.com\/\">MEDITERR\u00c1NEA Group<\/a><\/p>\n<table class=\"centertable\" width=\"700\" cellspacing=\"0\" cellpadding=\"0\">\n<tbody>\n<tr>\n<td>\n<h2><a href=\"https:\/\/andalucia.mediterranea-group.com\/\">Iniciar sesi\u00f3n a la zona de madres y padres de alumnos<\/a><\/h2>\n<\/td>\n<\/tr>\n<\/tbody>\n<\/table>\n<p>&nbsp;<\/p>\n","protected":false},"excerpt":{"rendered":"<p>Los comedores escolares son un servicio complementario que resulta de gran utilidad a padres y madres para ayudarles a&nbsp;conciliar la vida laboral y familiar. Tienen una duraci\u00f3n de hasta dos horas desde que acaba&#46;&#46;&#46;<\/p>\n","protected":false},"author":1,"featured_media":0,"parent":0,"menu_order":0,"comment_status":"closed","ping_status":"open","template":"","meta":{"ngg_post_thumbnail":0,"footnotes":"","_mc_calendar":[]},"aioseo_notices":[],"_links":{"self":[{"href":"https:\/\/blogsaverroes.juntadeandalucia.es\/sierradecadiz\/wp-json\/wp\/v2\/pages\/99"}],"collection":[{"href":"https:\/\/blogsaverroes.juntadeandalucia.es\/sierradecadiz\/wp-json\/wp\/v2\/pages"}],"about":[{"href":"https:\/\/blogsaverroes.juntadeandalucia.es\/sierradecadiz\/wp-json\/wp\/v2\/types\/page"}],"author":[{"embeddable":true,"href":"https:\/\/blogsaverroes.juntadeandalucia.es\/sierradecadiz\/wp-json\/wp\/v2\/users\/1"}],"replies":[{"embeddable":true,"href":"https:\/\/blogsaverroes.juntadeandalucia.es\/sierradecadiz\/wp-json\/wp\/v2\/comments?post=99"}],"version-history":[{"count":11,"href":"https:\/\/blogsaverroes.juntadeandalucia.es\/sierradecadiz\/wp-json\/wp\/v2\/pages\/99\/revisions"}],"predecessor-version":[{"id":3154,"href":"https:\/\/blogsaverroes.juntadeandalucia.es\/sierradecadiz\/wp-json\/wp\/v2\/pages\/99\/revisions\/3154"}],"wp:attachment":[{"href":"https:\/\/blogsaverroes.juntadeandalucia.es\/sierradecadiz\/wp-json\/wp\/v2\/media?parent=99"}],"curies":[{"name":"wp","href":"https:\/\/api.w.org\/{rel}","templated":true}]}}