{"id":1113,"date":"2015-12-08T11:00:55","date_gmt":"2015-12-08T10:00:55","guid":{"rendered":"http:\/\/blogsaverroes.juntadeandalucia.es\/pre\/ceip\/?page_id=2"},"modified":"2018-01-14T13:02:03","modified_gmt":"2018-01-14T12:02:03","slug":"inicio","status":"publish","type":"page","link":"https:\/\/blogsaverroes.juntadeandalucia.es\/sierramagina\/inicio\/","title":{"rendered":"Inicio"},"content":{"rendered":"<p style=\"text-align: center\"><!-- This slideshow output is generated with Advanced post slider a multipurpose responsive WordPress slideshow plugin - http:\/\/www.wpcue.com\/wordpress-plugins\/advanced-post-slider\/ -->\r\n<style>\r\n#advps_container1 .bx-wrapper .bx-viewport {\r\n\t\tbackground:#ffffff;\r\n}\r\n#advps_container1 .bx-wrapper .bx-pager{\r\n\ttext-align: center;\r\n\t;\r\n}\r\n#advps_container1 .bx-wrapper .bx-pager\r\n{\r\n\tbottom:-35px;\r\n\tz-index:999;\r\n}\r\n#advps_container1 .bx-wrapper .bx-controls-auto\r\n{\r\n\tbottom:6px;\r\n}\r\n#advps_container1 .bx-wrapper .bx-controls.bx-has-controls-auto.bx-has-pager .bx-pager {\r\n\ttext-align: center;\r\n}\r\n#advps_container1 .bx-wrapper .bx-controls-auto {\r\n\tz-index:99999;\r\n\tleft:5px;width:35px;}\r\n\r\n#advps_container1 .bx-wrapper .bx-pager.bx-default-pager a {\r\n\tbackground: #666;\r\n\ttext-indent: -9999px;\r\n\tdisplay: block;\r\n\twidth: 10px;\r\n\theight: 10px;\r\n\tmargin: 0 5px;\r\n\toutline: 0;\r\n\t-moz-border-radius: 5px;\r\n\t-webkit-border-radius: 5px;\r\n\tborder-radius: 5px;\r\n\ttext-align:left;\r\n}\r\n#advps_container1 .bx-wrapper .bx-pager.bx-default-pager a:hover,\r\n#advps_container1 .bx-wrapper .bx-pager.bx-default-pager a.active {\r\n\tbackground: #000;\r\n}\r\n\r\n\/* thumbnail pager*\/\r\n#advps_container1 #bx-pager\r\n{\r\n\twidth:100%;\r\n\tposition:absolute;\r\n\tbottom:-35px;\r\n    text-align: center;\r\n\tz-index: 9999;\r\n}\r\n#advps_container1 #bx-pager a img\r\n{\r\n\tborder: 1px solid #CCCCCC;\r\n    padding: 3px;\r\n}\r\n#advps_container1 #bx-pager a:hover img, #advps_container1 #bx-pager a.active img\r\n{\r\n\tborder: 1px solid #666666;\r\n}\r\n\/* medai queries *\/\r\n#advps_container1 .advs-title,#advps_container1 .advs-title a\r\n{\r\n\tfont-size:14px;\r\n\tline-height:16px;\r\n}\r\n#advps_container1 .advps-slide p\r\n{\r\n\tfont-size:14px;\r\n\tline-height:14px;\r\n}\r\n@media screen and (max-width: 1024px){\r\n\t#advps_container1 .advs-title,#advps_container1 .advs-title a\r\n\t{\r\n\t\tfont-size:14px;\r\n\t\tline-height:16px;\r\n\t}\r\n\t#advps_container1 .advps-slide p\r\n\t{\r\n\t\tfont-size:12px;\r\n\t\tline-height:12px;\r\n\t}\r\n}\r\n@media screen and (max-width: 768px){\r\n\t#advps_container1 h2.advs-title, #advps_container1 h2.advs-title a\r\n\t{\r\n\t\tfont-size:14px;\r\n\t\tline-height:16px;\r\n\t}\r\n\t#advps_container1 .advps-slide p\r\n\t{\r\n\t\tfont-size:12px;\r\n\t\tline-height:12px;\r\n\t}\r\n}\r\n@media screen and (max-width: 650px){\r\n\t#advps_container1 h2.advs-title, #advps_container1 h2.advs-title a\r\n\t{\r\n\t\tfont-size:14px;\r\n\t\tline-height:15px;\r\n\t}\r\n\t#advps_container1 .advps-slide p\r\n\t{\r\n\t\tfont-size:12px;\r\n\t\tline-height:12px;\r\n\t}\r\n}\r\n@media screen and (max-width: 480px){\r\n\t#advps_container1 h2.advs-title, #advps_container1 h2.advs-title a\r\n\t{\r\n\t\tfont-size:12px;\r\n\t\tline-height:15px;\r\n\t}\r\n\t#advps_container1 .advps-slide p\r\n\t{\r\n\t\tfont-size:12px;\r\n\t\tline-height:12px;\r\n\t}\r\n}\r\n@media screen and (max-width: 320px){\r\n\t#advps_container1 h2.advs-title, #advps_container1 h2.advs-title a\r\n\t{\r\n\t\tfont-size:12px;\r\n\t\tline-height:15px;\r\n\t}\r\n\t#advps_container1 .advps-slide p\r\n\t{\r\n\t\tfont-size:12px;\r\n\t\tline-height:12px;\r\n\t}\r\n}\r\n<\/style>\r\n<script type=\"text\/javascript\">\r\n\t\tjQuery(document).ready(function($){\r\n\t\t\t$('#advpsslideshow_1').bxSlider({\r\n\t\t\t\tuseCSS:1,\r\n\t\t\t\tslideMargin: 0,\r\n\t\t\t\tspeed: 2000,\t\t\t\t\r\n\t\t\t\t\t\t\t\tmode: 'fade',\r\n\t\t\t\t\t\t\t\t\t\t\t\tauto: 1,\r\n\t\t\t\tautoHover: 1,\r\n\t\t\t\tpause: 5000,\r\n\t\t\t\teasing: 'linear',\r\n\t\t\t\tcontrols: 1,\r\n\t\t\t\tpager: 1,\r\n  \t\t\t\tautoControls: 0\t\t\t\t\t\t\t});\r\n\t\t\t\t\t\t\t$(\"#advpsslideshow_1 .advs-title a\").hover(function(){\r\n\t\t\t\t\t$(this).css('color','#c9c9c9');\r\n\t\t\t\t},function(){\r\n\t\t\t\t\t$(this).css('color','#FFFFFF');\r\n\t\t\t\t});\r\n\t\t\t\t\t\t$(\"#advpsslideshow_1 .advps-slide\").hover(function(){\r\n\t\t\t\t  \t\t\t},function(){\r\n\t\t\t\t\t\t\t});\r\n\t\t});\r\n\t<\/script>\r\n<div id=\"advps_container1\" class=\"advps-slide-container\" style=\"overflow:hidden;max-width:700px;margin:auto;\">\r\n \r\n  <div id=\"advpsslideshow_1\">\r\n        <div class=\"advps-slide\">\r\n\t<a target=\"_self\" href=\"https:\/\/blogsaverroes.juntadeandalucia.es\/sierramagina\/xxi-edicion-concurso-fotomate\/\" >      <img fetchpriority=\"high\" decoding=\"async\" width=\"600\" height=\"450\" src=\"https:\/\/blogsaverroes.juntadeandalucia.es\/sierramagina\/files\/2026\/03\/GANADORES_FOTOMATE_25-26PORTADA.jpg\" class=\"attachment-full size-full wp-post-image\" alt=\"\" srcset=\"https:\/\/blogsaverroes.juntadeandalucia.es\/sierramagina\/files\/2026\/03\/GANADORES_FOTOMATE_25-26PORTADA.jpg 600w, https:\/\/blogsaverroes.juntadeandalucia.es\/sierramagina\/files\/2026\/03\/GANADORES_FOTOMATE_25-26PORTADA-533x400.jpg 533w\" sizes=\"(max-width: 600px) 100vw, 600px\" \/>      <\/a>       \r\n      <div class=\"advps-excerpt-one\" style=\"width:40%;height:100%;top:0; right:0;\">\r\n      \t<div class=\"advps-overlay-one\" style=\"background-color:#565656; -moz-opacity:0.4;filter:alpha(opacity=40);opacity:0.4;\"><\/div>\r\n        <div class=\"advps-excerpt-block-one\" style=\"text-align:right;color:#FFFFFF;-moz-opacity:1;filter:alpha(opacity=100);opacity:1;\">        \r\n        <h2 class=\"advs-title\" style=\"margin:5px 0px 10px 0px;color:#FFFFFF\"><a target=\"_self\" href=\"https:\/\/blogsaverroes.juntadeandalucia.es\/sierramagina\/xxi-edicion-concurso-fotomate\/\" style=\"margin:5px 0px 10px 0px;color:#FFFFFF\" >XXI Edici\u00f3n concurso \u00abFOTOMATE\u00bb<\/a><\/h2>\r\n          \r\n            <p>El instituto Sierra M\u00e1gina de Mancha Real ha celebrado su tradicional concurso \u201cFotomate\u201d en su XXI edici\u00f3n. Como todos los cursos, los alumnos de ESO y Bachillerato han participado enviando&#46;&#46;&#46;<\/p>\n        <\/div>\r\n      <\/div>\r\n    <\/div>\r\n        <div class=\"advps-slide\">\r\n\t<a target=\"_self\" href=\"https:\/\/blogsaverroes.juntadeandalucia.es\/sierramagina\/concurso-de-sensibilizacion-de-alcohol-en-menores\/\" >      <img decoding=\"async\" width=\"4032\" height=\"3024\" src=\"https:\/\/blogsaverroes.juntadeandalucia.es\/sierramagina\/files\/2026\/03\/IMG_8507-rotated.jpeg\" class=\"attachment-full size-full wp-post-image\" alt=\"\" srcset=\"https:\/\/blogsaverroes.juntadeandalucia.es\/sierramagina\/files\/2026\/03\/IMG_8507-rotated.jpeg 4032w, https:\/\/blogsaverroes.juntadeandalucia.es\/sierramagina\/files\/2026\/03\/IMG_8507-533x400.jpeg 533w, https:\/\/blogsaverroes.juntadeandalucia.es\/sierramagina\/files\/2026\/03\/IMG_8507-1024x768.jpeg 1024w, https:\/\/blogsaverroes.juntadeandalucia.es\/sierramagina\/files\/2026\/03\/IMG_8507-768x576.jpeg 768w, https:\/\/blogsaverroes.juntadeandalucia.es\/sierramagina\/files\/2026\/03\/IMG_8507-1536x1152.jpeg 1536w, https:\/\/blogsaverroes.juntadeandalucia.es\/sierramagina\/files\/2026\/03\/IMG_8507-2048x1536.jpeg 2048w\" sizes=\"(max-width: 4032px) 100vw, 4032px\" \/>      <\/a>       \r\n      <div class=\"advps-excerpt-one\" style=\"width:40%;height:100%;top:0; right:0;\">\r\n      \t<div class=\"advps-overlay-one\" style=\"background-color:#565656; -moz-opacity:0.4;filter:alpha(opacity=40);opacity:0.4;\"><\/div>\r\n        <div class=\"advps-excerpt-block-one\" style=\"text-align:right;color:#FFFFFF;-moz-opacity:1;filter:alpha(opacity=100);opacity:1;\">        \r\n        <h2 class=\"advs-title\" style=\"margin:5px 0px 10px 0px;color:#FFFFFF\"><a target=\"_self\" href=\"https:\/\/blogsaverroes.juntadeandalucia.es\/sierramagina\/concurso-de-sensibilizacion-de-alcohol-en-menores\/\" style=\"margin:5px 0px 10px 0px;color:#FFFFFF\" >Concurso de sensibilizaci\u00f3n de alcohol en menores<\/a><\/h2>\r\n          \r\n            <p>Nuestra alumna, Natalia Segura Lorite de 3\u00ba ESO B, ha recibido el premio en el Concurso de Sensibilizaci\u00f3n de Alcohol en Menores, desde el Programa \u00abCiudades contra las Drogas\u00bb del&#46;&#46;&#46;<\/p>\n        <\/div>\r\n      <\/div>\r\n    <\/div>\r\n        <div class=\"advps-slide\">\r\n\t<a target=\"_self\" href=\"https:\/\/blogsaverroes.juntadeandalucia.es\/sierramagina\/proyecto-steam-4-0\/\" >      <img decoding=\"async\" width=\"508\" height=\"370\" src=\"https:\/\/blogsaverroes.juntadeandalucia.es\/sierramagina\/files\/2026\/03\/IMG_2419.jpeg\" class=\"attachment-full size-full wp-post-image\" alt=\"\" \/>      <\/a>       \r\n      <div class=\"advps-excerpt-one\" style=\"width:40%;height:100%;top:0; right:0;\">\r\n      \t<div class=\"advps-overlay-one\" style=\"background-color:#565656; -moz-opacity:0.4;filter:alpha(opacity=40);opacity:0.4;\"><\/div>\r\n        <div class=\"advps-excerpt-block-one\" style=\"text-align:right;color:#FFFFFF;-moz-opacity:1;filter:alpha(opacity=100);opacity:1;\">        \r\n        <h2 class=\"advs-title\" style=\"margin:5px 0px 10px 0px;color:#FFFFFF\"><a target=\"_self\" href=\"https:\/\/blogsaverroes.juntadeandalucia.es\/sierramagina\/proyecto-steam-4-0\/\" style=\"margin:5px 0px 10px 0px;color:#FFFFFF\" >Proyecto STEAM 4.0<\/a><\/h2>\r\n          \r\n            <p>Los alumnos de 4\u00ba de ESO de la asignatura de laboratorio han replicado el experimento de Hertz de generaci\u00f3n de ondas electromagn\u00e9ticas dentro del proyecto STEAM 4.0. Este experimento fue&#46;&#46;&#46;<\/p>\n        <\/div>\r\n      <\/div>\r\n    <\/div>\r\n        <div class=\"advps-slide\">\r\n\t<a target=\"_self\" href=\"https:\/\/blogsaverroes.juntadeandalucia.es\/sierramagina\/olimpiadas-matematicas\/\" >      <img loading=\"lazy\" decoding=\"async\" width=\"1600\" height=\"1200\" src=\"https:\/\/blogsaverroes.juntadeandalucia.es\/sierramagina\/files\/2026\/03\/PORTADA.jpg\" class=\"attachment-full size-full wp-post-image\" alt=\"\" srcset=\"https:\/\/blogsaverroes.juntadeandalucia.es\/sierramagina\/files\/2026\/03\/PORTADA.jpg 1600w, https:\/\/blogsaverroes.juntadeandalucia.es\/sierramagina\/files\/2026\/03\/PORTADA-533x400.jpg 533w, https:\/\/blogsaverroes.juntadeandalucia.es\/sierramagina\/files\/2026\/03\/PORTADA-1024x768.jpg 1024w, https:\/\/blogsaverroes.juntadeandalucia.es\/sierramagina\/files\/2026\/03\/PORTADA-768x576.jpg 768w, https:\/\/blogsaverroes.juntadeandalucia.es\/sierramagina\/files\/2026\/03\/PORTADA-1536x1152.jpg 1536w\" sizes=\"(max-width: 1600px) 100vw, 1600px\" \/>      <\/a>       \r\n      <div class=\"advps-excerpt-one\" style=\"width:40%;height:100%;top:0; right:0;\">\r\n      \t<div class=\"advps-overlay-one\" style=\"background-color:#565656; -moz-opacity:0.4;filter:alpha(opacity=40);opacity:0.4;\"><\/div>\r\n        <div class=\"advps-excerpt-block-one\" style=\"text-align:right;color:#FFFFFF;-moz-opacity:1;filter:alpha(opacity=100);opacity:1;\">        \r\n        <h2 class=\"advs-title\" style=\"margin:5px 0px 10px 0px;color:#FFFFFF\"><a target=\"_self\" href=\"https:\/\/blogsaverroes.juntadeandalucia.es\/sierramagina\/olimpiadas-matematicas\/\" style=\"margin:5px 0px 10px 0px;color:#FFFFFF\" >OLIMPIADAS MATEM\u00c1TICAS<\/a><\/h2>\r\n          \r\n            <p>Nuestro alumnado de 4\u00ba y 2\u00ba de ESO ha participado en las olimpiadas matem\u00e1ticas Thales, celebradas los d\u00edas 14 de febrero y 14 de marzo respectivamente. Desde aqu\u00ed queremos felicitarles&#46;&#46;&#46;<\/p>\n        <\/div>\r\n      <\/div>\r\n    <\/div>\r\n        <div class=\"advps-slide\">\r\n\t<a target=\"_self\" href=\"https:\/\/blogsaverroes.juntadeandalucia.es\/sierramagina\/bienvenus\/\" >      <img loading=\"lazy\" decoding=\"async\" width=\"561\" height=\"749\" src=\"https:\/\/blogsaverroes.juntadeandalucia.es\/sierramagina\/files\/2026\/03\/1773568294740.jpeg\" class=\"attachment-full size-full wp-post-image\" alt=\"\" srcset=\"https:\/\/blogsaverroes.juntadeandalucia.es\/sierramagina\/files\/2026\/03\/1773568294740.jpeg 561w, https:\/\/blogsaverroes.juntadeandalucia.es\/sierramagina\/files\/2026\/03\/1773568294740-300x400.jpeg 300w\" sizes=\"(max-width: 561px) 100vw, 561px\" \/>      <\/a>       \r\n      <div class=\"advps-excerpt-one\" style=\"width:40%;height:100%;top:0; right:0;\">\r\n      \t<div class=\"advps-overlay-one\" style=\"background-color:#565656; -moz-opacity:0.4;filter:alpha(opacity=40);opacity:0.4;\"><\/div>\r\n        <div class=\"advps-excerpt-block-one\" style=\"text-align:right;color:#FFFFFF;-moz-opacity:1;filter:alpha(opacity=100);opacity:1;\">        \r\n        <h2 class=\"advs-title\" style=\"margin:5px 0px 10px 0px;color:#FFFFFF\"><a target=\"_self\" href=\"https:\/\/blogsaverroes.juntadeandalucia.es\/sierramagina\/bienvenus\/\" style=\"margin:5px 0px 10px 0px;color:#FFFFFF\" >Bienvenus!<\/a><\/h2>\r\n          \r\n            <p>Le damos la bienvenida al alumnado franc\u00e9s de intercambio ling\u00fc\u00edstico procedente del instituto&nbsp;\u00abColl\u00e8ge JEAN ROSTAND\u00bb&nbsp;de la ciudad de&nbsp;CH\u00c2TEAU THI\u00c9RRY.&nbsp;Son 25 alumnos\/as que van a pasar una semana de intercambio con&#46;&#46;&#46;<\/p>\n        <\/div>\r\n      <\/div>\r\n    <\/div>\r\n        <div class=\"advps-slide\">\r\n\t<a target=\"_self\" href=\"https:\/\/blogsaverroes.juntadeandalucia.es\/sierramagina\/patrimonio-natural-y-cultural-de-andalucia-1-eso-geografia-e-historia\/\" >      <img loading=\"lazy\" decoding=\"async\" width=\"3862\" height=\"2622\" src=\"https:\/\/blogsaverroes.juntadeandalucia.es\/sierramagina\/files\/2026\/03\/42345.jpg\" class=\"attachment-full size-full wp-post-image\" alt=\"\" srcset=\"https:\/\/blogsaverroes.juntadeandalucia.es\/sierramagina\/files\/2026\/03\/42345.jpg 3862w, https:\/\/blogsaverroes.juntadeandalucia.es\/sierramagina\/files\/2026\/03\/42345-589x400.jpg 589w, https:\/\/blogsaverroes.juntadeandalucia.es\/sierramagina\/files\/2026\/03\/42345-1024x695.jpg 1024w, https:\/\/blogsaverroes.juntadeandalucia.es\/sierramagina\/files\/2026\/03\/42345-768x521.jpg 768w, https:\/\/blogsaverroes.juntadeandalucia.es\/sierramagina\/files\/2026\/03\/42345-1536x1043.jpg 1536w, https:\/\/blogsaverroes.juntadeandalucia.es\/sierramagina\/files\/2026\/03\/42345-2048x1390.jpg 2048w\" sizes=\"(max-width: 3862px) 100vw, 3862px\" \/>      <\/a>       \r\n      <div class=\"advps-excerpt-one\" style=\"width:40%;height:100%;top:0; right:0;\">\r\n      \t<div class=\"advps-overlay-one\" style=\"background-color:#565656; -moz-opacity:0.4;filter:alpha(opacity=40);opacity:0.4;\"><\/div>\r\n        <div class=\"advps-excerpt-block-one\" style=\"text-align:right;color:#FFFFFF;-moz-opacity:1;filter:alpha(opacity=100);opacity:1;\">        \r\n        <h2 class=\"advs-title\" style=\"margin:5px 0px 10px 0px;color:#FFFFFF\"><a target=\"_self\" href=\"https:\/\/blogsaverroes.juntadeandalucia.es\/sierramagina\/patrimonio-natural-y-cultural-de-andalucia-1-eso-geografia-e-historia\/\" style=\"margin:5px 0px 10px 0px;color:#FFFFFF\" >Patrimonio Natural y Cultural de Andaluc\u00eda: 1\u00b0 ESO \u00abGeograf\u00eda e Historia\u00bb<\/a><\/h2>\r\n          \r\n            <p>El objetivo es que el alumnado conozca, valore y se implique en la conservaci\u00f3n de su identidad colectiva, a trav\u00e9s del conocimiento de su entorno sociocultural y ambiental. La composici\u00f3n&#46;&#46;&#46;<\/p>\n        <\/div>\r\n      <\/div>\r\n    <\/div>\r\n        <div class=\"advps-slide\">\r\n\t<a target=\"_self\" href=\"https:\/\/blogsaverroes.juntadeandalucia.es\/sierramagina\/sorteo-huerto-ecologico\/\" >      <img loading=\"lazy\" decoding=\"async\" width=\"600\" height=\"749\" src=\"https:\/\/blogsaverroes.juntadeandalucia.es\/sierramagina\/files\/2026\/03\/Premio-Huerto-Ecologico.jpg\" class=\"attachment-full size-full wp-post-image\" alt=\"\" srcset=\"https:\/\/blogsaverroes.juntadeandalucia.es\/sierramagina\/files\/2026\/03\/Premio-Huerto-Ecologico.jpg 600w, https:\/\/blogsaverroes.juntadeandalucia.es\/sierramagina\/files\/2026\/03\/Premio-Huerto-Ecologico-320x400.jpg 320w\" sizes=\"(max-width: 600px) 100vw, 600px\" \/>      <\/a>       \r\n      <div class=\"advps-excerpt-one\" style=\"width:40%;height:100%;top:0; right:0;\">\r\n      \t<div class=\"advps-overlay-one\" style=\"background-color:#565656; -moz-opacity:0.4;filter:alpha(opacity=40);opacity:0.4;\"><\/div>\r\n        <div class=\"advps-excerpt-block-one\" style=\"text-align:right;color:#FFFFFF;-moz-opacity:1;filter:alpha(opacity=100);opacity:1;\">        \r\n        <h2 class=\"advs-title\" style=\"margin:5px 0px 10px 0px;color:#FFFFFF\"><a target=\"_self\" href=\"https:\/\/blogsaverroes.juntadeandalucia.es\/sierramagina\/sorteo-huerto-ecologico\/\" style=\"margin:5px 0px 10px 0px;color:#FFFFFF\" >Sorteo huerto ecol\u00f3gico.<\/a><\/h2>\r\n          \r\n            <p>El profesor D. Juli\u00e1n Gon\u00e7alves Ligero ha organizado un sorteo con los productos recogidos en el huerto ecol\u00f3gico que cultiva con algunos alumnos del centro del que ha resultado ganadora&#46;&#46;&#46;<\/p>\n        <\/div>\r\n      <\/div>\r\n    <\/div>\r\n        <div class=\"advps-slide\">\r\n\t<a target=\"_self\" href=\"https:\/\/blogsaverroes.juntadeandalucia.es\/sierramagina\/felicidades-natalia-2\/\" >      <img loading=\"lazy\" decoding=\"async\" width=\"901\" height=\"1600\" src=\"https:\/\/blogsaverroes.juntadeandalucia.es\/sierramagina\/files\/2026\/03\/IMG-20260302-WA0002.jpg\" class=\"attachment-full size-full wp-post-image\" alt=\"\" srcset=\"https:\/\/blogsaverroes.juntadeandalucia.es\/sierramagina\/files\/2026\/03\/IMG-20260302-WA0002.jpg 901w, https:\/\/blogsaverroes.juntadeandalucia.es\/sierramagina\/files\/2026\/03\/IMG-20260302-WA0002-225x400.jpg 225w, https:\/\/blogsaverroes.juntadeandalucia.es\/sierramagina\/files\/2026\/03\/IMG-20260302-WA0002-577x1024.jpg 577w, https:\/\/blogsaverroes.juntadeandalucia.es\/sierramagina\/files\/2026\/03\/IMG-20260302-WA0002-768x1363.jpg 768w, https:\/\/blogsaverroes.juntadeandalucia.es\/sierramagina\/files\/2026\/03\/IMG-20260302-WA0002-865x1536.jpg 865w\" sizes=\"(max-width: 901px) 100vw, 901px\" \/>      <\/a>       \r\n      <div class=\"advps-excerpt-one\" style=\"width:40%;height:100%;top:0; right:0;\">\r\n      \t<div class=\"advps-overlay-one\" style=\"background-color:#565656; -moz-opacity:0.4;filter:alpha(opacity=40);opacity:0.4;\"><\/div>\r\n        <div class=\"advps-excerpt-block-one\" style=\"text-align:right;color:#FFFFFF;-moz-opacity:1;filter:alpha(opacity=100);opacity:1;\">        \r\n        <h2 class=\"advs-title\" style=\"margin:5px 0px 10px 0px;color:#FFFFFF\"><a target=\"_self\" href=\"https:\/\/blogsaverroes.juntadeandalucia.es\/sierramagina\/felicidades-natalia-2\/\" style=\"margin:5px 0px 10px 0px;color:#FFFFFF\" >\u00a1Felicidades Natalia!<\/a><\/h2>\r\n          \r\n            <p>Este pasado fin de semana, nuestra alumna\u00a0 Natalia Segura Lorite, ha participado en el Campeonato por Federaciones Auton\u00f3micas, representando a Andaluc\u00eda, en nataci\u00f3n adaptada e inclusiva. En ambas categor\u00edas el&#46;&#46;&#46;<\/p>\n        <\/div>\r\n      <\/div>\r\n    <\/div>\r\n        <div class=\"advps-slide\">\r\n\t<a target=\"_self\" href=\"https:\/\/blogsaverroes.juntadeandalucia.es\/sierramagina\/situacion-de-aprendizaje-parques-y-espacios-naturales-de-andalucia-3-eso-de-geografia\/\" >      <img loading=\"lazy\" decoding=\"async\" width=\"1600\" height=\"900\" src=\"https:\/\/blogsaverroes.juntadeandalucia.es\/sierramagina\/files\/2026\/03\/20260224_105402-2.jpg\" class=\"attachment-full size-full wp-post-image\" alt=\"\" srcset=\"https:\/\/blogsaverroes.juntadeandalucia.es\/sierramagina\/files\/2026\/03\/20260224_105402-2.jpg 1600w, https:\/\/blogsaverroes.juntadeandalucia.es\/sierramagina\/files\/2026\/03\/20260224_105402-2-600x338.jpg 600w, https:\/\/blogsaverroes.juntadeandalucia.es\/sierramagina\/files\/2026\/03\/20260224_105402-2-1024x576.jpg 1024w, https:\/\/blogsaverroes.juntadeandalucia.es\/sierramagina\/files\/2026\/03\/20260224_105402-2-768x432.jpg 768w, https:\/\/blogsaverroes.juntadeandalucia.es\/sierramagina\/files\/2026\/03\/20260224_105402-2-1536x864.jpg 1536w, https:\/\/blogsaverroes.juntadeandalucia.es\/sierramagina\/files\/2026\/03\/20260224_105402-2-2048x1152.jpg 2048w\" sizes=\"(max-width: 1600px) 100vw, 1600px\" \/>      <\/a>       \r\n      <div class=\"advps-excerpt-one\" style=\"width:40%;height:100%;top:0; right:0;\">\r\n      \t<div class=\"advps-overlay-one\" style=\"background-color:#565656; -moz-opacity:0.4;filter:alpha(opacity=40);opacity:0.4;\"><\/div>\r\n        <div class=\"advps-excerpt-block-one\" style=\"text-align:right;color:#FFFFFF;-moz-opacity:1;filter:alpha(opacity=100);opacity:1;\">        \r\n        <h2 class=\"advs-title\" style=\"margin:5px 0px 10px 0px;color:#FFFFFF\"><a target=\"_self\" href=\"https:\/\/blogsaverroes.juntadeandalucia.es\/sierramagina\/situacion-de-aprendizaje-parques-y-espacios-naturales-de-andalucia-3-eso-de-geografia\/\" style=\"margin:5px 0px 10px 0px;color:#FFFFFF\" >Situaci\u00f3n de aprendizaje: Parques y Espacios Naturales de Andaluc\u00eda. 3\u00b0 ESO, de Geograf\u00eda<\/a><\/h2>\r\n          \r\n            <p>Los alumnos de 3\u00b0 de ESO, de Geograf\u00eda, han realizado un estudio de los Espacios y Parques Naturales en Andaluc\u00eda. La actividad se ha realizado en peque\u00f1o grupo (3 a&#46;&#46;&#46;<\/p>\n        <\/div>\r\n      <\/div>\r\n    <\/div>\r\n        <div class=\"advps-slide\">\r\n\t<a target=\"_self\" href=\"https:\/\/blogsaverroes.juntadeandalucia.es\/sierramagina\/visita-extraescolar-a-jaen-renacentista-2-bachillerato-de-historia-del-arte\/\" >      <img loading=\"lazy\" decoding=\"async\" width=\"421\" height=\"749\" src=\"https:\/\/blogsaverroes.juntadeandalucia.es\/sierramagina\/files\/2026\/02\/20260218_110544.jpg\" class=\"attachment-full size-full wp-post-image\" alt=\"\" srcset=\"https:\/\/blogsaverroes.juntadeandalucia.es\/sierramagina\/files\/2026\/02\/20260218_110544.jpg 421w, https:\/\/blogsaverroes.juntadeandalucia.es\/sierramagina\/files\/2026\/02\/20260218_110544-225x400.jpg 225w\" sizes=\"(max-width: 421px) 100vw, 421px\" \/>      <\/a>       \r\n      <div class=\"advps-excerpt-one\" style=\"width:40%;height:100%;top:0; right:0;\">\r\n      \t<div class=\"advps-overlay-one\" style=\"background-color:#565656; -moz-opacity:0.4;filter:alpha(opacity=40);opacity:0.4;\"><\/div>\r\n        <div class=\"advps-excerpt-block-one\" style=\"text-align:right;color:#FFFFFF;-moz-opacity:1;filter:alpha(opacity=100);opacity:1;\">        \r\n        <h2 class=\"advs-title\" style=\"margin:5px 0px 10px 0px;color:#FFFFFF\"><a target=\"_self\" href=\"https:\/\/blogsaverroes.juntadeandalucia.es\/sierramagina\/visita-extraescolar-a-jaen-renacentista-2-bachillerato-de-historia-del-arte\/\" style=\"margin:5px 0px 10px 0px;color:#FFFFFF\" >Visita extraescolar a \u00abJa\u00e9n renacentista\u00bb: 2\u00b0 bachillerato, de Historia del Arte.<\/a><\/h2>\r\n          \r\n            <p>Los alumnos de Historia del Arte visitaron la catedral de la Asunci\u00f3n, de Ja\u00e9n.&nbsp; &nbsp; Se recorri\u00f3 su interior (siller\u00eda del coro, sacrist\u00eda) analizando sus caracter\u00edsticas arquitect\u00f3nicas, elementos decorativos (tem\u00e1tica&#46;&#46;&#46;<\/p>\n        <\/div>\r\n      <\/div>\r\n    <\/div>\r\n      <\/div>\r\n  <\/div><!-- end advps-slide-container -->\r\n<!-- \/ Advanced post slider a multipurpose responsive slideshow plugin -->\r\n<\/p>\n<div class=\"osc-res-tab tabbable   osc-tabs-left\"><div style=\"clear:both;width: 100%;\"><ul class=\"nav osc-res-nav nav-tabs osc-tabs-left-ul\" id=\"oscitas-restabs-1-visita-extraescolar-a-jaen-renacentista-2-bachillerato-de-historia-del-arte-27171\"><li class=\"active\"><a href=\"#ert_pane1-0\" data-toggle=\"tab\">Nuestra Web<\/a><\/li><li class=\"\"><a href=\"#ert_pane1-1\" data-toggle=\"tab\">Nuestro centro<\/a><\/li><\/ul><\/div><div style=\"clear:both;width: 100%;\"><ul class=\"tab-content\" id=\"oscitas-restabcontent-1-visita-extraescolar-a-jaen-renacentista-2-bachillerato-de-historia-del-arte-27171\"><li class=\"tab-pane active\" id=\"ert_pane1-0\"><\/p>\n<p>Esta web es&nbsp;un servicio cuya&nbsp;finalidad es proporcionar a toda la Comunidad Educativa (docentes, padres&nbsp;y&nbsp;alumnado) un espacio propio para la gesti\u00f3n y acceso a informaci\u00f3n relacionada con el Centro y la educaci\u00f3n. A partir de esta plataforma se pretende tanto difundir actividades educativas como publicar contenidos y recursos did\u00e1cticos v\u00e1lidos para&nbsp;el aula.<\/p>\n<p><sub>(Nuestra web se adapta a dispositivos&nbsp;m\u00f3viles como&nbsp;tabletas y tel\u00e9fonos inteligentes).<\/sub><\/p>\n<p><\/li><li class=\"tab-pane \" id=\"ert_pane1-1\"><\/p>\n<p>Tanto en este apartado como en actividades extraescolares y eventos, puede encontrar informaci\u00f3n general sobre el funcionamiento del Centro. No obstante, los contenidos m\u00e1s actualizados ser\u00e1n difundidos por medio de entradas, clasificados en categor\u00edas. En el panel derecho dispone de las entradas m\u00e1s recientes.<\/p>\n<p><\/li><\/ul><\/div><\/div>\n<p>[googlemaps https:\/\/www.google.com\/maps\/embed?pb=!1m18!1m12!1m3!1d100910.55205365042!2d-3.6503961170079937!3d37.779381205918284!2m3!1f0!2f0!3f0!3m2!1i1024!2i768!4f13.1!3m3!1m2!1s0xd6e7af1af0af561%3A0x640c64264f7d507b!2sInstituto+de+Educaci%C3%B3n+Secundaria+Ies+Sierra+Magina!5e0!3m2!1ses!2ses!4v1449681107491&amp;w=600&amp;h=450]<\/p>\n<p>&nbsp;<\/p>\n","protected":false},"excerpt":{"rendered":"<p>[googlemaps https:\/\/www.google.com\/maps\/embed?pb=!1m18!1m12!1m3!1d100910.55205365042!2d-3.6503961170079937!3d37.779381205918284!2m3!1f0!2f0!3f0!3m2!1i1024!2i768!4f13.1!3m3!1m2!1s0xd6e7af1af0af561%3A0x640c64264f7d507b!2sInstituto+de+Educaci%C3%B3n+Secundaria+Ies+Sierra+Magina!5e0!3m2!1ses!2ses!4v1449681107491&amp;w=600&amp;h=450] &nbsp;<\/p>\n","protected":false},"author":2068,"featured_media":2381,"parent":0,"menu_order":0,"comment_status":"closed","ping_status":"open","template":"page-scs.php","meta":{"ngg_post_thumbnail":0,"footnotes":"","_mc_calendar":[]},"aioseo_notices":[],"_links":{"self":[{"href":"https:\/\/blogsaverroes.juntadeandalucia.es\/sierramagina\/wp-json\/wp\/v2\/pages\/1113"}],"collection":[{"href":"https:\/\/blogsaverroes.juntadeandalucia.es\/sierramagina\/wp-json\/wp\/v2\/pages"}],"about":[{"href":"https:\/\/blogsaverroes.juntadeandalucia.es\/sierramagina\/wp-json\/wp\/v2\/types\/page"}],"author":[{"embeddable":true,"href":"https:\/\/blogsaverroes.juntadeandalucia.es\/sierramagina\/wp-json\/wp\/v2\/users\/2068"}],"replies":[{"embeddable":true,"href":"https:\/\/blogsaverroes.juntadeandalucia.es\/sierramagina\/wp-json\/wp\/v2\/comments?post=1113"}],"version-history":[{"count":53,"href":"https:\/\/blogsaverroes.juntadeandalucia.es\/sierramagina\/wp-json\/wp\/v2\/pages\/1113\/revisions"}],"predecessor-version":[{"id":4861,"href":"https:\/\/blogsaverroes.juntadeandalucia.es\/sierramagina\/wp-json\/wp\/v2\/pages\/1113\/revisions\/4861"}],"wp:featuredmedia":[{"embeddable":true,"href":"https:\/\/blogsaverroes.juntadeandalucia.es\/sierramagina\/wp-json\/wp\/v2\/media\/2381"}],"wp:attachment":[{"href":"https:\/\/blogsaverroes.juntadeandalucia.es\/sierramagina\/wp-json\/wp\/v2\/media?parent=1113"}],"curies":[{"name":"wp","href":"https:\/\/api.w.org\/{rel}","templated":true}]}}