{"id":170,"date":"2015-03-17T07:55:32","date_gmt":"2015-03-17T07:55:32","guid":{"rendered":"http:\/\/blogsaverroes.juntadeandalucia.es\/pre\/ceip\/?page_id=170"},"modified":"2015-12-07T21:20:41","modified_gmt":"2015-12-07T20:20:41","slug":"byg","status":"publish","type":"page","link":"https:\/\/blogsaverroes.juntadeandalucia.es\/sierramagina\/byg\/","title":{"rendered":"Biolog\u00eda y Geolog\u00eda"},"content":{"rendered":"<p><img fetchpriority=\"high\" decoding=\"async\" class=\"aligncenter size-medium wp-image-1992\" src=\"http:\/\/blogsaverroes.juntadeandalucia.es\/sierramagina\/files\/2015\/03\/biologia-300x169.jpg\" alt=\"biologia\" width=\"300\" height=\"169\" srcset=\"https:\/\/blogsaverroes.juntadeandalucia.es\/sierramagina\/files\/2015\/03\/biologia-300x169.jpg 300w, https:\/\/blogsaverroes.juntadeandalucia.es\/sierramagina\/files\/2015\/03\/biologia.jpg 640w\" sizes=\"(max-width: 300px) 100vw, 300px\" \/><\/p>\n<p style=\"text-align: justify\"><span style=\"font-family: sans-serif\"><span style=\"font-size: medium\">\u00a0 \u00a0 La asignatura de Biolog\u00eda y Geolog\u00eda debe contribuir durante la Educaci\u00f3n Secundaria Obligatoria (ESO) a que el alumnado adquiera unos conocimientos y destrezas b\u00e1sicas y sumar cultura cient\u00edfica. Los alumnos deben identificarse como agentes activos, y reconocer que de sus actuaciones y conocimientos depender\u00e1 el desarrollo de su entorno. <\/span><\/span><\/p>\n<p style=\"text-align: justify\"><span style=\"font-family: sans-serif\"><span style=\"font-size: medium\">\u00a0 \u00a0Durante esta etapa se persigue asentar los conocimientos ya adquiridos, para ir construyendo curso a curso conocimientos y destrezas convirtiendo al alumnado en ciudadanos respetuosos consigo mismos, con los dem\u00e1s y con el medio y materiales que utilizan. Personas responsables, capaces de tener criterios propios y de no perder el inter\u00e9s que tienen desde el comienzo de su temprana actividad escolar por no dejar de aprender. <\/span><\/span><\/p>\n<p style=\"text-align: justify\"><span style=\"font-family: sans-serif\"><span style=\"font-size: medium\">\u00a0 \u00a0 En el Bachillerato, la materia de Biolog\u00eda y Geolog\u00eda profundiza en los conocimientos adquiridos en la ESO, analizando con mayor detalle la organizaci\u00f3n de los seres vivos, su biodiversidad, su distribuci\u00f3n y los factores que en ella influyen, as\u00ed como el comportamiento de la Tierra como un planeta en continua actividad.<\/span><\/span><\/p>\n","protected":false},"excerpt":{"rendered":"<p>\u00a0 \u00a0 La asignatura de Biolog\u00eda y Geolog\u00eda debe contribuir durante la Educaci\u00f3n Secundaria Obligatoria (ESO) a que el alumnado adquiera unos conocimientos y destrezas b\u00e1sicas y sumar cultura cient\u00edfica. Los alumnos deben identificarse&#46;&#46;&#46;<\/p>\n","protected":false},"author":1,"featured_media":275,"parent":0,"menu_order":0,"comment_status":"closed","ping_status":"open","template":"page-sc.php","meta":{"ngg_post_thumbnail":0,"footnotes":"","_mc_calendar":[]},"aioseo_notices":[],"_links":{"self":[{"href":"https:\/\/blogsaverroes.juntadeandalucia.es\/sierramagina\/wp-json\/wp\/v2\/pages\/170"}],"collection":[{"href":"https:\/\/blogsaverroes.juntadeandalucia.es\/sierramagina\/wp-json\/wp\/v2\/pages"}],"about":[{"href":"https:\/\/blogsaverroes.juntadeandalucia.es\/sierramagina\/wp-json\/wp\/v2\/types\/page"}],"author":[{"embeddable":true,"href":"https:\/\/blogsaverroes.juntadeandalucia.es\/sierramagina\/wp-json\/wp\/v2\/users\/1"}],"replies":[{"embeddable":true,"href":"https:\/\/blogsaverroes.juntadeandalucia.es\/sierramagina\/wp-json\/wp\/v2\/comments?post=170"}],"version-history":[{"count":5,"href":"https:\/\/blogsaverroes.juntadeandalucia.es\/sierramagina\/wp-json\/wp\/v2\/pages\/170\/revisions"}],"predecessor-version":[{"id":2847,"href":"https:\/\/blogsaverroes.juntadeandalucia.es\/sierramagina\/wp-json\/wp\/v2\/pages\/170\/revisions\/2847"}],"wp:featuredmedia":[{"embeddable":true,"href":"https:\/\/blogsaverroes.juntadeandalucia.es\/sierramagina\/wp-json\/wp\/v2\/media\/275"}],"wp:attachment":[{"href":"https:\/\/blogsaverroes.juntadeandalucia.es\/sierramagina\/wp-json\/wp\/v2\/media?parent=170"}],"curies":[{"name":"wp","href":"https:\/\/api.w.org\/{rel}","templated":true}]}}