{"id":2936,"date":"2015-12-09T12:21:15","date_gmt":"2015-12-09T11:21:15","guid":{"rendered":"http:\/\/blogsaverroes.juntadeandalucia.es\/sierramagina\/?page_id=2936"},"modified":"2018-11-28T08:19:41","modified_gmt":"2018-11-28T07:19:41","slug":"zona-de-descarga","status":"publish","type":"page","link":"https:\/\/blogsaverroes.juntadeandalucia.es\/sierramagina\/tecnologia\/zona-de-descarga\/","title":{"rendered":"Zona de descarga (Tecnolog\u00eda)"},"content":{"rendered":"<p>Desde aqu\u00ed les ofrecemos materiales relacionados con las las asignaturas de Tecnolog\u00eda y Electrotecnia<\/p>\n<p>Tambi\u00e9n pueden consultar algunos de estos materiales en la plataforma Moodle del centro: Tecnolog\u00eda y <a href=\"http:\/\/www.juntadeandalucia.es\/educacion\/moodle-centros\/23005153\/course\/view.php?id=5\">Electrotecnia&nbsp;<\/a><\/p>\n<p>(acceso como invitado)<\/p>\n<p style=\"text-align: center\">&nbsp;<span style=\"font-family: arial black,sans-serif;color: #0000ff\"> TENOLOG\u00cdA&nbsp; INDUSTRIAL II (Pruebas de acceso a la universidad)<br \/>\n<\/span><\/p>\n<table style=\"height: 444px;border-color: #f7f5f5;background-color: #7af5a5\" width=\"510\">\n<tbody>\n<tr style=\"background-color: #dea916\">\n<td style=\"width: 1px;height: 20px;border-color: #030000;text-align: center\" width=\"25\"><span style=\"font-family: helvetica,arial,sans-serif\"><strong>2\u00ba BACHILLERATO<\/strong><\/span><\/td>\n<td style=\"width: 1px;height: 20px;border-color: #030000;text-align: center\" width=\"200\"><span style=\"font-family: helvetica,arial,sans-serif\"><strong>PROBLEMAS<br \/>\n<\/strong><\/span><\/td>\n<td style=\"width: 1px;height: 20px;border-color: #030000;text-align: center\" width=\"200\">&nbsp;<span style=\"font-family: helvetica,arial,sans-serif\"><strong>CUESTIONES<\/strong><\/span><\/td>\n<\/tr>\n<tr>\n<td style=\"width: 1px;height: 20px;border-color: #030000;text-align: center\" width=\"25\">\n<ul>\n<li><strong><em>&nbsp;BLOQUE A:<\/em><\/strong><\/li>\n<\/ul>\n<\/td>\n<td style=\"width: 1px;height: 20px;border-color: #030000;text-align: center\" width=\"200\"><a href=\"https:\/\/blogsaverroes.juntadeandalucia.es\/sierramagina\/files\/2016\/01\/BloqueA-materiales-diagramas.pdf\">Materiales:diagramas<\/a><\/td>\n<td style=\"width: 1px;height: 20px;border-color: #030000;text-align: center\" width=\"200\"><a href=\"https:\/\/blogsaverroes.juntadeandalucia.es\/sierramagina\/files\/2016\/01\/Teoria-_Materiales_Diagramas.pdf\">Materiales:diagramas<\/a><\/td>\n<\/tr>\n<tr>\n<td style=\"width: 1px;height: 20px;border-color: #030000;text-align: center\">\n<ul>\n<li><strong>&nbsp;<em>&nbsp;BLOQUE A:<\/em><\/strong><\/li>\n<\/ul>\n<\/td>\n<td style=\"width: 1px;height: 20px;border-color: #030000;text-align: center\"><a href=\"https:\/\/blogsaverroes.juntadeandalucia.es\/sierramagina\/files\/2016\/02\/BloqueA-materiales-ensayos.pdf\">Materiales: ensayos<\/a><\/td>\n<td style=\"width: 1px;height: 20px;border-color: #030000;text-align: center\">&nbsp;<a href=\"https:\/\/blogsaverroes.juntadeandalucia.es\/sierramagina\/files\/2016\/01\/Teoria_Materiales_Ensayos.pdf\">Materiales: ensayos<\/a><\/td>\n<\/tr>\n<tr>\n<td style=\"width: 1px;height: 20px;border-color: #030000;text-align: center\">\n<ul>\n<li><em><strong>&nbsp;&nbsp;BLOQUE B:<\/strong><\/em><\/li>\n<\/ul>\n<\/td>\n<td style=\"width: 1px;height: 20px;border-color: #030000;text-align: center\">&nbsp;<a href=\"https:\/\/blogsaverroes.juntadeandalucia.es\/sierramagina\/files\/2016\/01\/Bloqueb-principiosmaquinas.pdf\">Principios de m\u00e1quinas<\/a><\/td>\n<td style=\"width: 1px;height: 20px;border-color: #030000;text-align: center\"><a href=\"https:\/\/blogsaverroes.juntadeandalucia.es\/sierramagina\/files\/2016\/01\/Teoria_Principios_de_maquinas.pdf\">Principios de m\u00e1quinas<\/a><\/td>\n<\/tr>\n<tr>\n<td style=\"width: 1px;height: 20px;border-color: #030000;text-align: center\">\n<ul>\n<li><strong><em>&nbsp;&nbsp;BLOQUE C:<\/em><\/strong><\/li>\n<\/ul>\n<\/td>\n<td style=\"width: 1px;height: 20px;border-color: #030000;text-align: center\"><a href=\"https:\/\/blogsaverroes.juntadeandalucia.es\/sierramagina\/files\/2016\/01\/BloqueC-Sistemas-automaticos.pdf\">Sistemas autom\u00e1ticos<\/a><\/td>\n<td style=\"width: 1px;height: 20px;border-color: #030000;text-align: center\"><a href=\"https:\/\/blogsaverroes.juntadeandalucia.es\/sierramagina\/files\/2016\/01\/Teoria_Sistemas_automaticos.pdf\">Sistemas autom\u00e1ticos<\/a><\/td>\n<\/tr>\n<tr>\n<td style=\"width: 1px;height: 20px;border-color: #030000;text-align: center\">\n<ul>\n<li><strong><em>&nbsp;&nbsp;BLOQUE D:<\/em><\/strong><\/li>\n<\/ul>\n<\/td>\n<td style=\"width: 1px;height: 20px;border-color: #030000;text-align: center\"><a href=\"https:\/\/blogsaverroes.juntadeandalucia.es\/sierramagina\/files\/2016\/01\/Bloqued-neu-y-ole.pdf\">Circuitos neum\u00e1ticos y oleohidr\u00e1ulicos<\/a><\/td>\n<td style=\"width: 1px;height: 20px;border-color: #030000;text-align: center\"><a href=\"https:\/\/blogsaverroes.juntadeandalucia.es\/sierramagina\/files\/2016\/01\/Teoria_Circuitos_neumaticos_y_oleohidraulicos.pdf\">Circuitos neum\u00e1ticos y<br \/>\n<\/a><a href=\"http:\/\/blogsaverroes.juntadeandalucia.es\/sierramagina\/files\/2016\/01\/Teoria_Circuitos_neumaticos_y_oleohidraulicos.pdf\">oleohidr\u00e1ulicos<\/a><\/td>\n<\/tr>\n<tr>\n<td style=\"width: 1px;height: 20px;border-color: #030000;text-align: center\">\n<ul>\n<li><strong><em>&nbsp;&nbsp;<span style=\"font-family: arial,helvetica,sans-serif\">BLOQUE E:<\/span><\/em><\/strong><\/li>\n<\/ul>\n<\/td>\n<td style=\"width: 1px;height: 20px;border-color: #030000;text-align: center\">&nbsp;<a href=\"https:\/\/blogsaverroes.juntadeandalucia.es\/sierramagina\/files\/2016\/01\/Bloquee-sistemas-aut.pdf\">Control y programaci\u00f3n de sistemas autom\u00e1ticos<\/a><\/td>\n<td style=\"width: 1px;height: 20px;border-color: #030000;text-align: center\">&nbsp;<a href=\"https:\/\/blogsaverroes.juntadeandalucia.es\/sierramagina\/files\/2016\/01\/Teoria_Controlyprogramacion_sistemas_automaticos.pdf\">Control y programaci\u00f3n de sistemas autom\u00e1ticos<\/a><\/td>\n<\/tr>\n<\/tbody>\n<\/table>\n<p>&nbsp;<\/p>\n<p style=\"text-align: center\">&nbsp;<span style=\"font-family: arial black,sans-serif;color: #0000ff\"> ELECTROTECNIA (Pruebas de acceso a la universidad)<br \/>\n<\/span><\/p>\n<table style=\"height: 444px;border-color: #f7f5f5;background-color: #7af5a5\" width=\"510\">\n<tbody>\n<tr style=\"background-color: #dea916\">\n<td style=\"width: 1px;height: 20px;background-color: #dea916;border-color: #030000;text-align: center\" width=\"25\"><span style=\"font-family: helvetica,arial,sans-serif\"><strong>2\u00ba BACHILLERATO<\/strong><\/span><\/td>\n<td style=\"width: 1px;height: 20px;background-color: #dea916;border-color: #030000;text-align: center\" width=\"200\"><span style=\"font-family: helvetica,arial,sans-serif\"><strong>PROBLEMAS DE ELECTROTECNIA<\/strong><\/span><\/td>\n<\/tr>\n<tr>\n<td style=\"width: 1px;height: 20px;background-color: #86f79a;border-color: #030000;text-align: center\" width=\"25\">\n<ul>\n<li><span style=\"font-family: arial black,sans-serif\"><strong><em>&nbsp;BLOQUE I:<\/em><\/strong><\/span><\/li>\n<\/ul>\n<\/td>\n<td style=\"width: 1px;height: 20px;background-color: #86f79a;border-color: #030000;text-align: center\" width=\"200\">&nbsp;<a href=\"https:\/\/blogsaverroes.juntadeandalucia.es\/sierramagina\/files\/2015\/12\/Conceptos_y_fenomenos_electricos_basicos.pdf\">Conceptos y fen\u00f3menos el\u00e9ctricos b\u00e1sicos<\/a><\/td>\n<\/tr>\n<tr>\n<td style=\"width: 1px;height: 20px;background-color: #86f79a;border-color: #030000;text-align: center\">\n<ul>\n<li><span style=\"font-family: arial black,sans-serif\"><strong>&nbsp;<em>&nbsp;BLOQUE I:<\/em><\/strong><\/span><\/li>\n<\/ul>\n<\/td>\n<td style=\"width: 1px;height: 20px;background-color: #86f79a;border-color: #030000;text-align: center\">&nbsp;<a href=\"https:\/\/blogsaverroes.juntadeandalucia.es\/sierramagina\/files\/2015\/12\/Medidas_electrotecnicas.pdf\">Medidas electrot\u00e9cnicas<\/a><\/td>\n<\/tr>\n<tr>\n<td style=\"width: 1px;height: 20px;background-color: #86f79a;border-color: #030000;text-align: center\">\n<ul>\n<li><span style=\"font-family: arial black,sans-serif\"><em><strong>&nbsp;&nbsp;BLOQUE II:<\/strong><\/em><\/span><\/li>\n<\/ul>\n<\/td>\n<td style=\"width: 1px;height: 20px;background-color: #86f79a;border-color: #030000;text-align: center\">&nbsp;<a href=\"https:\/\/blogsaverroes.juntadeandalucia.es\/sierramagina\/files\/2016\/02\/Conceptos_y_fenomenos_electromagneticos.pdf\">Conceptos_y_fen\u00f3menos_electromagn\u00e9ticos<\/a><\/td>\n<\/tr>\n<tr>\n<td style=\"width: 1px;height: 20px;background-color: #86f79a;border-color: #030000;text-align: center\">\n<ul>\n<li><span style=\"font-family: arial black,sans-serif\"><strong><em>&nbsp;&nbsp;BLOQUE III:<\/em><\/strong><\/span><\/li>\n<\/ul>\n<\/td>\n<td style=\"width: 1px;height: 20px;background-color: #86f79a;border-color: #030000;text-align: center\"><a href=\"https:\/\/blogsaverroes.juntadeandalucia.es\/sierramagina\/files\/2015\/12\/Circuitos_electricos_en_CC.pdf\">Circuitos el\u00e9ctricos en c.c<\/a><\/td>\n<\/tr>\n<tr>\n<td style=\"width: 1px;height: 20px;background-color: #86f79a;border-color: #030000;text-align: center\">\n<ul>\n<li><span style=\"font-family: arial black,sans-serif\"><strong><em>&nbsp;&nbsp;BLOQUE III:<\/em><\/strong><\/span><\/li>\n<\/ul>\n<\/td>\n<td style=\"width: 1px;height: 20px;background-color: #86f79a;border-color: #030000;text-align: center\"><a href=\"https:\/\/blogsaverroes.juntadeandalucia.es\/sierramagina\/files\/2016\/01\/Circuitos_electricos_en_ca.pdf\">Circuitos el\u00e9ctricos en c.a<\/a><\/td>\n<\/tr>\n<tr>\n<td style=\"width: 1px;height: 20px;background-color: #86f79a;border-color: #030000;text-align: center\">\n<ul>\n<li><span style=\"font-family: arial black,sans-serif\"><strong><em>&nbsp;&nbsp;BLOQUE IV:<\/em><\/strong><\/span><\/li>\n<\/ul>\n<\/td>\n<td style=\"width: 1px;height: 20px;background-color: #86f79a;border-color: #030000;text-align: center\">&nbsp;<a href=\"https:\/\/blogsaverroes.juntadeandalucia.es\/sierramagina\/files\/2015\/12\/Maquinas_electricas.pdf\">M\u00e1quinas el\u00e9ctricas<\/a><\/td>\n<\/tr>\n<\/tbody>\n<\/table>\n<p>&nbsp;<\/p>\n<p>&nbsp;<\/p>\n<p>&nbsp;<\/p>\n","protected":false},"excerpt":{"rendered":"<p>Desde aqu\u00ed les ofrecemos materiales relacionados con las las asignaturas de Tecnolog\u00eda y Electrotecnia Tambi\u00e9n pueden consultar algunos de estos materiales en la plataforma Moodle del centro: Tecnolog\u00eda y Electrotecnia&nbsp; (acceso como invitado) &nbsp;&#46;&#46;&#46;<\/p>\n","protected":false},"author":2081,"featured_media":0,"parent":162,"menu_order":0,"comment_status":"open","ping_status":"open","template":"","meta":{"ngg_post_thumbnail":0,"footnotes":"","_mc_calendar":[]},"aioseo_notices":[],"_links":{"self":[{"href":"https:\/\/blogsaverroes.juntadeandalucia.es\/sierramagina\/wp-json\/wp\/v2\/pages\/2936"}],"collection":[{"href":"https:\/\/blogsaverroes.juntadeandalucia.es\/sierramagina\/wp-json\/wp\/v2\/pages"}],"about":[{"href":"https:\/\/blogsaverroes.juntadeandalucia.es\/sierramagina\/wp-json\/wp\/v2\/types\/page"}],"author":[{"embeddable":true,"href":"https:\/\/blogsaverroes.juntadeandalucia.es\/sierramagina\/wp-json\/wp\/v2\/users\/2081"}],"replies":[{"embeddable":true,"href":"https:\/\/blogsaverroes.juntadeandalucia.es\/sierramagina\/wp-json\/wp\/v2\/comments?post=2936"}],"version-history":[{"count":70,"href":"https:\/\/blogsaverroes.juntadeandalucia.es\/sierramagina\/wp-json\/wp\/v2\/pages\/2936\/revisions"}],"predecessor-version":[{"id":3394,"href":"https:\/\/blogsaverroes.juntadeandalucia.es\/sierramagina\/wp-json\/wp\/v2\/pages\/2936\/revisions\/3394"}],"up":[{"embeddable":true,"href":"https:\/\/blogsaverroes.juntadeandalucia.es\/sierramagina\/wp-json\/wp\/v2\/pages\/162"}],"wp:attachment":[{"href":"https:\/\/blogsaverroes.juntadeandalucia.es\/sierramagina\/wp-json\/wp\/v2\/media?parent=2936"}],"curies":[{"name":"wp","href":"https:\/\/api.w.org\/{rel}","templated":true}]}}