{"id":2958,"date":"2015-12-09T17:23:55","date_gmt":"2015-12-09T16:23:55","guid":{"rendered":"http:\/\/blogsaverroes.juntadeandalucia.es\/sierramagina\/?page_id=2958"},"modified":"2018-06-27T23:57:21","modified_gmt":"2018-06-27T21:57:21","slug":"selectividad-fisica-quimica","status":"publish","type":"page","link":"https:\/\/blogsaverroes.juntadeandalucia.es\/sierramagina\/fyq\/selectividad-fisica-quimica\/","title":{"rendered":"Selectividad (F\u00edsica\/Qu\u00edmica)"},"content":{"rendered":"<p align=\"justify\"><em><span style=\"color: #003366\"><span style=\"font-family: Arial;font-size: small\">&nbsp;<b>&nbsp;&nbsp; A <\/b><\/span><span style=\"font-family: Arial\"><b><span style=\"font-size: small\">continuaci\u00f3n puedes descargar&nbsp;orientaciones y ex\u00e1menes resueltos de F\u00edsica y de Qu\u00edmica de los \u00faltimos a\u00f1os, para el distrito \u00fanico andaluz.<\/span><\/b><\/span><span style=\"font-family: Arial;font-size: small\"><b> Los trabajos han sido realizados por los profesores del departamento: D. Juan Mar\u00eda Garc\u00eda Bruna (profesor de qu\u00edmica de 2\u00ba de Bachillerato) y D. Manuel Ortega Garc\u00eda (profesor de F\u00edsica).<\/b><\/span><\/span><\/em><\/p>\n<p align=\"justify\"><em><span style=\"color: #003366;font-family: Arial;font-size: small\"><b>&nbsp;&nbsp;&nbsp; Los archivos est\u00e1n en formato pdf, lo que garantiza un tama\u00f1o reducido y una perfecta visualizaci\u00f3n en cualquier equipo inform\u00e1tico.<\/b><\/span><\/em><\/p>\n<table>\n<tbody>\n<tr>\n<td style=\"text-align: center;background-color: #a2ebf5\">\n<h3>QU\u00cdMICA<\/h3>\n<\/td>\n<td style=\"text-align: center;background-color: #a2ebf5\">\n<h3>&nbsp;F\u00cdSICA<\/h3>\n<\/td>\n<\/tr>\n<tr>\n<td style=\"text-align: center;background-color: #e3fafa\">\n<h5><a href=\"https:\/\/blogsaverroes.juntadeandalucia.es\/sierramagina\/files\/2015\/12\/Guia_nomenclatura_orgAnica_2014.pdf\">Gu\u00eda de nomenclatura org\u00e1nica (2014)<\/a><\/h5>\n<h5><a href=\"http:\/\/blogsaverroes.juntadeandalucia.es\/sierramagina\/files\/2015\/12\/Guia_nomenclatura_inorgAnica_2005.pdf\">Gu\u00eda de nomenclatura inorg\u00e1nica (orientaciones 2005<\/a>)<\/h5>\n<h5><a href=\"https:\/\/blogsaverroes.juntadeandalucia.es\/sierramagina\/files\/2015\/12\/Nomenclatura_IUPAC_Libro_rojo_2005.pdf\">Libro rojo (Formulaci\u00f3n y nomenclatura IUPAC)<\/a><\/h5>\n<h5>&nbsp;<\/h5>\n<p><strong>EX\u00c1MENES RESUELTOS ACTUALIZADOS<\/strong><\/p>\n<h5><a href=\"https:\/\/blogsaverroes.juntadeandalucia.es\/sierramagina\/files\/2016\/05\/Qu\u00edmica.-2014.pdf\">Qu\u00edmica 2014 (6 propuestas resueltas)<\/a><\/h5>\n<h5><a href=\"https:\/\/blogsaverroes.juntadeandalucia.es\/sierramagina\/files\/2016\/05\/Qu\u00edmica.-2013.pdf\">Qu\u00edmica 2013 (6 propuestas resueltas)<\/a><\/h5>\n<h5><a href=\"http:\/\/blogsaverroes.juntadeandalucia.es\/sierramagina\/files\/2016\/05\/Qu\u00edmica.-2012.pdf\">Qu\u00edmica 2012 (6 propuestas resueltas)<\/a><\/h5>\n<h5><a href=\"https:\/\/blogsaverroes.juntadeandalucia.es\/sierramagina\/files\/2016\/05\/Qu\u00edmica.-2011.pdf\">Qu\u00edmica 2011&nbsp;(6 propuestas resueltas)&nbsp;<\/a><\/h5>\n<h5><a href=\"https:\/\/blogsaverroes.juntadeandalucia.es\/sierramagina\/files\/2016\/05\/Qu\u00edmica.-2010.pdf\">Qu\u00edmica 2010 (6 propuestas resueltas)<\/a><\/h5>\n<h5><a href=\"https:\/\/blogsaverroes.juntadeandalucia.es\/sierramagina\/files\/2016\/05\/Qu\u00edmica.-2009.pdf\">Qu\u00edmica 2009 (6 propuestas resueltas)<\/a><\/h5>\n<\/td>\n<td style=\"text-align: center;background-color: #e3fafa\">\n<h5>&nbsp; &nbsp; &nbsp;<a href=\"https:\/\/blogsaverroes.juntadeandalucia.es\/sierramagina\/files\/2015\/12\/junio-2006.pdf\">2005 f\u00edsica Junio (Andaluc\u00eda)<\/a><\/h5>\n<h5><a href=\"https:\/\/blogsaverroes.juntadeandalucia.es\/sierramagina\/files\/2015\/12\/junio-2006.pdf\">2006 f\u00edsica Junio (Andaluc\u00eda)<\/a><\/h5>\n<h5><a href=\"https:\/\/blogsaverroes.juntadeandalucia.es\/sierramagina\/files\/2015\/12\/junio-2006.pdf\">2007 f\u00edsica Junio (Andalucia)<\/a><\/h5>\n<h5><a href=\"https:\/\/blogsaverroes.juntadeandalucia.es\/sierramagina\/files\/2015\/12\/junio-2006.pdf\">2008 f\u00edsica Junio (Andaluc\u00eda)<\/a><\/h5>\n<h5><a href=\"https:\/\/blogsaverroes.juntadeandalucia.es\/sierramagina\/files\/2015\/12\/junio-2006.pdf\">2008 f\u00edsica septiembre (Andaluc\u00eda)<\/a><\/h5>\n<h5><a href=\"https:\/\/blogsaverroes.juntadeandalucia.es\/sierramagina\/files\/2015\/12\/junio-2006.pdf\">2009 f\u00edsica Junio (Andalucia)<\/a><\/h5>\n<h5><a href=\"https:\/\/blogsaverroes.juntadeandalucia.es\/sierramagina\/files\/2015\/12\/junio-2006.pdf\">2010 f\u00edsica Junio (Andaluc\u00eda)<\/a><\/h5>\n<\/td>\n<\/tr>\n<\/tbody>\n<\/table>\n<p>&nbsp;<\/p>\n","protected":false},"excerpt":{"rendered":"<p>&nbsp;&nbsp;&nbsp; A continuaci\u00f3n puedes descargar&nbsp;orientaciones y ex\u00e1menes resueltos de F\u00edsica y de Qu\u00edmica de los \u00faltimos a\u00f1os, para el distrito \u00fanico andaluz. Los trabajos han sido realizados por los profesores del departamento: D. Juan&#46;&#46;&#46;<\/p>\n","protected":false},"author":2068,"featured_media":2811,"parent":172,"menu_order":0,"comment_status":"open","ping_status":"open","template":"","meta":{"ngg_post_thumbnail":0,"footnotes":"","_mc_calendar":[]},"aioseo_notices":[],"_links":{"self":[{"href":"https:\/\/blogsaverroes.juntadeandalucia.es\/sierramagina\/wp-json\/wp\/v2\/pages\/2958"}],"collection":[{"href":"https:\/\/blogsaverroes.juntadeandalucia.es\/sierramagina\/wp-json\/wp\/v2\/pages"}],"about":[{"href":"https:\/\/blogsaverroes.juntadeandalucia.es\/sierramagina\/wp-json\/wp\/v2\/types\/page"}],"author":[{"embeddable":true,"href":"https:\/\/blogsaverroes.juntadeandalucia.es\/sierramagina\/wp-json\/wp\/v2\/users\/2068"}],"replies":[{"embeddable":true,"href":"https:\/\/blogsaverroes.juntadeandalucia.es\/sierramagina\/wp-json\/wp\/v2\/comments?post=2958"}],"version-history":[{"count":8,"href":"https:\/\/blogsaverroes.juntadeandalucia.es\/sierramagina\/wp-json\/wp\/v2\/pages\/2958\/revisions"}],"predecessor-version":[{"id":5179,"href":"https:\/\/blogsaverroes.juntadeandalucia.es\/sierramagina\/wp-json\/wp\/v2\/pages\/2958\/revisions\/5179"}],"up":[{"embeddable":true,"href":"https:\/\/blogsaverroes.juntadeandalucia.es\/sierramagina\/wp-json\/wp\/v2\/pages\/172"}],"wp:featuredmedia":[{"embeddable":true,"href":"https:\/\/blogsaverroes.juntadeandalucia.es\/sierramagina\/wp-json\/wp\/v2\/media\/2811"}],"wp:attachment":[{"href":"https:\/\/blogsaverroes.juntadeandalucia.es\/sierramagina\/wp-json\/wp\/v2\/media?parent=2958"}],"curies":[{"name":"wp","href":"https:\/\/api.w.org\/{rel}","templated":true}]}}