{"id":3209,"date":"2016-01-19T11:23:48","date_gmt":"2016-01-19T10:23:48","guid":{"rendered":"http:\/\/blogsaverroes.juntadeandalucia.es\/sierramagina\/?page_id=3209"},"modified":"2021-03-15T18:11:30","modified_gmt":"2021-03-15T17:11:30","slug":"trabajos-bilingue","status":"publish","type":"page","link":"https:\/\/blogsaverroes.juntadeandalucia.es\/sierramagina\/geografia-e-historia\/trabajos-bilingue\/","title":{"rendered":"Trabajos del alumnado"},"content":{"rendered":"<h1>Aqu\u00ed puedes ver y descargar algunos trabajos y actividades realizadas por los alumnos en las materias de Geograf\u00eda e historia.<\/h1>\n<p>&nbsp;<\/p>\n<table style=\"width: 98.4349%;height: 159px\">\n<tbody>\n<tr>\n<td style=\"background-color: #a9e5fc;width: 99.4127%\" colspan=\"2\">\n<h1>CURSO 2020\/2021<\/h1>\n<\/td>\n<\/tr>\n<tr>\n<td style=\"background-color: #defcdf;width: 50.5874%\"><strong>TRABAJOS ALUMNADO BILING\u00dcE<\/strong><\/td>\n<td style=\"background-color: #fcfced;width: 48.8253%\"><strong>TRABAJOS DEL ALUMNADO NO BILING\u00dcE<\/strong><\/td>\n<\/tr>\n<tr>\n<td style=\"width: 50.5874%\">\n<div class=\"page\" title=\"Page 1\">\n<div class=\"layoutArea\">\n<div class=\"column\">\n<p><a href=\"https:\/\/blogsaverroes.juntadeandalucia.es\/sierramagina\/files\/2021\/03\/TRABAJOSLAFRANCEGOURMANDE-2\u00baESOFRANC\u00c9S2_20_21.pdf\"><em>La France Gourmande 2\u00ba ESO<\/em><\/a><\/p>\n<\/div>\n<\/div>\n<\/div>\n<\/td>\n<td style=\"width: 48.8253%\">\n<div class=\"page\" title=\"Page 1\">\n<div class=\"layoutArea\">\n<div class=\"column\">\n<p><a href=\"https:\/\/blogsaverroes.juntadeandalucia.es\/sierramagina\/files\/2021\/03\/TRABAJOSD\u00cdADELACONSTITUCI\u00d3N-ESO-GEOGRAF\u00cdAEHISTORIA_20_21.pdf\"><em>Trabajos ESO D\u00eda de la Constituci\u00f3n<\/em><\/a><\/p>\n<\/div>\n<\/div>\n<\/div>\n<\/td>\n<\/tr>\n<tr>\n<td style=\"width: 50.5874%\">\n<div class=\"page\" title=\"Page 1\">\n<div class=\"layoutArea\">\n<div class=\"column\">\n<p>&nbsp;<\/p>\n<\/div>\n<\/div>\n<\/div>\n<\/td>\n<td style=\"width: 48.8253%\"><em><a href=\"https:\/\/blogsaverroes.juntadeandalucia.es\/sierramagina\/files\/2021\/03\/TRABAJOSD\u00cdADEANDALUC\u00cdA2021-2\u00baDEESO.pdf\">Trabajos D\u00eda de Andaluc\u00eda<\/a><br \/>\n<\/em><\/td>\n<\/tr>\n<\/tbody>\n<\/table>\n<p>&nbsp;<\/p>\n<table style=\"width: 100%\">\n<tbody>\n<tr style=\"height: 38px\">\n<td style=\"height: 38px;background-color: #a9e5fc;width: 1374px\" colspan=\"2\">\n<h1>CURSO 2019\/2020<\/h1>\n<\/td>\n<\/tr>\n<tr style=\"height: 22px\">\n<td style=\"height: 22px;background-color: #defcdf;width: 684px\"><strong>TRABAJOS ALUMNADO BILING\u00dcE<\/strong><\/td>\n<td style=\"height: 22px;background-color: #fcfced;width: 684px\"><strong>TRABAJOS DEL ALUMNADO NO BILING\u00dcE<\/strong><\/td>\n<\/tr>\n<tr style=\"height: 36px\">\n<td style=\"height: 36px;width: 684px\">\n<div class=\"page\" title=\"Page 1\">\n<div class=\"layoutArea\">\n<div class=\"column\">\n<p><a href=\"https:\/\/blogsaverroes.juntadeandalucia.es\/sierramagina\/files\/2020\/11\/La-Prehistoire.pdf\"><em>La Prehistoire<\/em><\/a><\/p>\n<\/div>\n<\/div>\n<\/div>\n<\/td>\n<td style=\"height: 36px;width: 684px\">\n<div class=\"page\" title=\"Page 1\">\n<div class=\"layoutArea\">\n<div class=\"column\">\n<p><a href=\"https:\/\/blogsaverroes.juntadeandalucia.es\/sierramagina\/files\/2020\/11\/Jornada-con-la-Guardia-Civil.pdf\"><em>Plan Director: Jornada con la Guardia Civil<\/em><\/a><\/p>\n<\/div>\n<\/div>\n<\/div>\n<\/td>\n<\/tr>\n<tr style=\"height: 22.4883px\">\n<td style=\"height: 22.4883px;width: 684px\">\n<div class=\"page\" title=\"Page 1\">\n<div class=\"layoutArea\">\n<div class=\"column\">\n<p>&nbsp;<\/p>\n<\/div>\n<\/div>\n<\/div>\n<\/td>\n<td style=\"height: 22.4883px;width: 684px\"><em><a href=\"https:\/\/blogsaverroes.juntadeandalucia.es\/sierramagina\/files\/2020\/11\/Leyendas-de-Jaen.pdf\">D\u00eda de Andaluc\u00eda: \u00abLeyendas de Ja\u00e9n\u00bb<\/a><br \/>\n<\/em><\/td>\n<\/tr>\n<tr style=\"height: 22px\">\n<td style=\"height: 22px;width: 684px\">&nbsp;<\/td>\n<td style=\"height: 22px;width: 684px\"><a href=\"https:\/\/blogsaverroes.juntadeandalucia.es\/sierramagina\/files\/2020\/11\/Tarjetas-Navide\u00f1as.pdf\"><em>Dise\u00f1o de Tarjetas Navide\u00f1as<\/em><\/a><\/td>\n<\/tr>\n<\/tbody>\n<\/table>\n<p>&nbsp;<\/p>\n<table style=\"width: 100%\">\n<tbody>\n<tr style=\"height: 38px\">\n<td style=\"height: 38px;background-color: #a9e5fc;width: 100%\" colspan=\"2\">\n<h1>CURSO 2018\/2019<\/h1>\n<\/td>\n<\/tr>\n<tr style=\"height: 22px\">\n<td style=\"height: 22px;background-color: #defcdf;width: 50%\"><strong>TRABAJOS ALUMNADO BILING\u00dcE<\/strong><\/td>\n<td style=\"height: 22px;background-color: #fcfced;width: 50%\"><strong>TRABAJOS DEL ALUMNADO NO BILING\u00dcE<\/strong><\/td>\n<\/tr>\n<tr style=\"height: 36px\">\n<td style=\"height: 36px;width: 50%\">\n<div class=\"page\" title=\"Page 1\">\n<div class=\"layoutArea\">\n<div class=\"column\">\n<p><em><a href=\"https:\/\/blogsaverroes.juntadeandalucia.es\/sierramagina\/files\/2016\/01\/travauxbil-lesavantsgardes-4C2BAb-2eval2019.pdf\">Les avants gardes artistiques du XX\u00e8me Si\u00e8cle<\/a><\/em><\/p>\n<\/div>\n<\/div>\n<\/div>\n<\/td>\n<td style=\"height: 36px;width: 50%\">\n<div class=\"page\" title=\"Page 1\">\n<div class=\"layoutArea\">\n<div class=\"column\">\n<p><em><a href=\"https:\/\/blogsaverroes.juntadeandalucia.es\/sierramagina\/files\/2016\/01\/trabajos40aniversarioconstituciC3B3n1978-4eso-2019.pdf\">XL aniversario de la Constituci\u00f3n espa\u00f1ola de 1978<\/a><\/em><\/p>\n<\/div>\n<\/div>\n<\/div>\n<\/td>\n<\/tr>\n<tr style=\"height: 22.4883px\">\n<td style=\"height: 22.4883px;width: 50%\">\n<div class=\"page\" title=\"Page 1\">\n<div class=\"layoutArea\">\n<div class=\"column\">\n<p><em><a href=\"https:\/\/blogsaverroes.juntadeandalucia.es\/sierramagina\/files\/2016\/01\/L-\u0301ANCIEN-RE\u0301GIME.-L-\u0301EUROPE-ABSOLUTISTE.pdf\">L\u00b4ancien r\u00e9gime. L\u00b4Europe Absolutiste<\/a><\/em><\/p>\n<\/div>\n<\/div>\n<\/div>\n<\/td>\n<td style=\"height: 22.4883px;width: 50%\"><em><a href=\"https:\/\/blogsaverroes.juntadeandalucia.es\/sierramagina\/files\/2016\/01\/ACTIVIDADESYEF\u00c9MERIDESDE1\u00baESO-A.pdf\">Actividades y efem\u00e9rides 1\u00baESO A<\/a><br \/>\n<\/em><\/td>\n<\/tr>\n<tr style=\"height: 22px\">\n<td style=\"height: 22px;width: 50%\">&nbsp;<\/td>\n<td style=\"height: 22px;width: 50%\"><em><a href=\"https:\/\/blogsaverroes.juntadeandalucia.es\/sierramagina\/files\/2016\/01\/TRABAJOSDEGEOGRAF\u00cdAEHISTORIADE1\u00baESOC.pdf\">Trabajos de Geograf\u00eda e Historia 1\u00baESO C<\/a><\/em><\/td>\n<\/tr>\n<tr style=\"height: 22px\">\n<td style=\"height: 22px;width: 50%\">&nbsp;<\/td>\n<td style=\"height: 22px;width: 50%\"><em><a href=\"https:\/\/blogsaverroes.juntadeandalucia.es\/sierramagina\/files\/2016\/01\/TRABAJOSDEHISTORIADE1\u00baESO-A.pdf\">Trabajos de Historia 1\u00baESO A<\/a><\/em><\/td>\n<\/tr>\n<\/tbody>\n<\/table>\n<p>&nbsp;<\/p>\n","protected":false},"excerpt":{"rendered":"<p>Aqu\u00ed puedes ver y descargar algunos trabajos y actividades realizadas por los alumnos en las materias de Geograf\u00eda e historia. &nbsp; CURSO 2020\/2021 TRABAJOS ALUMNADO BILING\u00dcE TRABAJOS DEL ALUMNADO NO BILING\u00dcE La France Gourmande&#46;&#46;&#46;<\/p>\n","protected":false},"author":2068,"featured_media":566,"parent":153,"menu_order":0,"comment_status":"closed","ping_status":"closed","template":"","meta":{"ngg_post_thumbnail":0,"footnotes":"","_mc_calendar":[]},"aioseo_notices":[],"_links":{"self":[{"href":"https:\/\/blogsaverroes.juntadeandalucia.es\/sierramagina\/wp-json\/wp\/v2\/pages\/3209"}],"collection":[{"href":"https:\/\/blogsaverroes.juntadeandalucia.es\/sierramagina\/wp-json\/wp\/v2\/pages"}],"about":[{"href":"https:\/\/blogsaverroes.juntadeandalucia.es\/sierramagina\/wp-json\/wp\/v2\/types\/page"}],"author":[{"embeddable":true,"href":"https:\/\/blogsaverroes.juntadeandalucia.es\/sierramagina\/wp-json\/wp\/v2\/users\/2068"}],"replies":[{"embeddable":true,"href":"https:\/\/blogsaverroes.juntadeandalucia.es\/sierramagina\/wp-json\/wp\/v2\/comments?post=3209"}],"version-history":[{"count":28,"href":"https:\/\/blogsaverroes.juntadeandalucia.es\/sierramagina\/wp-json\/wp\/v2\/pages\/3209\/revisions"}],"predecessor-version":[{"id":6616,"href":"https:\/\/blogsaverroes.juntadeandalucia.es\/sierramagina\/wp-json\/wp\/v2\/pages\/3209\/revisions\/6616"}],"up":[{"embeddable":true,"href":"https:\/\/blogsaverroes.juntadeandalucia.es\/sierramagina\/wp-json\/wp\/v2\/pages\/153"}],"wp:featuredmedia":[{"embeddable":true,"href":"https:\/\/blogsaverroes.juntadeandalucia.es\/sierramagina\/wp-json\/wp\/v2\/media\/566"}],"wp:attachment":[{"href":"https:\/\/blogsaverroes.juntadeandalucia.es\/sierramagina\/wp-json\/wp\/v2\/media?parent=3209"}],"curies":[{"name":"wp","href":"https:\/\/api.w.org\/{rel}","templated":true}]}}