{"id":3553,"date":"2016-04-22T12:42:06","date_gmt":"2016-04-22T11:42:06","guid":{"rendered":"http:\/\/blogsaverroes.juntadeandalucia.es\/sierramagina\/?page_id=3553"},"modified":"2025-05-27T09:14:33","modified_gmt":"2025-05-27T07:14:33","slug":"documentos-y-modelos","status":"publish","type":"page","link":"https:\/\/blogsaverroes.juntadeandalucia.es\/sierramagina\/curso-escolar\/documentos-y-modelos\/","title":{"rendered":"Documentos"},"content":{"rendered":"<p><img decoding=\"async\" class=\"\" src=\"https:\/\/blogsaverroes.juntadeandalucia.es\/sierramagina\/files\/2024\/10\/cartoon-pdf-file-icon-comic-style-pdf-download-sign-illustration-pictogram-document-splash-business-concept_157943-8303.jpg\" alt=\"\" width=\"91\" height=\"91\"\/><\/p>\n<p>Aqu\u00ed se dejan diferentes documentos de inter\u00e9s para los alumnos y padres \/ madres \/ tutores:<\/p>\n<ul>\n<li>Solicitud de <strong>t\u00edtulo de Bachillerato<\/strong>. Para solicitar este t\u00edtulo, hay dos v\u00edas:\n<ul>\n<li><a href=\"https:\/\/blogsaverroes.juntadeandalucia.es\/sierramagina\/files\/2024\/10\/Solicitud-PRESENCIAL-TITULO-Bachillerato.pdf\">Solicitud presencial<\/a> para imprimir. Leer las&nbsp;<a href=\"https:\/\/blogsaverroes.juntadeandalucia.es\/sierramagina\/files\/2025\/05\/INSTRUCCIONES-TITULO-Bachillerato-24-25.pdf\">instrucciones&nbsp;24-25<\/a> previamente.<\/li>\n<li><a href=\"https:\/\/blogsaverroes.juntadeandalucia.es\/sierramagina\/files\/2025\/05\/Instrucciones-solicitud-titulo.pdf\">Solicitud telem\u00e1tica.<\/a> Tutorial del proceso.<\/li>\n<\/ul>\n<\/li>\n<li>Obtener la <a href=\"https:\/\/blogsaverroes.juntadeandalucia.es\/sierramagina\/files\/2024\/11\/Obtener-clave-iANDE.pdf\">Clave iANDE<\/a> para diversos tr\u00e1mites <em>online <\/em>(como la solicitud del t\u00edtulo de bachillerato o matricularse en un ciclo formativo de GM o GS).<\/li>\n<li><a href=\"https:\/\/blogsaverroes.juntadeandalucia.es\/sierramagina\/files\/2024\/10\/Autorizacion-SALIDA-ALUMNADO-del-centro.pdf\">Autorizaci\u00f3n para salida de alumnos del Centro durante la jornada escolar<\/a>. Se presentar\u00e1 acompa\u00f1ada de copia del DNI\/NIE de alguno de los padres por cada vez que el\/la alumno\/a deba salir del centro.<\/li>\n<li>Solicitud de <a href=\"https:\/\/blogsaverroes.juntadeandalucia.es\/sierramagina\/files\/2024\/10\/Solicitud-REPETICION-EXAMEN.pdf\">repetici\u00f3n de examen<\/a> por ausencia justificada.<\/li>\n<li><a href=\"https:\/\/blogsaverroes.juntadeandalucia.es\/sierramagina\/files\/2024\/10\/Autorizacion-de-recogida-de-alumnos-a-TERCERAS-PERSONAS.pdf\">Autorizaci\u00f3n a TERCERAS PERSONAS<\/a> para la recogida del alumnado. Se presentar\u00e1 acompa\u00f1ada de la firma y copia del DNI\/NIE del padre\/madre y las personas autorizadas para la recogida.<\/li>\n<li>Solicitud de <a href=\"https:\/\/blogsaverroes.juntadeandalucia.es\/sierramagina\/files\/2024\/10\/Solicitud-CAMBIO-OPTATIVA.pdf\">cambio de asignatura optativa<\/a> (plazo de 16 a 20 de septiembre de 2024) &#8211; <em>Plazo agotado.<\/em> Se presentar\u00e1 acompa\u00f1ada de copia del DNI\/NIE de alguno de los padres.<\/li>\n<li><a href=\"https:\/\/blogsaverroes.juntadeandalucia.es\/sierramagina\/files\/2024\/11\/Guia-de-Uso-Responsable-de-equipos-y-dispositivos_buenasPracticasenergeticas2024_WEB.pdf\">Gu\u00eda de Uso Responsable de equipos y dispositivos y Buenas pr\u00e1cticas energ\u00e9ticas<\/a><\/li>\n<li>C\u00f3mo obtener la cuenta corporativa de <em>Gmail<\/em> para personal y alumnado. <a href=\"https:\/\/blogsaverroes.juntadeandalucia.es\/sierramagina\/files\/2024\/12\/Correo-corporativo-de-Gmail-profesores-y-alumnos.pdf\">Gu\u00eda<\/a> en texto y enlace a videotutorial incluido.<\/li>\n<\/ul>\n","protected":false},"excerpt":{"rendered":"<p>Aqu\u00ed se dejan diferentes documentos de inter\u00e9s para los alumnos y padres \/ madres \/ tutores: Solicitud de t\u00edtulo de Bachillerato. Para solicitar este t\u00edtulo, hay dos v\u00edas: Solicitud presencial para imprimir. Leer las&nbsp;instrucciones&nbsp;24-25&#46;&#46;&#46;<\/p>\n","protected":false},"author":2068,"featured_media":0,"parent":80,"menu_order":0,"comment_status":"closed","ping_status":"closed","template":"","meta":{"ngg_post_thumbnail":0,"footnotes":"","_mc_calendar":[]},"aioseo_notices":[],"_links":{"self":[{"href":"https:\/\/blogsaverroes.juntadeandalucia.es\/sierramagina\/wp-json\/wp\/v2\/pages\/3553"}],"collection":[{"href":"https:\/\/blogsaverroes.juntadeandalucia.es\/sierramagina\/wp-json\/wp\/v2\/pages"}],"about":[{"href":"https:\/\/blogsaverroes.juntadeandalucia.es\/sierramagina\/wp-json\/wp\/v2\/types\/page"}],"author":[{"embeddable":true,"href":"https:\/\/blogsaverroes.juntadeandalucia.es\/sierramagina\/wp-json\/wp\/v2\/users\/2068"}],"replies":[{"embeddable":true,"href":"https:\/\/blogsaverroes.juntadeandalucia.es\/sierramagina\/wp-json\/wp\/v2\/comments?post=3553"}],"version-history":[{"count":28,"href":"https:\/\/blogsaverroes.juntadeandalucia.es\/sierramagina\/wp-json\/wp\/v2\/pages\/3553\/revisions"}],"predecessor-version":[{"id":9449,"href":"https:\/\/blogsaverroes.juntadeandalucia.es\/sierramagina\/wp-json\/wp\/v2\/pages\/3553\/revisions\/9449"}],"up":[{"embeddable":true,"href":"https:\/\/blogsaverroes.juntadeandalucia.es\/sierramagina\/wp-json\/wp\/v2\/pages\/80"}],"wp:attachment":[{"href":"https:\/\/blogsaverroes.juntadeandalucia.es\/sierramagina\/wp-json\/wp\/v2\/media?parent=3553"}],"curies":[{"name":"wp","href":"https:\/\/api.w.org\/{rel}","templated":true}]}}