{"id":42,"date":"2015-03-13T08:40:47","date_gmt":"2015-03-13T07:40:47","guid":{"rendered":"http:\/\/blogsaverroes.juntadeandalucia.es\/pre\/ceip\/?page_id=42"},"modified":"2024-12-19T09:15:26","modified_gmt":"2024-12-19T08:15:26","slug":"equipo-directivo","status":"publish","type":"page","link":"https:\/\/blogsaverroes.juntadeandalucia.es\/sierramagina\/equipo-directivo\/","title":{"rendered":"Equipo directivo"},"content":{"rendered":"<p>El equipo directivo del IES Sierra M\u00e1gina est\u00e1 compuesto por:<\/p>\n<p><strong>Directora: <\/strong><em>D\u00f1a. Francisca Mu\u00f1oz Mar\u00edn<\/em><\/p>\n<p><strong>Jefes de estudios: <\/strong><\/p>\n<p><em>D\u00aa Blanca L\u00f3pez Cano<\/em><\/p>\n<p><em>D. David Salmer\u00f3n Campos.<br \/>\n<\/em><\/p>\n<p><strong>Secretario: &nbsp;<\/strong><em>D. Jos\u00e9 Carlos Garc\u00eda Palacios<br \/>\n<\/em><\/p>\n","protected":false},"excerpt":{"rendered":"<p>El equipo directivo del IES Sierra M\u00e1gina est\u00e1 compuesto por: Directora: D\u00f1a. Francisca Mu\u00f1oz Mar\u00edn Jefes de estudios: D\u00aa Blanca L\u00f3pez Cano D. David Salmer\u00f3n Campos. Secretario: &nbsp;D. Jos\u00e9 Carlos Garc\u00eda Palacios<\/p>\n","protected":false},"author":2068,"featured_media":0,"parent":0,"menu_order":0,"comment_status":"closed","ping_status":"closed","template":"","meta":{"ngg_post_thumbnail":0,"footnotes":"","_mc_calendar":[]},"aioseo_notices":[],"_links":{"self":[{"href":"https:\/\/blogsaverroes.juntadeandalucia.es\/sierramagina\/wp-json\/wp\/v2\/pages\/42"}],"collection":[{"href":"https:\/\/blogsaverroes.juntadeandalucia.es\/sierramagina\/wp-json\/wp\/v2\/pages"}],"about":[{"href":"https:\/\/blogsaverroes.juntadeandalucia.es\/sierramagina\/wp-json\/wp\/v2\/types\/page"}],"author":[{"embeddable":true,"href":"https:\/\/blogsaverroes.juntadeandalucia.es\/sierramagina\/wp-json\/wp\/v2\/users\/2068"}],"replies":[{"embeddable":true,"href":"https:\/\/blogsaverroes.juntadeandalucia.es\/sierramagina\/wp-json\/wp\/v2\/comments?post=42"}],"version-history":[{"count":12,"href":"https:\/\/blogsaverroes.juntadeandalucia.es\/sierramagina\/wp-json\/wp\/v2\/pages\/42\/revisions"}],"predecessor-version":[{"id":9176,"href":"https:\/\/blogsaverroes.juntadeandalucia.es\/sierramagina\/wp-json\/wp\/v2\/pages\/42\/revisions\/9176"}],"wp:attachment":[{"href":"https:\/\/blogsaverroes.juntadeandalucia.es\/sierramagina\/wp-json\/wp\/v2\/media?parent=42"}],"curies":[{"name":"wp","href":"https:\/\/api.w.org\/{rel}","templated":true}]}}