{"id":6164,"date":"2020-03-20T14:30:08","date_gmt":"2020-03-20T13:30:08","guid":{"rendered":"https:\/\/blogsaverroes.juntadeandalucia.es\/sierramagina\/?page_id=6164"},"modified":"2020-03-29T13:09:29","modified_gmt":"2020-03-29T11:09:29","slug":"repositorio-de-videos-de-quimica","status":"publish","type":"page","link":"https:\/\/blogsaverroes.juntadeandalucia.es\/sierramagina\/fyq\/repositorio-de-videos-de-quimica\/","title":{"rendered":"Repositorio de v\u00eddeos de Qu\u00edmica"},"content":{"rendered":"<p>A continuaci\u00f3n os ponemos una recopilaci\u00f3n de videos que pueden ser de gran utilidad para repasar o reforzar algunos conceptos qu\u00edmicos importantes.<\/p>\n<h3><strong>NIVEL 2\u00ba\/3\u00aa ESO:<\/strong><\/h3>\n<p><strong>1. Aprenderse la tabla en 7 minutos (Reglas mnemot\u00e9cnicas).<\/strong><\/p>\n<p><iframe title=\"QU\u00cdMICA. Aprende la tabla peri\u00f3dica en 7 minutos\" width=\"500\" height=\"281\" src=\"https:\/\/www.youtube.com\/embed\/-2ymBr8LYSs?feature=oembed&#038;wmode=opaque\" frameborder=\"0\" allow=\"accelerometer; autoplay; clipboard-write; encrypted-media; gyroscope; picture-in-picture\" allowfullscreen><\/iframe><\/p>\n<p><strong>2. Ajuste de ecuaciones qu\u00edmicas:<\/strong><\/p>\n<p><iframe title=\"Ajustes de reacciones qu\u00edmicas (Bachillerato)\" width=\"500\" height=\"281\" src=\"https:\/\/www.youtube.com\/embed\/JPPXRO7uoaw?feature=oembed&#038;wmode=opaque\" frameborder=\"0\" allow=\"accelerometer; autoplay; clipboard-write; encrypted-media; gyroscope; picture-in-picture\" allowfullscreen><\/iframe><\/p>\n<p>Para practicar, te recomendamos que accedas al siguiente enlace:<\/p>\n<p><a href=\"https:\/\/alcaste.com\/departamentos\/ciencias\/actividades_multimedia\/fqeso\/actividades_qeso\/reacciones_quimicas\/rquimicas_ajustar.htm\">https:\/\/alcaste.com\/departamentos\/ciencias\/actividades_multimedia\/fqeso\/actividades_qeso\/reacciones_quimicas\/rquimicas_ajustar.htm<\/a><\/p>\n<p>&nbsp;<\/p>\n","protected":false},"excerpt":{"rendered":"<p>A continuaci\u00f3n os ponemos una recopilaci\u00f3n de videos que pueden ser de gran utilidad para repasar o reforzar algunos conceptos qu\u00edmicos importantes. NIVEL 2\u00ba\/3\u00aa ESO: 1. Aprenderse la tabla en 7 minutos (Reglas mnemot\u00e9cnicas).&#46;&#46;&#46;<\/p>\n","protected":false},"author":2068,"featured_media":0,"parent":172,"menu_order":0,"comment_status":"closed","ping_status":"closed","template":"","meta":{"ngg_post_thumbnail":0,"footnotes":"","_mc_calendar":[]},"aioseo_notices":[],"_links":{"self":[{"href":"https:\/\/blogsaverroes.juntadeandalucia.es\/sierramagina\/wp-json\/wp\/v2\/pages\/6164"}],"collection":[{"href":"https:\/\/blogsaverroes.juntadeandalucia.es\/sierramagina\/wp-json\/wp\/v2\/pages"}],"about":[{"href":"https:\/\/blogsaverroes.juntadeandalucia.es\/sierramagina\/wp-json\/wp\/v2\/types\/page"}],"author":[{"embeddable":true,"href":"https:\/\/blogsaverroes.juntadeandalucia.es\/sierramagina\/wp-json\/wp\/v2\/users\/2068"}],"replies":[{"embeddable":true,"href":"https:\/\/blogsaverroes.juntadeandalucia.es\/sierramagina\/wp-json\/wp\/v2\/comments?post=6164"}],"version-history":[{"count":6,"href":"https:\/\/blogsaverroes.juntadeandalucia.es\/sierramagina\/wp-json\/wp\/v2\/pages\/6164\/revisions"}],"predecessor-version":[{"id":6180,"href":"https:\/\/blogsaverroes.juntadeandalucia.es\/sierramagina\/wp-json\/wp\/v2\/pages\/6164\/revisions\/6180"}],"up":[{"embeddable":true,"href":"https:\/\/blogsaverroes.juntadeandalucia.es\/sierramagina\/wp-json\/wp\/v2\/pages\/172"}],"wp:attachment":[{"href":"https:\/\/blogsaverroes.juntadeandalucia.es\/sierramagina\/wp-json\/wp\/v2\/media?parent=6164"}],"curies":[{"name":"wp","href":"https:\/\/api.w.org\/{rel}","templated":true}]}}