{"id":6206,"date":"2020-04-24T11:23:24","date_gmt":"2020-04-24T09:23:24","guid":{"rendered":"https:\/\/blogsaverroes.juntadeandalucia.es\/sierramagina\/?page_id=6206"},"modified":"2020-10-08T12:25:27","modified_gmt":"2020-10-08T10:25:27","slug":"videos-para-2o-y-3o-de-eso","status":"publish","type":"page","link":"https:\/\/blogsaverroes.juntadeandalucia.es\/sierramagina\/fyq\/videos-para-2o-y-3o-de-eso\/","title":{"rendered":"Videos para 2\u00ba y 3\u00ba de ESO"},"content":{"rendered":"<p>&nbsp; &nbsp; &nbsp; A continuaci\u00f3n te ofrecemos una recopilaci\u00f3n de videos con los que podr\u00e1s repasar o reforzar aspectos importantes de la materia de la asignatura de f\u00edsica y qu\u00edmica. Est\u00e1n pensados para nuestro alumnado de los cursos <strong>2\u00ba y 3\u00ba de ESO<\/strong>. Obviamente, la ventaja a\u00f1adida es que podr\u00e1s verlos tantas veces como quieras y pausar, retroceder o avanzar a tu antojo. A estos profes no podr\u00e1s preguntarles dudas, pero recuerda que para eso ya nos tienes a nosotros \ud83d\ude09<\/p>\n<table>\n<tbody>\n<tr>\n<td style=\"background-color: #b9d3fa\">\n<h1><strong>Cambios de unidades mediante factores de conversi\u00f3n<\/strong><\/h1>\n<\/td>\n<\/tr>\n<\/tbody>\n<\/table>\n<p><iframe title=\"Cambio de unidades con factores de conversi\u00f3n\" width=\"500\" height=\"375\" src=\"https:\/\/www.youtube.com\/embed\/8H5SKYmS1J8?feature=oembed&#038;wmode=opaque\" frameborder=\"0\" allow=\"accelerometer; autoplay; clipboard-write; encrypted-media; gyroscope; picture-in-picture\" allowfullscreen><\/iframe><\/p>\n<p><iframe title=\"Factores de conversion 01 SECUNDARIA (3\u00baESO) matematicas\" width=\"500\" height=\"281\" src=\"https:\/\/www.youtube.com\/embed\/ernSMwm3RC4?feature=oembed&#038;wmode=opaque\" frameborder=\"0\" allow=\"accelerometer; autoplay; clipboard-write; encrypted-media; gyroscope; picture-in-picture\" allowfullscreen><\/iframe><\/p>\n<p>&nbsp;<\/p>\n<table>\n<tbody>\n<tr>\n<td style=\"background-color: #b9d3fa\">\n<h1><strong>QU\u00cdMICA<\/strong><\/h1>\n<\/td>\n<\/tr>\n<\/tbody>\n<\/table>\n<h3><strong>1.- Ajustar una reacci\u00f3n qu\u00edmica.<\/strong><\/h3>\n<p><iframe title=\"Ajustes de reacciones qu\u00edmicas (Bachillerato)\" width=\"500\" height=\"281\" src=\"https:\/\/www.youtube.com\/embed\/JPPXRO7uoaw?start=292&#038;feature=oembed&#038;wmode=opaque\" frameborder=\"0\" allow=\"accelerometer; autoplay; clipboard-write; encrypted-media; gyroscope; picture-in-picture\" allowfullscreen><\/iframe><\/p>\n<h3><strong>2.- El movimiento Browniano y el COVID 19<\/strong><\/h3>\n<p>&nbsp;<\/p>\n<div style=\"width: 400px;\" class=\"wp-video\"><!--[if lt IE 9]><script>document.createElement('video');<\/script><![endif]-->\n<video class=\"wp-video-shortcode\" id=\"video-6206-1\" width=\"400\" height=\"192\" preload=\"metadata\" controls=\"controls\"><source type=\"video\/mp4\" src=\"https:\/\/blogsaverroes.juntadeandalucia.es\/sierramagina\/files\/2020\/05\/Propagacio\u0301n-covid19.mp4?_=1\" \/><a href=\"https:\/\/blogsaverroes.juntadeandalucia.es\/sierramagina\/files\/2020\/05\/Propagacio\u0301n-covid19.mp4\">https:\/\/blogsaverroes.juntadeandalucia.es\/sierramagina\/files\/2020\/05\/Propagacio\u0301n-covid19.mp4<\/a><\/video><\/div>\n<p style=\"text-align: center\">&nbsp;<\/p>\n<table>\n<tbody>\n<tr>\n<td style=\"background-color: #b9d3fa\">\n<h1><strong>F\u00cdSICA &#8211; FUERZAS Y MOVIMIENTOS (2\u00ba Y 3\u00ba DE ESO)<\/strong><\/h1>\n<\/td>\n<\/tr>\n<\/tbody>\n<\/table>\n<h3><strong>1.- Tiempo invertido en un movimiento.&nbsp;<\/strong><\/h3>\n<p><iframe title=\"El movimiento - Ejercicio 3 - Tema 5 - Fi\u0301sica y Qui\u0301mica 2 ESO\" width=\"500\" height=\"281\" src=\"https:\/\/www.youtube.com\/embed\/QAcLhLw3xp8?feature=oembed&#038;wmode=opaque\" frameborder=\"0\" allow=\"accelerometer; autoplay; clipboard-write; encrypted-media; gyroscope; picture-in-picture\" allowfullscreen><\/iframe><\/p>\n<h3><strong>2.- Estudio del movimiento: Gr\u00e1ficas b\u00e1sicas x-t y v-t. 2\u00ba ESO.<\/strong><\/h3>\n<p><iframe title=\"El movimiento - Ejercicio 1 - Tema 5 - Fi\u0301sica y Qui\u0301mica 2 ESO\" width=\"500\" height=\"281\" src=\"https:\/\/www.youtube.com\/embed\/SDvVUSzPSTc?feature=oembed&#038;wmode=opaque\" frameborder=\"0\" allow=\"accelerometer; autoplay; clipboard-write; encrypted-media; gyroscope; picture-in-picture\" allowfullscreen><\/iframe><\/p>\n<h3><strong>2.- Estudio de un movimiento por tramos: Gr\u00e1ficas. 2\u00ba ESO.<\/strong><\/h3>\n<p><iframe title=\"El movimiento - Ejercicio 2 - Tema 5 - Fi\u0301sica y Qui\u0301mica 2 ESO\" width=\"500\" height=\"281\" src=\"https:\/\/www.youtube.com\/embed\/aSFyOZWvRC0?feature=oembed&#038;wmode=opaque\" frameborder=\"0\" allow=\"accelerometer; autoplay; clipboard-write; encrypted-media; gyroscope; picture-in-picture\" allowfullscreen><\/iframe><\/p>\n<h3><strong>3.- Resumen del tema Fuerzas y movimientos.-<\/strong><\/h3>\n<p><iframe title=\"Las fuerzas - Tema 6 - F\u00edsica y Qu\u00edmica 2 ESO\" width=\"500\" height=\"281\" src=\"https:\/\/www.youtube.com\/embed\/m4P7C_nvGMs?feature=oembed&#038;wmode=opaque\" frameborder=\"0\" allow=\"accelerometer; autoplay; clipboard-write; encrypted-media; gyroscope; picture-in-picture\" allowfullscreen><\/iframe><\/p>\n<h3><strong>4.- Distancias y tiempos en el espacio. Problema curioso.<\/strong><\/h3>\n<p><iframe title=\"Las fuerzas - Ejercicio 2 - Tema 6 -  Fi\u0301sica y Qui\u0301mica 2 ESO\" width=\"500\" height=\"281\" src=\"https:\/\/www.youtube.com\/embed\/FGl_IVYiohw?feature=oembed&#038;wmode=opaque\" frameborder=\"0\" allow=\"accelerometer; autoplay; clipboard-write; encrypted-media; gyroscope; picture-in-picture\" allowfullscreen><\/iframe><\/p>\n","protected":false},"excerpt":{"rendered":"<p>&nbsp; &nbsp; &nbsp; A continuaci\u00f3n te ofrecemos una recopilaci\u00f3n de videos con los que podr\u00e1s repasar o reforzar aspectos importantes de la materia de la asignatura de f\u00edsica y qu\u00edmica. Est\u00e1n pensados para nuestro&#46;&#46;&#46;<\/p>\n","protected":false},"author":2068,"featured_media":0,"parent":172,"menu_order":0,"comment_status":"closed","ping_status":"closed","template":"","meta":{"ngg_post_thumbnail":0,"footnotes":"","_mc_calendar":[]},"aioseo_notices":[],"_links":{"self":[{"href":"https:\/\/blogsaverroes.juntadeandalucia.es\/sierramagina\/wp-json\/wp\/v2\/pages\/6206"}],"collection":[{"href":"https:\/\/blogsaverroes.juntadeandalucia.es\/sierramagina\/wp-json\/wp\/v2\/pages"}],"about":[{"href":"https:\/\/blogsaverroes.juntadeandalucia.es\/sierramagina\/wp-json\/wp\/v2\/types\/page"}],"author":[{"embeddable":true,"href":"https:\/\/blogsaverroes.juntadeandalucia.es\/sierramagina\/wp-json\/wp\/v2\/users\/2068"}],"replies":[{"embeddable":true,"href":"https:\/\/blogsaverroes.juntadeandalucia.es\/sierramagina\/wp-json\/wp\/v2\/comments?post=6206"}],"version-history":[{"count":5,"href":"https:\/\/blogsaverroes.juntadeandalucia.es\/sierramagina\/wp-json\/wp\/v2\/pages\/6206\/revisions"}],"predecessor-version":[{"id":6307,"href":"https:\/\/blogsaverroes.juntadeandalucia.es\/sierramagina\/wp-json\/wp\/v2\/pages\/6206\/revisions\/6307"}],"up":[{"embeddable":true,"href":"https:\/\/blogsaverroes.juntadeandalucia.es\/sierramagina\/wp-json\/wp\/v2\/pages\/172"}],"wp:attachment":[{"href":"https:\/\/blogsaverroes.juntadeandalucia.es\/sierramagina\/wp-json\/wp\/v2\/media?parent=6206"}],"curies":[{"name":"wp","href":"https:\/\/api.w.org\/{rel}","templated":true}]}}