{"id":80,"date":"2015-12-02T06:57:36","date_gmt":"2015-12-02T05:57:36","guid":{"rendered":"http:\/\/blogsaverroes.juntadeandalucia.es\/pre\/ceip\/?page_id=80"},"modified":"2015-12-09T20:28:57","modified_gmt":"2015-12-09T19:28:57","slug":"curso-escolar","status":"publish","type":"page","link":"https:\/\/blogsaverroes.juntadeandalucia.es\/sierramagina\/curso-escolar\/","title":{"rendered":"Curso escolar"},"content":{"rendered":"<h3><strong>Oferta educativa:<\/strong><\/h3>\n<p>Ense\u00f1anza Secundaria obligatoria (1\u00ba a 4\u00ba de ESO)<\/p>\n<p>Bachillerato.<\/p>\n<ul>\n<li><img decoding=\"async\" src=\"http:\/\/www.juntadeandalucia.es\/educacion\/vscripts\/centros\/datoscuract\/archivos\/bullet03.gif\" alt=\"\" \/>\u00a0Ciencias<\/li>\n<li><img decoding=\"async\" src=\"http:\/\/www.juntadeandalucia.es\/educacion\/vscripts\/centros\/datoscuract\/archivos\/bullet03.gif\" alt=\"\" \/>\u00a0Humanidades y ciencias sociales (LOMCE)<\/li>\n<li><img decoding=\"async\" src=\"http:\/\/www.juntadeandalucia.es\/educacion\/vscripts\/centros\/datoscuract\/archivos\/bullet03.gif\" alt=\"\" \/>\u00a0Ciencias y tecnolog\u00eda<\/li>\n<li><img decoding=\"async\" src=\"http:\/\/www.juntadeandalucia.es\/educacion\/vscripts\/centros\/datoscuract\/archivos\/bullet03.gif\" alt=\"\" \/>\u00a0Humanidades y ciencias sociales<\/li>\n<\/ul>\n<p>Centro TIC y pluriling\u00fce (Franc\u00e9s e Ingl\u00e9s).<\/p>\n<p>Durante el presente curso se inicia la implataci\u00f3n de la LOMCE, en los niveles de 1\u00ba ESO, 3\u00ba ESO Y 1\u00ba de Bachillerato. Les mantendremos informados acerca de la normativa que se vaya desarrollando.<\/p>\n<p>En esta secci\u00f3n existen subapartados donde puede acceder a informaci\u00f3n acerca del calendario y horario del curso actual, as\u00ed como informaci\u00f3n sobre el proceso de\u00a0escolarizaci\u00f3n.<\/p>\n","protected":false},"excerpt":{"rendered":"<p>Oferta educativa: Ense\u00f1anza Secundaria obligatoria (1\u00ba a 4\u00ba de ESO) Bachillerato. \u00a0Ciencias \u00a0Humanidades y ciencias sociales (LOMCE) \u00a0Ciencias y tecnolog\u00eda \u00a0Humanidades y ciencias sociales Centro TIC y pluriling\u00fce (Franc\u00e9s e Ingl\u00e9s). Durante el presente&#46;&#46;&#46;<\/p>\n","protected":false},"author":2068,"featured_media":0,"parent":0,"menu_order":0,"comment_status":"closed","ping_status":"closed","template":"page-scs.php","meta":{"ngg_post_thumbnail":0,"footnotes":"","_mc_calendar":[]},"aioseo_notices":[],"_links":{"self":[{"href":"https:\/\/blogsaverroes.juntadeandalucia.es\/sierramagina\/wp-json\/wp\/v2\/pages\/80"}],"collection":[{"href":"https:\/\/blogsaverroes.juntadeandalucia.es\/sierramagina\/wp-json\/wp\/v2\/pages"}],"about":[{"href":"https:\/\/blogsaverroes.juntadeandalucia.es\/sierramagina\/wp-json\/wp\/v2\/types\/page"}],"author":[{"embeddable":true,"href":"https:\/\/blogsaverroes.juntadeandalucia.es\/sierramagina\/wp-json\/wp\/v2\/users\/2068"}],"replies":[{"embeddable":true,"href":"https:\/\/blogsaverroes.juntadeandalucia.es\/sierramagina\/wp-json\/wp\/v2\/comments?post=80"}],"version-history":[{"count":5,"href":"https:\/\/blogsaverroes.juntadeandalucia.es\/sierramagina\/wp-json\/wp\/v2\/pages\/80\/revisions"}],"predecessor-version":[{"id":3004,"href":"https:\/\/blogsaverroes.juntadeandalucia.es\/sierramagina\/wp-json\/wp\/v2\/pages\/80\/revisions\/3004"}],"wp:attachment":[{"href":"https:\/\/blogsaverroes.juntadeandalucia.es\/sierramagina\/wp-json\/wp\/v2\/media?parent=80"}],"curies":[{"name":"wp","href":"https:\/\/api.w.org\/{rel}","templated":true}]}}