{"id":1705,"date":"2025-12-12T09:53:17","date_gmt":"2025-12-12T08:53:17","guid":{"rendered":"https:\/\/blogsaverroes.juntadeandalucia.es\/sierrasur\/?page_id=1705"},"modified":"2025-12-22T12:48:28","modified_gmt":"2025-12-22T11:48:28","slug":"rof","status":"publish","type":"page","link":"https:\/\/blogsaverroes.juntadeandalucia.es\/sierrasur\/rof\/","title":{"rendered":"ROF"},"content":{"rendered":"<p><span style=\"font-family: arial, helvetica, sans-serif;font-size: 18pt\">El ROF, o Reglamento de Organizaci\u00f3n y Funcionamiento, es un documento t\u00e9cnico normativo fundamental en entidades p\u00fablicas y educativas que define la estructura org\u00e1nica, las funciones, competencias y responsabilidades de cada \u00e1rea u \u00f3rgano para asegurar el cumplimiento de los objetivos institucionales de forma eficiente y ordenada. Establece qui\u00e9n hace qu\u00e9, c\u00f3mo se coordinan y cu\u00e1l es su rol dentro de la organizaci\u00f3n.<\/span><\/p>\n<div class='et-learn-more clearfix'>\n\t\t\t\t\t<h3 class='heading-more'>Descargar<span class='et_learnmore_arrow'><span><\/span><\/span><\/h3>\n\t\t\t\t\t<div class='learn-more-content'><p><span style=\"font-size: 18pt\"><a href=\"https:\/\/blogsaverroes.juntadeandalucia.es\/sierrasur\/files\/2025\/12\/20250320-ROF.pdf\" target=\"_blank\" rel=\"noopener\">DESCARGAR. ROF.<\/a><\/span><\/p><\/div>\n\t\t\t\t<\/div>\n<p>&nbsp;<\/p>\n<p>&nbsp;<\/p>\n","protected":false},"excerpt":{"rendered":"<p>El ROF, o Reglamento de Organizaci\u00f3n y Funcionamiento, es un documento t\u00e9cnico normativo fundamental en entidades p\u00fablicas y educativas que define la estructura org\u00e1nica, las funciones, competencias y responsabilidades de cada \u00e1rea u \u00f3rgano para asegurar el cumplimiento de los objetivos institucionales de forma eficiente y ordenada. Establece qui\u00e9n hace qu\u00e9, c\u00f3mo se coordinan y [&hellip;]<\/p>\n","protected":false},"author":18468,"featured_media":0,"parent":0,"menu_order":0,"comment_status":"closed","ping_status":"closed","template":"","meta":{"_et_pb_use_builder":"","_et_pb_old_content":"","_et_gb_content_width":"","ngg_post_thumbnail":0,"footnotes":""},"aioseo_notices":[],"_links":{"self":[{"href":"https:\/\/blogsaverroes.juntadeandalucia.es\/sierrasur\/wp-json\/wp\/v2\/pages\/1705"}],"collection":[{"href":"https:\/\/blogsaverroes.juntadeandalucia.es\/sierrasur\/wp-json\/wp\/v2\/pages"}],"about":[{"href":"https:\/\/blogsaverroes.juntadeandalucia.es\/sierrasur\/wp-json\/wp\/v2\/types\/page"}],"author":[{"embeddable":true,"href":"https:\/\/blogsaverroes.juntadeandalucia.es\/sierrasur\/wp-json\/wp\/v2\/users\/18468"}],"replies":[{"embeddable":true,"href":"https:\/\/blogsaverroes.juntadeandalucia.es\/sierrasur\/wp-json\/wp\/v2\/comments?post=1705"}],"version-history":[{"count":10,"href":"https:\/\/blogsaverroes.juntadeandalucia.es\/sierrasur\/wp-json\/wp\/v2\/pages\/1705\/revisions"}],"predecessor-version":[{"id":1764,"href":"https:\/\/blogsaverroes.juntadeandalucia.es\/sierrasur\/wp-json\/wp\/v2\/pages\/1705\/revisions\/1764"}],"wp:attachment":[{"href":"https:\/\/blogsaverroes.juntadeandalucia.es\/sierrasur\/wp-json\/wp\/v2\/media?parent=1705"}],"curies":[{"name":"wp","href":"https:\/\/api.w.org\/{rel}","templated":true}]}}