{"id":32,"date":"2020-01-10T07:45:21","date_gmt":"2020-01-10T06:45:21","guid":{"rendered":"http:\/\/blogsaverroes.juntadeandalucia.es\/pre\/nuevoiesv2\/?page_id=32"},"modified":"2024-04-18T12:42:16","modified_gmt":"2024-04-18T10:42:16","slug":"consejo-escolar","status":"publish","type":"page","link":"https:\/\/blogsaverroes.juntadeandalucia.es\/sierrasur\/consejo-escolar\/","title":{"rendered":"Consejo Escolar"},"content":{"rendered":"<hr>\n<table style=\"height: 999px;width: 98.3687%;border-style: solid;border-color: #0d0c0c\">\n<tbody>\n<tr style=\"height: 51px;background-color: #a299f2\">\n<td style=\"height: 51px;text-align: center;width: 111.643%\" colspan=\"2\"><span style=\"font-family: book antiqua, palatino, serif;font-size: 14pt;color: #ffffff\"><b>MIEMBROS DEL CONSEJO ESCOLAR<\/b><\/span><\/td>\n<\/tr>\n<tr style=\"height: 51px;background-color: #cacfe6\">\n<td style=\"height: 51px;text-align: center;width: 29.8495%\"><span style=\"font-family: book antiqua, palatino, serif;font-size: 14pt\"><b>Sector&nbsp;<\/b><\/span><\/td>\n<td style=\"height: 51px;text-align: center;width: 81.7939%\"><span style=\"font-family: book antiqua, palatino, serif;font-size: 14pt\"><b>Miembro<\/b><\/span><\/td>\n<\/tr>\n<tr style=\"height: 51px\">\n<td style=\"height: 51px;width: 29.8495%\"><span style=\"font-family: book antiqua, palatino, serif;font-size: 14pt\">Equipo Directivo&nbsp;<\/span><\/td>\n<td style=\"height: 51px;width: 81.7939%\"><span style=\"font-family: book antiqua, palatino, serif;font-size: 14pt\">Santiago Machuca, Mar\u00eda Isabel (DIRECTORA)<\/span><\/td>\n<\/tr>\n<tr style=\"height: 51px\">\n<td style=\"height: 51px;width: 29.8495%\"><span style=\"font-family: book antiqua, palatino, serif;font-size: 14pt\">Equipo Directivo&nbsp;<\/span><\/td>\n<td style=\"height: 51px;width: 81.7939%\"><span style=\"font-family: book antiqua, palatino, serif;font-size: 14pt\">Luque L\u00e9rida, Mar\u00eda Pilar (JEFA DE ESTUDIOS)<\/span><\/td>\n<\/tr>\n<tr style=\"height: 51px\">\n<td style=\"height: 51px;width: 29.8495%\"><span style=\"font-family: book antiqua, palatino, serif;font-size: 14pt\">Equipo Directivo&nbsp;<\/span><\/td>\n<td style=\"height: 51px;width: 81.7939%\"><span style=\"font-family: book antiqua, palatino, serif;font-size: 14pt\">Villodres Moreno, Antonio (SECRETARIO)<\/span><\/td>\n<\/tr>\n<tr style=\"height: 51px\">\n<td style=\"height: 51px;width: 29.8495%\"><span style=\"font-family: book antiqua, palatino, serif;font-size: 14pt\">Profesorado&nbsp;<\/span><\/td>\n<td style=\"height: 51px;width: 81.7939%\"><span style=\"font-family: book antiqua, palatino, serif;font-size: 14pt\">Arenas L\u00f3pez, Concepci\u00f3n<\/span><\/td>\n<\/tr>\n<tr style=\"height: 51px\">\n<td style=\"height: 51px;width: 29.8495%\"><span style=\"font-family: book antiqua, palatino, serif;font-size: 14pt\">Profesorado&nbsp;<\/span><\/td>\n<td style=\"height: 51px;width: 81.7939%\"><span style=\"font-family: book antiqua, palatino, serif;font-size: 14pt\">Espinosa Tello, Mar\u00eda Luc\u00eda<\/span><\/td>\n<\/tr>\n<tr style=\"height: 51px\">\n<td style=\"height: 51px;width: 29.8495%\"><span style=\"font-family: book antiqua, palatino, serif;font-size: 14pt\">Profesorado&nbsp;<\/span><\/td>\n<td style=\"height: 51px;width: 81.7939%\"><span style=\"font-family: book antiqua, palatino, serif;font-size: 14pt\">G\u00f3mez Extremera, Manuel<\/span><\/td>\n<\/tr>\n<tr style=\"height: 51px\">\n<td style=\"height: 51px;width: 29.8495%\"><span style=\"font-family: book antiqua, palatino, serif;font-size: 14pt\">Profesorado&nbsp;<\/span><\/td>\n<td style=\"height: 51px;width: 81.7939%\"><span style=\"font-family: book antiqua, palatino, serif;font-size: 14pt\">Jim\u00e9nez Serrano, Antonia<\/span><\/td>\n<\/tr>\n<tr style=\"height: 51px\">\n<td style=\"height: 51px;width: 29.8495%\"><span style=\"font-family: book antiqua, palatino, serif;font-size: 14pt\">Profesorado&nbsp;<\/span><\/td>\n<td style=\"height: 51px;width: 81.7939%\"><span style=\"font-family: book antiqua, palatino, serif;font-size: 14pt\">L\u00f3pez Trigo, Francisco<\/span><\/td>\n<\/tr>\n<tr style=\"height: 51px\">\n<td style=\"height: 51px;width: 29.8495%\"><span style=\"font-family: book antiqua, palatino, serif;font-size: 14pt\">Profesorado&nbsp;<\/span><\/td>\n<td style=\"height: 51px;width: 81.7939%\"><span style=\"font-family: book antiqua, palatino, serif;font-size: 14pt\">Molina Pe\u00f1a, Jos\u00e9 Juan<\/span><\/td>\n<\/tr>\n<tr style=\"height: 51px\">\n<td style=\"height: 51px;width: 29.8495%\"><span style=\"font-family: book antiqua, palatino, serif;font-size: 14pt\">Madres\/Padres\/Tutores&nbsp;<\/span><\/td>\n<td style=\"height: 51px;width: 81.7939%\"><span style=\"font-family: book antiqua, palatino, serif;font-size: 14pt\">Jim\u00e9nez Estepa, Mar\u00eda del Carmen<\/span><\/td>\n<\/tr>\n<tr style=\"height: 51px\">\n<td style=\"height: 51px;width: 29.8495%\"><span style=\"font-family: book antiqua, palatino, serif;font-size: 14pt\">Madres\/Padres\/Tutores&nbsp;<\/span><\/td>\n<td style=\"height: 51px;width: 81.7939%\"><span style=\"font-family: book antiqua, palatino, serif;font-size: 14pt\">P\u00e9rez Cano, Encarnaci\u00f3n<\/span><\/td>\n<\/tr>\n<tr style=\"height: 51px\">\n<td style=\"height: 51px;width: 29.8495%\"><span style=\"font-family: book antiqua, palatino, serif;font-size: 14pt\">Madres\/Padres\/Tutores&nbsp;<\/span><\/td>\n<td style=\"height: 51px;width: 81.7939%\"><span style=\"font-family: book antiqua, palatino, serif;font-size: 14pt\">Torres Merino, Juana Mar\u00eda<\/span><\/td>\n<\/tr>\n<tr style=\"height: 51px\">\n<td style=\"height: 51px;width: 29.8495%\"><span style=\"font-family: book antiqua, palatino, serif;font-size: 14pt\">Madres\/Padres\/Tutores&nbsp;<\/span><\/td>\n<td style=\"height: 51px;width: 81.7939%\"><span style=\"font-family: book antiqua, palatino, serif;font-size: 14pt\">Almagro Jim\u00e9nez, Felisa (REPRESENTANTE DE LA A.M.P.A. MAYORITARIA)<\/span><\/td>\n<\/tr>\n<tr style=\"height: 51px\">\n<td style=\"height: 51px;width: 29.8495%\"><span style=\"font-family: book antiqua, palatino, serif;font-size: 14pt\">Alumnado&nbsp;<\/span><\/td>\n<td style=\"height: 51px;width: 81.7939%\"><span style=\"font-family: book antiqua, palatino, serif;font-size: 14pt\">Higueras L\u00f3pez, Ainhoa<\/span><\/td>\n<\/tr>\n<tr style=\"height: 51px\">\n<td style=\"height: 51px;width: 29.8495%\"><span style=\"font-family: book antiqua, palatino, serif;font-size: 14pt\">Alumnado&nbsp;<\/span><\/td>\n<td style=\"height: 51px;width: 81.7939%\"><span style=\"font-family: book antiqua, palatino, serif;font-size: 14pt\">Lend\u00ednez Armenteros, Luc\u00eda<\/span><\/td>\n<\/tr>\n<tr style=\"height: 51px\">\n<td style=\"height: 51px;width: 29.8495%\"><span style=\"font-family: book antiqua, palatino, serif;font-size: 14pt\">Personal Adm\u00f3n. y Servicios&nbsp;<\/span><\/td>\n<td style=\"height: 51px;width: 81.7939%\"><span style=\"font-family: book antiqua, palatino, serif;font-size: 14pt\">Armenteros Valdivia, Domingo<\/span><\/td>\n<\/tr>\n<tr style=\"height: 51px\">\n<td style=\"height: 51px;width: 29.8495%\"><span style=\"font-family: book antiqua, palatino, serif;font-size: 14pt\">Ayuntamiento&nbsp;<\/span><\/td>\n<td style=\"height: 51px;width: 81.7939%\"><span style=\"font-family: book antiqua, palatino, serif;font-size: 14pt\">Estepa Chica, Antonio (CONCEJAL O REPRESENTANTE DEL AYUNTAMIENTO)<\/span><\/td>\n<\/tr>\n<tr style=\"height: 51px\">\n<td style=\"height: 51px;width: 29.8495%\"><span style=\"font-family: book antiqua, palatino, serif;font-size: 14pt\">Fomento Igualdad (Impulsor de&nbsp; medidas de Igualdad)<\/span><\/td>\n<td style=\"height: 51px;width: 81.7939%\"><span style=\"font-family: book antiqua, palatino, serif;font-size: 14pt\">Santiago Machuca, Mar\u00eda Isabel (IMPULSOR DE MEDIDAS PARA EL FOMENTO DE LA IGUALDAD ENTRE HOMBRES Y MUJERES)<\/span><\/td>\n<\/tr>\n<\/tbody>\n<\/table>\n<p>&nbsp;<\/p>\n","protected":false},"excerpt":{"rendered":"<p>MIEMBROS DEL CONSEJO ESCOLAR Sector&nbsp; Miembro Equipo Directivo&nbsp; Santiago Machuca, Mar\u00eda Isabel (DIRECTORA) Equipo Directivo&nbsp; Luque L\u00e9rida, Mar\u00eda Pilar (JEFA DE ESTUDIOS) Equipo Directivo&nbsp; Villodres Moreno, Antonio (SECRETARIO) Profesorado&nbsp; Arenas L\u00f3pez, Concepci\u00f3n Profesorado&nbsp; Espinosa Tello, Mar\u00eda Luc\u00eda Profesorado&nbsp; G\u00f3mez Extremera, Manuel Profesorado&nbsp; Jim\u00e9nez Serrano, Antonia Profesorado&nbsp; L\u00f3pez Trigo, Francisco Profesorado&nbsp; Molina Pe\u00f1a, Jos\u00e9 Juan Madres\/Padres\/Tutores&nbsp; [&hellip;]<\/p>\n","protected":false},"author":18528,"featured_media":0,"parent":0,"menu_order":0,"comment_status":"closed","ping_status":"closed","template":"","meta":{"_et_pb_use_builder":"off","_et_pb_old_content":"","_et_gb_content_width":"","ngg_post_thumbnail":0,"footnotes":""},"aioseo_notices":[],"_links":{"self":[{"href":"https:\/\/blogsaverroes.juntadeandalucia.es\/sierrasur\/wp-json\/wp\/v2\/pages\/32"}],"collection":[{"href":"https:\/\/blogsaverroes.juntadeandalucia.es\/sierrasur\/wp-json\/wp\/v2\/pages"}],"about":[{"href":"https:\/\/blogsaverroes.juntadeandalucia.es\/sierrasur\/wp-json\/wp\/v2\/types\/page"}],"author":[{"embeddable":true,"href":"https:\/\/blogsaverroes.juntadeandalucia.es\/sierrasur\/wp-json\/wp\/v2\/users\/18528"}],"replies":[{"embeddable":true,"href":"https:\/\/blogsaverroes.juntadeandalucia.es\/sierrasur\/wp-json\/wp\/v2\/comments?post=32"}],"version-history":[{"count":14,"href":"https:\/\/blogsaverroes.juntadeandalucia.es\/sierrasur\/wp-json\/wp\/v2\/pages\/32\/revisions"}],"predecessor-version":[{"id":966,"href":"https:\/\/blogsaverroes.juntadeandalucia.es\/sierrasur\/wp-json\/wp\/v2\/pages\/32\/revisions\/966"}],"wp:attachment":[{"href":"https:\/\/blogsaverroes.juntadeandalucia.es\/sierrasur\/wp-json\/wp\/v2\/media?parent=32"}],"curies":[{"name":"wp","href":"https:\/\/api.w.org\/{rel}","templated":true}]}}