{"id":426,"date":"2020-12-18T08:46:54","date_gmt":"2020-12-18T07:46:54","guid":{"rendered":"https:\/\/blogsaverroes.juntadeandalucia.es\/pre\/plantilla-typewriter\/?page_id=426"},"modified":"2024-10-29T10:56:35","modified_gmt":"2024-10-29T09:56:35","slug":"contactar-con-el-centro","status":"publish","type":"page","link":"https:\/\/blogsaverroes.juntadeandalucia.es\/sierrasur\/contactar-con-el-centro\/","title":{"rendered":"Contactar"},"content":{"rendered":"<div id=\"custom_html-2\" class=\"widget_text et_pb_widget widget_custom_html\">\n<h4 class=\"widgettitle\" style=\"text-align: left\"><div class='et-box et-shadow'>\n\t\t\t\t\t<div class='et-box-content'><span style=\"font-family: 'arial black', sans-serif;font-size: 18pt\"><strong> DATOS DEL CENTRO<\/strong><\/span><\/div><\/div><\/h4>\n<div class=\"textwidget custom-html-widget\">\n<ul>\n<li><span style=\"color: #000000;font-family: 'book antiqua', palatino, serif;font-size: 14pt\"><strong>Centro<\/strong>: I.E.S.SIERRA SUR.<\/span><\/li>\n<\/ul>\n<p>&nbsp;<\/p>\n<ul>\n<li><span style=\"color: #000000;font-family: 'book antiqua', palatino, serif;font-size: 14pt\"><strong>Direcci\u00f3n<\/strong>: C\/Bellavista, s\/n<a style=\"color: #000000\" href=\"https:\/\/www.google.com\/maps\/place\/\/data=!4m2!3m1!1s0xd6dde05540a3ca3:0x31861abf99e2d1ac?sa=X&amp;ved=2ahUKEwjR_pKWoq2EAxW4UKQEHeWNCvUQ4kB6BAgOEAA\" data-url=\"\/maps\/place\/\/data=!4m2!3m1!1s0xd6dde05540a3ca3:0x31861abf99e2d1ac?sa=X&amp;ved=2ahUKEwjR_pKWoq2EAxW4UKQEHeWNCvUQ4kB6BAgOEAA\" data-jsarwt=\"1\" data-usg=\"AOvVaw0J7wDZ7zvI2UMfYU-CuCbf\" data-ved=\"2ahUKEwjR_pKWoq2EAxW4UKQEHeWNCvUQ4kB6BAgjEAM\">. 23150. Valdepe\u00f1as de Ja\u00e9n. Ja\u00e9n.<\/a><\/span><\/li>\n<\/ul>\n<p>&nbsp;<\/p>\n<ul>\n<li><span style=\"color: #000000;font-family: 'book antiqua', palatino, serif;font-size: 14pt\"><strong>Tel\u00e9fono<\/strong>: <span id=\"et-info-phone\">+34 953 366 931.<\/span><\/span><\/li>\n<\/ul>\n<p>&nbsp;<\/p>\n<ul>\n<li><span style=\"color: #000000;font-family: 'book antiqua', palatino, serif;font-size: 14pt\"><strong>Correo electr\u00f3nico<\/strong>: <a title=\"Enviar un mail centro\" href=\"mailto:23700347.edu@juntadeandalucia.es\" target=\"_blank\" rel=\"noopener noreferrer\">23700347.edu@juntadeandalucia.es<\/a><\/span><\/li>\n<\/ul>\n<\/div>\n<\/div>\n","protected":false},"excerpt":{"rendered":"<p>Centro: I.E.S.SIERRA SUR. &nbsp; Direcci\u00f3n: C\/Bellavista, s\/n. 23150. Valdepe\u00f1as de Ja\u00e9n. Ja\u00e9n. &nbsp; Tel\u00e9fono: +34 953 366 931. &nbsp; Correo electr\u00f3nico: 23700347.edu@juntadeandalucia.es<\/p>\n","protected":false},"author":18528,"featured_media":0,"parent":0,"menu_order":0,"comment_status":"closed","ping_status":"closed","template":"","meta":{"_et_pb_use_builder":"off","_et_pb_old_content":"","_et_gb_content_width":"","ngg_post_thumbnail":0,"footnotes":""},"aioseo_notices":[],"_links":{"self":[{"href":"https:\/\/blogsaverroes.juntadeandalucia.es\/sierrasur\/wp-json\/wp\/v2\/pages\/426"}],"collection":[{"href":"https:\/\/blogsaverroes.juntadeandalucia.es\/sierrasur\/wp-json\/wp\/v2\/pages"}],"about":[{"href":"https:\/\/blogsaverroes.juntadeandalucia.es\/sierrasur\/wp-json\/wp\/v2\/types\/page"}],"author":[{"embeddable":true,"href":"https:\/\/blogsaverroes.juntadeandalucia.es\/sierrasur\/wp-json\/wp\/v2\/users\/18528"}],"replies":[{"embeddable":true,"href":"https:\/\/blogsaverroes.juntadeandalucia.es\/sierrasur\/wp-json\/wp\/v2\/comments?post=426"}],"version-history":[{"count":21,"href":"https:\/\/blogsaverroes.juntadeandalucia.es\/sierrasur\/wp-json\/wp\/v2\/pages\/426\/revisions"}],"predecessor-version":[{"id":684,"href":"https:\/\/blogsaverroes.juntadeandalucia.es\/sierrasur\/wp-json\/wp\/v2\/pages\/426\/revisions\/684"}],"wp:attachment":[{"href":"https:\/\/blogsaverroes.juntadeandalucia.es\/sierrasur\/wp-json\/wp\/v2\/media?parent=426"}],"curies":[{"name":"wp","href":"https:\/\/api.w.org\/{rel}","templated":true}]}}