{"id":574,"date":"2024-01-23T13:14:57","date_gmt":"2024-01-23T12:14:57","guid":{"rendered":"https:\/\/blogsaverroes.juntadeandalucia.es\/sierrasur\/?page_id=574"},"modified":"2024-04-22T13:13:11","modified_gmt":"2024-04-22T11:13:11","slug":"bachillerato","status":"publish","type":"page","link":"https:\/\/blogsaverroes.juntadeandalucia.es\/sierrasur\/bachillerato\/","title":{"rendered":"Bachillerato"},"content":{"rendered":"<div class='et-box et-shadow'>\n\t\t\t\t\t<div class='et-box-content'><span style=\"font-family: 'arial black', sans-serif;font-size: 18pt\">BACHILLERATO<\/span><\/div><\/div>\n<ul>\n<li><em><strong>BACHILLERATO- <\/strong><strong>DISTRIBUCI\u00d3N DE MATERIAS<\/strong><\/em><\/li>\n<\/ul>\n<p><em>En el siguiente enlace se puede ver la distribuci\u00f3n de materias en nuestro centro en la etapa educativa de Bachillerato:<br \/>\n<\/em><\/p>\n<p><a href=\"https:\/\/blogsaverroes.juntadeandalucia.es\/sierrasur\/files\/2024\/04\/20240418-Materias-bachillerato-en-la-web.pdf\" target=\"_blank\" rel=\"noopener\">Materias Bachillerato<\/a><\/p>\n<p>&nbsp;<\/p>\n<p><span style=\"font-family: 'book antiqua', palatino, serif;font-size: 14pt\">El Bachillerato es parte de la ense\u00f1anza postobligatoria y tiene&nbsp;<strong>car\u00e1cter voluntario<\/strong>.&nbsp;Consta de&nbsp;<strong>dos cursos acad\u00e9micos<\/strong>&nbsp;que se realizan&nbsp;<strong>ordinariamente entre los 16 y 18 a\u00f1os de edad<\/strong>. Se desarrolla en&nbsp;<strong>modalidades diferentes<\/strong>, se organiza de modo flexible y, en su caso, en distintas v\u00edas.&nbsp;Los alumnos podr\u00e1n permanecer cursando bachillerato en r\u00e9gimen ordinario durante cuatro a\u00f1os, consecutivos o no.<\/span><\/p>\n<p><span style=\"font-family: 'book antiqua', palatino, serif;font-size: 14pt\">Tiene como finalidad proporcionar a los alumnos la formaci\u00f3n, madurez intelectual y humana, conocimientos y habilidades que les permitan desarrollar funciones sociales e incorporarse a la educaci\u00f3n superior y a la vida activa con responsabilidad y competencia.<\/span><\/p>\n<p><span style=\"font-family: 'book antiqua', palatino, serif;font-size: 14pt\">Quienes cursen satisfactoriamente el bachillerato en cualquiera de sus modalidades recibir\u00e1n el t\u00edtulo de Bachiller, que tendr\u00e1 efectos laborales y acad\u00e9micos.<\/span><\/p>\n<ul>\n<li><span style=\"font-family: 'book antiqua', palatino, serif;font-size: 14pt\"><strong>Admisi\u00f3n<\/strong><\/span><\/li>\n<\/ul>\n<p><span style=\"font-family: 'book antiqua', palatino, serif;font-size: 14pt\">Podr\u00e1n acceder a los estudios del Bachillerato los estudiantes que cumplan alguno de los siguientes requisitos:<\/span><\/p>\n<p><span style=\"font-family: 'book antiqua', palatino, serif;font-size: 14pt\">&#8211; Estar en posesi\u00f3n del t\u00edtulo de Graduado en Educaci\u00f3n Secundaria Obligatoria (acceso directo a todas las modalidades).<\/span><\/p>\n<p><span style=\"font-family: 'book antiqua', palatino, serif;font-size: 14pt\">&#8211; Estar en posesi\u00f3n del t\u00edtulo de T\u00e9cnico de formaci\u00f3n profesional (acceso directo a todas las modalidades).<\/span><\/p>\n<ul>\n<li><span style=\"font-family: 'book antiqua', palatino, serif;font-size: 14pt\"><strong>Organizaci\u00f3n del Bachillerato<\/strong><\/span><\/li>\n<\/ul>\n<p><span style=\"font-size: 14pt;font-family: 'book antiqua', palatino, serif\">&#8211; Modalidad de Ciencias.<\/span><\/p>\n<p><span style=\"font-size: 14pt;font-family: 'book antiqua', palatino, serif\">&#8211; Modalidad de Humanidades y Ciencias Sociales.&nbsp;<\/span><\/p>\n<ul>\n<li><strong><span style=\"font-family: 'book antiqua', palatino, serif;font-size: 14pt\">Salidas<\/span><\/strong><\/li>\n<\/ul>\n<p><span style=\"font-size: 14pt;font-family: 'book antiqua', palatino, serif\">Las salidas profesionales y de continuidad de formaci\u00f3n que permiten los estudios de Bachillerato son variadas, destacando:<\/span><\/p>\n<p><span style=\"font-size: 14pt;font-family: 'book antiqua', palatino, serif\">&#8211; Acceso a Ciclos Formativos de Grado Superior.<\/span><\/p>\n<p><span style=\"font-size: 14pt;font-family: 'book antiqua', palatino, serif\">&#8211; Acceso a la Universidad mediante Selectividad.<\/span><\/p>\n<p><span style=\"font-size: 14pt;font-family: 'book antiqua', palatino, serif\">&#8211; Acceso al mundo laboral.<\/span><\/p>\n<div class='et-box et-shadow'>\n\t\t\t\t\t<div class='et-box-content'><span style=\"font-family: arial black, sans-serif;font-size: 18pt\">ANULACI\u00d3N DE MATR\u00cdCULA EN BACHILLERATO<\/span><\/div><\/div>\n<p align=\"justify\"><span style=\"font-family: book antiqua, palatino, serif;font-size: 14pt\">El alumnado de bachillerato tiene derecho a dejar sin efecto su matr\u00edcula siempre y cuando las causas alegadas imposibiliten la asistencia del alumno o alumna a clase. Antes de finalizar el mes de abril de cada curso el alumno, siempre que sea mayor de edad y en caso contrario sus tutores legales, podr\u00e1 rellenar en el centro la solicitud de anulaci\u00f3n de matr\u00edcula. En este caso, la matr\u00edcula no ser\u00e1 computada a efectos del n\u00famero m\u00e1ximo de a\u00f1os de permanencia en esta ense\u00f1anza.<\/span><\/p>\n","protected":false},"excerpt":{"rendered":"<p>BACHILLERATO- DISTRIBUCI\u00d3N DE MATERIAS En el siguiente enlace se puede ver la distribuci\u00f3n de materias en nuestro centro en la etapa educativa de Bachillerato: Materias Bachillerato &nbsp; El Bachillerato es parte de la ense\u00f1anza postobligatoria y tiene&nbsp;car\u00e1cter voluntario.&nbsp;Consta de&nbsp;dos cursos acad\u00e9micos&nbsp;que se realizan&nbsp;ordinariamente entre los 16 y 18 a\u00f1os de edad. Se desarrolla en&nbsp;modalidades diferentes, [&hellip;]<\/p>\n","protected":false},"author":18468,"featured_media":0,"parent":0,"menu_order":0,"comment_status":"closed","ping_status":"closed","template":"","meta":{"_et_pb_use_builder":"","_et_pb_old_content":"","_et_gb_content_width":"","ngg_post_thumbnail":0,"footnotes":""},"aioseo_notices":[],"_links":{"self":[{"href":"https:\/\/blogsaverroes.juntadeandalucia.es\/sierrasur\/wp-json\/wp\/v2\/pages\/574"}],"collection":[{"href":"https:\/\/blogsaverroes.juntadeandalucia.es\/sierrasur\/wp-json\/wp\/v2\/pages"}],"about":[{"href":"https:\/\/blogsaverroes.juntadeandalucia.es\/sierrasur\/wp-json\/wp\/v2\/types\/page"}],"author":[{"embeddable":true,"href":"https:\/\/blogsaverroes.juntadeandalucia.es\/sierrasur\/wp-json\/wp\/v2\/users\/18468"}],"replies":[{"embeddable":true,"href":"https:\/\/blogsaverroes.juntadeandalucia.es\/sierrasur\/wp-json\/wp\/v2\/comments?post=574"}],"version-history":[{"count":7,"href":"https:\/\/blogsaverroes.juntadeandalucia.es\/sierrasur\/wp-json\/wp\/v2\/pages\/574\/revisions"}],"predecessor-version":[{"id":976,"href":"https:\/\/blogsaverroes.juntadeandalucia.es\/sierrasur\/wp-json\/wp\/v2\/pages\/574\/revisions\/976"}],"wp:attachment":[{"href":"https:\/\/blogsaverroes.juntadeandalucia.es\/sierrasur\/wp-json\/wp\/v2\/media?parent=574"}],"curies":[{"name":"wp","href":"https:\/\/api.w.org\/{rel}","templated":true}]}}