{"id":602,"date":"2024-02-13T09:32:58","date_gmt":"2024-02-13T08:32:58","guid":{"rendered":"https:\/\/blogsaverroes.juntadeandalucia.es\/sierrasur\/?page_id=602"},"modified":"2025-12-15T10:46:18","modified_gmt":"2025-12-15T09:46:18","slug":"programaciones","status":"publish","type":"page","link":"https:\/\/blogsaverroes.juntadeandalucia.es\/sierrasur\/programaciones\/","title":{"rendered":"Programaciones"},"content":{"rendered":"<p>[et_pb_section fb_built=&#8221;1&#8243; _builder_version=&#8221;4.16&#8243; global_colors_info=&#8221;{}&#8221;][et_pb_row _builder_version=&#8221;4.16&#8243; background_size=&#8221;initial&#8221; background_position=&#8221;top_left&#8221; background_repeat=&#8221;repeat&#8221; global_colors_info=&#8221;{}&#8221;][et_pb_column type=&#8221;4_4&#8243; _builder_version=&#8221;4.16&#8243; custom_padding=&#8221;|||&#8221; global_colors_info=&#8221;{}&#8221; custom_padding__hover=&#8221;|||&#8221;][et_pb_text admin_label=&#8221;Texto&#8221; _builder_version=&#8221;4.24.2&#8243; background_size=&#8221;initial&#8221; background_position=&#8221;top_left&#8221; background_repeat=&#8221;repeat&#8221; hover_enabled=&#8221;0&#8243; global_colors_info=&#8221;{}&#8221; sticky_enabled=&#8221;0&#8243;]<\/p>\n<p style=\"text-align: center\"><div class='et-box et-shadow'>\n\t\t\t\t\t<div class='et-box-content'><em><strong><span style=\"font-size: 14pt\">Programaciones I. E. S. SIERRA SUR<\/span><\/strong><\/em><\/div><\/div><\/p>\n<ul>\n<li><strong>Departamento de Matem\u00e1ticas:<\/strong><\/li>\n<\/ul>\n<p><a href=\"https:\/\/drive.google.com\/drive\/folders\/1BMpOKaQpbneKwjrJizlHZkkZ9wB6-eDs?usp=sharing\" target=\"_blank\" rel=\"noopener\">VER<\/a><\/p>\n<ul>\n<li><strong>Departamento de Tecnolog\u00eda-Inform\u00e1tica:<\/strong><\/li>\n<\/ul>\n<p><a title=\"Programaciones INFORM\u00c1TICA\" href=\"https:\/\/drive.google.com\/drive\/folders\/1bCOWtRwvI81IYYWlMFmvRapPaOPCw-7W?usp=drive_link\" target=\"_blank\" rel=\"noopener\">VER<\/a><\/p>\n<ul>\n<li><strong>Departamento de Lengua y Literatura:<\/strong><\/li>\n<\/ul>\n<p><a title=\"Programaciones LENGUA Y LITERATURA\" href=\"https:\/\/drive.google.com\/drive\/folders\/1t35VNAIWE_JKFM_FHYKvb14kmfTd2y6s?usp=drive_link\" target=\"_blank\" rel=\"noopener\">VER<\/a><\/p>\n<ul>\n<li><strong>Departamento Geograf\u00eda e Historia:<\/strong><\/li>\n<\/ul>\n<p><a title=\"Programaciones Geograf\u00eda e Historia\" href=\"https:\/\/drive.google.com\/drive\/folders\/1jlS0xYMH7JkeHC9_DfPEEO0L12coDCFo?usp=drive_link\" target=\"_blank\" rel=\"noopener\">VER<\/a><\/p>\n<ul>\n<li><strong>Departamento de Biolog\u00eda:<\/strong><\/li>\n<\/ul>\n<p><a title=\"Programaciones Biolog\u00eda\" href=\"https:\/\/drive.google.com\/drive\/folders\/165iAPcIJCzDyM2gA0cXz7AzJwPu9aU1y?usp=drive_link\" target=\"_blank\" rel=\"noopener\">VER<\/a><\/p>\n<ul>\n<li><strong>Departamento de Orientaci\u00f3n:<\/strong><\/li>\n<\/ul>\n<p><a title=\"Programaciones ORIENTACI\u00d3N\" href=\"https:\/\/drive.google.com\/drive\/folders\/1PUBEibY_413Glv6m2MWsgLchkCZUOLk2?usp=drive_link\" target=\"_blank\" rel=\"noopener\">VER<\/a><\/p>\n<ul>\n<li><strong>Departamento de Filosof\u00eda:<\/strong><\/li>\n<\/ul>\n<p><a title=\"Programaciones FILOSOF\u00cdA\" href=\"https:\/\/drive.google.com\/drive\/folders\/1oDWVJpWgZ446FJhrqSLOK3hcOtgCUFgL?usp=drive_link\" target=\"_blank\" rel=\"noopener\">VER<\/a><\/p>\n<ul>\n<li><strong>Departamento de Cultura Cl\u00e1sica:<\/strong><\/li>\n<\/ul>\n<p><a title=\"Programaciones Cultura Cl\u00e1sica\" href=\"https:\/\/drive.google.com\/drive\/folders\/1nQ_lm-DLd59QD5YfcS2CYWUGiL0JikiL?usp=drive_link\" target=\"_blank\" rel=\"noopener\">VER<\/a><\/p>\n<ul>\n<li><strong>Departamento de Religi\u00f3n:<\/strong><\/li>\n<\/ul>\n<p><a href=\"https:\/\/drive.google.com\/drive\/folders\/13fx5HO4xtsc-Ej3qOVG9a7KZjcFvMx-h?usp=drive_link\" target=\"_blank\" rel=\"noopener\">VER<\/a><\/p>\n<ul>\n<li><strong>Departamento de Educaci\u00f3n F\u00edsica:<\/strong><\/li>\n<\/ul>\n<p><a href=\"https:\/\/drive.google.com\/drive\/folders\/1sPdvdGQUBe5qzyvgRagiIcs3gJgv7amc?usp=drive_link\" target=\"_blank\" rel=\"noopener\">VER<\/a><\/p>\n<ul>\n<li><strong>Departamento de Franc\u00e9s:<\/strong><\/li>\n<\/ul>\n<p><a href=\"https:\/\/drive.google.com\/drive\/folders\/1yfD16ueFypMScJ10N0TkmdWYE319SNWD?usp=drive_link\" target=\"_blank\" rel=\"noopener\">VER<\/a><\/p>\n<ul>\n<li><strong>Departamento de Ingl\u00e9s:<\/strong><\/li>\n<\/ul>\n<p><a href=\"https:\/\/drive.google.com\/drive\/folders\/1m0hKV_CNDfKqbad1p3P2LxFnvhSrb_DK?usp=drive_link\" target=\"_blank\" rel=\"noopener\">VER<\/a><\/p>\n<ul>\n<li><strong>Departamento de M\u00fasica:<\/strong><\/li>\n<\/ul>\n<p><a href=\"https:\/\/drive.google.com\/drive\/folders\/1L0zJGUFUjvzNBftYULYDT1qoBdI9iDa6?usp=sharing\" target=\"_blank\" rel=\"noopener\">VER<\/a><\/p>\n<ul>\n<li>\n<p id=\"Pnsjpd\" class=\"zv7tnb\" aria-label=\"Compartir &quot;EPV , E. Art\u00edstica y DIBUJO T\u00c9CNICO 25 \/26&quot;\"><span style=\"font-size: 12pt\"><strong>EPV, E. Art\u00edstica y DIBUJO T\u00c9CNICO:<\/strong><\/span><\/p>\n<\/li>\n<\/ul>\n<p><a href=\"https:\/\/drive.google.com\/drive\/folders\/1iFuMQySb8ttSPpgWBYeN4q2insWriw5R?usp=drive_link\" target=\"_blank\" rel=\"noopener\">VER<\/a><\/p>\n<p>[\/et_pb_text][\/et_pb_column][\/et_pb_row][\/et_pb_section]<\/p>\n","protected":false},"excerpt":{"rendered":"<p><div class='et-box et-shadow'>\n\t\t\t\t\t<div class='et-box-content'>Programaciones I. E. S. SIERRA SUR<\/div><\/div> Departamento de Matem\u00e1ticas: VER Departamento de Tecnolog\u00eda-Inform\u00e1tica: VER Departamento de Lengua y Literatura: VER Departamento Geograf\u00eda e Historia: VER Departamento de Biolog\u00eda: VER Departamento de Orientaci\u00f3n: VER Departamento de Filosof\u00eda: VER Departamento de Cultura Cl\u00e1sica: VER Departamento de Religi\u00f3n: VER Departamento de Educaci\u00f3n F\u00edsica: VER Departamento de Franc\u00e9s: [&hellip;]<\/p>\n","protected":false},"author":18468,"featured_media":0,"parent":0,"menu_order":0,"comment_status":"closed","ping_status":"closed","template":"","meta":{"_et_pb_use_builder":"on","_et_pb_old_content":"<p style=\"text-align: center;\">[box] <em><strong><span style=\"font-size: 14pt;\">Programaciones I. E. S. SIERRA SUR<\/span><\/strong><\/em>[\/box]<\/p><ul><li><strong>Departamento de Tecnolog\u00eda-Inform\u00e1tica:<\/strong><\/li><\/ul><p><a title=\"Programaciones INFORM\u00c1TICA\" href=\"https:\/\/drive.google.com\/drive\/folders\/1StEiz_X9TE_jB_zciQEaIGLQfzDHTii9?usp=sharing\" target=\"_blank\" rel=\"noopener noreferrer\">https:\/\/drive.google.com\/drive\/folders\/1StEiz_X9TE_jB_zciQEaIGLQfzDHTii9?usp=sharing<\/a><\/p><ul><li><strong>Departamento de Lengua y Literatura:<\/strong><\/li><\/ul><p>\u00a0<\/p><ul><li><strong>Departamento de Matem\u00e1ticas:<\/strong><\/li><\/ul><p>\u00a0<\/p><ul><li><strong>Departamento de Filosof\u00eda:<\/strong><\/li><\/ul><p>\u00a0<\/p><ul><li><strong>Departamento de M\u00fasica:<\/strong><\/li><\/ul><p>\u00a0<\/p><ul><li><strong>Departamento de F\u00edsica y Qu\u00edmica:<\/strong><\/li><\/ul><p>\u00a0<\/p><p>\u00a0<\/p>","_et_gb_content_width":"","ngg_post_thumbnail":0,"footnotes":""},"aioseo_notices":[],"_links":{"self":[{"href":"https:\/\/blogsaverroes.juntadeandalucia.es\/sierrasur\/wp-json\/wp\/v2\/pages\/602"}],"collection":[{"href":"https:\/\/blogsaverroes.juntadeandalucia.es\/sierrasur\/wp-json\/wp\/v2\/pages"}],"about":[{"href":"https:\/\/blogsaverroes.juntadeandalucia.es\/sierrasur\/wp-json\/wp\/v2\/types\/page"}],"author":[{"embeddable":true,"href":"https:\/\/blogsaverroes.juntadeandalucia.es\/sierrasur\/wp-json\/wp\/v2\/users\/18468"}],"replies":[{"embeddable":true,"href":"https:\/\/blogsaverroes.juntadeandalucia.es\/sierrasur\/wp-json\/wp\/v2\/comments?post=602"}],"version-history":[{"count":19,"href":"https:\/\/blogsaverroes.juntadeandalucia.es\/sierrasur\/wp-json\/wp\/v2\/pages\/602\/revisions"}],"predecessor-version":[{"id":1735,"href":"https:\/\/blogsaverroes.juntadeandalucia.es\/sierrasur\/wp-json\/wp\/v2\/pages\/602\/revisions\/1735"}],"wp:attachment":[{"href":"https:\/\/blogsaverroes.juntadeandalucia.es\/sierrasur\/wp-json\/wp\/v2\/media?parent=602"}],"curies":[{"name":"wp","href":"https:\/\/api.w.org\/{rel}","templated":true}]}}