{"id":741,"date":"2024-02-20T14:09:09","date_gmt":"2024-02-20T13:09:09","guid":{"rendered":"https:\/\/blogsaverroes.juntadeandalucia.es\/sierrasur\/?page_id=741"},"modified":"2024-11-05T09:56:45","modified_gmt":"2024-11-05T08:56:45","slug":"escolarizacion","status":"publish","type":"page","link":"https:\/\/blogsaverroes.juntadeandalucia.es\/sierrasur\/escolarizacion\/","title":{"rendered":"Escolarizaci\u00f3n"},"content":{"rendered":"<p><span style=\"font-family: 'arial black', sans-serif;font-size: 14pt\"><div class='et-box et-shadow'>\n\t\t\t\t\t<div class='et-box-content'>ESCOLARIZACI\u00d3N ALUMNADO<\/div><\/div> <\/span><\/p>\n<p align=\"justify\"><span style=\"font-size: 14pt;font-family: book antiqua, palatino, serif\">Se recomienda realizar la matriculaci\u00f3n para la ESO y Bachillerato a trav\u00e9s de la Secretar\u00eda Virtual. Para rellenar la solicitud se necesita la clave IANDE del alumno\/a que se encuentra en un mensaje anclado de la aplicaci\u00f3n IPASEN de los tutores legales. <\/span><\/p>\n<p align=\"justify\"><span style=\"font-size: 14pt;font-family: book antiqua, palatino, serif\">En este v\u00eddeo se explica c\u00f3mo encontrar esta clave y c\u00f3mo se rellena la solicitud de matr\u00edcula:<\/span><\/p>\n<p align=\"justify\"><span style=\"font-size: 14pt;font-family: book antiqua, palatino, serif\"><a href=\"https:\/\/www.youtube.com\/watch?v=p8bqMdBsLd4\"><span style=\"color: #000080\"><em><strong>https:\/\/www.youtube.com\/watch?v=p8bqMdBsLd4<\/strong><\/em><\/span><\/a><\/span><\/p>\n<p align=\"justify\"><span style=\"font-size: 14pt;font-family: book antiqua, palatino, serif\">Pinchando en el siguiente enlace puedes acceder a la secretar\u00eda virtual:<\/span><\/p>\n<p align=\"justify\"><span style=\"font-size: 14pt;font-family: book antiqua, palatino, serif\"><a href=\"https:\/\/www.juntadeandalucia.es\/educacion\/secretariavirtual\/\"><span style=\"color: #000080\"><strong><em>https:\/\/www.juntadeandalucia.es\/educacion\/secretariavirtual\/<\/em><\/strong><\/span><\/a><\/span><\/p>\n<p><span style=\"font-family: book antiqua, palatino, serif;font-size: 14pt\"><strong><span style=\"font-family: arial black, sans-serif\"><div class='et-box et-shadow'>\n\t\t\t\t\t<div class='et-box-content'>IMPRESOS<\/div><\/div><\/span> <\/strong><\/span><\/p>\n<p><span style=\"font-size: 14pt;font-family: book antiqua, palatino, serif\">El correspondiente impreso de solicitud, disponible en la web de la Consejer\u00eda de Educaci\u00f3n (www.juntadeandalucia.es\/educacion), ser\u00e1 facilitado gratuitamente por los centros al solicitante de puesto escolar que as\u00ed lo requiera.&nbsp;La solicitud de puesto escolar ser\u00e1 \u00fanica, se presentar\u00e1 por duplicado ejemplar&nbsp;preferentemente en el centro docente en el que el alumno o alumna pretende ser admitido&nbsp;y se acompa\u00f1ar\u00e1 de la documentaci\u00f3n requerida. Tambi\u00e9n<em> lo puede descargar directamente desde aqu\u00ed:<\/em><\/span><\/p>\n<p><span style=\"font-family: book antiqua, palatino, serif;font-size: 14pt\"><a href=\"https:\/\/blogsaverroes.juntadeandalucia.es\/sierrasur\/files\/2024\/02\/impreso_solicitud_admision_anexo_iii.pdf\" target=\"_blank\" rel=\"noopener noreferrer\">DESCARGAR SOLICITUD<\/a><\/span><\/p>\n<p><span style=\"font-family: arial black, sans-serif;font-size: 14pt\"><div class='et-box et-shadow'>\n\t\t\t\t\t<div class='et-box-content'>NORMATIVA<\/div><\/div> <\/span><\/p>\n<p><span style=\"font-family: book antiqua, palatino, serif;font-size: 14pt\"><a title=\"Instrucciones de 23 de febrero de 2024, de la Viceconsejer\u00eda, sobre los procedimientos de admisi\u00f3n y matriculaci\u00f3n del alumnado en los centros docentes sostenidos con fondos p\u00fablicos para el curso escolar 2024\/25\" href=\"https:\/\/www.juntadeandalucia.es\/educacion\/portales\/web\/normativa\/w\/instrucciones-de-23-de-febrero-de-2024-de-la-viceconsejeria-sobre-los-procedimientos-de-admision-y-matriculacion-del-alumnado-en-los-centros-docentes-sostenidos-con-fondos-publicos-para-el-curso-escolar-2024\/25\" target=\"_blank\" rel=\"noopener\">Instrucciones de 23 de febrero de 2024, de la Viceconsejer\u00eda, sobre los procedimientos de admisi\u00f3n y matriculaci\u00f3n del alumnado en los centros docentes sostenidos con fondos p\u00fablicos para el curso escolar 2024\/25<\/a>.<\/span><\/p>\n","protected":false},"excerpt":{"rendered":"<p>Se recomienda realizar la matriculaci\u00f3n para la ESO y Bachillerato a trav\u00e9s de la Secretar\u00eda Virtual. Para rellenar la solicitud se necesita la clave IANDE del alumno\/a que se encuentra en un mensaje anclado de la aplicaci\u00f3n IPASEN de los tutores legales. En este v\u00eddeo se explica c\u00f3mo encontrar esta clave y c\u00f3mo se rellena [&hellip;]<\/p>\n","protected":false},"author":18468,"featured_media":0,"parent":0,"menu_order":0,"comment_status":"closed","ping_status":"closed","template":"","meta":{"_et_pb_use_builder":"","_et_pb_old_content":"","_et_gb_content_width":"","ngg_post_thumbnail":0,"footnotes":""},"aioseo_notices":[],"_links":{"self":[{"href":"https:\/\/blogsaverroes.juntadeandalucia.es\/sierrasur\/wp-json\/wp\/v2\/pages\/741"}],"collection":[{"href":"https:\/\/blogsaverroes.juntadeandalucia.es\/sierrasur\/wp-json\/wp\/v2\/pages"}],"about":[{"href":"https:\/\/blogsaverroes.juntadeandalucia.es\/sierrasur\/wp-json\/wp\/v2\/types\/page"}],"author":[{"embeddable":true,"href":"https:\/\/blogsaverroes.juntadeandalucia.es\/sierrasur\/wp-json\/wp\/v2\/users\/18468"}],"replies":[{"embeddable":true,"href":"https:\/\/blogsaverroes.juntadeandalucia.es\/sierrasur\/wp-json\/wp\/v2\/comments?post=741"}],"version-history":[{"count":12,"href":"https:\/\/blogsaverroes.juntadeandalucia.es\/sierrasur\/wp-json\/wp\/v2\/pages\/741\/revisions"}],"predecessor-version":[{"id":1279,"href":"https:\/\/blogsaverroes.juntadeandalucia.es\/sierrasur\/wp-json\/wp\/v2\/pages\/741\/revisions\/1279"}],"wp:attachment":[{"href":"https:\/\/blogsaverroes.juntadeandalucia.es\/sierrasur\/wp-json\/wp\/v2\/media?parent=741"}],"curies":[{"name":"wp","href":"https:\/\/api.w.org\/{rel}","templated":true}]}}