{"id":743,"date":"2024-02-20T14:11:05","date_gmt":"2024-02-20T13:11:05","guid":{"rendered":"https:\/\/blogsaverroes.juntadeandalucia.es\/sierrasur\/?page_id=743"},"modified":"2024-05-16T12:28:37","modified_gmt":"2024-05-16T10:28:37","slug":"selectividad","status":"publish","type":"page","link":"https:\/\/blogsaverroes.juntadeandalucia.es\/sierrasur\/selectividad\/","title":{"rendered":"Selectividad"},"content":{"rendered":"<h5><div class='et-box et-shadow'>\n\t\t\t\t\t<div class='et-box-content'><span style=\"font-size: 14pt;font-family: arial black, sans-serif\">SIMULADOR NOTA<\/span><\/div><\/div><\/h5>\n<p><span style=\"font-family: book antiqua, palatino, serif;font-size: 14pt\">Si quieres consultar c\u00f3mo quedar\u00e1 tu nota final Total de Bachillerato + PEvAU (sobre 14), visita este enlace y cumplimenta tus datos:<\/span><\/p>\n<p><a href=\"https:\/\/docs.google.com\/spreadsheets\/d\/1ztsD4vtrL7uYzh-fMgLpRtHg7wDGv7Qq23te2C3JZ0c\/edit#gid=0\" target=\"_blank\" rel=\"noopener\"><strong><span style=\"font-size: 14pt;font-family: book antiqua, palatino, serif\"><span style=\"color: #000080\"><span style=\"color: #003366\">VISITAR<\/span><\/span><\/span><\/strong><\/a><\/p>\n<h5 class=\"titulo-dua\"><div class='et-box et-shadow'>\n\t\t\t\t\t<div class='et-box-content'><span style=\"font-family: 'arial black', sans-serif;font-size: 14pt\">EX\u00c1MENES Y ORIENTACIONES SOBRE LA PRUEBA DE ACCESO Y\/O ADMISI\u00d3N A LA UNIVERSIDAD<\/span><\/div><\/div><\/h5>\n<h2><span style=\"font-family: 'book antiqua', palatino, serif;font-size: 14pt\">Pruebas de evaluaci\u00f3n para el acceso a la Universidad. <\/span><span style=\"font-family: 'book antiqua', palatino, serif;font-size: 14pt\">CONVOCATORIA ORDINARIA<\/span><\/h2>\n<p><span style=\"font-family: 'book antiqua', palatino, serif;font-size: 14pt\">Las Pruebas de Acceso a la Universidad (Selectividad) correspondientes al curso acad\u00e9mico 2023\/2024 en la convocatoria de ORDINARIA tendr\u00e1n lugar los d\u00edas &#8212;&#8211; Junio.<\/span><\/p>\n<p style=\"text-align: left\"><span style=\"font-size: 14pt;font-family: 'book antiqua', palatino, serif\">En el siguiente enlace puedes ver informaci\u00f3n sobre<strong> Orientaciones y ex\u00e1menes de cursos anteriores<\/strong>:<\/span><\/p>\n<p style=\"text-align: left\"><span style=\"font-size: 14pt;font-family: 'book antiqua', palatino, serif;color: #0000ff\"><span style=\"color: #003366\">&nbsp;<\/span><strong><a style=\"color: #0000ff\" href=\"https:\/\/www.juntadeandalucia.es\/economiaconocimientoempresasyuniversidad\/sguit\/?q=grados&amp;d=g_b_examenes_anteriores.php\" target=\"_blank\" rel=\"noopener noreferrer\"><span style=\"color: #003366\">VISITAR<\/span><\/a><\/strong><\/span><\/p>\n<p style=\"text-align: left\"><span style=\"font-size: 14pt;font-family: 'book antiqua', palatino, serif\">Si quieres conocer las N<strong>otas de corte de cursos anteriores<\/strong> puedes pulsar en el siguiente enlace:<strong>&nbsp;<\/strong><\/span><\/p>\n<p style=\"text-align: left\"><span style=\"font-size: 14pt;font-family: 'book antiqua', palatino, serif;color: #0000ff\"><strong><a style=\"color: #0000ff\" title=\"notas de corte\" href=\"https:\/\/www.juntadeandalucia.es\/economiaconocimientoempresasyuniversidad\/sguit\/?q=grados&amp;d=g_not_cor_anteriores_top.php\" target=\"_blank\" rel=\"noopener noreferrer\"><span style=\"color: #003366\">VISITAR<\/span><\/a><\/strong><\/span><\/p>\n<p>&nbsp;<\/p>\n<div class='et-box et-shadow'>\n\t\t\t\t\t<div class='et-box-content'><span style=\"font-family: arial black, sans-serif;font-size: 14pt\">ACCESO A LA UNIVERSIDAD<\/span><\/div><\/div>\n<p align=\"justify\"><span style=\"font-family: book antiqua, palatino, serif;font-size: 14pt\">En el siguiente enlace podr\u00e1s consultar todo lo referente al acceso a la universidad como el calendario de la prueba, orientaci\u00f3n y ex\u00e1menes de cursos anteriores por materias, par\u00e1metros de ponderaci\u00f3n y el proceso de admisi\u00f3n. Se accede desde la pesta\u00f1a Grados &#8211; Acceso Bachillerato.<\/span><\/p>\n<p align=\"justify\"><a href=\"https:\/\/www.juntadeandalucia.es\/economiaconocimientoempresasyuniversidad\/sguit\/?q=grados\"><span style=\"font-family: book antiqua, palatino, serif;font-size: 14pt\">https:\/\/www.juntadeandalucia.es\/economiaconocimientoempresasyuniversidad\/sguit\/?q=grados<\/span><\/a><\/p>\n<p>&nbsp;<\/p>\n","protected":false},"excerpt":{"rendered":"<p>Si quieres consultar c\u00f3mo quedar\u00e1 tu nota final Total de Bachillerato + PEvAU (sobre 14), visita este enlace y cumplimenta tus datos: VISITAR Pruebas de evaluaci\u00f3n para el acceso a la Universidad. CONVOCATORIA ORDINARIA Las Pruebas de Acceso a la Universidad (Selectividad) correspondientes al curso acad\u00e9mico 2023\/2024 en la convocatoria de ORDINARIA tendr\u00e1n lugar los [&hellip;]<\/p>\n","protected":false},"author":18468,"featured_media":0,"parent":0,"menu_order":0,"comment_status":"closed","ping_status":"closed","template":"","meta":{"_et_pb_use_builder":"","_et_pb_old_content":"","_et_gb_content_width":"","ngg_post_thumbnail":0,"footnotes":""},"aioseo_notices":[],"_links":{"self":[{"href":"https:\/\/blogsaverroes.juntadeandalucia.es\/sierrasur\/wp-json\/wp\/v2\/pages\/743"}],"collection":[{"href":"https:\/\/blogsaverroes.juntadeandalucia.es\/sierrasur\/wp-json\/wp\/v2\/pages"}],"about":[{"href":"https:\/\/blogsaverroes.juntadeandalucia.es\/sierrasur\/wp-json\/wp\/v2\/types\/page"}],"author":[{"embeddable":true,"href":"https:\/\/blogsaverroes.juntadeandalucia.es\/sierrasur\/wp-json\/wp\/v2\/users\/18468"}],"replies":[{"embeddable":true,"href":"https:\/\/blogsaverroes.juntadeandalucia.es\/sierrasur\/wp-json\/wp\/v2\/comments?post=743"}],"version-history":[{"count":18,"href":"https:\/\/blogsaverroes.juntadeandalucia.es\/sierrasur\/wp-json\/wp\/v2\/pages\/743\/revisions"}],"predecessor-version":[{"id":1093,"href":"https:\/\/blogsaverroes.juntadeandalucia.es\/sierrasur\/wp-json\/wp\/v2\/pages\/743\/revisions\/1093"}],"wp:attachment":[{"href":"https:\/\/blogsaverroes.juntadeandalucia.es\/sierrasur\/wp-json\/wp\/v2\/media?parent=743"}],"curies":[{"name":"wp","href":"https:\/\/api.w.org\/{rel}","templated":true}]}}