{"id":932,"date":"2024-04-17T10:11:32","date_gmt":"2024-04-17T08:11:32","guid":{"rendered":"https:\/\/blogsaverroes.juntadeandalucia.es\/sierrasur\/?page_id=932"},"modified":"2024-05-06T12:55:07","modified_gmt":"2024-05-06T10:55:07","slug":"solicitud-de-titulos","status":"publish","type":"page","link":"https:\/\/blogsaverroes.juntadeandalucia.es\/sierrasur\/solicitud-de-titulos\/","title":{"rendered":"Solicitud de t\u00edtulos"},"content":{"rendered":"<p align=\"justify\"><div class='et-box et-shadow'>\n\t\t\t\t\t<div class='et-box-content'><span style=\"font-family: arial black, sans-serif;font-size: 18pt\">SOLICITUD DE EXPEDICI\u00d3N DE T\u00cdTULO A TRAV\u00c9S DE LA SECRETAR\u00cdA VIRTUAL<\/span><\/div><\/div><\/p>\n<p align=\"justify\"><span style=\"font-family: book antiqua, palatino, serif;font-size: 14pt\">Se puede solicitar a trav\u00e9s de la pesta\u00f1a TR\u00c1MITES GENERALES de la Secretar\u00eda Virtual en el siguiente enlace:<\/span><\/p>\n<p align=\"justify\"><a href=\"https:\/\/www.juntadeandalucia.es\/educacion\/secretariavirtual\/accesoTramite\/302\/\"><span style=\"font-size: 14pt;font-family: book antiqua, palatino, serif\">https:\/\/www.juntadeandalucia.es\/educacion\/secretariavirtual\/accesoTramite\/302\/<\/span><\/a><\/p>\n","protected":false},"excerpt":{"rendered":"<p>Se puede solicitar a trav\u00e9s de la pesta\u00f1a TR\u00c1MITES GENERALES de la Secretar\u00eda Virtual en el siguiente enlace: https:\/\/www.juntadeandalucia.es\/educacion\/secretariavirtual\/accesoTramite\/302\/<\/p>\n","protected":false},"author":18468,"featured_media":0,"parent":0,"menu_order":0,"comment_status":"closed","ping_status":"closed","template":"","meta":{"_et_pb_use_builder":"","_et_pb_old_content":"","_et_gb_content_width":"","ngg_post_thumbnail":0,"footnotes":""},"aioseo_notices":[],"_links":{"self":[{"href":"https:\/\/blogsaverroes.juntadeandalucia.es\/sierrasur\/wp-json\/wp\/v2\/pages\/932"}],"collection":[{"href":"https:\/\/blogsaverroes.juntadeandalucia.es\/sierrasur\/wp-json\/wp\/v2\/pages"}],"about":[{"href":"https:\/\/blogsaverroes.juntadeandalucia.es\/sierrasur\/wp-json\/wp\/v2\/types\/page"}],"author":[{"embeddable":true,"href":"https:\/\/blogsaverroes.juntadeandalucia.es\/sierrasur\/wp-json\/wp\/v2\/users\/18468"}],"replies":[{"embeddable":true,"href":"https:\/\/blogsaverroes.juntadeandalucia.es\/sierrasur\/wp-json\/wp\/v2\/comments?post=932"}],"version-history":[{"count":4,"href":"https:\/\/blogsaverroes.juntadeandalucia.es\/sierrasur\/wp-json\/wp\/v2\/pages\/932\/revisions"}],"predecessor-version":[{"id":1083,"href":"https:\/\/blogsaverroes.juntadeandalucia.es\/sierrasur\/wp-json\/wp\/v2\/pages\/932\/revisions\/1083"}],"wp:attachment":[{"href":"https:\/\/blogsaverroes.juntadeandalucia.es\/sierrasur\/wp-json\/wp\/v2\/media?parent=932"}],"curies":[{"name":"wp","href":"https:\/\/api.w.org\/{rel}","templated":true}]}}