{"id":1059,"date":"2022-12-11T12:29:31","date_gmt":"2022-12-11T11:29:31","guid":{"rendered":"https:\/\/blogsaverroes.juntadeandalucia.es\/sipepentredosaguas\/?page_id=1059"},"modified":"2026-03-06T09:23:58","modified_gmt":"2026-03-06T08:23:58","slug":"inicio","status":"publish","type":"page","link":"https:\/\/blogsaverroes.juntadeandalucia.es\/sipepentredosaguas\/","title":{"rendered":"Inicio"},"content":{"rendered":"<h1 style=\"text-align: center\"><span style=\"font-family: verdana, geneva, sans-serif;font-size: 14pt\"><span style=\"color: #0000ff;font-size: 24pt\">&nbsp;SIPEP ENTRE DOS AGUAS<\/span><\/span><\/h1>\n<p style=\"text-align: center\">Si abandonaste tu estudios de Secundaria o Bachillerato o si quieres acceder a estudios de grado superior o universitarios y tienes m\u00e1s de 18 a\u00f1os, nuestro centro te ofrece la posibilidad de obtener la titulaci\u00f3n que necesitas en <strong>modalidad semipresencial. <\/strong>Encontrar\u00e1s la opci\u00f3n que mejor se adapte a tus circunstancias, pudiendo matricularte de una asignatura, varias , o del curso completo seg\u00fan tu disponibilidad.<\/p>\n<p><img fetchpriority=\"high\" decoding=\"async\" class=\" wp-image-1809 aligncenter\" src=\"https:\/\/blogsaverroes.juntadeandalucia.es\/sipepentredosaguas\/files\/2026\/03\/WhatsApp-Image-2026-03-06-at-09.01.00-225x300.jpeg\" alt=\"\" width=\"369\" height=\"492\" srcset=\"https:\/\/blogsaverroes.juntadeandalucia.es\/sipepentredosaguas\/files\/2026\/03\/WhatsApp-Image-2026-03-06-at-09.01.00-225x300.jpeg 225w, https:\/\/blogsaverroes.juntadeandalucia.es\/sipepentredosaguas\/files\/2026\/03\/WhatsApp-Image-2026-03-06-at-09.01.00-768x1024.jpeg 768w, https:\/\/blogsaverroes.juntadeandalucia.es\/sipepentredosaguas\/files\/2026\/03\/WhatsApp-Image-2026-03-06-at-09.01.00.jpeg 1080w\" sizes=\"(max-width: 369px) 100vw, 369px\" \/><\/p>\n<p>\u00bfTienes una historia que contar?, \u00bfEsa idea que siempre te ronda la cabeza pero nunca has puesto en papel?, \u00a1Es el momento de sacarla a la luz! \u270d\ufe0f\u2728<\/p>\n<p>Llega el III Certamen de Relato Corto S.I.P.E.P &#8211; Algeciras \u00abEntre dos Aguas\u00bb, dise\u00f1ado exclusivamente para nuestro alumnado de ESPA. Queremos leerte, queremos saber qu\u00e9 mundos eres capaz de crear con solo un l\u00e1piz y papel.<\/p>\n<p>\ud83d\udccc Lo que necesitas saber:<\/p>\n<p>\ud83d\udcdd Relatos in\u00e9ditos.<\/p>\n<p>\ud83d\udccf Extensi\u00f3n: m\u00e1ximo 2 folios manuscritos (\u00a1vuelve a la esencia del papel!).<\/p>\n<p>\ud83d\udcc5 Fecha l\u00edmite: tienes hasta el 20 de abril.<\/p>\n<p>\ud83c\udfc6 Premios: \u00a1hay 3 premios esperando!<\/p>\n<p>No dejes que tu historia se quede en el tintero. \u00a1Participa!<\/p>\n<p>\ud83d\udd17 Escanea el c\u00f3digo QR del cartel para consultar las bases completas.<\/p>\n<p><span style=\"color: #ff0000;font-size: 14pt\">CONVOCATORIA SECUNDARIA PRUEBAS LIBRES<\/span><\/p>\n<p>&nbsp;<\/p>\n<p><iframe src=\"https:\/\/drive.google.com\/file\/d\/1Pkner-bjsUFWKRRfFhKTam_B8GJpduMC\/preview\" width=\"640\" height=\"480\"><\/iframe><\/p>\n<p><span style=\"color: #ff0000;font-size: 18pt\">PRUEBA DE ACCESO A GRADO SUPERIOR<\/span><img decoding=\"async\" class=\" wp-image-1778 aligncenter\" src=\"https:\/\/blogsaverroes.juntadeandalucia.es\/sipepentredosaguas\/files\/2025\/12\/hitos-ciclo-223x300.png\" alt=\"\" width=\"261\" height=\"351\" srcset=\"https:\/\/blogsaverroes.juntadeandalucia.es\/sipepentredosaguas\/files\/2025\/12\/hitos-ciclo-223x300.png 223w, https:\/\/blogsaverroes.juntadeandalucia.es\/sipepentredosaguas\/files\/2025\/12\/hitos-ciclo-761x1024.png 761w, https:\/\/blogsaverroes.juntadeandalucia.es\/sipepentredosaguas\/files\/2025\/12\/hitos-ciclo-768x1033.png 768w, https:\/\/blogsaverroes.juntadeandalucia.es\/sipepentredosaguas\/files\/2025\/12\/hitos-ciclo.png 1024w\" sizes=\"(max-width: 261px) 100vw, 261px\" \/><\/p>\n<p><span style=\"color: #ff0000;font-size: 24pt\">PAU MAYORES DE 40 A\u00d1OS<\/span><img decoding=\"async\" class=\" wp-image-1779 aligncenter\" src=\"https:\/\/blogsaverroes.juntadeandalucia.es\/sipepentredosaguas\/files\/2025\/12\/image-2-200x300.png\" alt=\"\" width=\"255\" height=\"383\" srcset=\"https:\/\/blogsaverroes.juntadeandalucia.es\/sipepentredosaguas\/files\/2025\/12\/image-2-200x300.png 200w, https:\/\/blogsaverroes.juntadeandalucia.es\/sipepentredosaguas\/files\/2025\/12\/image-2-683x1024.png 683w, https:\/\/blogsaverroes.juntadeandalucia.es\/sipepentredosaguas\/files\/2025\/12\/image-2-768x1152.png 768w, https:\/\/blogsaverroes.juntadeandalucia.es\/sipepentredosaguas\/files\/2025\/12\/image-2.png 1024w\" sizes=\"(max-width: 255px) 100vw, 255px\" \/><br \/>\n<span style=\"color: #ff0000;font-size: 24pt\">PAU MAYORES DE 25 A\u00d1OS<\/span><br \/>\n<iframe src=\"https:\/\/drive.google.com\/file\/d\/1Pkner-bjsUFWKRRfFhKTam_B8GJpduMC\/preview\" width=\"640\" height=\"480\"><\/iframe><br \/>\n<a href=\"https:\/\/blogsaverroes.juntadeandalucia.es\/sipepentredosaguas\/horarios-25-26\/\"><img loading=\"lazy\" decoding=\"async\" class=\"aligncenter wp-image-1754 size-medium\" src=\"https:\/\/blogsaverroes.juntadeandalucia.es\/sipepentredosaguas\/files\/2025\/10\/Post-para-Instagram-HORARIOS-300x300.jpg\" alt=\"\" width=\"300\" height=\"300\" srcset=\"https:\/\/blogsaverroes.juntadeandalucia.es\/sipepentredosaguas\/files\/2025\/10\/Post-para-Instagram-HORARIOS-300x300.jpg 300w, https:\/\/blogsaverroes.juntadeandalucia.es\/sipepentredosaguas\/files\/2025\/10\/Post-para-Instagram-HORARIOS-1024x1024.jpg 1024w, https:\/\/blogsaverroes.juntadeandalucia.es\/sipepentredosaguas\/files\/2025\/10\/Post-para-Instagram-HORARIOS-150x150.jpg 150w, https:\/\/blogsaverroes.juntadeandalucia.es\/sipepentredosaguas\/files\/2025\/10\/Post-para-Instagram-HORARIOS-768x768.jpg 768w, https:\/\/blogsaverroes.juntadeandalucia.es\/sipepentredosaguas\/files\/2025\/10\/Post-para-Instagram-HORARIOS-80x80.jpg 80w, https:\/\/blogsaverroes.juntadeandalucia.es\/sipepentredosaguas\/files\/2025\/10\/Post-para-Instagram-HORARIOS-320x320.jpg 320w, https:\/\/blogsaverroes.juntadeandalucia.es\/sipepentredosaguas\/files\/2025\/10\/Post-para-Instagram-HORARIOS.jpg 1080w\" sizes=\"(max-width: 300px) 100vw, 300px\" \/><\/a><\/p>\n<p style=\"text-align: center\"><img loading=\"lazy\" decoding=\"async\" class=\"alignnone wp-image-1728 size-full\" src=\"https:\/\/blogsaverroes.juntadeandalucia.es\/sipepentredosaguas\/files\/2025\/09\/FECHA-DE-MATRICULACION-1.png\" alt=\"\" width=\"2245\" height=\"1587\" srcset=\"https:\/\/blogsaverroes.juntadeandalucia.es\/sipepentredosaguas\/files\/2025\/09\/FECHA-DE-MATRICULACION-1.png 2245w, https:\/\/blogsaverroes.juntadeandalucia.es\/sipepentredosaguas\/files\/2025\/09\/FECHA-DE-MATRICULACION-1-300x212.png 300w, https:\/\/blogsaverroes.juntadeandalucia.es\/sipepentredosaguas\/files\/2025\/09\/FECHA-DE-MATRICULACION-1-1024x724.png 1024w, https:\/\/blogsaverroes.juntadeandalucia.es\/sipepentredosaguas\/files\/2025\/09\/FECHA-DE-MATRICULACION-1-768x543.png 768w, https:\/\/blogsaverroes.juntadeandalucia.es\/sipepentredosaguas\/files\/2025\/09\/FECHA-DE-MATRICULACION-1-1536x1086.png 1536w, https:\/\/blogsaverroes.juntadeandalucia.es\/sipepentredosaguas\/files\/2025\/09\/FECHA-DE-MATRICULACION-1-2048x1448.png 2048w\" sizes=\"(max-width: 2245px) 100vw, 2245px\" \/><br \/>\n<img loading=\"lazy\" decoding=\"async\" class=\"aligncenter wp-image-1702 size-full\" src=\"https:\/\/blogsaverroes.juntadeandalucia.es\/sipepentredosaguas\/files\/2025\/04\/Anuncio-para-salon-de-clases-de-regreso-a-clases-fotografico-verde.jpg\" alt=\"\" width=\"1000\" height=\"1000\" srcset=\"https:\/\/blogsaverroes.juntadeandalucia.es\/sipepentredosaguas\/files\/2025\/04\/Anuncio-para-salon-de-clases-de-regreso-a-clases-fotografico-verde.jpg 1000w, https:\/\/blogsaverroes.juntadeandalucia.es\/sipepentredosaguas\/files\/2025\/04\/Anuncio-para-salon-de-clases-de-regreso-a-clases-fotografico-verde-300x300.jpg 300w, https:\/\/blogsaverroes.juntadeandalucia.es\/sipepentredosaguas\/files\/2025\/04\/Anuncio-para-salon-de-clases-de-regreso-a-clases-fotografico-verde-150x150.jpg 150w, https:\/\/blogsaverroes.juntadeandalucia.es\/sipepentredosaguas\/files\/2025\/04\/Anuncio-para-salon-de-clases-de-regreso-a-clases-fotografico-verde-768x768.jpg 768w, https:\/\/blogsaverroes.juntadeandalucia.es\/sipepentredosaguas\/files\/2025\/04\/Anuncio-para-salon-de-clases-de-regreso-a-clases-fotografico-verde-80x80.jpg 80w, https:\/\/blogsaverroes.juntadeandalucia.es\/sipepentredosaguas\/files\/2025\/04\/Anuncio-para-salon-de-clases-de-regreso-a-clases-fotografico-verde-320x320.jpg 320w\" sizes=\"(max-width: 1000px) 100vw, 1000px\" \/><\/p>\n<p style=\"text-align: left\">&nbsp; &nbsp; &nbsp; &nbsp; &nbsp; &nbsp; &nbsp; &nbsp; &nbsp; &nbsp; &nbsp; &nbsp; &nbsp; &nbsp; &nbsp; &nbsp; &nbsp; &nbsp; &nbsp; &nbsp;<\/p>\n<p><span style=\"font-size: 14pt\">&nbsp; &nbsp; &nbsp; &nbsp; &nbsp; &nbsp; &nbsp; &nbsp; &nbsp; &nbsp; &nbsp; &nbsp; &nbsp; &nbsp; &nbsp; &nbsp; &nbsp; &nbsp; &nbsp; &nbsp; &nbsp; &nbsp; &nbsp; &nbsp; &nbsp; &nbsp; &nbsp; &nbsp; &nbsp; &nbsp; &nbsp; &nbsp; &nbsp; &nbsp; &nbsp; &nbsp; &nbsp; &nbsp; &nbsp; &nbsp; &nbsp; &nbsp; &nbsp; &nbsp; &nbsp; &nbsp;<\/span><\/p>\n<p>&nbsp; &nbsp; &nbsp; &nbsp; &nbsp; &nbsp;&nbsp;<span style=\"color: #ff0000\"><strong><span style=\"font-size: 24pt\">CALENDARIO CURSO 2025\/ 2026<\/span><\/strong><\/span><\/p>\n<p>&nbsp; &nbsp; &nbsp; &nbsp; &nbsp; &nbsp; &nbsp; &nbsp; <img loading=\"lazy\" decoding=\"async\" class=\"aligncenter wp-image-1731 size-large\" src=\"https:\/\/blogsaverroes.juntadeandalucia.es\/sipepentredosaguas\/files\/2025\/09\/CALENDARIO-ESCOLAR-COLOR-2025_2026-1-CADIZ_page-0001-1024x725.jpg\" alt=\"\" width=\"1024\" height=\"725\" srcset=\"https:\/\/blogsaverroes.juntadeandalucia.es\/sipepentredosaguas\/files\/2025\/09\/CALENDARIO-ESCOLAR-COLOR-2025_2026-1-CADIZ_page-0001-1024x725.jpg 1024w, https:\/\/blogsaverroes.juntadeandalucia.es\/sipepentredosaguas\/files\/2025\/09\/CALENDARIO-ESCOLAR-COLOR-2025_2026-1-CADIZ_page-0001-300x212.jpg 300w, https:\/\/blogsaverroes.juntadeandalucia.es\/sipepentredosaguas\/files\/2025\/09\/CALENDARIO-ESCOLAR-COLOR-2025_2026-1-CADIZ_page-0001-768x543.jpg 768w, https:\/\/blogsaverroes.juntadeandalucia.es\/sipepentredosaguas\/files\/2025\/09\/CALENDARIO-ESCOLAR-COLOR-2025_2026-1-CADIZ_page-0001-1536x1087.jpg 1536w, https:\/\/blogsaverroes.juntadeandalucia.es\/sipepentredosaguas\/files\/2025\/09\/CALENDARIO-ESCOLAR-COLOR-2025_2026-1-CADIZ_page-0001.jpg 1754w\" sizes=\"(max-width: 1024px) 100vw, 1024px\" \/> &nbsp; &nbsp; &nbsp; &nbsp; &nbsp; &nbsp; &nbsp; &nbsp; &nbsp; &nbsp; &nbsp; &nbsp; &nbsp; &nbsp; &nbsp; &nbsp; &nbsp; &nbsp; &nbsp; &nbsp; &nbsp; &nbsp;&nbsp;<\/p>\n<p><span style=\"color: #ff0000\"><br \/>\n&nbsp; &nbsp; &nbsp; &nbsp; &nbsp; &nbsp; &nbsp; &nbsp; &nbsp; &nbsp; &nbsp; &nbsp; &nbsp; &nbsp; &nbsp; &nbsp; &nbsp; &nbsp; &nbsp; &nbsp; &nbsp; &nbsp; &nbsp; &nbsp; &nbsp; &nbsp;&nbsp;<\/span><\/p>\n<p>&nbsp;<\/p>\n<p><span style=\"font-size: 24pt\"><a href=\"https:\/\/drive.google.com\/file\/d\/1LXjFOS5xKi53q97MrRxNys0HGXuYopJM\/view\"><img loading=\"lazy\" decoding=\"async\" class=\" wp-image-1525 aligncenter\" src=\"https:\/\/blogsaverroes.juntadeandalucia.es\/sipepentredosaguas\/files\/2024\/01\/Pruebas-para-la-obtenci\u00f3n-del-t\u00edtulo-de-Bachiller-para-mayores-de-20-a\u00f1os-1-300x251.jpg\" alt=\"\" width=\"356\" height=\"298\" srcset=\"https:\/\/blogsaverroes.juntadeandalucia.es\/sipepentredosaguas\/files\/2024\/01\/Pruebas-para-la-obtenci\u00f3n-del-t\u00edtulo-de-Bachiller-para-mayores-de-20-a\u00f1os-1-300x251.jpg 300w, https:\/\/blogsaverroes.juntadeandalucia.es\/sipepentredosaguas\/files\/2024\/01\/Pruebas-para-la-obtenci\u00f3n-del-t\u00edtulo-de-Bachiller-para-mayores-de-20-a\u00f1os-1-768x644.jpg 768w, https:\/\/blogsaverroes.juntadeandalucia.es\/sipepentredosaguas\/files\/2024\/01\/Pruebas-para-la-obtenci\u00f3n-del-t\u00edtulo-de-Bachiller-para-mayores-de-20-a\u00f1os-1.jpg 940w\" sizes=\"(max-width: 356px) 100vw, 356px\" \/><\/a><\/span><\/p>\n<p>&nbsp;<\/p>\n<p>&nbsp;<\/p>\n<p>&nbsp; &nbsp; &nbsp; &nbsp; &nbsp; &nbsp; &nbsp; &nbsp; &nbsp; &nbsp; &nbsp; &nbsp; &nbsp; &nbsp; &nbsp; &nbsp; &nbsp; &nbsp; &nbsp; &nbsp; &nbsp;&nbsp;<\/p>\n<p>&nbsp; &nbsp; &nbsp; &nbsp; &nbsp; &nbsp; &nbsp; &nbsp;<\/p>\n<p><span style=\"color: #ff0000\"><strong>&nbsp; &nbsp; &nbsp;&nbsp;<br \/>\n<\/strong><\/span><\/p>\n<p>&nbsp; &nbsp; &nbsp; &nbsp; &nbsp; &nbsp; &nbsp; &nbsp; &nbsp; &nbsp; &nbsp; &nbsp; &nbsp; &nbsp; &nbsp; &nbsp; &nbsp; &nbsp; &nbsp; &nbsp; &nbsp; &nbsp; &nbsp; &nbsp; &nbsp; &nbsp; &nbsp; &nbsp; &nbsp; &nbsp; &nbsp; &nbsp; &nbsp; &nbsp; &nbsp; &nbsp; &nbsp; &nbsp; &nbsp; &nbsp; &nbsp;<br \/>\n&nbsp; &nbsp; &nbsp;<br \/>\n&nbsp; &nbsp; &nbsp; &nbsp; &nbsp; &nbsp; &nbsp; &nbsp; &nbsp; &nbsp; &nbsp; &nbsp; &nbsp; &nbsp; &nbsp; &nbsp; &nbsp; &nbsp; &nbsp;<\/p>\n<p>&nbsp;<\/p>\n<p>&nbsp; &nbsp; &nbsp; &nbsp; &nbsp; &nbsp; &nbsp; &nbsp; &nbsp; &nbsp; &nbsp; &nbsp;<\/p>\n<p>&nbsp; &nbsp; &nbsp; &nbsp; &nbsp; &nbsp; &nbsp; &nbsp; &nbsp; &nbsp; &nbsp; &nbsp; &nbsp; &nbsp; &nbsp; &nbsp; &nbsp; &nbsp; &nbsp; &nbsp; &nbsp; &nbsp; &nbsp; &nbsp; &nbsp; &nbsp; &nbsp; &nbsp; &nbsp; &nbsp; &nbsp; &nbsp; &nbsp;&nbsp;<\/p>\n<p>&nbsp; &nbsp; &nbsp; &nbsp; &nbsp; &nbsp; &nbsp; &nbsp; &nbsp; &nbsp; &nbsp; &nbsp; &nbsp; &nbsp; &nbsp; &nbsp; &nbsp; &nbsp; &nbsp; &nbsp; &nbsp; &nbsp; &nbsp; &nbsp; &nbsp; &nbsp; &nbsp; &nbsp; &nbsp; &nbsp; &nbsp; &nbsp; &nbsp; &nbsp; &nbsp; &nbsp; &nbsp; &nbsp; &nbsp; &nbsp; &nbsp; &nbsp; &nbsp; &nbsp; &nbsp; &nbsp; &nbsp; &nbsp;<\/p>\n<p>&nbsp; &nbsp; &nbsp; &nbsp;<\/p>\n<p>&nbsp; &nbsp; &nbsp; &nbsp; &nbsp; &nbsp; &nbsp; &nbsp; &nbsp; &nbsp; &nbsp; &nbsp; &nbsp; &nbsp; &nbsp; &nbsp; &nbsp; &nbsp; &nbsp; &nbsp;<\/p>\n<p>&nbsp;<\/p>\n<p>&nbsp;<\/p>\n<p>&nbsp;<\/p>\n<p>&nbsp;<\/p>\n<p>&nbsp;<\/p>\n<p>&nbsp;<\/p>\n<p>&nbsp;<\/p>\n","protected":false},"excerpt":{"rendered":"<p>&nbsp;SIPEP ENTRE DOS AGUAS Si abandonaste tu estudios de Secundaria o Bachillerato o si quieres acceder a estudios de grado superior o universitarios y tienes m\u00e1s de 18 a\u00f1os, nuestro centro te ofrece la&#46;&#46;&#46;<\/p>\n","protected":false},"author":13279,"featured_media":0,"parent":0,"menu_order":0,"comment_status":"closed","ping_status":"closed","template":"","meta":{"ngg_post_thumbnail":0,"footnotes":""},"aioseo_notices":[],"_links":{"self":[{"href":"https:\/\/blogsaverroes.juntadeandalucia.es\/sipepentredosaguas\/wp-json\/wp\/v2\/pages\/1059"}],"collection":[{"href":"https:\/\/blogsaverroes.juntadeandalucia.es\/sipepentredosaguas\/wp-json\/wp\/v2\/pages"}],"about":[{"href":"https:\/\/blogsaverroes.juntadeandalucia.es\/sipepentredosaguas\/wp-json\/wp\/v2\/types\/page"}],"author":[{"embeddable":true,"href":"https:\/\/blogsaverroes.juntadeandalucia.es\/sipepentredosaguas\/wp-json\/wp\/v2\/users\/13279"}],"replies":[{"embeddable":true,"href":"https:\/\/blogsaverroes.juntadeandalucia.es\/sipepentredosaguas\/wp-json\/wp\/v2\/comments?post=1059"}],"version-history":[{"count":96,"href":"https:\/\/blogsaverroes.juntadeandalucia.es\/sipepentredosaguas\/wp-json\/wp\/v2\/pages\/1059\/revisions"}],"predecessor-version":[{"id":1810,"href":"https:\/\/blogsaverroes.juntadeandalucia.es\/sipepentredosaguas\/wp-json\/wp\/v2\/pages\/1059\/revisions\/1810"}],"wp:attachment":[{"href":"https:\/\/blogsaverroes.juntadeandalucia.es\/sipepentredosaguas\/wp-json\/wp\/v2\/media?parent=1059"}],"curies":[{"name":"wp","href":"https:\/\/api.w.org\/{rel}","templated":true}]}}