{"id":1201,"date":"2023-01-23T18:31:50","date_gmt":"2023-01-23T17:31:50","guid":{"rendered":"https:\/\/blogsaverroes.juntadeandalucia.es\/sipepentredosaguas\/?page_id=1201"},"modified":"2024-10-14T13:01:34","modified_gmt":"2024-10-14T12:01:34","slug":"proyecto-erasmus","status":"publish","type":"page","link":"https:\/\/blogsaverroes.juntadeandalucia.es\/sipepentredosaguas\/proyecto-erasmus\/","title":{"rendered":"Proyecto Erasmus +"},"content":{"rendered":"<p><img decoding=\"async\" class=\"wp-image-1205 alignleft\" src=\"https:\/\/blogsaverroes.juntadeandalucia.es\/sipepentredosaguas\/files\/2023\/01\/Erasmus-logo-300x122.png\" alt=\"\" width=\"229\" height=\"93\" srcset=\"https:\/\/blogsaverroes.juntadeandalucia.es\/sipepentredosaguas\/files\/2023\/01\/Erasmus-logo-300x122.png 300w, https:\/\/blogsaverroes.juntadeandalucia.es\/sipepentredosaguas\/files\/2023\/01\/Erasmus-logo.png 353w\" sizes=\"(max-width: 229px) 100vw, 229px\" \/><\/p>\n<p>&nbsp;<\/p>\n<p>&nbsp; &nbsp; &nbsp; &nbsp; &nbsp; &nbsp; &nbsp; &nbsp; &nbsp; &nbsp; &nbsp; &nbsp; &nbsp; &nbsp; &nbsp; &nbsp; &nbsp; &nbsp; &nbsp; &nbsp; &nbsp; &nbsp; &nbsp; &nbsp; &nbsp; &nbsp; &nbsp; &nbsp; &nbsp; &nbsp; <a href=\"http:\/\/http:\/\/sepie.es\/educacion-adultos\/index.html\"><img decoding=\"async\" class=\"wp-image-1632 alignright\" src=\"https:\/\/blogsaverroes.juntadeandalucia.es\/sipepentredosaguas\/files\/2024\/09\/sepie2-e1726043475592-300x119.png\" alt=\"\" width=\"242\" height=\"96\" srcset=\"https:\/\/blogsaverroes.juntadeandalucia.es\/sipepentredosaguas\/files\/2024\/09\/sepie2-e1726043475592-300x119.png 300w, https:\/\/blogsaverroes.juntadeandalucia.es\/sipepentredosaguas\/files\/2024\/09\/sepie2-e1726043475592.png 326w\" sizes=\"(max-width: 242px) 100vw, 242px\" \/><\/a><\/p>\n<p>&nbsp;<\/p>\n<p>Nuestro centro realiza durante este curso el proyecto Erasmus +&nbsp;<strong> KA122-ADU &#8211; Proyectos de corta duraci\u00f3n para la movilidad <\/strong><strong>de estudiantes y personal de Educaci\u00f3n para Personas<\/strong><br \/>\n<strong>Adultas<\/strong> cuyos objetivos son:<\/p>\n<ul>\n<li>El fomento del aprendizaje autorregulado.<\/li>\n<li>Mejorar la integraci\u00f3n del alumno extranjero adulto en las ense\u00f1anzas regladas.<\/li>\n<li>Contribuir a la alfabetizaci\u00f3n digital del alumnado adulto.<\/li>\n<\/ul>\n<p>Para conseguir dichos objetivos, se realizar\u00e1 por parte del profesorado del centro una serie de cursos de formaci\u00f3n en centros europeos al igual que actividades de Job Shadowing (observaci\u00f3n directa). Todo ello nos brindar\u00e1 la oportunidad de conectar con compa\u00f1eros que se enfrentan a retos similares y explorar los distintos enfoques pedag\u00f3gicos.<\/p>\n<p>Con la ampliaci\u00f3n de conocimientos desde los cursos estructurados y el intercambio de experiencias se pretende lograr la adquisici\u00f3n de nuevas competencias que nos ayudar\u00e1n a mejorar la calidad de nuestro Plan y la consecuci\u00f3n de nuestros objetivos.<\/p>\n<p><img decoding=\"async\" class=\"wp-image-1204 aligncenter\" src=\"https:\/\/blogsaverroes.juntadeandalucia.es\/sipepentredosaguas\/files\/2023\/01\/Erasmus-2-300x72.png\" alt=\"\" width=\"380\" height=\"91\" srcset=\"https:\/\/blogsaverroes.juntadeandalucia.es\/sipepentredosaguas\/files\/2023\/01\/Erasmus-2-300x72.png 300w, https:\/\/blogsaverroes.juntadeandalucia.es\/sipepentredosaguas\/files\/2023\/01\/Erasmus-2.png 456w\" sizes=\"(max-width: 380px) 100vw, 380px\" \/><\/p>\n<h3><span style=\"color: #ff0000\">Jornadas iniciales de movilidad Erasmus+KA122 en Educaci\u00f3n Escolar y Educaci\u00f3n de Personas Adultas<\/span><\/h3>\n<p>&nbsp;&nbsp;<\/p>\n<div style=\"width: 1024px;\" class=\"wp-video\"><!--[if lt IE 9]><script>document.createElement('video');<\/script><![endif]-->\n<video class=\"wp-video-shortcode\" id=\"video-1201-1\" width=\"1024\" height=\"768\" autoplay=\"1\" preload=\"auto\" controls=\"controls\"><source type=\"video\/mp4\" src=\"https:\/\/blogsaverroes.juntadeandalucia.es\/sipepentredosaguas\/files\/2023\/10\/Jornadas-iniciales-de-proyectos-de-movilidad-Erasmus.mp4?_=1\" \/><a href=\"https:\/\/blogsaverroes.juntadeandalucia.es\/sipepentredosaguas\/files\/2023\/10\/Jornadas-iniciales-de-proyectos-de-movilidad-Erasmus.mp4\">https:\/\/blogsaverroes.juntadeandalucia.es\/sipepentredosaguas\/files\/2023\/10\/Jornadas-iniciales-de-proyectos-de-movilidad-Erasmus.mp4<\/a><\/video><\/div>\n<p>&nbsp;<\/p>\n<p><span style=\"font-size: 24pt;color: #ff6600\">CURSO ERASMUS + DUBL\u00cdN&nbsp; ENERO 2024<\/span><\/p>\n<p>ngg_shortcode_0_placeholder<span style=\"font-size: 24pt;color: #ff9900\">CURSO ERASMUS+ ROMA MAYO 2024<\/span><\/p>\n<p>ngg_shortcode_1_placeholder<span style=\"font-size: 24pt\"><span style=\"color: #ff9900\">ERASMUS DAYS<\/span><\/span><\/p>\n<p><img loading=\"lazy\" decoding=\"async\" class=\"size-medium wp-image-1683 alignleft\" src=\"https:\/\/blogsaverroes.juntadeandalucia.es\/sipepentredosaguas\/files\/2024\/10\/Erasmus-Roma-300x300.jpg\" alt=\"\" width=\"300\" height=\"300\" srcset=\"https:\/\/blogsaverroes.juntadeandalucia.es\/sipepentredosaguas\/files\/2024\/10\/Erasmus-Roma-300x300.jpg 300w, https:\/\/blogsaverroes.juntadeandalucia.es\/sipepentredosaguas\/files\/2024\/10\/Erasmus-Roma-1024x1024.jpg 1024w, https:\/\/blogsaverroes.juntadeandalucia.es\/sipepentredosaguas\/files\/2024\/10\/Erasmus-Roma-150x150.jpg 150w, https:\/\/blogsaverroes.juntadeandalucia.es\/sipepentredosaguas\/files\/2024\/10\/Erasmus-Roma-768x768.jpg 768w, https:\/\/blogsaverroes.juntadeandalucia.es\/sipepentredosaguas\/files\/2024\/10\/Erasmus-Roma-80x80.jpg 80w, https:\/\/blogsaverroes.juntadeandalucia.es\/sipepentredosaguas\/files\/2024\/10\/Erasmus-Roma-320x320.jpg 320w, https:\/\/blogsaverroes.juntadeandalucia.es\/sipepentredosaguas\/files\/2024\/10\/Erasmus-Roma.jpg 1200w\" sizes=\"(max-width: 300px) 100vw, 300px\" \/> <img loading=\"lazy\" decoding=\"async\" class=\"size-medium wp-image-1684 alignright\" src=\"https:\/\/blogsaverroes.juntadeandalucia.es\/sipepentredosaguas\/files\/2024\/10\/ERASMUS-EXPERIENCE-300x240.jpg\" alt=\"\" width=\"300\" height=\"240\" srcset=\"https:\/\/blogsaverroes.juntadeandalucia.es\/sipepentredosaguas\/files\/2024\/10\/ERASMUS-EXPERIENCE-300x240.jpg 300w, https:\/\/blogsaverroes.juntadeandalucia.es\/sipepentredosaguas\/files\/2024\/10\/ERASMUS-EXPERIENCE-1024x819.jpg 1024w, https:\/\/blogsaverroes.juntadeandalucia.es\/sipepentredosaguas\/files\/2024\/10\/ERASMUS-EXPERIENCE-768x614.jpg 768w, https:\/\/blogsaverroes.juntadeandalucia.es\/sipepentredosaguas\/files\/2024\/10\/ERASMUS-EXPERIENCE-1536x1229.jpg 1536w, https:\/\/blogsaverroes.juntadeandalucia.es\/sipepentredosaguas\/files\/2024\/10\/ERASMUS-EXPERIENCE-2048x1638.jpg 2048w\" sizes=\"(max-width: 300px) 100vw, 300px\" \/> <img loading=\"lazy\" decoding=\"async\" class=\"size-medium wp-image-1682 aligncenter\" src=\"https:\/\/blogsaverroes.juntadeandalucia.es\/sipepentredosaguas\/files\/2024\/10\/poster-Quieres-participar-300x300.jpg\" alt=\"\" width=\"300\" height=\"300\" srcset=\"https:\/\/blogsaverroes.juntadeandalucia.es\/sipepentredosaguas\/files\/2024\/10\/poster-Quieres-participar-300x300.jpg 300w, https:\/\/blogsaverroes.juntadeandalucia.es\/sipepentredosaguas\/files\/2024\/10\/poster-Quieres-participar-1024x1024.jpg 1024w, https:\/\/blogsaverroes.juntadeandalucia.es\/sipepentredosaguas\/files\/2024\/10\/poster-Quieres-participar-150x150.jpg 150w, https:\/\/blogsaverroes.juntadeandalucia.es\/sipepentredosaguas\/files\/2024\/10\/poster-Quieres-participar-768x768.jpg 768w, https:\/\/blogsaverroes.juntadeandalucia.es\/sipepentredosaguas\/files\/2024\/10\/poster-Quieres-participar-80x80.jpg 80w, https:\/\/blogsaverroes.juntadeandalucia.es\/sipepentredosaguas\/files\/2024\/10\/poster-Quieres-participar-320x320.jpg 320w, https:\/\/blogsaverroes.juntadeandalucia.es\/sipepentredosaguas\/files\/2024\/10\/poster-Quieres-participar.jpg 1200w\" sizes=\"(max-width: 300px) 100vw, 300px\" \/><img loading=\"lazy\" decoding=\"async\" class=\"wp-image-1681 alignleft\" src=\"https:\/\/blogsaverroes.juntadeandalucia.es\/sipepentredosaguas\/files\/2024\/10\/erasmus-conpenhague-300x300.jpg\" alt=\"\" width=\"275\" height=\"275\" srcset=\"https:\/\/blogsaverroes.juntadeandalucia.es\/sipepentredosaguas\/files\/2024\/10\/erasmus-conpenhague-300x300.jpg 300w, https:\/\/blogsaverroes.juntadeandalucia.es\/sipepentredosaguas\/files\/2024\/10\/erasmus-conpenhague-1024x1024.jpg 1024w, https:\/\/blogsaverroes.juntadeandalucia.es\/sipepentredosaguas\/files\/2024\/10\/erasmus-conpenhague-150x150.jpg 150w, https:\/\/blogsaverroes.juntadeandalucia.es\/sipepentredosaguas\/files\/2024\/10\/erasmus-conpenhague-768x768.jpg 768w, https:\/\/blogsaverroes.juntadeandalucia.es\/sipepentredosaguas\/files\/2024\/10\/erasmus-conpenhague-80x80.jpg 80w, https:\/\/blogsaverroes.juntadeandalucia.es\/sipepentredosaguas\/files\/2024\/10\/erasmus-conpenhague-320x320.jpg 320w, https:\/\/blogsaverroes.juntadeandalucia.es\/sipepentredosaguas\/files\/2024\/10\/erasmus-conpenhague.jpg 1200w\" sizes=\"(max-width: 275px) 100vw, 275px\" \/>&nbsp;<\/p>\n<p><img loading=\"lazy\" decoding=\"async\" class=\"alignnone size-medium wp-image-1686\" src=\"https:\/\/blogsaverroes.juntadeandalucia.es\/sipepentredosaguas\/files\/2024\/10\/WhatsApp-Image-2024-10-14-at-13.43.42-212x300.jpeg\" alt=\"\" width=\"212\" height=\"300\" srcset=\"https:\/\/blogsaverroes.juntadeandalucia.es\/sipepentredosaguas\/files\/2024\/10\/WhatsApp-Image-2024-10-14-at-13.43.42-212x300.jpeg 212w, https:\/\/blogsaverroes.juntadeandalucia.es\/sipepentredosaguas\/files\/2024\/10\/WhatsApp-Image-2024-10-14-at-13.43.42-724x1024.jpeg 724w, https:\/\/blogsaverroes.juntadeandalucia.es\/sipepentredosaguas\/files\/2024\/10\/WhatsApp-Image-2024-10-14-at-13.43.42-768x1086.jpeg 768w, https:\/\/blogsaverroes.juntadeandalucia.es\/sipepentredosaguas\/files\/2024\/10\/WhatsApp-Image-2024-10-14-at-13.43.42-1086x1536.jpeg 1086w, https:\/\/blogsaverroes.juntadeandalucia.es\/sipepentredosaguas\/files\/2024\/10\/WhatsApp-Image-2024-10-14-at-13.43.42.jpeg 1131w\" sizes=\"(max-width: 212px) 100vw, 212px\" \/><\/p>\n<p>&nbsp;&nbsp;<\/p>\n<p>&nbsp;<\/p>\n","protected":false},"excerpt":{"rendered":"<p>&nbsp; &nbsp; &nbsp; &nbsp; &nbsp; &nbsp; &nbsp; &nbsp; &nbsp; &nbsp; &nbsp; &nbsp; &nbsp; &nbsp; &nbsp; &nbsp; &nbsp; &nbsp; &nbsp; &nbsp; &nbsp; &nbsp; &nbsp; &nbsp; &nbsp; &nbsp; &nbsp; &nbsp; &nbsp; &nbsp; &nbsp; &nbsp; Nuestro centro&#46;&#46;&#46;<\/p>\n","protected":false},"author":13279,"featured_media":0,"parent":0,"menu_order":0,"comment_status":"closed","ping_status":"closed","template":"","meta":{"ngg_post_thumbnail":0,"footnotes":""},"aioseo_notices":[],"_links":{"self":[{"href":"https:\/\/blogsaverroes.juntadeandalucia.es\/sipepentredosaguas\/wp-json\/wp\/v2\/pages\/1201"}],"collection":[{"href":"https:\/\/blogsaverroes.juntadeandalucia.es\/sipepentredosaguas\/wp-json\/wp\/v2\/pages"}],"about":[{"href":"https:\/\/blogsaverroes.juntadeandalucia.es\/sipepentredosaguas\/wp-json\/wp\/v2\/types\/page"}],"author":[{"embeddable":true,"href":"https:\/\/blogsaverroes.juntadeandalucia.es\/sipepentredosaguas\/wp-json\/wp\/v2\/users\/13279"}],"replies":[{"embeddable":true,"href":"https:\/\/blogsaverroes.juntadeandalucia.es\/sipepentredosaguas\/wp-json\/wp\/v2\/comments?post=1201"}],"version-history":[{"count":12,"href":"https:\/\/blogsaverroes.juntadeandalucia.es\/sipepentredosaguas\/wp-json\/wp\/v2\/pages\/1201\/revisions"}],"predecessor-version":[{"id":1206,"href":"https:\/\/blogsaverroes.juntadeandalucia.es\/sipepentredosaguas\/wp-json\/wp\/v2\/pages\/1201\/revisions\/1206"}],"wp:attachment":[{"href":"https:\/\/blogsaverroes.juntadeandalucia.es\/sipepentredosaguas\/wp-json\/wp\/v2\/media?parent=1201"}],"curies":[{"name":"wp","href":"https:\/\/api.w.org\/{rel}","templated":true}]}}