{"id":1234,"date":"2023-02-01T11:35:06","date_gmt":"2023-02-01T10:35:06","guid":{"rendered":"https:\/\/blogsaverroes.juntadeandalucia.es\/sipepentredosaguas\/?page_id=1234"},"modified":"2023-04-24T08:23:48","modified_gmt":"2023-04-24T07:23:48","slug":"coeducacion","status":"publish","type":"page","link":"https:\/\/blogsaverroes.juntadeandalucia.es\/sipepentredosaguas\/coeducacion\/","title":{"rendered":"Coeducaci\u00f3n"},"content":{"rendered":"ngg_shortcode_0_placeholder\n<h1 class=\"western\" align=\"left\"><span style=\"font-size: 12pt;font-family: trebuchet ms, geneva, sans-serif\">&nbsp; <span style=\"font-size: 14pt\">ACTIVIDADES PROGRAMADAS PARA EL CURSO 2022-23<\/span><\/span><\/h1>\n<p class=\"western\" align=\"justify\"><span style=\"font-family: trebuchet ms, geneva, sans-serif;font-size: 12pt\"><span style=\"font-size: 14pt\">Durante todo el curso, de modo transversal en todas las asignaturas, se han im<\/span>plementado actividades conmemorativas de efem\u00e9rides relacionadas con la igualdad, la diversidad y la no-violencia que se detallan a continuaci\u00f3n.<\/span><\/p>\n<p class=\"western\" align=\"justify\"><span style=\"font-family: trebuchet ms, geneva, sans-serif;font-size: 12pt\"><u><b>D\u00eda de las Escritoras (19 octubre)<\/b><\/u>. <\/span><\/p>\n<p class=\"western\"><span style=\"font-family: trebuchet ms, geneva, sans-serif;font-size: 12pt\">Para conmemorar este d\u00eda se han realizado las siguientes actividades:<\/span><\/p>\n<p class=\"western\"><span style=\"font-family: trebuchet ms, geneva, sans-serif;font-size: 12pt\">1\/ Lectura de fragmentos de obras de autoras francesas. Esta actividad ha sido realizada por los alumnos de Franc\u00e9s de 2BH.<\/span><\/p>\n<p class=\"western\"><span style=\"font-family: trebuchet ms, geneva, sans-serif;font-size: 12pt\">2\/ Selecci\u00f3n de lecturas breves de escritoras a lo largo de la historia. Esta actividad ha sido realizada por los alumnos de Literatura Universal de 1BH.<\/span><\/p>\n<p class=\"western\"><span style=\"font-family: trebuchet ms, geneva, sans-serif;font-size: 12pt\">3\/ Pr\u00e1ctica en clase de traducci\u00f3n de texto sobre biograf\u00eda de la escritora brit\u00e1nica J.K. Rowling. Esta actividad ha sido realizada por los alumnos de Ingl\u00e9s de PAU.<\/span><\/p>\n<p class=\"western\"><span style=\"font-family: trebuchet ms, geneva, sans-serif;font-size: 12pt\">4\/ Vida y obra de Margaret Mead. An\u00e1lisis de la obra \u201cSexo y Temperamento\u201d. Esta actividad ha sido realizada por los alumnos de Antropolog\u00eda de 1BH y 1BC.<\/span><\/p>\n<p class=\"western\" align=\"justify\"><span style=\"font-family: trebuchet ms, geneva, sans-serif;font-size: 12pt\"><u><b>D\u00eda <\/b><\/u><u><b>internacional de l<\/b><\/u><u><b>a E<\/b><\/u><u><b>liminaci\u00f3n de la violencia contra las mujeres<\/b><\/u><u><b> (<\/b><\/u><u><b>25<\/b><\/u><u><b> <\/b><\/u><u><b>noviem<\/b><\/u><u><b>bre)<\/b><\/u>.<\/span><\/p>\n<p class=\"western\" align=\"justify\"><span style=\"font-family: trebuchet ms, geneva, sans-serif;font-size: 12pt\">Para conmemorar este d\u00eda se han confeccionado vinilos con frases contra la violencia de g\u00e9nero y se han montado en los pelda\u00f1os de las escaleras.<\/span><\/p>\n<p class=\"western\" align=\"justify\"><span style=\"font-family: trebuchet ms, geneva, sans-serif;font-size: 12pt\">Con este proyecto, \u201cMensajes desde una Escalera\u201d, se pretende <span lang=\"es-ES\">sensibilizar y prevenir contra la violencia de g\u00e9nero a toda la comunidad educativa.<\/span><\/span><\/p>\n<p><span style=\"font-family: trebuchet ms, geneva, sans-serif;font-size: 12pt\"><strong>D\u00eda internacional de la Eliminaci\u00f3n de la violencia contra las mujeres (25 noviembre).<\/strong><\/span><\/p>\n<p><span style=\"font-family: trebuchet ms, geneva, sans-serif;font-size: 12pt\">Para conmemorar este d\u00eda se han confeccionado vinilos con frases contra la violencia de g\u00e9nero y se han montado en los pelda\u00f1os de las escaleras.<\/span><br \/>\n<span style=\"font-family: trebuchet ms, geneva, sans-serif;font-size: 12pt\">Con este proyecto, \u201cMensajes desde una Escalera\u201d, se pretende sensibilizar y prevenir contra la violencia de g\u00e9nero a toda la comunidad educativa.<\/span><\/p>\n<p class=\"western\" align=\"justify\"><span style=\"font-family: trebuchet ms, geneva, sans-serif;font-size: 12pt\"><u><b>D\u00eda de la <\/b><\/u><u><b>MUJER <\/b><\/u><u><b>(<\/b><\/u><u><b>8<\/b><\/u><u><b> <\/b><\/u><u><b>marzo<\/b><\/u><u><b>)<\/b><\/u>.<\/span><\/p>\n<p class=\"western\" align=\"justify\"><span style=\"font-family: trebuchet ms, geneva, sans-serif;font-size: 12pt\"><span lang=\"es-ES\">Durante todo el curso seguiremos el programa del Instituto Andaluz de la Mujer<\/span> \u201c<span lang=\"es-ES\">12 meses 12 mujeres<\/span>\u201d colocando en el tabl\u00f3n de coeducaci\u00f3n sus biograf\u00edas y realizando por turnos de un profesor cada mes las actividades propuestas por el IAM. Con estas actividades se pretende visibilizar el papel de las mujeres en la consecuci\u00f3n de <span lang=\"es-ES\">logros.<\/span><\/span><\/p>\n<p class=\"western\" align=\"justify\"><span style=\"font-family: trebuchet ms, geneva, sans-serif;font-size: 12pt\"><b>Mes de Octubre<\/b>: <b>Ana Gamb\u00f3n Blanco<\/b>. <\/span><\/p>\n<p class=\"western\" align=\"justify\"><span style=\"font-family: trebuchet ms, geneva, sans-serif;font-size: 12pt\">La actividad de este mes se realizar\u00e1 en el Aula 9 y consiste en el visionado del v\u00eddeo \u201c Conoce m\u00e1s a Ana\u201d<\/span><\/p>\n<p class=\"western\" align=\"justify\"><span style=\"font-family: trebuchet ms, geneva, sans-serif;font-size: 12pt\"><b>Mes de <\/b><b>Noviem<\/b><b>bre<\/b>: <b>V<\/b><b>anesa<\/b><b> G<\/b><b>arc\u00eda<\/b><b> T<\/b><b>orrent<\/b>. <\/span><\/p>\n<p class=\"western\" align=\"justify\"><span style=\"font-family: trebuchet ms, geneva, sans-serif;font-size: 12pt\">La actividad de este mes se realizar\u00e1 en el Aula 8 con los alumnos de ESPA II y consiste en la realizaci\u00f3n de un comentario valorando la aportaci\u00f3n de Vanesa a su sector<\/span><\/p>\n<p class=\"western\" align=\"justify\"><span style=\"font-family: trebuchet ms, geneva, sans-serif;font-size: 12pt\"><b>Mes de <\/b><b>Dic<\/b><b>iem<\/b><b>bre<\/b>: <strong><span lang=\"es-ES\"><b>N<\/b><\/span><\/strong><strong><span lang=\"es-ES\"><b>atalia<\/b><\/span><\/strong><strong><span lang=\"es-ES\"><b> S<\/b><\/span><\/strong><strong><span lang=\"es-ES\"><b>acha<\/b><\/span><\/strong><strong><span lang=\"es-ES\"><b> G<\/b><\/span><\/strong><strong><span lang=\"es-ES\"><b>arcia<\/b><\/span><\/strong><span lang=\"es-ES\"><b>.<\/b><\/span><\/span><\/p>\n<p class=\"western\" align=\"justify\"><span style=\"font-family: trebuchet ms, geneva, sans-serif;font-size: 12pt\">La actividad de este mes se ha realizado en el Aula 6 con los alumnos de PAU (mayores de 25 a\u00f1os). Despu\u00e9s de presentar la trayectoria de la mujer de este mes, se ha llevado a cabo la actividad consistente en escuchar y comentar una canci\u00f3n donde se trata el tema de la violencia de g\u00e9nero. La canci\u00f3n elegida es \u201cSalir corriendo\u201d de la cantante Amaral. Despu\u00e9s los alumnos como si fueran periodistas han redactado un art\u00edculo de opini\u00f3n sobre la igualdad de g\u00e9nero.<\/span><\/p>\n<p class=\"western\" align=\"justify\"><span style=\"font-family: trebuchet ms, geneva, sans-serif;font-size: 12pt\"><b>Mes de <\/b><b>Enero<\/b>: <strong><span lang=\"es-ES\"><b>Lourdes Jim\u00e9nez<\/b><\/span><\/strong><strong><span lang=\"es-ES\"><b> G<\/b><\/span><\/strong><strong><span lang=\"es-ES\"><b>arcia<\/b><\/span><\/strong><span lang=\"es-ES\"><b>.<\/b><\/span><\/span><\/p>\n<p><span style=\"color: #000000;font-family: trebuchet ms, geneva, sans-serif;font-size: 12pt\"><span lang=\"es-ES\">Las<\/span> <span lang=\"es-ES\">actividades<\/span> <span lang=\"es-ES\">de este mes se han realizado en el Aula 7<\/span> <span lang=\"es-ES\">con los alumnos de ESPA II y han consistido en el visionado del v\u00eddeo \u201cConoce m\u00e1s a Lourdes\u201d y la realizaci\u00f3n de una encuesta para conocer los aspectos que los alumnos valoran m\u00e1s en un profesor, as\u00ed como, sus planes para cuando acaben ESPA II.<br \/>\n<\/span><\/span><\/p>\n<p align=\"justify\"><strong><span style=\"font-family: trebuchet ms, geneva, sans-serif;font-size: 12pt\">As\u00ed mismo, se ha realizado un montaje sobre el significado del Lazo Violeta que ha quedado expuesto durante todo el mes de marzo.<\/span><\/strong><\/p>\n<p align=\"justify\"><span style=\"font-family: 'trebuchet ms', geneva, sans-serif\"><strong>D\u00eda Internacional del Libro y del Derecho de Autor (23 de abril)<\/strong><\/span><\/p>\n<p align=\"justify\"><span style=\"font-family: 'trebuchet ms', geneva, sans-serif\">Para conmemorar esta festividad se han elaborado marca p\u00e1ginas con distintos mensajes y, que han sido repartidos a alumnos y profesores.<\/span><\/p>\n","protected":false},"excerpt":{"rendered":"<p>&nbsp; ACTIVIDADES PROGRAMADAS PARA EL CURSO 2022-23 Durante todo el curso, de modo transversal en todas las asignaturas, se han implementado actividades conmemorativas de efem\u00e9rides relacionadas con la igualdad, la diversidad y la no-violencia&#46;&#46;&#46;<\/p>\n","protected":false},"author":13279,"featured_media":0,"parent":0,"menu_order":0,"comment_status":"closed","ping_status":"closed","template":"","meta":{"ngg_post_thumbnail":0,"footnotes":""},"aioseo_notices":[],"_links":{"self":[{"href":"https:\/\/blogsaverroes.juntadeandalucia.es\/sipepentredosaguas\/wp-json\/wp\/v2\/pages\/1234"}],"collection":[{"href":"https:\/\/blogsaverroes.juntadeandalucia.es\/sipepentredosaguas\/wp-json\/wp\/v2\/pages"}],"about":[{"href":"https:\/\/blogsaverroes.juntadeandalucia.es\/sipepentredosaguas\/wp-json\/wp\/v2\/types\/page"}],"author":[{"embeddable":true,"href":"https:\/\/blogsaverroes.juntadeandalucia.es\/sipepentredosaguas\/wp-json\/wp\/v2\/users\/13279"}],"replies":[{"embeddable":true,"href":"https:\/\/blogsaverroes.juntadeandalucia.es\/sipepentredosaguas\/wp-json\/wp\/v2\/comments?post=1234"}],"version-history":[{"count":12,"href":"https:\/\/blogsaverroes.juntadeandalucia.es\/sipepentredosaguas\/wp-json\/wp\/v2\/pages\/1234\/revisions"}],"predecessor-version":[{"id":1790,"href":"https:\/\/blogsaverroes.juntadeandalucia.es\/sipepentredosaguas\/wp-json\/wp\/v2\/pages\/1234\/revisions\/1790"}],"wp:attachment":[{"href":"https:\/\/blogsaverroes.juntadeandalucia.es\/sipepentredosaguas\/wp-json\/wp\/v2\/media?parent=1234"}],"curies":[{"name":"wp","href":"https:\/\/api.w.org\/{rel}","templated":true}]}}