{"id":1253,"date":"2023-02-08T09:58:29","date_gmt":"2023-02-08T08:58:29","guid":{"rendered":"https:\/\/blogsaverroes.juntadeandalucia.es\/sipepentredosaguas\/?page_id=1253"},"modified":"2026-03-03T19:00:09","modified_gmt":"2026-03-03T18:00:09","slug":"gfgs","status":"publish","type":"page","link":"https:\/\/blogsaverroes.juntadeandalucia.es\/sipepentredosaguas\/gfgs\/","title":{"rendered":"GFGS"},"content":{"rendered":"<p><span style=\"color: #ff0000\">&nbsp; &nbsp; &nbsp; &nbsp; &nbsp; &nbsp; &nbsp; &nbsp; &nbsp; &nbsp; &nbsp; &nbsp; &nbsp; &nbsp; &nbsp; &nbsp; &nbsp; &nbsp; &nbsp; &nbsp; &nbsp; &nbsp; <span style=\"font-size: 18pt\">&nbsp;PREPARACI\u00d3N CFGS<\/span><\/span><\/p>\n<p>&nbsp; &nbsp; &nbsp; &nbsp; &nbsp; &nbsp; &nbsp; &nbsp; &nbsp; &nbsp; &nbsp; &nbsp; &nbsp; &nbsp; &nbsp; &nbsp; &nbsp; &nbsp; &nbsp; &nbsp; &nbsp; &nbsp; &nbsp;<br \/>\n<iframe src=\"https:\/\/drive.google.com\/file\/d\/16CFlDmkRn4-8T45O5kf0A0HdJb-p5e2U\/preview\" width=\"640\" height=\"480\"><\/iframe><span style=\"color: #ff0000\">&nbsp; &nbsp; &nbsp;<\/span><\/p>\n<p><span style=\"color: #ff0000\"><span style=\"font-size: 18pt\">CICLOS FORMATIVOS DE GRADO SUPERIOR EN EL CAMPO DE GIBRALTAR<\/span><\/span><\/p>\n<p>&nbsp; &nbsp; &nbsp; &nbsp; &nbsp; &nbsp; &nbsp; &nbsp; &nbsp; &nbsp;<\/p>\n<p>&nbsp; &nbsp; &nbsp; &nbsp; &nbsp; &nbsp; &nbsp; &nbsp; &nbsp; &nbsp; &nbsp; &nbsp; &nbsp;&nbsp;<iframe src=\"https:\/\/drive.google.com\/file\/d\/1vSmldRLPbGWOw1fC6kRY3tUHyqZQ113i\/preview\" width=\"640\" height=\"480\"><\/iframe><br \/>\n&nbsp;<\/p>\n<p>&nbsp; &nbsp;<span style=\"font-size: 14pt\">Para m\u00e1s informaci\u00f3n sobre estructura de la prueba, asignaturas, requisitos, convocatoria, fechas, temarios, ex\u00e1menes, etc. , ha click en la imagen&nbsp;<\/span> &nbsp; &nbsp;<a href=\"https:\/\/www.educalive.com\/examenes-prueba-acceso-grado-superior-andalucia\"><img decoding=\"async\" class=\"alignnone wp-image-1310 \" src=\"https:\/\/blogsaverroes.juntadeandalucia.es\/sipepentredosaguas\/files\/2023\/02\/educalive-150x43.jpg\" alt=\"\" width=\"140\" height=\"40\"\/><\/a><\/p>\n","protected":false},"excerpt":{"rendered":"<p>&nbsp; &nbsp; &nbsp; &nbsp; &nbsp; &nbsp; &nbsp; &nbsp; &nbsp; &nbsp; &nbsp; &nbsp; &nbsp; &nbsp; &nbsp; &nbsp; &nbsp; &nbsp; &nbsp; &nbsp; &nbsp; &nbsp; &nbsp;PREPARACI\u00d3N CFGS &nbsp; &nbsp; &nbsp; &nbsp; &nbsp; &nbsp; &nbsp; &nbsp; &nbsp; &nbsp;&#46;&#46;&#46;<\/p>\n","protected":false},"author":13279,"featured_media":0,"parent":0,"menu_order":0,"comment_status":"closed","ping_status":"closed","template":"","meta":{"ngg_post_thumbnail":0,"footnotes":""},"aioseo_notices":[],"_links":{"self":[{"href":"https:\/\/blogsaverroes.juntadeandalucia.es\/sipepentredosaguas\/wp-json\/wp\/v2\/pages\/1253"}],"collection":[{"href":"https:\/\/blogsaverroes.juntadeandalucia.es\/sipepentredosaguas\/wp-json\/wp\/v2\/pages"}],"about":[{"href":"https:\/\/blogsaverroes.juntadeandalucia.es\/sipepentredosaguas\/wp-json\/wp\/v2\/types\/page"}],"author":[{"embeddable":true,"href":"https:\/\/blogsaverroes.juntadeandalucia.es\/sipepentredosaguas\/wp-json\/wp\/v2\/users\/13279"}],"replies":[{"embeddable":true,"href":"https:\/\/blogsaverroes.juntadeandalucia.es\/sipepentredosaguas\/wp-json\/wp\/v2\/comments?post=1253"}],"version-history":[{"count":13,"href":"https:\/\/blogsaverroes.juntadeandalucia.es\/sipepentredosaguas\/wp-json\/wp\/v2\/pages\/1253\/revisions"}],"predecessor-version":[{"id":1798,"href":"https:\/\/blogsaverroes.juntadeandalucia.es\/sipepentredosaguas\/wp-json\/wp\/v2\/pages\/1253\/revisions\/1798"}],"wp:attachment":[{"href":"https:\/\/blogsaverroes.juntadeandalucia.es\/sipepentredosaguas\/wp-json\/wp\/v2\/media?parent=1253"}],"curies":[{"name":"wp","href":"https:\/\/api.w.org\/{rel}","templated":true}]}}