{"id":2257,"date":"2019-11-24T17:36:07","date_gmt":"2019-11-24T17:36:07","guid":{"rendered":"https:\/\/blogsaverroes.juntadeandalucia.es\/soledadalonsodrysdale\/?page_id=2257"},"modified":"2019-11-24T17:40:54","modified_gmt":"2019-11-24T17:40:54","slug":"soledad-alonso-drysdale","status":"publish","type":"page","link":"https:\/\/blogsaverroes.juntadeandalucia.es\/soledadalonsodrysdale\/soledad-alonso-drysdale\/","title":{"rendered":"Soledad Alonso Drysdale"},"content":{"rendered":"<p><strong>SOLEDAD ALONSO DRYSDALE (G\u00e1dor, 1899 &#8211; Buenos Aires, 1971)<\/strong> nace en el seno de una familia muy humilde, encuentra en la emigraci\u00f3n la salida natural a los problemas econ\u00f3micos familiares. En Francia realiza diversos trabajos al mismo tiempo que cursa estudios nocturnos en el Instituto Bergerac. Hacia 1928 fija su residencia en Argentina, pa\u00eds en el que conoce al que ser\u00eda su marido, el industrial de origen ingl\u00e9s Eric G. Drysdale. Transcurridos unos a\u00f1os, queda viuda con una saneada situaci\u00f3n econ\u00f3mica y una buena posici\u00f3n social. En los a\u00f1os treinta inicia una intensa actividad de solidaridad y <strong>ayuda a los sectores de poblaci\u00f3n m\u00e1s desfavorecidos, especialmente ni\u00f1os y ancianos<\/strong>. Su actividad filantr\u00f3pica la desarroll\u00f3 tanto en la provincia de Buenos Aires como en Espa\u00f1a, ayudando a los hu\u00e9rfanos de la Guerra Civil mediante campa\u00f1as de recogida de fondos entre la poblaci\u00f3n argentina.<\/p>\n<p>En los a\u00f1os cuarenta se intensifica notablemente su actividad filantr\u00f3pica. Unas excelentes relaciones con los dirigentes pol\u00edticos del franquismo, junto a una disposici\u00f3n natural para prestar su apoyo econ\u00f3mico en todas aquellas causas que lo necesitaran, dieron como resultado una incesante serie de actuaciones destinadas a paliar la precaria situaci\u00f3n por la que atravesaba la poblaci\u00f3n espa\u00f1ola de estos a\u00f1os. Los asilos y orfanatos fueron las instituciones que recibieron mayoritariamente su atenci\u00f3n. El municipio de G\u00e1dor, su pueblo natal, fue especialmente merecedor del inter\u00e9s de este personaje. La vivienda, la sanidad, la educaci\u00f3n, son algunos de los aspectos que se vieron favorecidos merced a su intervenci\u00f3n. Ciudades o poblaciones como Granada, M\u00e1laga, C\u00f3rdoba, Almer\u00eda y <strong>G\u00e1dor<\/strong> la nombraron <strong>hija adoptiva y predilecta por su intensa y desinteresada labor<\/strong> de ayuda a los dem\u00e1s.<\/p>\n<p><strong>Obra:<\/strong><br \/>\nDiario \u00edntimo de Dolly (1943), Madrid.<br \/>\nPerfiles humanos (1945), Madrid.<br \/>\nPanocha (1947), Madrid<\/p>\n<p><a href=\"https:\/\/www.dipalme.org\/Servicios\/IEA\/edba.nsf\/xlecturabiografias.xsp?ref=12\">Fuente<\/a><\/p>\n","protected":false},"excerpt":{"rendered":"<p>SOLEDAD ALONSO DRYSDALE (G\u00e1dor, 1899 &#8211; Buenos Aires, 1971) nace en el seno de una familia muy humilde, encuentra en la emigraci\u00f3n la salida natural a los problemas econ\u00f3micos familiares. En Francia realiza diversos&#46;&#46;&#46;<\/p>\n","protected":false},"author":7833,"featured_media":0,"parent":0,"menu_order":0,"comment_status":"closed","ping_status":"closed","template":"","meta":{"ngg_post_thumbnail":0,"footnotes":"","_mc_calendar":[]},"aioseo_notices":[],"_links":{"self":[{"href":"https:\/\/blogsaverroes.juntadeandalucia.es\/soledadalonsodrysdale\/wp-json\/wp\/v2\/pages\/2257"}],"collection":[{"href":"https:\/\/blogsaverroes.juntadeandalucia.es\/soledadalonsodrysdale\/wp-json\/wp\/v2\/pages"}],"about":[{"href":"https:\/\/blogsaverroes.juntadeandalucia.es\/soledadalonsodrysdale\/wp-json\/wp\/v2\/types\/page"}],"author":[{"embeddable":true,"href":"https:\/\/blogsaverroes.juntadeandalucia.es\/soledadalonsodrysdale\/wp-json\/wp\/v2\/users\/7833"}],"replies":[{"embeddable":true,"href":"https:\/\/blogsaverroes.juntadeandalucia.es\/soledadalonsodrysdale\/wp-json\/wp\/v2\/comments?post=2257"}],"version-history":[{"count":2,"href":"https:\/\/blogsaverroes.juntadeandalucia.es\/soledadalonsodrysdale\/wp-json\/wp\/v2\/pages\/2257\/revisions"}],"predecessor-version":[{"id":2263,"href":"https:\/\/blogsaverroes.juntadeandalucia.es\/soledadalonsodrysdale\/wp-json\/wp\/v2\/pages\/2257\/revisions\/2263"}],"wp:attachment":[{"href":"https:\/\/blogsaverroes.juntadeandalucia.es\/soledadalonsodrysdale\/wp-json\/wp\/v2\/media?parent=2257"}],"curies":[{"name":"wp","href":"https:\/\/api.w.org\/{rel}","templated":true}]}}